{"id":2968,"date":"2018-11-28T11:14:50","date_gmt":"2018-11-28T10:14:50","guid":{"rendered":"http:\/\/www.refonte-adv.votre-projet.com\/product\/095507\/"},"modified":"2026-05-11T12:01:29","modified_gmt":"2026-05-11T10:01:29","slug":"oeno-box-connoisseur-1","status":"publish","type":"product","link":"https:\/\/www.atelierduvin.com\/en\/product\/oeno-box-connoisseur-1\/","title":{"rendered":"Oeno Box Connoisseur 1"},"content":{"rendered":"<div class=\"gallery\">\r\n            <div class=\"gallery-row row\">\r\n                                <div style=\"flex:1.25\">\r\n                        <img decoding=\"async\" src=\"https:\/\/www.atelierduvin.com\/wp-content\/uploads\/OenoBoxConnoisseur1_ambiance_paysage_2.jpg\" alt=\"Coffret en bois fait en France Oeno Box Connoisseur 1\" loading=\"eager\" >                    <\/div>\r\n                        <\/div>\r\n    <\/div>\n<h2 class=\"wp-block-heading\">Oeno Box Connoisseur: A gift for the true connoisseur<\/h2>\n\n<p><strong>True to the purest tradition of French tableware<\/strong>, the Oeno Box Connoisseur offers L\u2019Atelier du Vin\u2019s most\u00a0<strong>iconic Wine Tools<\/strong>\u00a0in a case made of solid maple and birch wood. The set includes the\u00a0<a href=\"https:\/\/www.atelierduvin.com\/en\/product\/oeno-motion-woodchrome\/\" target=\"_blank\" rel=\"noopener\"><strong>Oeno Motion Wood &amp; Chrome<\/strong><\/a>, the\u00a0<a href=\"https:\/\/www.atelierduvin.com\/en\/product\/bilame-chrome\/\" target=\"_blank\" rel=\"noopener\"><strong>Bilame Chrome<\/strong><\/a>, the\u00a0<a href=\"https:\/\/www.atelierduvin.com\/en\/product\/chromed-metal-garcon\/\" target=\"_blank\" rel=\"noopener\"><strong>Gar\u00e7on M\u00e9tal Chrom\u00e9<\/strong><\/a>, and the\u00a0<a href=\"https:\/\/www.atelierduvin.com\/en\/product\/gardvin-on-off-metal\/\" target=\"_blank\" rel=\"noopener\"><strong>Gard\u2019 Vin On\/Off Metal<\/strong><\/a>, all brought together in a beautiful box for serving and preserving still and sparkling wines with a seal of excellence and pure joy.<\/p>\n\n<p><strong>A high-end work of exceptional craftsmanship<\/strong>, each Oeno Box Connoisseur is handmade and unique. Match the set with a bottle of fine wine or champagne and offer a gift to delight all five senses of whoever receives it.<\/p>\n    <div class=\"separator mobile-hidden\" style=\"height:40px\"><\/div>\r\n    <div class=\"separator laptop-hidden\" style=\"height:20px\"><\/div>\r\n<div class=\"acc-head\">\r\n    <p>\r\n        Characteristic    <\/p>\r\n    <div class=\"acc-icon\">\r\n        <div class=\"ico-minus\"><\/div>\r\n        <div class=\"ico-plus\"><\/div>\r\n    <\/div>\r\n<\/div>\r\n<div class=\"acc-body\">\r\n    <div class=\"acc-content\">\r\n        <p>L 53 cm x W 37 cm x H 12 cm<\/p>\n<p>&nbsp;<\/p>\n<ul>\n<li>1\u00a0<a href=\"https:\/\/www.atelierduvin.com\/en\/?attachment_id=40207\">Oeno Motion\u00ae Wood<\/a><\/li>\n<li>1\u00a0<a href=\"https:\/\/www.atelierduvin.com\/en\/product\/bilame-chrome\/\">Bilame Chromed<\/a><\/li>\n<li>1\u00a0<a href=\"https:\/\/www.atelierduvin.com\/en\/?attachment_id=45386\">Chromed metal Gar\u00e7on\u00ae<\/a><\/li>\n<li>1\u00a0<a href=\"https:\/\/www.atelierduvin.com\/en\/?attachment_id=40215\">Cork Opener<\/a><\/li>\n<li>1\u00a0<a href=\"https:\/\/www.atelierduvin.com\/en\/?attachment_id=40616\">Wine Thermometer<\/a><\/li>\n<li>1\u00a0<a href=\"https:\/\/www.atelierduvin.com\/en\/produit\/universal-developer-and-its-base\/\">Developer\u00ae Universel<\/a><\/li>\n<li>1 Bubble Cork Silver<\/li>\n<li>1 Cork stopper<\/li>\n<li>1\u00a0<a href=\"https:\/\/www.atelierduvin.com\/en\/product\/gardvin-on-off-metal\/\">Gard\u2019Vin\u00ae ON\/OFF metal<\/a><\/li>\n<li>2\u00a0<a href=\"https:\/\/www.atelierduvin.com\/en\/produit\/on-off-sealer\/\">ON\/OFF stoppers<\/a><\/li>\n<\/ul>\n<p>&nbsp;<\/p>\n<p>Bottle not included. Products also available separately.<\/p>\n    <\/div>\r\n<\/div><div class=\"acc-head\">\r\n    <p>\r\n        Finish    <\/p>\r\n    <div class=\"acc-icon\">\r\n        <div class=\"ico-minus\"><\/div>\r\n        <div class=\"ico-plus\"><\/div>\r\n    <\/div>\r\n<\/div>\r\n<div class=\"acc-body\">\r\n    <div class=\"acc-content\">\r\n        <p>Handmade in France.<\/p>\n    <\/div>\r\n<\/div>","protected":false},"excerpt":{"rendered":"<p>Iconic tools of L\u2019Atelier du Vin for opening, serving and preserving still and sparkling wines in an attractive wooden gift box. Bottle not included.<\/p>\n","protected":false},"featured_media":193970,"template":"","meta":{"_acf_changed":false},"product_brand":[],"product_cat":[261,798,320,291,153,103],"product_tag":[268],"class_list":{"0":"post-2968","1":"product","2":"type-product","3":"status-publish","4":"has-post-thumbnail","6":"product_cat-wooden-wine-box","7":"product_cat-personalised-wine-sets","8":"product_cat-luxury-gifts","9":"product_cat-wine-tools","10":"product_cat-personalised-wine-gifts","11":"product_cat-wine-tool-sets","12":"product_tag-customizable","13":"tm-has-options","15":"first","16":"instock","17":"taxable","18":"shipping-taxable","19":"purchasable","20":"product-type-variable","21":"has-default-attributes"},"bundled_by":[],"bundle_stock_status":"instock","bundle_stock_quantity":null,"bundle_virtual":false,"bundle_layout":"","bundle_add_to_cart_form_location":"","bundle_editable_in_cart":false,"bundle_sold_individually_context":"","bundle_item_grouping":"","bundle_min_size":"","bundle_max_size":"","bundle_price":[],"bundled_items":[],"bundle_sell_ids":[151018,151017,151004],"acf":[],"df_price":666.67,"df_sale_price":"","df_regular_price":666.67,"df_image_link":"https:\/\/www.atelierduvin.com\/wp-content\/uploads\/OenoBoxConnoisseur_packshot_ouvert_HD-450x450.jpg","_links":{"self":[{"href":"https:\/\/www.atelierduvin.com\/en\/wp-json\/wp\/v2\/product\/2968","targetHints":{"allow":["GET"]}}],"collection":[{"href":"https:\/\/www.atelierduvin.com\/en\/wp-json\/wp\/v2\/product"}],"about":[{"href":"https:\/\/www.atelierduvin.com\/en\/wp-json\/wp\/v2\/types\/product"}],"wp:featuredmedia":[{"embeddable":true,"href":"https:\/\/www.atelierduvin.com\/en\/wp-json\/wp\/v2\/media\/193970"}],"wp:attachment":[{"href":"https:\/\/www.atelierduvin.com\/en\/wp-json\/wp\/v2\/media?parent=2968"}],"wp:term":[{"taxonomy":"product_brand","embeddable":true,"href":"https:\/\/www.atelierduvin.com\/en\/wp-json\/wp\/v2\/product_brand?post=2968"},{"taxonomy":"product_cat","embeddable":true,"href":"https:\/\/www.atelierduvin.com\/en\/wp-json\/wp\/v2\/product_cat?post=2968"},{"taxonomy":"product_tag","embeddable":true,"href":"https:\/\/www.atelierduvin.com\/en\/wp-json\/wp\/v2\/product_tag?post=2968"}],"curies":[{"name":"wp","href":"https:\/\/api.w.org\/{rel}","templated":true}]}}