{"id":2950,"date":"2018-11-28T11:14:29","date_gmt":"2018-11-28T10:14:29","guid":{"rendered":"http:\/\/www.refonte-adv.votre-projet.com\/product\/095054\/"},"modified":"2026-04-16T12:00:37","modified_gmt":"2026-04-16T10:00:37","slug":"developer","status":"publish","type":"product","link":"https:\/\/www.atelierduvin.com\/en\/product\/developer\/","title":{"rendered":"Developer"},"content":{"rendered":"<div class=\"gallery\">\r\n            <div class=\"gallery-row row\">\r\n                                <div style=\"flex:1.25\">\r\n                        <img decoding=\"async\" src=\"https:\/\/www.atelierduvin.com\/wp-content\/uploads\/CarafeOpenCristalDeveloper_ambiance_paysage_01_HD-1.jpg\" alt=\"Carafe \u00e0 d\u00e9canter le vin et son Developer d'ar\u00f4mes\" loading=\"eager\" >                    <\/div>\r\n                        <\/div>\r\n    <\/div>\n\n\n<div class=\"wp-block-columns is-layout-flex wp-container-core-columns-is-layout-9d6595d7 wp-block-columns-is-layout-flex\">\n<div class=\"wp-block-column is-layout-flow wp-block-column-is-layout-flow\">\n<h2 class=\"wp-block-heading\">Optimisation of its bouquet and taste<\/h2>\n\n\n\n<p>The extended contact of the wine with the Developer\u00ae considerably reduces the sulphur dioxide content found in some bottles, significantly improving the benefits of the bouquet and the taste.<\/p>\n<\/div>\n\n\n\n<div class=\"wp-block-column is-layout-flow wp-block-column-is-layout-flow\">\n<h2 class=\"wp-block-heading\">Ideal oxygenation<\/h2>\n\n\n\n<p>As a result of the Developer\u00ae\u2019s 6 pouring grooves, the wine flows smoothly and slowly, providing an ideal oxygenation along the length of the walls of the decanters.<\/p>\n<\/div>\n<\/div>\n\n\n    <div class=\"separator mobile-hidden\" style=\"height:40px\"><\/div>\r\n    <div class=\"separator laptop-hidden\" style=\"height:20px\"><\/div>\r\n\n\n    <div class=\"video-block-container\">\r\n                    <iframe loading=\"lazy\"\r\n                    width=\"100%\"\r\n                    height=\"100%\"\r\n                    allow=\"autoplay; fullscreen\"\r\n                    class=\"embed-player slide-media\"\r\n                    src=\"https:\/\/player.vimeo.com\/video\/1120743671\"\r\n                    data-ready=\"true\">\r\n            <\/iframe>\r\n            <\/div>\r\n\n\n    <div class=\"separator mobile-hidden\" style=\"height:40px\"><\/div>\r\n    <div class=\"separator laptop-hidden\" style=\"height:20px\"><\/div>\r\n\n\n<div class=\"acc-head\">\r\n    <p>\r\n        Characteristic    <\/p>\r\n    <div class=\"acc-icon\">\r\n        <div class=\"ico-minus\"><\/div>\r\n        <div class=\"ico-plus\"><\/div>\r\n    <\/div>\r\n<\/div>\r\n<div class=\"acc-body\">\r\n    <div class=\"acc-content\">\r\n        <p>Available separately or with the <a href=\"https:\/\/www.atelierduvin.com\/en\/product\/open-cristal-developer\/\" target=\"_blank\" rel=\"noopener\">Open Cristal Developer\u00ae<\/a> decanter.<\/p>\n    <\/div>\r\n<\/div>","protected":false},"excerpt":{"rendered":"<p>Decanting a wine using the Developer\u00ae is bringing it gently and effectively to its optimum condition for decantation.<\/p>\n","protected":false},"featured_media":302937,"template":"","meta":{"_acf_changed":false},"product_brand":[],"product_cat":[258,291,87],"product_tag":[],"class_list":{"0":"post-2950","1":"product","2":"type-product","3":"status-publish","4":"has-post-thumbnail","6":"product_cat-wine-service","7":"product_cat-wine-tools","8":"product_cat-serveware","9":"tm-no-options","11":"first","12":"instock","13":"taxable","14":"shipping-taxable","15":"purchasable","16":"product-type-simple"},"bundled_by":[],"bundle_stock_status":"instock","bundle_stock_quantity":459,"bundle_virtual":false,"bundle_layout":"","bundle_add_to_cart_form_location":"","bundle_editable_in_cart":false,"bundle_sold_individually_context":"","bundle_item_grouping":"","bundle_min_size":"","bundle_max_size":"","bundle_price":[],"bundled_items":[],"bundle_sell_ids":[151018,151017,151004],"acf":[],"df_price":38.33,"df_sale_price":"","df_regular_price":38.33,"df_image_link":"https:\/\/www.atelierduvin.com\/wp-content\/uploads\/DeveloperBoule-450x450.jpg","_links":{"self":[{"href":"https:\/\/www.atelierduvin.com\/en\/wp-json\/wp\/v2\/product\/2950","targetHints":{"allow":["GET"]}}],"collection":[{"href":"https:\/\/www.atelierduvin.com\/en\/wp-json\/wp\/v2\/product"}],"about":[{"href":"https:\/\/www.atelierduvin.com\/en\/wp-json\/wp\/v2\/types\/product"}],"wp:featuredmedia":[{"embeddable":true,"href":"https:\/\/www.atelierduvin.com\/en\/wp-json\/wp\/v2\/media\/302937"}],"wp:attachment":[{"href":"https:\/\/www.atelierduvin.com\/en\/wp-json\/wp\/v2\/media?parent=2950"}],"wp:term":[{"taxonomy":"product_brand","embeddable":true,"href":"https:\/\/www.atelierduvin.com\/en\/wp-json\/wp\/v2\/product_brand?post=2950"},{"taxonomy":"product_cat","embeddable":true,"href":"https:\/\/www.atelierduvin.com\/en\/wp-json\/wp\/v2\/product_cat?post=2950"},{"taxonomy":"product_tag","embeddable":true,"href":"https:\/\/www.atelierduvin.com\/en\/wp-json\/wp\/v2\/product_tag?post=2950"}],"curies":[{"name":"wp","href":"https:\/\/api.w.org\/{rel}","templated":true}]}}