{"id":2943,"date":"2018-11-28T11:14:35","date_gmt":"2018-11-28T10:14:35","guid":{"rendered":"http:\/\/www.refonte-adv.votre-projet.com\/product\/095223\/"},"modified":"2026-05-02T12:00:41","modified_gmt":"2026-05-02T10:00:41","slug":"bilame-classic","status":"publish","type":"product","link":"https:\/\/www.atelierduvin.com\/en\/product\/bilame-classic\/","title":{"rendered":"Bilame"},"content":{"rendered":"\n<p>The cork is not pierced, and thus does not crumble. As the legend goes, the Bilame was the favourite tool of waiters in French \u201c bistrots \u201d. Thanks to it, they could take a few sips from bottles and then replace corks without anyone noticing!<\/p>\n\n\n    <div class=\"separator mobile-hidden\" style=\"height:40px\"><\/div>\r\n    <div class=\"separator laptop-hidden\" style=\"height:20px\"><\/div>\r\n\n\n\n<h2 class=\"wp-block-heading\"><h2>How to use the \u201cBilame\u201d, twin blade corkscrew ?<\/h2><\/h2>\n\n\n    <div class=\"separator mobile-hidden\" style=\"height:40px\"><\/div>\r\n    <div class=\"separator laptop-hidden\" style=\"height:20px\"><\/div>\r\n\n\n\n<p class=\"has-text-align-left\">1. First insert the tip of the longer blade, then the tip of the shorter blade.<\/p>\n\n\n\n<p class=\"has-text-align-left\">2. Rock the two blades vertically down one after the other, with short alternate movements.<\/p>\n\n\n\n<p class=\"has-text-align-left\">3. When the blades are completely driven in, remove the cork by turning and pulling.<\/p>\n\n\n    <div class=\"separator mobile-hidden\" style=\"height:40px\"><\/div>\r\n    <div class=\"separator laptop-hidden\" style=\"height:20px\"><\/div>\r\n\n\n    <div class=\"video-block-container\">\r\n                    <iframe loading=\"lazy\"\r\n                    width=\"100%\"\r\n                    height=\"100%\"\r\n                    allow=\"autoplay; fullscreen\"\r\n                    class=\"embed-player slide-media\"\r\n                    src=\"https:\/\/player.vimeo.com\/video\/60150948\"\r\n                    data-ready=\"true\">\r\n            <\/iframe>\r\n            <\/div>\r\n\n\n    <div class=\"separator mobile-hidden\" style=\"height:40px\"><\/div>\r\n    <div class=\"separator laptop-hidden\" style=\"height:20px\"><\/div>\r\n\n\n\n<h2 class=\"wp-block-heading\"><h2>A Twin-blade Corkscrew Made in France<\/h2><\/h2>\n\n\n    <div class=\"separator mobile-hidden\" style=\"height:40px\"><\/div>\r\n    <div class=\"separator laptop-hidden\" style=\"height:20px\"><\/div>\r\n\n\n\n<p>This twin-blade bottle opener, patented by L\u2019Atelier du Vin in 1949, is an oenological gem of&nbsp;<strong>French design and manufacturing<\/strong>. Sommeliers and wine merchants use it to open and close great bottles with fragile corks.<\/p>\n\n\n    <div class=\"separator mobile-hidden\" style=\"height:40px\"><\/div>\r\n    <div class=\"separator laptop-hidden\" style=\"height:20px\"><\/div>\r\n\n\n\n<div class=\"wp-block-columns is-layout-flex wp-container-core-columns-is-layout-9d6595d7 wp-block-columns-is-layout-flex\">\n<div class=\"wp-block-column is-layout-flow wp-block-column-is-layout-flow\">\n<h3 class=\"wp-block-heading\"><h3>An Authentic Vintage Design<\/h3><\/h3>\n\n\n\n<p>Our creative studio in Paris has revisited the original design of this legendary wine tool with a hint of elegance and lightness. The Bilame Classic bottle opener, with its subtle black finish, embodies the art of discretion. Its simple shape is typical of past winegrowing tools that served as an extension of the hand. This twin-blade corkscrew is a great classic \u2013 an authentic bottle opener made with our French savoir-faire.<\/p>\n\n\n\n<h3 class=\"wp-block-heading\"><h3>Pleasant to Handle<\/h3><\/h3>\n\n\n\n<p>Any passionate wine lover will enjoy using this sturdy tool to open a bottle. Its&nbsp;<strong>ergonomic handle<\/strong>&nbsp;provides a firm grip for each movement, whether tilting, pushing, screwing, pulling, sliding, etc. &nbsp;The manual process of uncorking and recorking a bottle is key to the&nbsp;<strong>art of a sommelier<\/strong>.<\/p>\n<\/div>\n\n\n\n<div class=\"wp-block-column is-layout-flow wp-block-column-is-layout-flow\">\n<h3 class=\"wp-block-heading\"><h3>An Original Extraction Method<\/h3>&#13;\n\u00a0<\/h3>\n\n\n\n<p>The Bilame Classic\u2019s ingenious mechanism, a long-kept secret in the world of wine, enables you to effortlessly&nbsp;<strong>open and recork a bottle of wine<\/strong>, without leaving any trace. There is no spiral worm, double lever, rack and pinion, or endless screw. The twin blades slide the intact wine cork in and out of the bottle, at the beginning and end of your tasting session. The&nbsp;<strong>Bilame Classic corkscrew<\/strong>&nbsp;both releases the \u201cnectar of the gods\u201d and prolongs the tasting experience of a vintage&nbsp;<em>grand cru<\/em>.<\/p>\n<\/div>\n<\/div>\n\n\n    <div class=\"separator mobile-hidden\" style=\"height:40px\"><\/div>\r\n    <div class=\"separator laptop-hidden\" style=\"height:20px\"><\/div>\r\n\n\n<div class=\"gallery\">\r\n            <div class=\"gallery-row row\">\r\n                                <div style=\"flex:1.25\">\r\n                        <img decoding=\"async\" src=\"https:\/\/www.atelierduvin.com\/wp-content\/uploads\/BilameBlack_ambiance_01_paysage_HD.jpg\" alt=\"Tire-bouchon Bilame Noir d\u00e9pos\u00e9 sur une feuille de vigne avec en arri\u00e8re plan une grappe de raisin\" loading=\"eager\" >                    <\/div>\r\n                        <\/div>\r\n    <\/div>\n\n\n<h2 class=\"wp-block-heading\">The Bilame Corkscrew is also a Wine Preservation Tool<\/h2>\n\n\n    <div class=\"separator mobile-hidden\" style=\"height:40px\"><\/div>\r\n    <div class=\"separator laptop-hidden\" style=\"height:20px\"><\/div>\r\n\n\n\n<p>One or two glasses of wine suffice to appreciate the aromas and notes of a fine red, white, or ros\u00e9 wine. There is no need to finish the bottle. Use the&nbsp;<strong>Bilame Classic<\/strong>&nbsp;to carefully recork the bottle and enjoy your&nbsp;<em>grand cru<\/em>&nbsp;tomorrow. Among the various corkscrews and wine tools on the market, the Bilame is the only one that can uncork and recork a bottle, making it a unique&nbsp;<strong>wine accessory<\/strong>.<\/p>\n\n\n    <div class=\"separator mobile-hidden\" style=\"height:40px\"><\/div>\r\n    <div class=\"separator laptop-hidden\" style=\"height:20px\"><\/div>\r\n\n\n<div class=\"acc-head\">\r\n    <p>\r\n        Finish    <\/p>\r\n    <div class=\"acc-icon\">\r\n        <div class=\"ico-minus\"><\/div>\r\n        <div class=\"ico-plus\"><\/div>\r\n    <\/div>\r\n<\/div>\r\n<div class=\"acc-body\">\r\n    <div class=\"acc-content\">\r\n        <p>Black metal. Designed and made in France.<\/p>\n    <\/div>\r\n<\/div>","protected":false},"excerpt":{"rendered":"<p>The Bilame twin blade corkscrew, an historical part of L\u2019Atelier du Vin\u2019s range since 1949 (patent date), extracts and leaves the cork intact, even those which are old and fragile.<\/p>\n","protected":false},"featured_media":188157,"template":"","meta":{"_acf_changed":false},"product_brand":[],"product_cat":[265,315,291,100],"product_tag":[],"class_list":{"0":"post-2943","1":"product","2":"type-product","3":"status-publish","4":"has-post-thumbnail","6":"product_cat-bilame-corkscrew","7":"product_cat-the-essentials","8":"product_cat-wine-tools","9":"product_cat-corkscrews-our-collection","10":"tm-no-options","12":"first","13":"instock","14":"taxable","15":"shipping-taxable","16":"purchasable","17":"product-type-simple"},"bundled_by":[],"bundle_stock_status":"instock","bundle_stock_quantity":12,"bundle_virtual":false,"bundle_layout":"","bundle_add_to_cart_form_location":"","bundle_editable_in_cart":false,"bundle_sold_individually_context":"","bundle_item_grouping":"","bundle_min_size":"","bundle_max_size":"","bundle_price":[],"bundled_items":[],"bundle_sell_ids":[151018,151017,151004],"acf":[],"df_price":24.17,"df_sale_price":"","df_regular_price":24.17,"df_image_link":"https:\/\/www.atelierduvin.com\/wp-content\/uploads\/BilameNoir_packshot_produit_2022_HD-450x450.jpg","_links":{"self":[{"href":"https:\/\/www.atelierduvin.com\/en\/wp-json\/wp\/v2\/product\/2943","targetHints":{"allow":["GET"]}}],"collection":[{"href":"https:\/\/www.atelierduvin.com\/en\/wp-json\/wp\/v2\/product"}],"about":[{"href":"https:\/\/www.atelierduvin.com\/en\/wp-json\/wp\/v2\/types\/product"}],"wp:featuredmedia":[{"embeddable":true,"href":"https:\/\/www.atelierduvin.com\/en\/wp-json\/wp\/v2\/media\/188157"}],"wp:attachment":[{"href":"https:\/\/www.atelierduvin.com\/en\/wp-json\/wp\/v2\/media?parent=2943"}],"wp:term":[{"taxonomy":"product_brand","embeddable":true,"href":"https:\/\/www.atelierduvin.com\/en\/wp-json\/wp\/v2\/product_brand?post=2943"},{"taxonomy":"product_cat","embeddable":true,"href":"https:\/\/www.atelierduvin.com\/en\/wp-json\/wp\/v2\/product_cat?post=2943"},{"taxonomy":"product_tag","embeddable":true,"href":"https:\/\/www.atelierduvin.com\/en\/wp-json\/wp\/v2\/product_tag?post=2943"}],"curies":[{"name":"wp","href":"https:\/\/api.w.org\/{rel}","templated":true}]}}