{"id":2936,"date":"2018-11-28T11:14:51","date_gmt":"2018-11-28T10:14:51","guid":{"rendered":"http:\/\/www.refonte-adv.votre-projet.com\/product\/095512\/"},"modified":"2026-04-20T07:41:28","modified_gmt":"2026-04-20T05:41:28","slug":"oeno-motion-woodblack","status":"publish","type":"product","link":"https:\/\/www.atelierduvin.com\/en\/product\/oeno-motion-woodblack\/","title":{"rendered":"Oeno Motion Wood &#038; Black"},"content":{"rendered":"\n<p>An oenologist, wine merchant and sommelier\u2019s favourite wine tool. Compact and durable, the\u00a0<strong>Oeno Motion Wood &amp; Black vertical lever corkscrew<\/strong>\u00a0allows to open wine bottles quickly and safely. With its curved shape, embellished by a black matt coating, this corkscrew exudes charisma.<\/p>\n    <div class=\"separator mobile-hidden\" style=\"height:40px\"><\/div>\r\n    <div class=\"separator laptop-hidden\" style=\"height:20px\"><\/div>\r\n\n<div class=\"wp-block-columns is-layout-flex wp-container-core-columns-is-layout-9d6595d7 wp-block-columns-is-layout-flex\">\n<div class=\"wp-block-column is-layout-flow wp-block-column-is-layout-flow\">\n<p>Its powerful jaw with an integrated foil cutter fits most bottleneck diameters. To open a bottle with the Oeno Motion Wood &amp; Black corkscrew, simply position the steel worm on top of the cork and operate the solid walnut\u00a0<strong>ergonomic lever<\/strong>. The cork is extracted in one smooth, effortless movement, combining strength and finesse. Repeat this movement one more time to remove the cork from the tool.<\/p>\n<\/div>\n\n\n\n<div class=\"wp-block-column is-layout-flow wp-block-column-is-layout-flow\">\n<p>A number of technical improvements have been made to the Oeno Motion Wood &amp; Black corkscrew over the years, in order to achieve this high level of reliability and comfort. We pay particular attention to the quality and durability of the metal making up the parts subject to high pressure when the mechanism is in action. This\u00a0<strong>collector\u2019s bottle opener<\/strong> has become, without a doubt, a reference in the world of wine accessories.<\/p>\n<\/div>\n<\/div>\n    <div class=\"separator mobile-hidden\" style=\"height:40px\"><\/div>\r\n    <div class=\"separator laptop-hidden\" style=\"height:20px\"><\/div>\r\n<div class=\"gallery\">\r\n            <div class=\"gallery-row row\">\r\n                                <div style=\"flex:1.25\">\r\n                        <img decoding=\"async\" src=\"https:\/\/www.atelierduvin.com\/wp-content\/uploads\/OenoMotion_WoodBlack_ambiance_paysage_03_2024_HD.jpg\" alt=\"Tire-bouchon Oeno Motion Wood &#038; Black avec le levier en position base et un bouchon de vin pos\u00e9 \u00e0 c\u00f4t\u00e9\" loading=\"eager\" >                    <\/div>\r\n                        <\/div>\r\n    <\/div><div class=\"acc-head\">\r\n    <p>\r\n        Characteristic    <\/p>\r\n    <div class=\"acc-icon\">\r\n        <div class=\"ico-minus\"><\/div>\r\n        <div class=\"ico-plus\"><\/div>\r\n    <\/div>\r\n<\/div>\r\n<div class=\"acc-body\">\r\n    <div class=\"acc-content\">\r\n        <p>Fits most of the existing bottle necks.<br \/>\nSecure and comfortable grip.<br \/>\nIntegrated foil cutter.<br \/>\nVial of oil included to maintain your corkscrew.<\/p>\n    <\/div>\r\n<\/div><div class=\"acc-head\">\r\n    <p>\r\n        Finish    <\/p>\r\n    <div class=\"acc-icon\">\r\n        <div class=\"ico-minus\"><\/div>\r\n        <div class=\"ico-plus\"><\/div>\r\n    <\/div>\r\n<\/div>\r\n<div class=\"acc-body\">\r\n    <div class=\"acc-content\">\r\n        <p>Made of black-coated metal and solid walnut parts.<br \/>\nErgonomic handle: walnut parts on metal core.<\/p>\n    <\/div>\r\n<\/div>","protected":false},"excerpt":{"rendered":"<p>A metal tiger dressed in black.<\/p>\n","protected":false},"featured_media":187836,"template":"","meta":{"_acf_changed":false},"product_brand":[],"product_cat":[73,724,729,739,755,315,317,716,291,100,153],"product_tag":[268],"class_list":{"0":"post-2936","1":"product","2":"type-product","3":"status-publish","4":"has-post-thumbnail","6":"product_cat-lever-corkscrews","7":"product_cat-for-him","8":"product_cat-fathers-day-gift-ideas","9":"product_cat-under-200-euros","10":"product_cat-personalised-corkscrews","11":"product_cat-the-essentials","12":"product_cat-gifts-for-him","13":"product_cat-valentines-day-wine-gift-ideas","14":"product_cat-wine-tools","15":"product_cat-corkscrews-our-collection","16":"product_cat-personalised-wine-gifts","17":"product_tag-customizable","18":"tm-has-options","20":"first","21":"instock","22":"taxable","23":"shipping-taxable","24":"purchasable","25":"product-type-variable","26":"has-default-attributes"},"bundled_by":[],"bundle_stock_status":"instock","bundle_stock_quantity":null,"bundle_virtual":false,"bundle_layout":"","bundle_add_to_cart_form_location":"","bundle_editable_in_cart":false,"bundle_sold_individually_context":"","bundle_item_grouping":"","bundle_min_size":"","bundle_max_size":"","bundle_price":[],"bundled_items":[],"bundle_sell_ids":[151018,151017,151004],"acf":[],"df_price":154.17,"df_sale_price":"","df_regular_price":154.17,"df_image_link":"https:\/\/www.atelierduvin.com\/wp-content\/uploads\/OenoMotionWoodBlack_seul-450x450.jpg","_links":{"self":[{"href":"https:\/\/www.atelierduvin.com\/en\/wp-json\/wp\/v2\/product\/2936","targetHints":{"allow":["GET"]}}],"collection":[{"href":"https:\/\/www.atelierduvin.com\/en\/wp-json\/wp\/v2\/product"}],"about":[{"href":"https:\/\/www.atelierduvin.com\/en\/wp-json\/wp\/v2\/types\/product"}],"wp:featuredmedia":[{"embeddable":true,"href":"https:\/\/www.atelierduvin.com\/en\/wp-json\/wp\/v2\/media\/187836"}],"wp:attachment":[{"href":"https:\/\/www.atelierduvin.com\/en\/wp-json\/wp\/v2\/media?parent=2936"}],"wp:term":[{"taxonomy":"product_brand","embeddable":true,"href":"https:\/\/www.atelierduvin.com\/en\/wp-json\/wp\/v2\/product_brand?post=2936"},{"taxonomy":"product_cat","embeddable":true,"href":"https:\/\/www.atelierduvin.com\/en\/wp-json\/wp\/v2\/product_cat?post=2936"},{"taxonomy":"product_tag","embeddable":true,"href":"https:\/\/www.atelierduvin.com\/en\/wp-json\/wp\/v2\/product_tag?post=2936"}],"curies":[{"name":"wp","href":"https:\/\/api.w.org\/{rel}","templated":true}]}}