{"id":192635,"date":"2024-01-10T11:11:29","date_gmt":"2024-01-10T10:11:29","guid":{"rendered":"https:\/\/www.refonte-adv.votre-projet.com\/product\/le-vigneron-black\/"},"modified":"2026-05-11T12:01:22","modified_gmt":"2026-05-11T10:01:22","slug":"le-vigneron-black","status":"publish","type":"product","link":"https:\/\/www.atelierduvin.com\/en\/product\/le-vigneron-black\/","title":{"rendered":"Le Vigneron &#8211; Black"},"content":{"rendered":"\n<h2 class=\"wp-block-heading\">The T-shaped corkscrew: simple and robust<\/h2>\n\n\n\n<p>A design that\u2019s&nbsp;<b>simple<\/b>. A design that\u2019s&nbsp;<b>elegant<\/b>. A design that\u2019s&nbsp;<b>effortless<\/b>&nbsp;and&nbsp;<b>proven<\/b>. The&nbsp;<i>Le Vigneron<\/i>&nbsp;T-shaped corkscrew offers a perfect solution for wine lovers.<\/p>\n\n\n\n<p>The corkscrew\u2019s&nbsp;<b>worm<\/b>, the tool\u2019s eye-catching centrepiece, penetrates the cork easily, providing a smooth extraction experience. Every detail on this&nbsp;<b>classic corkscrew<\/b>&nbsp;has been carefully considered to provide the best possible user experience. Its ergonomic design provides a comfortable and secure grip, while the high-quality materials guarantee&nbsp;<b>exceptional durability<\/b>, protecting the corkscrew against the rigours of time and use.<\/p>\n\n\n\n<p>The&nbsp;<b>minimalist design<\/b>&nbsp;stands out for its clean, elegant lines. Inspired by the&nbsp;<a href=\"https:\/\/www.atelierduvin.com\/produit\/le-brasseur\/\"><i>Le Brasseur<\/i><\/a>&nbsp;model,&nbsp;<i>Le Vigneron<\/i>&nbsp;also features a&nbsp;<b>graceful<\/b>&nbsp;and&nbsp;<b>refined<\/b>&nbsp;form. These two tools embody the vision of L\u2019Atelier du Vin: to offer wine accessories that are as&nbsp;<b>beautiful as they are functional<\/b>.<\/p>\n\n\n    <div class=\"separator mobile-hidden\" style=\"height:40px\"><\/div>\r\n    <div class=\"separator laptop-hidden\" style=\"height:20px\"><\/div>\r\n\n\n<div class=\"gallery\">\r\n            <div class=\"gallery-row row\">\r\n                                <div style=\"flex:1.25\">\r\n                        <img decoding=\"async\" src=\"https:\/\/www.atelierduvin.com\/wp-content\/uploads\/LeVigneron_ambiance_01_paysage_HD.jpg\" alt=\"Tire-bouchon en T Le Vigneron pr\u00e9sent\u00e9 sur une pierre avec en arri\u00e8re plan quelques raisins verts\" loading=\"eager\" >                    <\/div>\r\n                        <\/div>\r\n    <\/div>\n\n\n<h2 class=\"wp-block-heading\">At the winemaker\u2019s table<\/h2>\n\n\n\n<p><p data-start=\"44\" data-end=\"444\">The <a href=\"\/en\/history-of-the-corkscrew\/\"><span style=\"text-decoration: underline;\"><strong>history of the corkscrew<\/strong> <\/span><\/a>is as old as that of wine bottles sealed with cork stoppers, which first appeared in the 17th century. Inspired by tools used to <strong>extract bullets from firearms<\/strong>, the T-shaped corkscrew evolved into an essential accessory, <strong>combining simplicity, durability, and efficiency<\/strong>. Today, it embodies the perfect balance between tradition and innovation in the art of wine tasting.<\/p><\/p>\n\n\n\n<p>Used by sommeliers and wine enthusiasts alike, this traditional corkscrew is an indispensable tool for fully enjoying each bottle, ensuring a smooth and effortless opening.<\/p>\n\n\n    <div class=\"separator mobile-hidden\" style=\"height:40px\"><\/div>\r\n    <div class=\"separator laptop-hidden\" style=\"height:20px\"><\/div>\r\n\n\n<div class=\"gallery\">\r\n            <div class=\"gallery-row row\">\r\n                                <div style=\"flex:0.8\">\r\n                        <img decoding=\"async\" src=\"https:\/\/www.atelierduvin.com\/wp-content\/uploads\/240918_ADV_CHAMPAGNE_0154-2.jpg\" alt=\"\" loading=\"eager\" >                    <\/div>\r\n                                    <div style=\"flex:0.75\">\r\n                        <img decoding=\"async\" src=\"https:\/\/www.atelierduvin.com\/wp-content\/uploads\/Le-Vigneron_champagne.jpg\" alt=\"\" loading=\"eager\" >                    <\/div>\r\n                        <\/div>\r\n    <\/div>\n\n\n<h2 class=\"wp-block-heading\">At the winemaker\u2019s table<\/h2>\n\n\n\n<p>Designed by Marc Venot,&nbsp;<i>Le Vigneron&nbsp;<\/i>is a pure example of his design philosophy, a useful object that can be kept for a long time with a form that\u2019s natural, yet precise.<\/p>\n\n\n\n<p>Its&nbsp;<b>PVD-coated, stainless-steel body<\/b>&nbsp;guarantees exceptional longevity.&nbsp;<i>Le Vigneron&nbsp;<\/i>stands the test of time, bringing elegance and&nbsp;<b>sophistication<\/b>&nbsp;to every table, whatever the occasion.<\/p>\n\n\n\n<p>The&nbsp;<i>Le Vigneron&nbsp;<\/i>T-shaped corkscrew also features a&nbsp;<b>waterproof, synthetic leather pad<\/b>&nbsp;that&nbsp;<b>prevents scratches<\/b>&nbsp;or damage to glass tables or other sensitive surfaces.<\/p>\n\n\n\n<p>This corkscrew is not only a practical tool but a functional work of art that enhances the wine-tasting experience. Every bottle opening becomes a ritual that respects wine and its rich history. To use&nbsp;<i>Le Vigneron&nbsp;<\/i>is to choose durability and authenticity, while paying homage to the traditions of winemaking.<\/p>\n\n\n    <div class=\"separator mobile-hidden\" style=\"height:40px\"><\/div>\r\n    <div class=\"separator laptop-hidden\" style=\"height:20px\"><\/div>\r\n\n\n<div class=\"gallery\">\r\n            <div class=\"gallery-row row\">\r\n                                <div style=\"flex:1.25\">\r\n                        <img decoding=\"async\" src=\"https:\/\/www.atelierduvin.com\/wp-content\/uploads\/240918_ADV_CHAMPAGNE_0412-1.jpg\" alt=\"Le Vigneron - Black pos\u00e9 sur un 4x4 devant un paysage de vigne\" loading=\"eager\" >                    <\/div>\r\n                        <\/div>\r\n    <\/div>\n\n<div class=\"acc-head\">\r\n    <p>\r\n        Characteristic    <\/p>\r\n    <div class=\"acc-icon\">\r\n        <div class=\"ico-minus\"><\/div>\r\n        <div class=\"ico-plus\"><\/div>\r\n    <\/div>\r\n<\/div>\r\n<div class=\"acc-body\">\r\n    <div class=\"acc-content\">\r\n        <p>Do not place on a damp surface.<\/p>\n<p>Hand-clean with a non-abrasive cloth.<\/p>\n<p>Keep out of reach of children. <\/p>\n    <\/div>\r\n<\/div>\n\n<div class=\"acc-head\">\r\n    <p>\r\n        Finish    <\/p>\r\n    <div class=\"acc-icon\">\r\n        <div class=\"ico-minus\"><\/div>\r\n        <div class=\"ico-plus\"><\/div>\r\n    <\/div>\r\n<\/div>\r\n<div class=\"acc-body\">\r\n    <div class=\"acc-content\">\r\n        <p>Each piece is unique and a slight surface roughness is normal.<br \/>\nThe surface of the worm may mature with use.<\/p>\n    <\/div>\r\n<\/div>","protected":false},"excerpt":{"rendered":"<p><i><span style=\"font-weight: 400;\">Le Vigneron<\/span><\/i><span style=\"font-weight: 400;\">, or The Winemaker, is a direct extraction style corkscrew, perfect for wherever, and whenever, you need to open a bottle.<\/span><\/p>\n","protected":false},"featured_media":188537,"template":"","meta":{"_acf_changed":true},"product_brand":[],"product_cat":[717,729,737,291,100],"product_tag":[],"class_list":{"0":"post-192635","1":"product","2":"type-product","3":"status-publish","4":"has-post-thumbnail","6":"product_cat-the-specifics","7":"product_cat-fathers-day-gift-ideas","8":"product_cat-under-100-euros","9":"product_cat-wine-tools","10":"product_cat-corkscrews-our-collection","11":"tm-no-options","13":"first","14":"instock","15":"taxable","16":"shipping-taxable","17":"purchasable","18":"product-type-simple"},"bundled_by":[],"bundle_stock_status":"instock","bundle_stock_quantity":2143,"bundle_virtual":false,"bundle_layout":"","bundle_add_to_cart_form_location":"","bundle_editable_in_cart":false,"bundle_sold_individually_context":"","bundle_item_grouping":"","bundle_min_size":"","bundle_max_size":"","bundle_price":[],"bundled_items":[],"bundle_sell_ids":[151017,151004],"acf":[],"df_price":62.5,"df_sale_price":"","df_regular_price":62.5,"df_image_link":"https:\/\/www.atelierduvin.com\/wp-content\/uploads\/LeVigneron_seul_ouvert-450x450.jpg","_links":{"self":[{"href":"https:\/\/www.atelierduvin.com\/en\/wp-json\/wp\/v2\/product\/192635","targetHints":{"allow":["GET"]}}],"collection":[{"href":"https:\/\/www.atelierduvin.com\/en\/wp-json\/wp\/v2\/product"}],"about":[{"href":"https:\/\/www.atelierduvin.com\/en\/wp-json\/wp\/v2\/types\/product"}],"wp:featuredmedia":[{"embeddable":true,"href":"https:\/\/www.atelierduvin.com\/en\/wp-json\/wp\/v2\/media\/188537"}],"wp:attachment":[{"href":"https:\/\/www.atelierduvin.com\/en\/wp-json\/wp\/v2\/media?parent=192635"}],"wp:term":[{"taxonomy":"product_brand","embeddable":true,"href":"https:\/\/www.atelierduvin.com\/en\/wp-json\/wp\/v2\/product_brand?post=192635"},{"taxonomy":"product_cat","embeddable":true,"href":"https:\/\/www.atelierduvin.com\/en\/wp-json\/wp\/v2\/product_cat?post=192635"},{"taxonomy":"product_tag","embeddable":true,"href":"https:\/\/www.atelierduvin.com\/en\/wp-json\/wp\/v2\/product_tag?post=192635"}],"curies":[{"name":"wp","href":"https:\/\/api.w.org\/{rel}","templated":true}]}}