{"id":189115,"date":"2024-01-10T11:28:07","date_gmt":"2024-01-10T10:28:07","guid":{"rendered":"https:\/\/www.refonte-adv.votre-projet.com\/product\/bubble-cork-black\/"},"modified":"2026-04-13T12:00:46","modified_gmt":"2026-04-13T10:00:46","slug":"bubble-cork-black","status":"publish","type":"product","link":"https:\/\/www.atelierduvin.com\/en\/product\/bubble-cork-black\/","title":{"rendered":"Bubble Cork &#8211; Black"},"content":{"rendered":"\n<h2 class=\"wp-block-heading\">A design that\u2019s full of character<\/h2>\n\n\n\n<p>With a distinctive black marble base and pure, flowing lines, the elegant design of our Champagne stopper makes it a true objet d\u2019art for the home. Taking the form of an original Champagne cork, the stopper is both functional and eye-catching.<\/p>\n\n\n\n<p>Each stopper is a unique work of art in its own right, designed to enhance your enjoyment of Champagne and sparkling wine. Rooted in luxury craftsmanship, the Bubble Cork is a tribute to exclusivity, perfect for anyone looking to enhance their collection of sommelier accessories or to offer a memorable gift that effortlessly combines finesse with functionality.<\/p>\n\n\n    <div class=\"separator mobile-hidden\" style=\"height:40px\"><\/div>\r\n    <div class=\"separator laptop-hidden\" style=\"height:20px\"><\/div>\r\n\n\n<div class=\"gallery\">\r\n            <div class=\"gallery-row row\">\r\n                                <div style=\"flex:1.25\">\r\n                        <img decoding=\"async\" src=\"https:\/\/www.atelierduvin.com\/wp-content\/uploads\/BubbleCorkBlack_ambiance_paysage_02.jpg\" alt=\"Bouchon de pr\u00e9servation pour le champagne pos\u00e9 sur son bloc de marbre\" loading=\"eager\" >                    <\/div>\r\n                        <\/div>\r\n    <\/div>\n\n\n<h2 class=\"wp-block-heading\">Get the most out of your Champagnes and sparkling wines<\/h2>\n\n\n\n<p>Le bouchon \u00e0 champagne et vins p\u00e9tillants est une clef de vo\u00fbte dans l\u2019appr\u00e9ciation et la conservation de ces breuvages effervescents. \u00c0 la fois gardien de la vivacit\u00e9 et protecteur des ar\u00f4mes, le Bubble Cork est un accessoire essentiel pour maintenir l\u2019\u00e2me p\u00e9tillante de vos meilleures bouteilles.<\/p>\n\n\n\n<p>An opened bottle of Champagne or sparkling wine needs to be properly resealed so that its characteristic bubbles, synonymous with celebration and vitality, last. The Bubble Cork is an essential accessory for maintaining this sparkling soul. Both a guardian of vivacity and a protector of aromas, our Champagne and sparkling wine stopper will play a vital role in both the appreciation and preservation of your finest bottles.<\/p>\n\n\n\n<p>The stopper provides a hermetic seal to stop oxygen from entering the bottle, while also maintaining the pressure that\u2019s so essential to safeguarding its effervescence. Without it, the wine quickly loses its character and distinctive flavour. Whether you\u2019re a Champagne connoisseur, a lover of Prosecco or have a passion for another sparkling nectar, the Bubble Cork is your ally in ensuring that every glass remains etched in the memory of your taste buds.<\/p>\n\n\n    <div class=\"separator mobile-hidden\" style=\"height:40px\"><\/div>\r\n    <div class=\"separator laptop-hidden\" style=\"height:20px\"><\/div>\r\n\n\n\n<h2 class=\"wp-block-heading\">A state-of-the-art mechanism<\/h2>\n\n\n\n<p>The stopper\u2019s mechanism is designed so that the lower part screws completely into the bottle, ensuring that the seal is totally hermetic. The bubbles in your sparkling wine or Champagne are preserved for up to 3 days, so you can enjoy it over 2 or more sessions.<\/p>\n\n\n    <div class=\"separator mobile-hidden\" style=\"height:40px\"><\/div>\r\n    <div class=\"separator laptop-hidden\" style=\"height:20px\"><\/div>\r\n\n\n\n<h2 class=\"wp-block-heading\">How to use it?<\/h2>\n\n\n\n<p>The Bubble Cork Champagne stopper should be in the unscrewed position before being inserted into the bottle. Push the stopper into the neck of the bottle and screw the top part on tightly while holding the bottom part. To remove the stopper, hold the lower part and completely unscrew the upper part.<\/p>\n\n\n    <div class=\"separator mobile-hidden\" style=\"height:40px\"><\/div>\r\n    <div class=\"separator laptop-hidden\" style=\"height:20px\"><\/div>\r\n\n\n    <div class=\"video-block-container\">\r\n                    <iframe loading=\"lazy\"\r\n                    width=\"100%\"\r\n                    height=\"100%\"\r\n                    allow=\"autoplay; fullscreen\"\r\n                    class=\"embed-player slide-media\"\r\n                    src=\"https:\/\/player.vimeo.com\/video\/1093962470\"\r\n                    data-ready=\"true\">\r\n            <\/iframe>\r\n            <\/div>\r\n\n\n    <div class=\"separator mobile-hidden\" style=\"height:40px\"><\/div>\r\n    <div class=\"separator laptop-hidden\" style=\"height:20px\"><\/div>\r\n\n\n<div class=\"acc-head\">\r\n    <p>\r\n        Characteristic    <\/p>\r\n    <div class=\"acc-icon\">\r\n        <div class=\"ico-minus\"><\/div>\r\n        <div class=\"ico-plus\"><\/div>\r\n    <\/div>\r\n<\/div>\r\n<div class=\"acc-body\">\r\n    <div class=\"acc-content\">\r\n        <p>Content: x1 stopper, x1 base<\/p>\n<p>Care instructions: The lower part of the Bubble Cork may be hand-washed in lukewarm water. Do not wash the base.<\/p>\n    <\/div>\r\n<\/div>\n\n<div class=\"acc-head\">\r\n    <p>\r\n        Finish    <\/p>\r\n    <div class=\"acc-icon\">\r\n        <div class=\"ico-minus\"><\/div>\r\n        <div class=\"ico-plus\"><\/div>\r\n    <\/div>\r\n<\/div>\r\n<div class=\"acc-body\">\r\n    <div class=\"acc-content\">\r\n        <p>Genuine marble base.<\/p>\n<p>Each piece is unique.<\/p>\n    <\/div>\r\n<\/div>","protected":false},"excerpt":{"rendered":"<p>The Bubble Cork efficiently and elegantly preserves Champagne and sparkling wine that\u2019s been opened.<\/p>\n","protected":false},"featured_media":188568,"template":"","meta":{"_acf_changed":false},"product_brand":[],"product_cat":[78,729,738,643,320,291,102],"product_tag":[269],"class_list":{"0":"post-189115","1":"product","2":"type-product","3":"status-publish","4":"has-post-thumbnail","6":"product_cat-sparkling-wine-stoppers","7":"product_cat-fathers-day-gift-ideas","8":"product_cat-under-150-euros","9":"product_cat-novelties","10":"product_cat-luxury-gifts","11":"product_cat-wine-tools","12":"product_cat-wine-preservation-systems","13":"product_tag-new","14":"tm-no-options","16":"first","17":"instock","18":"taxable","19":"shipping-taxable","20":"purchasable","21":"product-type-simple"},"bundled_by":[],"bundle_stock_status":"instock","bundle_stock_quantity":801,"bundle_virtual":false,"bundle_layout":"","bundle_add_to_cart_form_location":"","bundle_editable_in_cart":false,"bundle_sold_individually_context":"","bundle_item_grouping":"","bundle_min_size":"","bundle_max_size":"","bundle_price":[],"bundled_items":[],"bundle_sell_ids":[151004,151017],"acf":[],"df_price":116.67,"df_sale_price":"","df_regular_price":116.67,"df_image_link":"https:\/\/www.atelierduvin.com\/wp-content\/uploads\/BubbleCork_black_cube_face-450x450.jpg","_links":{"self":[{"href":"https:\/\/www.atelierduvin.com\/en\/wp-json\/wp\/v2\/product\/189115","targetHints":{"allow":["GET"]}}],"collection":[{"href":"https:\/\/www.atelierduvin.com\/en\/wp-json\/wp\/v2\/product"}],"about":[{"href":"https:\/\/www.atelierduvin.com\/en\/wp-json\/wp\/v2\/types\/product"}],"wp:featuredmedia":[{"embeddable":true,"href":"https:\/\/www.atelierduvin.com\/en\/wp-json\/wp\/v2\/media\/188568"}],"wp:attachment":[{"href":"https:\/\/www.atelierduvin.com\/en\/wp-json\/wp\/v2\/media?parent=189115"}],"wp:term":[{"taxonomy":"product_brand","embeddable":true,"href":"https:\/\/www.atelierduvin.com\/en\/wp-json\/wp\/v2\/product_brand?post=189115"},{"taxonomy":"product_cat","embeddable":true,"href":"https:\/\/www.atelierduvin.com\/en\/wp-json\/wp\/v2\/product_cat?post=189115"},{"taxonomy":"product_tag","embeddable":true,"href":"https:\/\/www.atelierduvin.com\/en\/wp-json\/wp\/v2\/product_tag?post=189115"}],"curies":[{"name":"wp","href":"https:\/\/api.w.org\/{rel}","templated":true}]}}