{"id":179750,"date":"2023-02-16T12:01:13","date_gmt":"2023-02-16T11:01:13","guid":{"rendered":"https:\/\/www.refonte-adv.votre-projet.com\/?post_type=product&#038;p=179750"},"modified":"2026-05-11T12:01:36","modified_gmt":"2026-05-11T10:01:36","slug":"geometry","status":"publish","type":"product","link":"https:\/\/www.atelierduvin.com\/en\/product\/geometry\/","title":{"rendered":"Geometry"},"content":{"rendered":"\n<h2 class=\"wp-block-heading\">GEOMETRY by Margherita Matticari<\/h2>\n\n\n\n<p>Paris-based Italian designer Margherita Matticari offers an authentic and unique vision that combines innovative design with outstanding craftsmanship. The result? Functional, elegant and timeless objects that are made&nbsp;<em>to be used<\/em>. Made for life. Geometry marks Margherita\u2019s second collaboration with L\u2019Atelier du Vin, after her exceptional design of the Nomad Collection in 2021.<\/p>\n\n\n    <div class=\"separator mobile-hidden\" style=\"height:40px\"><\/div>\r\n    <div class=\"separator laptop-hidden\" style=\"height:20px\"><\/div>\r\n\n\n\n<h3 class=\"wp-block-heading\">Geometry: Is it a gift box or a sculpture?<\/h3>\n\n\n\n<p>Actually, it\u2019s both! Our vision behind Geometry was to create a box\/sculpture piece. Serving as a box, Geometry opens to reveal the iconic L\u2019Atelier du Vin corkscrew, Oeno Motion Gold. At the same time, whether open or closed, Geometry is a sculpture and work of art in its own right.<\/p>\n\n\n    <div class=\"separator mobile-hidden\" style=\"height:40px\"><\/div>\r\n    <div class=\"separator laptop-hidden\" style=\"height:20px\"><\/div>\r\n\n\n<div class=\"gallery\">\r\n            <div class=\"gallery-row row\">\r\n                                <div style=\"flex:1.4989293361884\">\r\n                        <img decoding=\"async\" src=\"https:\/\/www.atelierduvin.com\/wp-content\/uploads\/Geometry.gif\" alt=\"\" loading=\"eager\" >                    <\/div>\r\n                        <\/div>\r\n    <\/div>\n\n\n<div class=\"wp-block-columns is-layout-flex wp-container-core-columns-is-layout-9d6595d7 wp-block-columns-is-layout-flex\">\n<div class=\"wp-block-column is-layout-flow wp-block-column-is-layout-flow\">\n<h3 class=\"wp-block-heading\">Why call it Geometry?<\/h3>\n\n\n\n<p>Put simply, we wanted to play with geometric shapes.<\/p>\n\n\n\n<p>When closed, Geometry is composed of two triangles. When opened, a circle is revealed with Oeno Motion Gold in its center. The circular design is a nod to the instantly recognizable circle on the corkscrew. The circle and the triangle are essential shapes evoking body and spirit. The shapes also help push the minimalist theme to its limit.<\/p>\n\n\n\n<p>Geometry is not a static object; it is dynamic. When closed, it serves as decorative. When open, it\u2019s an invitation to be put to use and savor fine wines.<\/p>\n<\/div>\n\n\n\n<div class=\"wp-block-column is-layout-flow wp-block-column-is-layout-flow\">\n<h3 class=\"wp-block-heading\">What was behind the choice in materials?<\/h3>\n\n\n\n<p>We selected black lacquered wood for a touch of elegance and purity, using what is essentially the iconic color of luxury. We played on marrying black and gold to enhance the geometric shapes and create a striking emotion. Thus, when opened, the matte black serves to accentuate the shine and glimmer of Oeno Motion Gold.<\/p>\n\n\n\n<p>Overall, Geometry is an interplay of shapes and perspectives which, as I see it, belongs on a mantlepiece, coffee table, or surrounded by books on a shelf.<\/p>\n\n\n\n<p>Each piece is unique because they are all made by hand. Geometry serves as an invitation to add beautiful form and perfect function to your home.<\/p>\n<\/div>\n<\/div>\n\n\n<div class=\"gallery\">\r\n            <div class=\"gallery-row row\">\r\n                                <div style=\"flex:1.4144271570014\">\r\n                        <img decoding=\"async\" src=\"https:\/\/www.atelierduvin.com\/wp-content\/uploads\/CROQUIS-GEOMETRY_MMxADV.jpg\" alt=\"\" loading=\"eager\" >                    <\/div>\r\n                        <\/div>\r\n    <\/div>\n\n\n<h2 class=\"wp-block-heading\">The Geometry of Wine in a Designer Corkscrew Set<\/h2>\n\n\n\n<p>Just as wine is enveloped in a bottle, this stainless-steel&nbsp;<strong>bottle opener<\/strong>&nbsp;is encapsulated in a timeless, beautiful black lacquered wooden sculpture. Inside the minimalist box lies an oenological treasure of exceptional craftsmanship: the&nbsp;<strong>Oeno Motion Gold corkscrew<\/strong>, ready to open a fine bottle of red, white or ros\u00e9 wine.<\/p>\n\n\n\n<p>Its&nbsp;<strong>foolproof mechanism<\/strong>&nbsp;enables to effortlessly extract the cork, much to the delight of wine connoisseurs. This&nbsp;<strong>prestigious corkscrew<\/strong>, complete with a foil cutter discreetly located in the inner side of its jaw, provides a good grip and solid support on the neck. Simply push the lever down to plunge the worm into the cork and pull it up to effortlessly extract it.<\/p>\n\n\n\n<p>Remove the corkscrew from the bottle and repeat this movement to release the cork from your authentic&nbsp;<strong>sommelier tool<\/strong>, in preparation of your next tasting experience. This back-and-forth movement is reflected by the subtle sliding motion of the&nbsp;<strong>sculpted Geometry box<\/strong>, which opens and closes like a tribute to the art of revealing and hiding, or the ancestral secrets of wine making.<\/p>\n\n\n    <div class=\"separator mobile-hidden\" style=\"height:40px\"><\/div>\r\n    <div class=\"separator laptop-hidden\" style=\"height:20px\"><\/div>\r\n\n\n<div class=\"gallery\">\r\n            <div class=\"gallery-row row\">\r\n                                <div style=\"flex:1.5003663003663\">\r\n                        <img decoding=\"async\" src=\"https:\/\/www.atelierduvin.com\/wp-content\/uploads\/0_Geometry_ambiance_miroir_03_HD-scaled.jpg\" alt=\"Ouverture du coffret Geometry qui d\u00e9voile le tire-bouchon a levier Oeno Motion Gold\" loading=\"eager\" >                    <\/div>\r\n                        <\/div>\r\n    <\/div>\n\n    <div class=\"separator mobile-hidden\" style=\"height:40px\"><\/div>\r\n    <div class=\"separator laptop-hidden\" style=\"height:20px\"><\/div>\r\n\n\n\n<h2 class=\"wp-block-heading\">Oeno Motion Gold Geometry, an Exceptional Corkscrew<\/h2>\n\n\n\n<p>This&nbsp;<strong>powerful bottle opener<\/strong>, a technical and ergonomic masterpiece that encapsulates the art of living wine, was designed to last, as an heirloom to be passed from one generation to the next.<\/p>\n\n\n\n<p><strong>Oeno Motion Gold<\/strong>&nbsp;stands out from the other corkscrews in our wine accessory collections for the impression of power and grandeur it conveys both visually and physically.<\/p>\n\n\n\n<p>Chaque pi\u00e8ce m\u00e9tallique de son m\u00e9canisme a \u00e9t\u00e9 soigneusement \u00e9tudi\u00e9e, dessin\u00e9e, renforc\u00e9e, perfectionn\u00e9e par nos designers et ing\u00e9nieurs jusqu\u2019\u00e0 trouver l\u2019\u00e9quilibre parfait entre robustesse de l\u2019outil, fluidit\u00e9 du geste,&nbsp;<strong>fiabilit\u00e9 de l\u2019ouverture<\/strong>&nbsp;et charme du design.<\/p>\n\n\n\n<p>Adapt\u00e9 \u00e0 tous les formats de bouteilles et de bouchons, cet&nbsp;<strong>ouvre-bouteille \u00e0 levier de collection<\/strong>&nbsp;propose une ergonomie diff\u00e9rente du tire-bouchon sommelier, du limonadier, du bilame, de la vis sans fin ou encore du tire-bouchon \u00e0 double levier, au moment de d\u00e9boucher un flacon rare.<\/p>\n\n\n\n<p>Aussi imperturbable que rassurant,&nbsp;<strong>Oeno Motion Gold Geometry<\/strong>&nbsp;est le tire-bouchon de r\u00e9f\u00e9rence en cas d\u2019extraction d\u00e9licate&nbsp;: un accessoire indispensable lorsqu\u2019il s\u2019agit de d\u00e9boucher une bouteille de garde patiemment port\u00e9e \u00e0 maturit\u00e9 dans votre cave \u00e0 vin. Il est ainsi particuli\u00e8rement appr\u00e9ci\u00e9 des sommeliers, \u0153nologues, cavistes et amateurs de vin exigeants.<\/p>\n\n\n\n<p>The&nbsp;<strong>Geometry set<\/strong>, designed by Margherita Matticari, will also delight collectors and lovers of wine and art, in line with the&nbsp;<strong>rare corkscrew sets<\/strong>&nbsp;and collector bottle openers created by L\u2019Atelier du Vin, a French manufacturer of wine tools from father to son since 1926.<\/p>\n\n\n    <div class=\"separator mobile-hidden\" style=\"height:40px\"><\/div>\r\n    <div class=\"separator laptop-hidden\" style=\"height:20px\"><\/div>\r\n\n\n<div class=\"acc-head\">\r\n    <p>\r\n        Finish    <\/p>\r\n    <div class=\"acc-icon\">\r\n        <div class=\"ico-minus\"><\/div>\r\n        <div class=\"ico-plus\"><\/div>\r\n    <\/div>\r\n<\/div>\r\n<div class=\"acc-body\">\r\n    <div class=\"acc-content\">\r\n        <p>Wood worked and lacquered by hand, metal, alloys, leather.<\/p>\n    <\/div>\r\n<\/div>\n\n<div class=\"acc-head\">\r\n    <p>\r\n        Sizes    <\/p>\r\n    <div class=\"acc-icon\">\r\n        <div class=\"ico-minus\"><\/div>\r\n        <div class=\"ico-plus\"><\/div>\r\n    <\/div>\r\n<\/div>\r\n<div class=\"acc-body\">\r\n    <div class=\"acc-content\">\r\n        <p>Height of box: 22 cm<\/p>\n<p>Length of closed box: 37.5 cm<\/p>\n<p>Length of open box: 58.5 cm<\/p>\n<p>Width of box: 6 cm<\/p>\n    <\/div>\r\n<\/div>","protected":false},"excerpt":{"rendered":"<p>An art object in its own right: a box\/scultpture.<\/p>\n","protected":false},"featured_media":184489,"template":"","meta":{"_acf_changed":false},"product_brand":[],"product_cat":[261,798,729,740,755,73,317,320,298,716,291,100,153,103],"product_tag":[268],"class_list":{"0":"post-179750","1":"product","2":"type-product","3":"status-publish","4":"has-post-thumbnail","6":"product_cat-wooden-wine-box","7":"product_cat-personalised-wine-sets","8":"product_cat-fathers-day-gift-ideas","9":"product_cat-over-200-euros","10":"product_cat-personalised-corkscrews","11":"product_cat-lever-corkscrews","12":"product_cat-gifts-for-him","13":"product_cat-luxury-gifts","14":"product_cat-to-offer","15":"product_cat-valentines-day-wine-gift-ideas","16":"product_cat-wine-tools","17":"product_cat-corkscrews-our-collection","18":"product_cat-personalised-wine-gifts","19":"product_cat-wine-tool-sets","20":"product_tag-customizable","21":"tm-has-options","23":"first","24":"instock","25":"taxable","26":"shipping-taxable","27":"purchasable","28":"product-type-variable","29":"has-default-attributes"},"bundled_by":[],"bundle_stock_status":"instock","bundle_stock_quantity":null,"bundle_virtual":false,"bundle_layout":"","bundle_add_to_cart_form_location":"","bundle_editable_in_cart":false,"bundle_sold_individually_context":"","bundle_item_grouping":"","bundle_min_size":"","bundle_max_size":"","bundle_price":[],"bundled_items":[],"bundle_sell_ids":[151018,151017,151004],"acf":[],"df_price":566.67,"df_sale_price":"","df_regular_price":566.67,"df_image_link":"https:\/\/www.atelierduvin.com\/wp-content\/uploads\/Geometry_boiteouverte_face-450x450.jpg","_links":{"self":[{"href":"https:\/\/www.atelierduvin.com\/en\/wp-json\/wp\/v2\/product\/179750","targetHints":{"allow":["GET"]}}],"collection":[{"href":"https:\/\/www.atelierduvin.com\/en\/wp-json\/wp\/v2\/product"}],"about":[{"href":"https:\/\/www.atelierduvin.com\/en\/wp-json\/wp\/v2\/types\/product"}],"wp:featuredmedia":[{"embeddable":true,"href":"https:\/\/www.atelierduvin.com\/en\/wp-json\/wp\/v2\/media\/184489"}],"wp:attachment":[{"href":"https:\/\/www.atelierduvin.com\/en\/wp-json\/wp\/v2\/media?parent=179750"}],"wp:term":[{"taxonomy":"product_brand","embeddable":true,"href":"https:\/\/www.atelierduvin.com\/en\/wp-json\/wp\/v2\/product_brand?post=179750"},{"taxonomy":"product_cat","embeddable":true,"href":"https:\/\/www.atelierduvin.com\/en\/wp-json\/wp\/v2\/product_cat?post=179750"},{"taxonomy":"product_tag","embeddable":true,"href":"https:\/\/www.atelierduvin.com\/en\/wp-json\/wp\/v2\/product_tag?post=179750"}],"curies":[{"name":"wp","href":"https:\/\/api.w.org\/{rel}","templated":true}]}}