{"id":72281,"date":"2023-02-16T16:50:33","date_gmt":"2023-02-16T15:50:33","guid":{"rendered":"https:\/\/www.refonte-adv.votre-projet.com\/?post_type=product&#038;p=72281"},"modified":"2026-05-13T12:01:21","modified_gmt":"2026-05-13T10:01:21","slug":"le-brasseur","status":"publish","type":"product","link":"https:\/\/www.atelierduvin.com\/de\/produkt\/le-brasseur\/","title":{"rendered":"Le Brasseur &#8211; Black"},"content":{"rendered":"\n<p><span data-contrast=\"none\">Er ist aus einem einzigen St\u00fcck Edelstahl mit einer PVD-Beschichtung gefertigt, ein Zeugnis f\u00fcr Qualit\u00e4t und franz\u00f6sische Tradition, und bietet h\u00f6chste Funktionalit\u00e4t. Schnell und unkompliziert lassen sich mit Le Brasseur Bier-, Mineralwasser-, Soda- und Fruchtsaftflaschen \u00f6ffnen.&nbsp;<\/span><span data-ccp-props=\"{&quot;201341983&quot;:0,&quot;335559739&quot;:0,&quot;335559740&quot;:240}\">&nbsp;<\/span><\/p>\n\n\n\n<p><span data-contrast=\"none\">Die Handhabung ist nat\u00fcrlich und einfach.&nbsp;<\/span><span data-ccp-props=\"{&quot;201341983&quot;:0,&quot;335559739&quot;:0,&quot;335559740&quot;:240}\">&nbsp;Mit Le Brasseur wird die Bierverkostung zu einem Ritual, das ganz im Zeichen von L\u2018Atelier du Vin steht.<\/span><\/p>\n\n\n\n<p><span data-contrast=\"none\">Le Brasseur ist ein treuer Begleiter, der zu gro\u00dfen und kleinen Anl\u00e4ssen an jedem Tisch Platz findet.<\/span><span data-ccp-props=\"{&quot;201341983&quot;:0,&quot;335559739&quot;:0,&quot;335559740&quot;:240}\">&nbsp;<\/span><\/p>\n\n\n    <div class=\"separator mobile-hidden\" style=\"height:40px\"><\/div>\r\n    <div class=\"separator laptop-hidden\" style=\"height:20px\"><\/div>\r\n\n\n\n<h2 class=\"wp-block-heading\">LE BRASSEUR von Marc Venot<\/h2>\n\n\n\n<div class=\"wp-block-columns is-layout-flex wp-container-core-columns-is-layout-9d6595d7 wp-block-columns-is-layout-flex\">\n<div class=\"wp-block-column is-layout-flow wp-block-column-is-layout-flow\">\n<p><strong>\u201e<\/strong><strong><em>Ich mag es, wenn das Objekt sich selbst gen\u00fcgt.<\/em><\/strong><strong>\u201c<\/strong>&nbsp;Marc Venot, Produktdesigner.<\/p>\n\n\n\n<p>Die Designvision von Marc Venot ist zwar klassisch, aber stets mit einem kreativen Twist versehen, der Benutzerfreundlichkeit mit etwas frischem Wind kombiniert.<\/p>\n\n\n\n<p>Marc Venot arbeitet seit vielen Jahren f\u00fcr renommierte M\u00f6bel- und Objektmarken. Im Rahmen von Le Brasseur ging Marc Venot eine erste Zusammenarbeit mit dem Designstudio von L\u2018Atelier du Vin ein, die ganz im Zeichen einer Freundschaft stand.<\/p>\n\n\n    <div class=\"separator mobile-hidden\" style=\"height:40px\"><\/div>\r\n    <div class=\"separator laptop-hidden\" style=\"height:20px\"><\/div>\r\n\n\n\n<h3 class=\"wp-block-heading\">Wie begann die Geschichte von Le Brasseur, dem Flaschen\u00f6ffner, den Sie f\u00fcr L\u2018Atelier du Vin entworfen haben?<\/h3>\n\n\n\n<p>Die Idee von Le Brasseur ist vor allem das Ergebnis einer Beobachtung. L\u2018Atelier du Vin und ich haben festgestellt, dass es eine gro\u00dfe Begeisterung f\u00fcr handwerklich gebraute Biere, nat\u00fcrliche Limonaden und Wasser in Glaspfandflaschen gibt. Diese ist eng mit Momenten der Verkostung und des Austauschs verbunden, denen wir ein fr\u00f6hliches und entspanntes Ambiente verleihen wollten. Le Brasseur, ein einfach zu bedienender Flaschen\u00f6ffner, war geboren!<\/p>\n<\/div>\n\n\n\n<div class=\"wp-block-column is-layout-flow wp-block-column-is-layout-flow\">\n<h3 class=\"wp-block-heading\">Welches Wesen hat Le Brasseur?<\/h3>\n\n\n\n<p>Nicht ohne Grund haben wir vor allem an seiner Form gearbeitet, die einer Figur nachempfunden ist: Wir wollten, dass Le Brasseur zu einem Tischkameraden wird. Le Brasseur besteht aus einem einzigen konischen, von den Bauern eines Schachspiels inspirierten Block, der gut in der Hand liegt. Sein nach oben und unten offener Kiefer erm\u00f6glicht es, Flaschen von oben oder unten zu \u00f6ffnen. Das Gewicht (130 g), die Form und das Design des Kiefers vereinfachen die Handhabung ungemein.<\/p>\n\n\n    <div class=\"separator mobile-hidden\" style=\"height:40px\"><\/div>\r\n    <div class=\"separator laptop-hidden\" style=\"height:20px\"><\/div>\r\n\n\n\n<h3 class=\"wp-block-heading\">Und die Materialien?<\/h3>\n\n\n\n<p>Wir haben uns f\u00fcr Edelstahl entschieden, weil es ein edles und zugleich widerstandsf\u00e4higes Material ist, das perfekt zur Seele von Le Brasseur passt. Dank seiner PVD-Beschichtung geht er besonders elegant mit der Zeit. Le Brasseur passt sich jedem Tisch an. Er ist mit einem wasserfesten Gleiter aus Kunstleder ausgestattet, sodass er auch auf Glastischen zu Hause ist. Und weil er zur gro\u00dfen Familie der Accessoires von L\u2018Atelier du Vin geh\u00f6rt, findet sich das Logo von L\u2018Atelier auf dem gelben Gleiter wieder \u2013 eine Anspielung auf die Farbe von Bier.<\/p>\n\n\n\n<p>Le Brasseur ist einfach ein tolles Objekt, das sch\u00f6ne Momente bei der Weinprobe begleitet.<\/p>\n<\/div>\n<\/div>\n\n\n    <div class=\"separator mobile-hidden\" style=\"height:40px\"><\/div>\r\n    <div class=\"separator laptop-hidden\" style=\"height:20px\"><\/div>\r\n\n\n<div class=\"acc-head\">\r\n    <p>\r\n        Finish    <\/p>\r\n    <div class=\"acc-icon\">\r\n        <div class=\"ico-minus\"><\/div>\r\n        <div class=\"ico-plus\"><\/div>\r\n    <\/div>\r\n<\/div>\r\n<div class=\"acc-body\">\r\n    <div class=\"acc-content\">\r\n        <p>Kontrast der Materialien. Der Edelstahl seines K\u00f6rpers, der mit einer PVD-Beschichtung gesch\u00fctzt ist, und das Kunstleder der Pastille, die mit dem Siegel von L\u2019Atelier du Vin gepr\u00e4gt ist, formen seine Pers\u00f6nlichkeit und seine Originalit\u00e4t.<\/p>\n    <\/div>\r\n<\/div>","protected":false},"excerpt":{"rendered":"<p><b><span data-contrast=\"none\">Einfache Freuden. <\/span><\/b><span data-contrast=\"none\">Le Brasseur ist mit seiner figur\u00e4hnlichen Silhouette der ideale Flaschen\u00f6ffner f\u00fcr jeden Tisch und jede Flasche.<\/span><span data-ccp-props=\"{\"201341983\":0,\"335559739\":0,\"335559740\":240}\">\u00a0<\/span><\/p>\n","protected":false},"featured_media":185978,"template":"","meta":{"_acf_changed":false},"product_brand":[],"product_cat":[718,730,741,721,404,348,395,356],"product_tag":[],"class_list":{"0":"post-72281","1":"product","2":"type-product","3":"status-publish","4":"has-post-thumbnail","6":"product_cat-die-speziellen","7":"product_cat-vatertag-geschenkideen","8":"product_cat-unter-50-euro","9":"product_cat-bierservice","10":"product_cat-weinaccessoire-kollektion","11":"product_cat-korkenzieher","12":"product_cat-alles-anzeigen","13":"product_cat-accessoires-zum-servieren","14":"tm-no-options","16":"first","17":"instock","18":"taxable","19":"shipping-taxable","20":"purchasable","21":"product-type-simple"},"bundled_by":[],"bundle_stock_status":"instock","bundle_stock_quantity":1845,"bundle_virtual":false,"bundle_layout":"","bundle_add_to_cart_form_location":"","bundle_editable_in_cart":false,"bundle_sold_individually_context":"","bundle_item_grouping":"","bundle_min_size":"","bundle_max_size":"","bundle_price":[],"bundled_items":[],"bundle_sell_ids":[193440],"acf":[],"df_price":29.17,"df_sale_price":"","df_regular_price":29.17,"df_image_link":"https:\/\/www.atelierduvin.com\/wp-content\/uploads\/LeBrasseur_seul_face_HD-450x450.jpg","_links":{"self":[{"href":"https:\/\/www.atelierduvin.com\/de\/wp-json\/wp\/v2\/product\/72281","targetHints":{"allow":["GET"]}}],"collection":[{"href":"https:\/\/www.atelierduvin.com\/de\/wp-json\/wp\/v2\/product"}],"about":[{"href":"https:\/\/www.atelierduvin.com\/de\/wp-json\/wp\/v2\/types\/product"}],"wp:featuredmedia":[{"embeddable":true,"href":"https:\/\/www.atelierduvin.com\/de\/wp-json\/wp\/v2\/media\/185978"}],"wp:attachment":[{"href":"https:\/\/www.atelierduvin.com\/de\/wp-json\/wp\/v2\/media?parent=72281"}],"wp:term":[{"taxonomy":"product_brand","embeddable":true,"href":"https:\/\/www.atelierduvin.com\/de\/wp-json\/wp\/v2\/product_brand?post=72281"},{"taxonomy":"product_cat","embeddable":true,"href":"https:\/\/www.atelierduvin.com\/de\/wp-json\/wp\/v2\/product_cat?post=72281"},{"taxonomy":"product_tag","embeddable":true,"href":"https:\/\/www.atelierduvin.com\/de\/wp-json\/wp\/v2\/product_tag?post=72281"}],"curies":[{"name":"wp","href":"https:\/\/api.w.org\/{rel}","templated":true}]}}