{"id":72195,"date":"2022-07-13T09:50:42","date_gmt":"2022-07-13T07:50:42","guid":{"rendered":"https:\/\/www.refonte-adv.votre-projet.com\/product\/korken-gardvin-on-off-power-packung-mit-3-korken\/"},"modified":"2026-05-11T12:01:16","modified_gmt":"2026-05-11T10:01:16","slug":"korken-gardvin-on-off-power-packung-mit-3-korken","status":"publish","type":"product","link":"https:\/\/www.atelierduvin.com\/de\/produkt\/korken-gardvin-on-off-power-packung-mit-3-korken\/","title":{"rendered":"Korken Gard&#8217;Vin On\/Off Power &#8211; Packung mit 3 Korken"},"content":{"rendered":"\n<h2 class=\"wp-block-heading\">Verschl\u00fcsse On\/Off Power, Packung mit 3 Weinflaschen-Verschl\u00fcssen f\u00fcr elektrische Vakuumpumpen<\/h2>\n\n<p>Die mit einem technischen Ventil und einem Ring zum Vermerken des Vakuumierdatums ausgestatteten\u00a0<strong>Weinflaschen-Verschl\u00fcsse On\/Off Power<\/strong>\u00a0werden Ihnen eine wertvolle Hilfe sein, um die Lebensdauer Ihrer gro\u00dfen Jahrg\u00e4nge w\u00e4hrend der Verkostung zu verl\u00e4ngern \u2026<\/p>\n    <div class=\"separator mobile-hidden\" style=\"height:40px\"><\/div>\r\n    <div class=\"separator laptop-hidden\" style=\"height:20px\"><\/div>\r\n<div class=\"custom-block cta-block\"><a href=\"\/de\/tutorial-gardvin-on-off-power\/\" class=\"custom-button\">Tutorial zur \u201eBedienung\u201c der Gard\u2019Vin ON\/OFF Power<\/a><\/div>    <div class=\"separator mobile-hidden\" style=\"height:40px\"><\/div>\r\n    <div class=\"separator laptop-hidden\" style=\"height:20px\"><\/div>\r\n\n<h2 class=\"wp-block-heading\">Luftabsaugung und Vakuumierung, um den Wein nach dem \u00d6ffnen zu konservieren<\/h2>\n\n<p>M\u00f6chten Sie sich Zeit nehmen, um eine sch\u00f6ne Flasche zu genie\u00dfen? Achten Sie darauf, dass der Wein nach dem \u00d6ffnen nicht oxidiert! Um den verbleibenden Nektar eines Grand Cru nach der ersten Verkostung zu erhalten, verwenden Sommeliers, Weinh\u00e4ndler und \u00d6nologen die richtigen Accessoires zur Weinaufbewahrung:\u00a0<strong>eine Vakuumpumpe und einen technischen Verschluss<\/strong>.<\/p>\n\n<p>W\u00e4hrend die\u00a0<a href=\"\/de\/produkt\/gardvin-on-off-power\/\"><strong>automatisierte Vakuumpumpe Gard\u2019Vin On\/Off Power<\/strong><\/a>\u00a0daf\u00fcr sorgt, dass die Luft aus der Flasche abgesaugt wird, dient ein spezieller Verschluss zus\u00e4tzlich dazu, den Flaschenhals zu versiegeln und das Vakuumierdatum zu vermerken.<\/p>\n\n<p>Dank dieses \u00f6nologischen Kniffs wird die\u00a0<strong>Oxidation des Weins<\/strong> im Inneren der Flasche unterbrochen und auf ein Minimum beschr\u00e4nkt. Sie haben dann einige Tage zus\u00e4tzlich Zeit, um in Ihrem eigenen Rhythmus das Aroma, die Tannine und die Noten zu genie\u00dfen, die bis zum letzten Tropfen in Ihrer sch\u00f6nen Flasche bewahrt werden.<\/p>\n    <div class=\"separator mobile-hidden\" style=\"height:40px\"><\/div>\r\n    <div class=\"separator laptop-hidden\" style=\"height:20px\"><\/div>\r\n\n<div class=\"wp-block-columns is-layout-flex wp-container-core-columns-is-layout-9d6595d7 wp-block-columns-is-layout-flex\">\n<div class=\"wp-block-column is-layout-flow wp-block-column-is-layout-flow\">\n<h2 class=\"wp-block-heading\">Weinflaschen-Verschluss On\/Off Power mit Ventil und Vorrichtung zum Vermerken des \u00d6ffnungsdatums<\/h2>\n\n\n\n<p><p align=\"justify\">Ist es nicht ausreichend, die Flasche mit dem Korken erneut zu verschlie\u00dfen? Im Gegensatz zu einem Korken, dessen Material luftdurchl\u00e4ssig ist (egal ob mit oder ohne Loch), bleibt der Weinflaschen-Verschluss On\/Off Power von L\u2018Atelier du Vin\u00a0<strong>sowohl f\u00fcr Fl\u00fcssigkeiten als auch f\u00fcr Gase absolut luftdicht<\/strong>, sodass die Flasche nach dem Gebrauch der elektronischen Pumpe bis zum n\u00e4chsten \u00d6ffnen vollst\u00e4ndig vakuumiert wird.<\/p><\/p>\n\n\n\n<p><div class=\"paragraphe gauche \">&#13;\n<div class=\"desc\">&#13;\n<p align=\"justify\">Mit dieser Packung mit 3 Weinflaschen-Verschl\u00fcssen k\u00f6nnen Sie nach dem \u00d6ffnen mehrere Weine gleichzeitig aufbewahren. Dies ist besonders\u00a0<strong>bei gewerblichem Gebrauch von Nutzen<\/strong>, insbesondere f\u00fcr Sommeliers, Weinh\u00e4ndler und \u00d6nologen. So ist die Vakuumpumpe Gard\u2019Vin On\/Off Power mit ihren technischen Verschl\u00fcssen die ideale Wahl f\u00fcr den Weinkeller eines Weinguts, ein Restaurant, eine Weinbar oder eine Degustation in Ihrem pers\u00f6nlichen Weinkeller.<\/p>&#13;\n&#13;\n<\/div>&#13;\n<\/div><\/p>\n<\/div>\n\n\n\n<div class=\"wp-block-column is-layout-flow wp-block-column-is-layout-flow\">\n<h2 class=\"wp-block-heading\">Der Verschluss mit Vorrichtung zum Vermerken des Vakuumierdatums<\/h2>\n\n\n\n<p>Wie behalten Sie beim \u00d6ffnen von Flaschen den \u00dcberblick? Wenn Sie den Weinflaschen-Verschluss aufgesetzt und die Luft aus der Flasche entfernt haben, drehen Sie einfach den nummerierten Ring auf dem Verschluss On\/Off Power, um\u00a0<strong>das Vakuumierdatum zu vermerken<\/strong>.<\/p>\n\n\n\n<p>So k\u00f6nnen Sie die laufenden Verkostungen erfassen und sind jeden Tag in Lage zu bestimmen, welcher Wein in einem angemessenen Zeitraum gelagert werden kann oder welche Flasche vorrangig verkostet werden sollte. Um mehr zu erfahren, entdecken Sie unsere\u00a0<strong><a href=\"\/de\/produkt\/gardvin-on-off-power-signature\/\">elektronische Vakuumpumpe Gard\u2019Vin On\/Off Power Signature<\/a><\/strong>, die mit Ihren Initialen personalisiert werden kann.<\/p>\n<\/div>\n<\/div>\n","protected":false},"excerpt":{"rendered":"<p>Wie k\u00f6nnen Sie verhindern, dass ein Wein am Tag nach dem \u00d6ffnen in der Flasche schal wird? Diese 3 Wein-Verschl\u00fcsse wurden f\u00fcr die Verwendung mit der elektronischen Vakuumpumpe Gard&#8217;Vin On\/Off Power entwickelt und garantieren Ihnen, dass Ihre frisch ge\u00f6ffnete Flasche perfekt abgedichtet wird.<\/p>\n","protected":false},"featured_media":188173,"template":"","meta":{"_acf_changed":false},"product_brand":[],"product_cat":[383,381,404,351],"product_tag":[],"class_list":{"0":"post-72195","1":"product","2":"type-product","3":"status-publish","4":"has-post-thumbnail","6":"product_cat-weinpumpe","7":"product_cat-weinverschlusse","8":"product_cat-weinaccessoire-kollektion","9":"product_cat-flaschenverschlusse_und_aufbewahrung","10":"tm-no-options","12":"first","13":"instock","14":"taxable","15":"shipping-taxable","16":"purchasable","17":"product-type-simple"},"bundled_by":[],"bundle_stock_status":"instock","bundle_stock_quantity":1,"bundle_virtual":false,"bundle_layout":"","bundle_add_to_cart_form_location":"","bundle_editable_in_cart":false,"bundle_sold_individually_context":"","bundle_item_grouping":"","bundle_min_size":"","bundle_max_size":"","bundle_price":[],"bundled_items":[],"bundle_sell_ids":[151018,151017,151004],"acf":[],"df_price":20,"df_sale_price":"","df_regular_price":20,"df_image_link":"https:\/\/www.atelierduvin.com\/wp-content\/uploads\/Bouchons-ON-OFF-Power-packshot-face-1-450x450.jpg","_links":{"self":[{"href":"https:\/\/www.atelierduvin.com\/de\/wp-json\/wp\/v2\/product\/72195","targetHints":{"allow":["GET"]}}],"collection":[{"href":"https:\/\/www.atelierduvin.com\/de\/wp-json\/wp\/v2\/product"}],"about":[{"href":"https:\/\/www.atelierduvin.com\/de\/wp-json\/wp\/v2\/types\/product"}],"wp:featuredmedia":[{"embeddable":true,"href":"https:\/\/www.atelierduvin.com\/de\/wp-json\/wp\/v2\/media\/188173"}],"wp:attachment":[{"href":"https:\/\/www.atelierduvin.com\/de\/wp-json\/wp\/v2\/media?parent=72195"}],"wp:term":[{"taxonomy":"product_brand","embeddable":true,"href":"https:\/\/www.atelierduvin.com\/de\/wp-json\/wp\/v2\/product_brand?post=72195"},{"taxonomy":"product_cat","embeddable":true,"href":"https:\/\/www.atelierduvin.com\/de\/wp-json\/wp\/v2\/product_cat?post=72195"},{"taxonomy":"product_tag","embeddable":true,"href":"https:\/\/www.atelierduvin.com\/de\/wp-json\/wp\/v2\/product_tag?post=72195"}],"curies":[{"name":"wp","href":"https:\/\/api.w.org\/{rel}","templated":true}]}}