{"id":71587,"date":"2018-11-28T11:14:29","date_gmt":"2018-11-28T10:14:29","guid":{"rendered":"https:\/\/www.refonte-adv.votre-projet.com\/product\/korken-on-off-packung-mit-3-stopseln\/"},"modified":"2026-05-11T12:00:38","modified_gmt":"2026-05-11T10:00:38","slug":"korken-on-off-packung-mit-3-stopseln","status":"publish","type":"product","link":"https:\/\/www.atelierduvin.com\/de\/produkt\/korken-on-off-packung-mit-3-stopseln\/","title":{"rendered":"Korken On\/Off &#8211; Packung mit 3 St\u00f6pseln"},"content":{"rendered":"\n<p>Ein undurchdringliches Schutzschild \u2013 der <strong>Gard\u2019Vin On\/Off<\/strong>-Verschluss ist kein gew\u00f6hnlicher Weinverschluss. Speziell f\u00fcr eine Vakuumpumpe entwickelt, erm\u00f6glicht dieses raffinierte System das Entfernen der Luft aus einer frisch ge\u00f6ffneten Flasche. Dieser leistungsstarke Verschlussmechanismus ist das Ergebnis jahrelanger Forschung.<\/p>\n\n<p>Ein farbiger Indikator auf der Oberseite des Gard\u2019Vin On\/Off-Verschlusses zeigt an, ob sich noch Sauerstoff in der Flasche befindet: Sobald der Indikator nicht mehr sichtbar ist, wurde die beim \u00d6ffnen eingedrungene Luft vollst\u00e4ndig entfernt, und die Flasche ist hermetisch verschlossen. Das Aroma bleibt erhalten, bis der Wein erneut ge\u00f6ffnet wird.<\/p>\n\n<p>Mit diesem 3er-Set der Gard\u2019Vin On\/Off-Verschl\u00fcsse k\u00f6nnen Sie drei verschiedene Weine aus Ihrer Sammlung \u00fcber mehrere Tage hinweg genie\u00dfen \u2013 ohne auch nur einen Tropfen zu verlieren.<\/p>\n    <div class=\"separator mobile-hidden\" style=\"height:40px\"><\/div>\r\n    <div class=\"separator laptop-hidden\" style=\"height:20px\"><\/div>\r\n    <div class=\"video-block-container\">\r\n                    <iframe loading=\"lazy\"\r\n                    width=\"100%\"\r\n                    height=\"100%\"\r\n                    allow=\"autoplay; fullscreen\"\r\n                    class=\"embed-player slide-media\"\r\n                    src=\"https:\/\/player.vimeo.com\/video\/60152408\"\r\n                    data-ready=\"true\">\r\n            <\/iframe>\r\n            <\/div>\r\n    <div class=\"separator mobile-hidden\" style=\"height:40px\"><\/div>\r\n    <div class=\"separator laptop-hidden\" style=\"height:20px\"><\/div>\r\n<div class=\"acc-head\">\r\n    <p>\r\n        Eigenschaften    <\/p>\r\n    <div class=\"acc-icon\">\r\n        <div class=\"ico-minus\"><\/div>\r\n        <div class=\"ico-plus\"><\/div>\r\n    <\/div>\r\n<\/div>\r\n<div class=\"acc-body\">\r\n    <div class=\"acc-content\">\r\n        <p>Kompatible Verschl\u00fcsse f\u00fcr den <a href=\"https:\/\/www.atelierduvin.com\/de\/produkt\/gardvin-on-off-schwarz\/\"><span style=\"text-decoration: underline;\"><strong>Gard\u2019Vin On\/Off<\/strong><\/span><\/a> und den <a href=\"https:\/\/www.atelierduvin.com\/de\/produkt\/gardvin-on-off-metall\/\"><span style=\"text-decoration: underline;\"><strong>Gard\u2019Vin On\/Off Metal<\/strong><\/span><\/a><\/p>\n    <\/div>\r\n<\/div>","protected":false},"excerpt":{"rendered":"<p>On: \u00d6ffnen, bel\u00fcften, einen sch\u00f6nen Wei\u00dfwein oder einen sch\u00f6nen Rotwein genie\u00dfen. Off: Nichts tut sich.<\/p>\n","protected":false},"featured_media":187168,"template":"","meta":{"_acf_changed":false},"product_brand":[],"product_cat":[383,381,404,351],"product_tag":[],"class_list":{"0":"post-71587","1":"product","2":"type-product","3":"status-publish","4":"has-post-thumbnail","6":"product_cat-weinpumpe","7":"product_cat-weinverschlusse","8":"product_cat-weinaccessoire-kollektion","9":"product_cat-flaschenverschlusse_und_aufbewahrung","10":"tm-no-options","12":"first","13":"instock","14":"taxable","15":"shipping-taxable","16":"purchasable","17":"product-type-simple"},"bundled_by":[],"bundle_stock_status":"instock","bundle_stock_quantity":1480,"bundle_virtual":false,"bundle_layout":"","bundle_add_to_cart_form_location":"","bundle_editable_in_cart":false,"bundle_sold_individually_context":"","bundle_item_grouping":"","bundle_min_size":"","bundle_max_size":"","bundle_price":[],"bundled_items":[],"bundle_sell_ids":[151018,151017,151004],"acf":[],"df_price":18.75,"df_sale_price":"","df_regular_price":18.75,"df_image_link":"https:\/\/www.atelierduvin.com\/wp-content\/uploads\/Bouchons-ON-OFF-HD-1-450x450.jpg","_links":{"self":[{"href":"https:\/\/www.atelierduvin.com\/de\/wp-json\/wp\/v2\/product\/71587","targetHints":{"allow":["GET"]}}],"collection":[{"href":"https:\/\/www.atelierduvin.com\/de\/wp-json\/wp\/v2\/product"}],"about":[{"href":"https:\/\/www.atelierduvin.com\/de\/wp-json\/wp\/v2\/types\/product"}],"wp:featuredmedia":[{"embeddable":true,"href":"https:\/\/www.atelierduvin.com\/de\/wp-json\/wp\/v2\/media\/187168"}],"wp:attachment":[{"href":"https:\/\/www.atelierduvin.com\/de\/wp-json\/wp\/v2\/media?parent=71587"}],"wp:term":[{"taxonomy":"product_brand","embeddable":true,"href":"https:\/\/www.atelierduvin.com\/de\/wp-json\/wp\/v2\/product_brand?post=71587"},{"taxonomy":"product_cat","embeddable":true,"href":"https:\/\/www.atelierduvin.com\/de\/wp-json\/wp\/v2\/product_cat?post=71587"},{"taxonomy":"product_tag","embeddable":true,"href":"https:\/\/www.atelierduvin.com\/de\/wp-json\/wp\/v2\/product_tag?post=71587"}],"curies":[{"name":"wp","href":"https:\/\/api.w.org\/{rel}","templated":true}]}}