{"id":71536,"date":"2020-11-16T11:59:08","date_gmt":"2020-11-16T10:59:08","guid":{"rendered":"https:\/\/www.refonte-adv.votre-projet.com\/product\/chic-set-night\/"},"modified":"2026-04-04T12:01:03","modified_gmt":"2026-04-04T10:01:03","slug":"chic-set-night","status":"publish","type":"product","link":"https:\/\/www.atelierduvin.com\/de\/produkt\/chic-set-night\/","title":{"rendered":"Chic Set Night"},"content":{"rendered":"\n<h2 class=\"wp-block-heading\">Chic Set Night: Chic, ein exquisites Geschenk<\/h2>\n\n<p><p>Auch als Geschenk verfehlt es seine Wirkung nicht.<\/p><\/p>\n\n<p><p>Keine Flasche kann\u00a0<a href=\"https:\/\/www.atelierduvin.com\/de\/produkt\/chic-monsieur-night\/\" target=\"_blank\" rel=\"noopener\" data-mce-href=\"https:\/\/www.atelierduvin.com\/de\/produkt\/chic-monsieur-night\/\"><strong>Chic Monsieur\u00ae Night<\/strong><\/a>\u00a0widerstehen. Dieser Korkenzieher mit Spindelsystem ist weltbekannt f\u00fcr seine attraktive Form, seine Benutzerfreundlichkeit und seine Eleganz.<\/p><\/p>\n\n<p><p>Die verf\u00fchrerische Ergonomie und der hohe technische Standard der\u00a0<a href=\"https:\/\/www.atelierduvin.com\/de\/produkt\/gardvin-on-off-schwarz\/\" target=\"_blank\" rel=\"noopener\" data-mce-href=\"https:\/\/www.atelierduvin.com\/de\/produkt\/gardvin-on-off-schwarz\/\"><strong>Gard\u2019Vin On\/Off<\/strong><\/a>, einer Vakuumpumpe, die die Seele angebrochener Flaschen bewahrt, haben dazu gef\u00fchrt, dass sie seit \u00fcber 20 Jahren eine absolute Referenz f\u00fcr Weinutensilien ist.<\/p><\/p>\n\n<p><p>Das f\u00fcr jeden Liebhaber unentbehrliche Chic Set Night erstrahlt in elegantem Schwarz, um sich in der K\u00fcche oder auf den sch\u00f6nsten Tischen einzuf\u00fcgen und ihnen einen dezenten Chic zu verleihen.<\/p><\/p>\n\n<p>Beschenkte werden ihre Freunde nicht verbergen k\u00f6nnen: Oh, Chic Set Night!<\/p>\n    <div class=\"separator mobile-hidden\" style=\"height:40px\"><\/div>\r\n    <div class=\"separator laptop-hidden\" style=\"height:20px\"><\/div>\r\n<div class=\"acc-head\">\r\n    <p>\r\n        Eigenschaften    <\/p>\r\n    <div class=\"acc-icon\">\r\n        <div class=\"ico-minus\"><\/div>\r\n        <div class=\"ico-plus\"><\/div>\r\n    <\/div>\r\n<\/div>\r\n<div class=\"acc-body\">\r\n    <div class=\"acc-content\">\r\n        <p>1 <a data-mce-href=\"\/?p=66453\" href=\"https:\/\/www.atelierduvin.com\/de\/produkt\/chic-monsieur-night\/\"><span style=\"text-decoration: underline;\" data-mce-style=\"text-decoration: underline;\"><strong>Chic Monsieur\u00ae Night<\/strong><\/span><\/a>+ 1 <a data-mce-href=\"\/?p=69060\" href=\"https:\/\/www.atelierduvin.com\/de\/produkt\/gardvin-on-off-schwarz\/\"><span style=\"text-decoration: underline;\" data-mce-style=\"text-decoration: underline;\"><strong>Gard\u2019Vin\u00ae ON\/OFF<\/strong><\/span><\/a> + 2 Bouchons ON\/OFF.<\/p>\n<p>Eingetragenes Modell.<\/p>\n    <\/div>\r\n<\/div>","protected":false},"excerpt":{"rendered":"<p>Ein Accessoire-Duo, das f\u00fcr das \u00d6ffnen und Aufbewahren von Weinen unerl\u00e4sslich ist, in einer \u00e4sthetisch ansprechenden Box.<\/p>\n","protected":false},"featured_media":306649,"template":"","meta":{"_acf_changed":false},"product_brand":[],"product_cat":[711,725,404,347],"product_tag":[],"class_list":{"0":"post-71536","1":"product","2":"type-product","3":"status-publish","4":"has-post-thumbnail","6":"product_cat-essentielle-weingeschenksets","7":"product_cat-geschenke-fur-ihn","8":"product_cat-weinaccessoire-kollektion","9":"product_cat-wein-zubehoer-set","10":"tm-no-options","12":"first","13":"instock","14":"taxable","15":"shipping-taxable","16":"purchasable","17":"product-type-simple"},"bundled_by":[],"bundle_stock_status":"instock","bundle_stock_quantity":1047,"bundle_virtual":false,"bundle_layout":"","bundle_add_to_cart_form_location":"","bundle_editable_in_cart":false,"bundle_sold_individually_context":"","bundle_item_grouping":"","bundle_min_size":"","bundle_max_size":"","bundle_price":[],"bundled_items":[],"bundle_sell_ids":[151018,151017,151004],"acf":[],"df_price":39.17,"df_sale_price":"","df_regular_price":39.17,"df_image_link":"https:\/\/www.atelierduvin.com\/wp-content\/uploads\/ChicSetNight_packshot-450x450.jpg","_links":{"self":[{"href":"https:\/\/www.atelierduvin.com\/de\/wp-json\/wp\/v2\/product\/71536","targetHints":{"allow":["GET"]}}],"collection":[{"href":"https:\/\/www.atelierduvin.com\/de\/wp-json\/wp\/v2\/product"}],"about":[{"href":"https:\/\/www.atelierduvin.com\/de\/wp-json\/wp\/v2\/types\/product"}],"wp:featuredmedia":[{"embeddable":true,"href":"https:\/\/www.atelierduvin.com\/de\/wp-json\/wp\/v2\/media\/306649"}],"wp:attachment":[{"href":"https:\/\/www.atelierduvin.com\/de\/wp-json\/wp\/v2\/media?parent=71536"}],"wp:term":[{"taxonomy":"product_brand","embeddable":true,"href":"https:\/\/www.atelierduvin.com\/de\/wp-json\/wp\/v2\/product_brand?post=71536"},{"taxonomy":"product_cat","embeddable":true,"href":"https:\/\/www.atelierduvin.com\/de\/wp-json\/wp\/v2\/product_cat?post=71536"},{"taxonomy":"product_tag","embeddable":true,"href":"https:\/\/www.atelierduvin.com\/de\/wp-json\/wp\/v2\/product_tag?post=71536"}],"curies":[{"name":"wp","href":"https:\/\/api.w.org\/{rel}","templated":true}]}}