{"id":71119,"date":"2022-03-26T06:31:03","date_gmt":"2022-03-26T05:31:03","guid":{"rendered":"https:\/\/www.refonte-adv.votre-projet.com\/?post_type=product&#038;p=71119"},"modified":"2026-05-11T12:01:35","modified_gmt":"2026-05-11T10:01:35","slug":"oeno-motion-gold-nomad","status":"publish","type":"product","link":"https:\/\/www.atelierduvin.com\/de\/produkt\/oeno-motion-gold-nomad\/","title":{"rendered":"Oeno Motion Gold &#8211; Nomad"},"content":{"rendered":"\n<p>Die Klasse des matten sanften schwarzen Au\u00dfenleders trifft auf die Klasse des glatten technischen schwarzen Innenleders, das vor Weinflecken sch\u00fctzt. Verantwortungsbewusstes hochwertiges Leder, das vollst\u00e4ndig in Italien gegerbt wurde. Die unverg\u00e4ngliche Klasse, die im Laufe der Zeit eine Patina entwickelt.<\/p>\n\n<p>Als Teil der Nomad Collection enth\u00e4lt das Etui Oeno Motion Gold \u2013 Nomad den bew\u00e4hrten Korkenzieher von L\u2018Atelier du Vin in einer bernsteingoldenen Version. Sein Griff aus besonders weichem schwarzem Naturleder verspricht beim \u00d6ffnen der Flaschen eine optimale Haptik. Der Spindelschutz aus Leder rundet den unvergleichlichen Stil des Oeno Motion Gold ab. Geeignet f\u00fcr unvergessliche und von Chic gepr\u00e4gte Abende, als Geschenk oder zum Selbstbehalten.<\/p>\n    <div class=\"separator mobile-hidden\" style=\"height:40px\"><\/div>\r\n    <div class=\"separator laptop-hidden\" style=\"height:20px\"><\/div>\r\n<div class=\"margin-wrapper slider-wrapper\">\r\n            <div class=\"gallery-text\">\r\n            <h2>Oeno Motion Gold Nomad, schick und reiselustig<\/h2>\r\n            <p>Ton-in-Ton-Schwarz ist ein Symbol f\u00fcr\u00a0<strong>zeitlose Eleganz<\/strong>. Der Chic des mattschwarzen sanften Au\u00dfenleders des Etuis, das das Wein-Accessoire im Inneren sch\u00fctzt, trifft auf die Eleganz des glatten technischen schwarzen Innenleders, das Weinflecken unterbindet. Die\u00a0<strong>nat\u00fcrlichen Leder<\/strong>\u00a0der Nomad Kollektion sind von authentischer und verantwortungsbewusster Qualit\u00e4t und werden in Italien vollst\u00e4ndig von Hand gegerbt. Unter der Haut dieses Wein-Accessoire-Sets l\u00e4sst das Br\u00fcllen des L\u00f6wen den Kork erzittern\u00a0\u2026 Ein\u00a0<strong>franz\u00f6sischer Korkenzieher<\/strong>, schick und reiselustig.<\/p>\r\n        <\/div>\r\n        <div class=\"gallery gallery-slider\"\r\n         style=\"aspect-ratio:1.3333333333333; margin-right: 40px;\">\r\n        <div class=\"gallery-row row slider\">\r\n                                <div class=\"slide-container\">\r\n                        <img decoding=\"async\" src=\"https:\/\/www.atelierduvin.com\/wp-content\/uploads\/ADV_Venise_77.jpg\" alt=\"\" loading=\"lazy\" >                    <\/div>\r\n                                    <div class=\"slide-container\">\r\n                        <img decoding=\"async\" src=\"https:\/\/www.atelierduvin.com\/wp-content\/uploads\/ADV_Venise_78.jpg\" alt=\"\" loading=\"lazy\" >                    <\/div>\r\n                                    <div class=\"slide-container\">\r\n                        <img decoding=\"async\" src=\"https:\/\/www.atelierduvin.com\/wp-content\/uploads\/ADV_Venise_75.jpg\" alt=\"\" loading=\"lazy\" >                    <\/div>\r\n                        <\/div>\r\n    <\/div>\r\n<\/div>    <div class=\"separator mobile-hidden\" style=\"height:40px\"><\/div>\r\n    <div class=\"separator laptop-hidden\" style=\"height:20px\"><\/div>\r\n\n<div class=\"wp-block-columns is-layout-flex wp-container-core-columns-is-layout-9d6595d7 wp-block-columns-is-layout-flex\">\n<div class=\"wp-block-column is-layout-flow wp-block-column-is-layout-flow\">\n<h3 class=\"wp-block-heading\">Der Hebelkorkenzieher mit bernsteingoldenem Finish, in einem Etui aus echtem Leder<\/h3>\n\n\n\n<p>Zeitloser Chic, der im Laufe der Zeit eine Patina ansetzt: Das Oeno Motion Gold Nomad Etui enth\u00e4lt den unverzichtbaren\u00a0<strong>Hebelkorkenzieher von L\u2018Atelier du Vin<\/strong>, hier in einer bernsteingolden get\u00f6nten Version. Der Griff des kr\u00e4ftigen Metallhebels wurde von Hand mit echtem, weichem schwarzem Leder \u00fcberzogen, das das \u00d6ffnen von Flaschen noch angenehmer macht.<\/p>\n\n\n\n<p>Ein besonders \u00e4sthetischer\u00a0<strong>Spindelschutz aus echtem Leder<\/strong>\u00a0rundet den unnachahmlichen Stil des Oeno Motion Gold ab: ein wundersch\u00f6ner raffinierter Hebelkorkenzieher, den man zu besonderen Anl\u00e4ssen und f\u00fcr gro\u00dfe Jahrg\u00e4nge hervorholt oder verschenkt, um den Genuss von Weinen mit anderen zu teilen.<\/p>\n<\/div>\n\n\n\n<div class=\"wp-block-column is-layout-flow wp-block-column-is-layout-flow\">\n<h3 class=\"wp-block-heading\">Ein exzellenter Korkenzieher, um das goldene Zeitalter der gro\u00dfen Weine zu feiern<\/h3>\n\n\n\n<p>Wenn ein gro\u00dfer Jahrgangswein endlich seinen H\u00f6hepunkt erreicht hat, sollte die Flasche mit dem richtigen rituellen Accessoire ge\u00f6ffnet werden.\u00a0<strong>Oeno Motion Gold<\/strong>\u00a0schl\u00fcpft aus seinem dunklen Lederetui und \u00fcberrascht den schlafenden Nektar wie ein die Nacht durchbrechender Sonnenstrahl. Der\u00a0<strong>Wein-<\/strong><strong>Korkenzieher<\/strong>\u00a0ist ergonomisch geformt und besticht durch eine angenehme Haptik. Er liegt unvergleichlich gut in der Hand und erlaubt es, den Korken mit Leichtigkeit nach oben zu ziehen, damit Sie eine lagerf\u00e4hige Flasche m\u00fchelos \u00f6ffnen k\u00f6nnen. Sobald sein Metallkiefer den Flaschenhals umschlie\u00dft, gen\u00fcgt eine Bet\u00e4tigung des Hebels, um den Korken zu entfernen. Verborgen in der Innenseite findet sich ein ganz besonderes Extra: ein genialer in den Kiefer\u00a0<strong>integrierter<\/strong>\u00a0<strong>Kapselschneider<\/strong>, der es Ihnen erm\u00f6glicht, die Kapsel durch einfaches Drehen der Flasche zu entfernen.<\/p>\n<\/div>\n<\/div>\n    <div class=\"separator mobile-hidden\" style=\"height:40px\"><\/div>\r\n    <div class=\"separator laptop-hidden\" style=\"height:20px\"><\/div>\r\n<div class=\"gallery\">\r\n            <div class=\"gallery-row row\">\r\n                                <div style=\"flex:1.5\">\r\n                        <img decoding=\"async\" src=\"https:\/\/www.atelierduvin.com\/wp-content\/uploads\/Oeno-Motion-Gold-Nomad-ambiance-paysage-1.jpg\" alt=\"\" loading=\"eager\" >                    <\/div>\r\n                        <\/div>\r\n    <\/div>\n<h3 class=\"wp-block-heading\">Ein unerm\u00fcdlicher \u00d6ffnungsmechanismus, um die Weinanbaugebiete dieser Welt zu erkunden<\/h3>\n\n<p>Sein unfehlbarer Mechanismus macht den\u00a0<strong>Oeno Motion Gold Nomad Hebelkorkenzieher<\/strong>\u00a0zu einem unabk\u00f6mmlichen Weinzubeh\u00f6r f\u00fcr Weinh\u00e4ndler, \u00d6nologen und Gastronomen, die auf der Suche nach einem rostfreien Accessoire sind, um eine gro\u00dfe Anzahl von Weinflaschen flecken- und tropffrei zu entkorken.<\/p>\n\n<p>Dieser au\u00dfergew\u00f6hnliche Flaschen\u00f6ffner ist ein besonders sch\u00f6nes\u00a0<a href=\"https:\/\/www.atelierduvin.com\/de\/von-der-weingeschenkidee-zur-kunst-des-schenkens\/\"><strong>Geschenk f\u00fcr Weinliebhaber<\/strong><\/a>, die Tischkultur pflegen, f\u00fcr \u00c4stheten, die sch\u00f6ne Dinge zu sch\u00e4tzen wissen, und kultivierte Nomaden, die ihn f\u00fcr Weinproben stets bei sich f\u00fchren, wohin auch immer die Reise geht.<\/p>\n","protected":false},"excerpt":{"rendered":"<p><strong>Im Oeno Motion Gold \u2013 Nomad steckt Klasse.<\/strong><\/p>\n<p>Die Klasse einer Farbe: Ton-in-Ton-Schwarz, ein Symbol f\u00fcr zeitlose Eleganz.<\/p>\n","protected":false},"featured_media":189702,"template":"","meta":{"_acf_changed":false},"product_brand":[],"product_cat":[402,752,797,372,400,404,709,407,347,348,395],"product_tag":[421],"class_list":{"0":"post-71119","1":"product","2":"type-product","3":"status-publish","4":"has-post-thumbnail","6":"product_cat-nomad-collection","7":"product_cat-geschenke-fur-sie","8":"product_cat-personalisierte-korkenzieher","9":"product_cat-hebelkorkenzieher","10":"product_cat-geschenke-fuer-profis","11":"product_cat-weinaccessoire-kollektion","12":"product_cat-lederetuis","13":"product_cat-personalisierung","14":"product_cat-wein-zubehoer-set","15":"product_cat-korkenzieher","16":"product_cat-alles-anzeigen","17":"product_tag-personalisierbar","18":"tm-has-options","20":"first","21":"instock","22":"taxable","23":"shipping-taxable","24":"purchasable","25":"product-type-variable","26":"has-default-attributes"},"bundled_by":[],"bundle_stock_status":"instock","bundle_stock_quantity":null,"bundle_virtual":false,"bundle_layout":"","bundle_add_to_cart_form_location":"","bundle_editable_in_cart":false,"bundle_sold_individually_context":"","bundle_item_grouping":"","bundle_min_size":"","bundle_max_size":"","bundle_price":[],"bundled_items":[],"bundle_sell_ids":[151018,151017,151004],"acf":[],"df_price":400,"df_sale_price":"","df_regular_price":400,"df_image_link":"https:\/\/www.atelierduvin.com\/wp-content\/uploads\/Oeno-Motion-Gold-Nomad-packshot-ouvert-34-450x450.jpg","_links":{"self":[{"href":"https:\/\/www.atelierduvin.com\/de\/wp-json\/wp\/v2\/product\/71119","targetHints":{"allow":["GET"]}}],"collection":[{"href":"https:\/\/www.atelierduvin.com\/de\/wp-json\/wp\/v2\/product"}],"about":[{"href":"https:\/\/www.atelierduvin.com\/de\/wp-json\/wp\/v2\/types\/product"}],"wp:featuredmedia":[{"embeddable":true,"href":"https:\/\/www.atelierduvin.com\/de\/wp-json\/wp\/v2\/media\/189702"}],"wp:attachment":[{"href":"https:\/\/www.atelierduvin.com\/de\/wp-json\/wp\/v2\/media?parent=71119"}],"wp:term":[{"taxonomy":"product_brand","embeddable":true,"href":"https:\/\/www.atelierduvin.com\/de\/wp-json\/wp\/v2\/product_brand?post=71119"},{"taxonomy":"product_cat","embeddable":true,"href":"https:\/\/www.atelierduvin.com\/de\/wp-json\/wp\/v2\/product_cat?post=71119"},{"taxonomy":"product_tag","embeddable":true,"href":"https:\/\/www.atelierduvin.com\/de\/wp-json\/wp\/v2\/product_tag?post=71119"}],"curies":[{"name":"wp","href":"https:\/\/api.w.org\/{rel}","templated":true}]}}