{"id":70469,"date":"2022-07-13T14:48:41","date_gmt":"2022-07-13T12:49:40","guid":{"rendered":"https:\/\/www.refonte-adv.votre-projet.com\/?post_type=product&#038;p=70469"},"modified":"2026-05-11T12:01:16","modified_gmt":"2026-05-11T10:01:16","slug":"easy-fresh-after-work","status":"publish","type":"product","link":"https:\/\/www.atelierduvin.com\/de\/produkt\/easy-fresh-after-work\/","title":{"rendered":"Easy Fresh After Work"},"content":{"rendered":"<div class=\"gallery\">\r\n            <div class=\"gallery-row row\">\r\n                                <div style=\"flex:1.7777777777778\">\r\n                        <img decoding=\"async\" src=\"https:\/\/www.atelierduvin.com\/wp-content\/uploads\/Easy-Fresh-After-Work-ambiance-portrait-largelist.png\" alt=\"\" loading=\"eager\" >                    <\/div>\r\n                        <\/div>\r\n    <\/div>\n\n\n<h1 class=\"wp-block-heading\">Easy Fresh After Work, der Wein-, Bier- und Getr\u00e4nkek\u00fchler zum Mitnehmen<\/h1>\n\n\n\n<p>Wenn es drau\u00dfen hei\u00df ist, gibt es nichts Besseres als ein k\u00fchles Bier oder ein Glas k\u00fchlen Wein! Mit dem&nbsp;<strong>Easy Fresh After Work<\/strong>&nbsp;k\u00f6nnen Sie Biere, kleine Flaschen Wein, Limonaden und Softdrinks \u00fcberallhin mitnehmen, da er die richtige Temperatur Ihrer Getr\u00e4nke f\u00fcr eine Verkostung im Freien gew\u00e4hrleistet. Mit seinem kompakten und ergonomischen Format ist dieser&nbsp;<strong>tragbare Wein- und Bierk\u00fchler<\/strong>&nbsp;das ideale Accessoire f\u00fcr ein Picknick zu zweit, einen sommerlichen Aperitif mit der Familie, eine improvisierte&nbsp;<strong>After-Work-Party<\/strong>&nbsp;mit Kollegen oder eine Bootsfahrt mit Freunden!<\/p>\n\n\n    <div class=\"separator mobile-hidden\" style=\"height:40px\"><\/div>\r\n    <div class=\"separator laptop-hidden\" style=\"height:20px\"><\/div>\r\n\n\n\n<h2 class=\"wp-block-heading\">Ein cleverer kleiner Eimer zum K\u00fchlen von Bier, Wein und Softdrinks<\/h2>\n\n\n\n<p>Lust, ein k\u00fchles Bier, ein Glas k\u00fchlen Wei\u00df- oder Ros\u00e9wein oder eine kalte Dose Limonade mit anderen zu trinken? Nach der Arbeit, am Wochenende auf einem Spaziergang, im Sommer im Urlaub: Happy Fresh Hour! Geben Sie Wasser und Eisw\u00fcrfel in den&nbsp;<strong>kleinen tragbaren K\u00fchleimer Easy Fresh After Work<\/strong>&nbsp;und schon kann es losgehen! Sein wasserdichter isothermischer Beh\u00e4lter kann 4 Bierflaschen oder 1 bis 2 kleine Weinflaschen aufnehmen und mehrere Stunden lang k\u00fchlen. Vergessen Sie nicht Ihren Korkenzieher mit integriertem Flaschen\u00f6ffner \u2026<\/p>\n\n\n    <div class=\"separator mobile-hidden\" style=\"height:40px\"><\/div>\r\n    <div class=\"separator laptop-hidden\" style=\"height:20px\"><\/div>\r\n\n\n\n<h2 class=\"wp-block-heading\">Der K\u00fchlkorb f\u00fcr Wein, Bier und Softdrinks, ein Must-have f\u00fcr diesen Sommer!<\/h2>\n\n\n\n<p>Auf einem Tisch, einer Terrasse, im Gras oder am Rande des Swimmingpools gibt dieser kleine&nbsp;<strong>Getr\u00e4nkek\u00fchler<\/strong>&nbsp;in Sunset-Gelb den Takt f\u00fcr einen entspannten Tag oder Abend mit Freunden bei sommerlicher Frische und guter Laune an! Die Party geht woanders weiter? Sie m\u00fcssen Bier, Softdrinks und Wein k\u00fchl halten? Greifen Sie nach dem Griff aus weichem strapazierf\u00e4higem Stoff, um&nbsp;<strong>Ihre gek\u00fchlten Getr\u00e4nke sicher \u00fcberallhin mitzunehmen<\/strong>. Genie\u00dfen Sie sie, wo und wann Sie wollen.<\/p>\n\n\n    <div class=\"separator mobile-hidden\" style=\"height:40px\"><\/div>\r\n    <div class=\"separator laptop-hidden\" style=\"height:20px\"><\/div>\r\n\n\n\n<h2 class=\"wp-block-heading\">Eine erfrischende personalisierbare Geschenkidee<\/h2>\n\n\n\n<p>Suchen Sie eine Geschenkidee f\u00fcr Liebhaber von Weinreben und Hopfen? Dieser kleine&nbsp;<strong>Korb zum K\u00fchlen von Wein, Bier und Softdrinks<\/strong>&nbsp;wird diesen Sommer alle Genie\u00dfer gl\u00fccklich machen! Je nach den Vorlieben der Person, an die Sie denken, entscheiden Sie sich vielleicht f\u00fcr ein anderes Modell aus&nbsp;<strong>unserem Sortiment an<\/strong>&nbsp;Weink\u00fchlern, zum Beispiel einen Weink\u00fchler f\u00fcr gro\u00dfe Flaschen oder Champagner und Perlwein.<\/p>\n\n\n\n<p>Auf Wunsch stellt L\u2018Atelier du Vin&nbsp;<strong>Ihre Bestellung in einer eleganten Geschenkverpackung<\/strong> zu, der Sie eine pers\u00f6nliche Botschaft oder eine kleine Aufmerksamkeit Ihrer Wahl hinzuf\u00fcgen k\u00f6nnen.<\/p>\n\n\n    <div class=\"separator mobile-hidden\" style=\"height:40px\"><\/div>\r\n    <div class=\"separator laptop-hidden\" style=\"height:20px\"><\/div>\r\n\n\n<div class=\"acc-head\">\r\n    <p>\r\n        Eigenschaften    <\/p>\r\n    <div class=\"acc-icon\">\r\n        <div class=\"ico-minus\"><\/div>\r\n        <div class=\"ico-plus\"><\/div>\r\n    <\/div>\r\n<\/div>\r\n<div class=\"acc-body\">\r\n    <div class=\"acc-content\">\r\n        <p>Etwas Wasser und Eisw\u00fcrfel in den eimerf\u00f6rmigen Beh\u00e4lter und schon kann es losgehen.<br \/>\nSein Griff aus strapazierf\u00e4higem gelbem Stoff, der Sicherheit und Eleganz verspricht, greift dezent die Farbnuancen von Bier und Sonnenunterg\u00e4ngen auf.<\/p>\n    <\/div>\r\n<\/div>","protected":false},"excerpt":{"rendered":"<p>Happy Fresh Hour! Mit dem Easy Fresh After Work k\u00f6nnen Sie ein gutes Bier oder eine halbe Flasche Wein zu einem Picknick, einer improvisierten After-Work-Party oder einer Bootsfahrt mit Freunden mitnehmen.<\/p>\n","protected":false},"featured_media":187112,"template":"","meta":{"_acf_changed":false},"product_brand":[],"product_cat":[721,404,398,395,356],"product_tag":[],"class_list":{"0":"post-70469","1":"product","2":"type-product","3":"status-publish","4":"has-post-thumbnail","6":"product_cat-bierservice","7":"product_cat-weinaccessoire-kollektion","8":"product_cat-geschenke-fuer-ihn","9":"product_cat-alles-anzeigen","10":"product_cat-accessoires-zum-servieren","11":"tm-no-options","13":"first","14":"instock","15":"taxable","16":"shipping-taxable","17":"purchasable","18":"product-type-simple"},"bundled_by":[],"bundle_stock_status":"instock","bundle_stock_quantity":609,"bundle_virtual":false,"bundle_layout":"","bundle_add_to_cart_form_location":"","bundle_editable_in_cart":false,"bundle_sold_individually_context":"","bundle_item_grouping":"","bundle_min_size":"","bundle_max_size":"","bundle_price":[],"bundled_items":[],"bundle_sell_ids":[],"acf":[],"df_price":13.33,"df_sale_price":"","df_regular_price":13.33,"df_image_link":"https:\/\/www.atelierduvin.com\/wp-content\/uploads\/Easy-Fresh-After-Work-packshot_HD-450x450.jpg","_links":{"self":[{"href":"https:\/\/www.atelierduvin.com\/de\/wp-json\/wp\/v2\/product\/70469","targetHints":{"allow":["GET"]}}],"collection":[{"href":"https:\/\/www.atelierduvin.com\/de\/wp-json\/wp\/v2\/product"}],"about":[{"href":"https:\/\/www.atelierduvin.com\/de\/wp-json\/wp\/v2\/types\/product"}],"wp:featuredmedia":[{"embeddable":true,"href":"https:\/\/www.atelierduvin.com\/de\/wp-json\/wp\/v2\/media\/187112"}],"wp:attachment":[{"href":"https:\/\/www.atelierduvin.com\/de\/wp-json\/wp\/v2\/media?parent=70469"}],"wp:term":[{"taxonomy":"product_brand","embeddable":true,"href":"https:\/\/www.atelierduvin.com\/de\/wp-json\/wp\/v2\/product_brand?post=70469"},{"taxonomy":"product_cat","embeddable":true,"href":"https:\/\/www.atelierduvin.com\/de\/wp-json\/wp\/v2\/product_cat?post=70469"},{"taxonomy":"product_tag","embeddable":true,"href":"https:\/\/www.atelierduvin.com\/de\/wp-json\/wp\/v2\/product_tag?post=70469"}],"curies":[{"name":"wp","href":"https:\/\/api.w.org\/{rel}","templated":true}]}}