{"id":70331,"date":"2022-06-29T16:35:04","date_gmt":"2022-06-29T14:35:04","guid":{"rendered":"https:\/\/www.refonte-adv.votre-projet.com\/?post_type=product&#038;p=70331"},"modified":"2026-05-11T12:01:16","modified_gmt":"2026-05-11T10:01:16","slug":"les-bons-amis","status":"publish","type":"product","link":"https:\/\/www.atelierduvin.com\/de\/produkt\/les-bons-amis\/","title":{"rendered":"Les Bons Amis"},"content":{"rendered":"\n<p>Auch wenn sich der Zwei-Klingen-Korkenzieher Bilame aus Rohzamak in rotes Ginger-Leder h\u00fcllt, bewahrt er mit seiner sichtbaren Schwei\u00dfnaht sein nat\u00fcrliches Wesen. Der Bilame Les Bons Amis ist mit einem Lederband versehen, sodass er um den Hals oder am Handgelenk getragen werden kann, z. B. zu einem spontanen Picknick oder einer Feier mit guten Freunden.<\/p>\n\n<p>Der Hebelkorkenzieher mit mattschwarzen Nieten, ein weiteres emblematisches Accessoire von L\u2018Atelier du Vin, wird mit einem blauen Cobalto-Leder aufgepeppt, das sowohl \u00c4stheten als auch Wagemutige begeistern wird.<\/p>\n\n<p>Les Bons Amis sind ein Paar, das das N\u00fctzliche mit dem Angenehmen verbindet: der Bilame f\u00fcr \u00e4ltere Flaschen, der Hebelkorkenzieher f\u00fcr alle anderen.<\/p>\n\n<p>Eine tolle Geschenkidee. In einem hochwertigen Karton, der an das rohe Material der beiden Korkenzieher erinnert, werden Les Bons Amis all jenen Freude bereiten, die franz\u00f6sische Lebensart und Weine zu sch\u00e4tzen wissen. Nicht umsonst haben wir sie Les Bons Amis, gute Freunde, genannt.<\/p>\n<div class=\"simple-citation\">\r\n    <img decoding=\"async\" src=\"\/wp-content\/themes\/atelier-du-vin\/ressources\/img\/icon\/quote.svg\" alt=\"quote\" width=\"50px\">\r\n    <p class=\"h2\">Meine Idee war es, rohes und edles Material miteinander zu verbinden.<\/p>\r\n    <span class=\"citation-from\">\r\n        \u2013 Margherita, Lederdesignerin f\u00fcr L\u2018Atelier du Vin.    <\/span>\r\n<\/div>    <div class=\"separator mobile-hidden\" style=\"height:40px\"><\/div>\r\n    <div class=\"separator laptop-hidden\" style=\"height:20px\"><\/div>\r\n\n<h2 class=\"wp-block-heading\">Les Bons Amis, das trendige und legend\u00e4re Korkenzieher-Duo<\/h2>\n\n<p>Wenn sich die Magie der zwei Klingen mit der Geselligkeit des Fl\u00fcgelkorkenziehers verbindet, treffen sich gute Freunde, um den Genuss an der Verkostung guter Weine zu teilen. Diese\u00a0<strong>beiden emblematischen Korkenzieher von L\u2018Atelier du Vin<\/strong>\u00a0erg\u00e4nzen sich durch ihre \u00d6ffnungsmechanismen hervorragend und lassen sich dank ihrer ma\u00dfgeschneiderten trendigen Etuis aus echtem Leder in Ginger-Rot und Cobalto-Blau leicht \u00fcberallhin mitnehmen. Les Bons Amis ist eine tolle Geschenkidee, der Treffpunkt f\u00fcr Weinliebhaber und Genussmenschen!<\/p>\n    <div class=\"separator mobile-hidden\" style=\"height:40px\"><\/div>\r\n    <div class=\"separator laptop-hidden\" style=\"height:20px\"><\/div>\r\n\n<h2 class=\"wp-block-heading\">Franz\u00f6sische Tradition oder die Kunst, Wein zu genie\u00dfen<\/h2>\n\n<p><strong>Les Bons Amis<\/strong>\u00a0ist die Geschichte zweier symboltr\u00e4chtiger Korkenzieher von L\u2018Atelier du Vin, zweier unzertrennlicher Partner, die eine gemeinsame Leidenschaft verbindet: die Sch\u00e4tze der Weinberge und Winzer jedes Jahr aufs Neue zu entdecken.<\/p>\n\n<p>Ein Picknick mit Freunden, eine Weinprobe im Keller des Weinguts, das \u00d6ffnen gro\u00dfer Jahrgangsweine, ein Familienessen, eine Weinreise: Der geniale\u00a0<strong>Bilame<\/strong>\u00a0und der beliebte\u00a0<strong>Flaschen\u00f6ffner mit Doppelhebel<\/strong>\u00a0erg\u00e4nzen sich perfekt, um keine Gelegenheit zu verpassen, die moderne Kunst des Weingenusses zu kultivieren.<\/p>\n    <div class=\"separator mobile-hidden\" style=\"height:40px\"><\/div>\r\n    <div class=\"separator laptop-hidden\" style=\"height:20px\"><\/div>\r\n\n<h2 class=\"wp-block-heading\">Bilame und Korkenzieher mit Doppelhebel: ein Bilderbuchpaar!<\/h2>\n\n<p>Les Bons Amis sind immer bereit, wenn die Zeit f\u00fcr einen guten Wein gekommen ist, und verstehen es, das N\u00fctzliche mit dem Angenehmen zu verbinden. Dank ihrer\u00a0<strong>2 \u00d6ffnungsmechanismen<\/strong>, die sich hervorragend erg\u00e4nzen, hilft Ihnen dieses intime Duo, jede Flasche in jeder Lage problemlos zu \u00f6ffnen. Kein Korken entkommt ihnen!<\/p>\n    <div class=\"separator mobile-hidden\" style=\"height:40px\"><\/div>\r\n    <div class=\"separator laptop-hidden\" style=\"height:20px\"><\/div>\r\n\n<div class=\"wp-block-columns is-layout-flex wp-container-core-columns-is-layout-9d6595d7 wp-block-columns-is-layout-flex\">\n<div class=\"wp-block-column is-layout-flow wp-block-column-is-layout-flow\">\n<h3 class=\"wp-block-heading\">Bilame, die Geheimwaffe der Sommeliers und Weinh\u00e4ndler<\/h3>\n\n\n\n<p>Der\u00a0<strong>Bilame<\/strong>\u00a0ist in der Lage, selbst empfindliche Korken herauszuziehen, ohne sie zu durchstechen. Er vollbringt wahre Wunder, um alte Flaschen und wertvolle Lagerflaschen zu \u00f6ffnen, bevor er sie diskret wieder verschlie\u00dft. Nur wer ihn bereits kennt und mit dem \u00f6nologischen Ritual vertraut ist, kann sich seiner bedienen. Staunende Blicke von Neulingen sind ihm garantiert.<\/p>\n\n\n    <div class=\"separator mobile-hidden\" style=\"height:40px\"><\/div>\r\n    <div class=\"separator laptop-hidden\" style=\"height:20px\"><\/div>\r\n\n\n\n<h3 class=\"wp-block-heading\">Korkenzieher mit Doppelhebel, die Ikone der Popkultur<\/h3>\n\n\n\n<p>Der\u00a0<strong>Hebelkorkenzieher<\/strong> ist eine Ikone der Popkultur, ein Weinaccessoire, das auf keiner gro\u00dfen Familientafel fehlen darf. Er begleitet allt\u00e4gliche Verkostungen, um die sch\u00f6nen geselligen Momente rund um gute Rot-, Wei\u00df- und Ros\u00e9weine der Saison mit anderen zu teilen. Sein Flaschen\u00f6ffner verz\u00fcckt auch Liebhaber lokal gebrauter Biere. Er ist einfach und sicher zu bedienen und dadurch f\u00fcr jeden zug\u00e4nglich.<\/p>\n<\/div>\n\n\n\n<div class=\"wp-block-column is-vertically-aligned-center is-layout-flow wp-block-column-is-layout-flow\"><div class=\"wp-block-image\">\n<figure class=\"aligncenter size-large is-resized\"><img loading=\"lazy\" decoding=\"async\" width=\"1024\" height=\"1024\" src=\"https:\/\/www.atelierduvin.com\/wp-content\/uploads\/Les-Bons-Amis-packshot-sur-bouteille-1024x1024.jpg\" alt=\"Tire-bouchon &#xE0; double levier et tire-bouchon bilame\" class=\"wp-image-189789\" style=\"width:434px;height:auto\" srcset=\"https:\/\/www.atelierduvin.com\/wp-content\/uploads\/Les-Bons-Amis-packshot-sur-bouteille-1024x1024.jpg 1024w, https:\/\/www.atelierduvin.com\/wp-content\/uploads\/Les-Bons-Amis-packshot-sur-bouteille-450x450.jpg 450w, https:\/\/www.atelierduvin.com\/wp-content\/uploads\/Les-Bons-Amis-packshot-sur-bouteille-150x150.jpg 150w, https:\/\/www.atelierduvin.com\/wp-content\/uploads\/Les-Bons-Amis-packshot-sur-bouteille-96x96.jpg 96w, https:\/\/www.atelierduvin.com\/wp-content\/uploads\/Les-Bons-Amis-packshot-sur-bouteille-42x42.jpg 42w, https:\/\/www.atelierduvin.com\/wp-content\/uploads\/Les-Bons-Amis-packshot-sur-bouteille-60x60.jpg 60w, https:\/\/www.atelierduvin.com\/wp-content\/uploads\/Les-Bons-Amis-packshot-sur-bouteille-1536x1536.jpg 1536w, https:\/\/www.atelierduvin.com\/wp-content\/uploads\/Les-Bons-Amis-packshot-sur-bouteille-1320x1320.jpg 1320w, https:\/\/www.atelierduvin.com\/wp-content\/uploads\/Les-Bons-Amis-packshot-sur-bouteille-300x300.jpg 300w, https:\/\/www.atelierduvin.com\/wp-content\/uploads\/Les-Bons-Amis-packshot-sur-bouteille-100x100.jpg 100w, https:\/\/www.atelierduvin.com\/wp-content\/uploads\/Les-Bons-Amis-packshot-sur-bouteille-64x64.jpg 64w, https:\/\/www.atelierduvin.com\/wp-content\/uploads\/Les-Bons-Amis-packshot-sur-bouteille.jpg 2000w\" sizes=\"auto, (max-width: 1024px) 100vw, 1024px\" \/><\/figure>\n<\/div><\/div>\n<\/div>\n    <div class=\"separator mobile-hidden\" style=\"height:40px\"><\/div>\r\n    <div class=\"separator laptop-hidden\" style=\"height:20px\"><\/div>\r\n\n<h2 class=\"wp-block-heading\">2 Etuis aus echtem Leder mit trendigem Design<\/h2>\n\n<p>Um diesen beiden historischen Korkenziehern Farbe und Pep zu verleihen, hat Margherita, Designerin f\u00fcr L\u2018Atelier du Vin, sie mit\u00a0<strong>echtem Leder<\/strong>\u00a0in Rot und Blau neu konzipiert: eine gelungene Kombination aus edlen Materialien und lebhaften Farben f\u00fcr ein entschieden trendiges und modernes Ergebnis!<\/p>\n    <div class=\"separator mobile-hidden\" style=\"height:40px\"><\/div>\r\n    <div class=\"separator laptop-hidden\" style=\"height:20px\"><\/div>\r\n\n<h2 class=\"wp-block-heading\">Ginger-Rot und Cobalto-Blau, eine dynamische Kombination<\/h2>\n\n<p>Auch wenn sich der Korkenzieher Bilame aus Rohzamak in einem\u00a0<strong>Etui aus Leder in Ginger-Rot<\/strong>\u00a0h\u00fcllt, bewahrt er sich mit seiner sichtbaren Naht ein nat\u00fcrliches Wesen. Der Les Bons Amis-Bilame ist mit einem Band aus echtem Leder versehen, sodass er um den Hals oder am Handgelenk getragen werden kann, z. B. zu einem spontanen Picknick, einer Feier mit guten Freunden oder anderen geselligen Anl\u00e4ssen.<\/p>\n\n<p>Der Korkenzieher mit Doppelhebel, ein unverzichtbares Accessoire von L\u2018Atelier du Vin, wird mit seinem\u00a0<strong>G\u00fcrtel aus blauem Cobalto-Leder<\/strong>\u00a0sowohl \u00c4stheten als auch Wagemutige verz\u00fccken. Mit seinen mattschwarz lackierten Nieten ist der ber\u00fchmte Hebel-Flaschen\u00f6ffner in dem Moment, in dem sich seine beiden Arme gen Himmel erheben, ein wahrer Vorbote einer feinen Degustation.<\/p>\n    <div class=\"separator mobile-hidden\" style=\"height:40px\"><\/div>\r\n    <div class=\"separator laptop-hidden\" style=\"height:20px\"><\/div>\r\n<div class=\"simple-citation\">\r\n    <img decoding=\"async\" src=\"\/wp-content\/themes\/atelier-du-vin\/ressources\/img\/icon\/quote.svg\" alt=\"quote\" width=\"50px\">\r\n    <p class=\"h2\">Auch wollte ich die enge Verbundenheit und Komplementarit\u00e4t. Daf\u00fcr spielte ich ein bisschen mit den Farben: Rot und blauer Saum f\u00fcr den einen, Blau und roter Saum f\u00fcr den anderen.<\/p>\r\n    <span class=\"citation-from\">\r\n        \u2013 Margherita, Lederdesignerin f\u00fcr L\u2018Atelier du Vin.    <\/span>\r\n<\/div>    <div class=\"separator mobile-hidden\" style=\"height:40px\"><\/div>\r\n    <div class=\"separator laptop-hidden\" style=\"height:20px\"><\/div>\r\n\n<h2 class=\"wp-block-heading\">Die richtige Geschenkidee f\u00fcr Weinliebhaber<\/h2>\n\n<p>Les Bons Amis ist\u00a0<strong>die richtige Geschenkidee<\/strong>\u00a0f\u00fcr Feste, Geburtstage und andere wichtige Daten, die in guter Gesellschaft gefeiert werden sollen.<\/p>\n\n<p>Dieses\u00a0<strong>emblematische Duo von L\u2018Atelier du Vin<\/strong>\u00a0wird sorgf\u00e4ltig in einem hochwertigen Karton verpackt, eine Anspielung auf das Rohmaterial der beiden Korkenzieher. Es wird Ihren Lieben, Ihrer Familie, Ihren Freunden und den Freunden Ihrer Freunde, die die franz\u00f6sische Art des Weingenusses zu sch\u00e4tzen wissen, viel Freude bereiten!<\/p>\n","protected":false},"excerpt":{"rendered":"<p><strong>Ein unzertrennliches Paar.<\/strong>Ein Sinnbild f\u00fcr franz\u00f6sische Tradition in einer \u00e4u\u00dferst trendigen Version. Margherita, Designerin f\u00fcr L&#8217;Atelier du Vin, interpretiert die beiden legend\u00e4ren Korkenzieher neu und h\u00fcllt sie in rotes und blaues Leder.<\/p>\n","protected":false},"featured_media":189518,"template":"","meta":{"_acf_changed":false},"product_brand":[],"product_cat":[709,730,744,404,347,398,399,395,358],"product_tag":[],"class_list":{"0":"post-70331","1":"product","2":"type-product","3":"status-publish","4":"has-post-thumbnail","6":"product_cat-lederetuis","7":"product_cat-vatertag-geschenkideen","8":"product_cat-unter-200-euro","9":"product_cat-weinaccessoire-kollektion","10":"product_cat-wein-zubehoer-set","11":"product_cat-geschenke-fuer-ihn","12":"product_cat-geschenke-fuer-weinliebhaber","13":"product_cat-alles-anzeigen","14":"product_cat-spezielle-angebote","15":"tm-no-options","17":"first","18":"instock","19":"sale","20":"taxable","21":"shipping-taxable","22":"purchasable","23":"product-type-simple"},"bundled_by":[],"bundle_stock_status":"instock","bundle_stock_quantity":16,"bundle_virtual":false,"bundle_layout":"","bundle_add_to_cart_form_location":"","bundle_editable_in_cart":false,"bundle_sold_individually_context":"","bundle_item_grouping":"","bundle_min_size":"","bundle_max_size":"","bundle_price":[],"bundled_items":[],"bundle_sell_ids":[151018,151017,151004],"acf":[],"df_price":112.5,"df_sale_price":112.5,"df_regular_price":127.5,"df_image_link":"https:\/\/www.atelierduvin.com\/wp-content\/uploads\/Les-Bons-Amis-produit-packshot-2-450x450.jpg","_links":{"self":[{"href":"https:\/\/www.atelierduvin.com\/de\/wp-json\/wp\/v2\/product\/70331","targetHints":{"allow":["GET"]}}],"collection":[{"href":"https:\/\/www.atelierduvin.com\/de\/wp-json\/wp\/v2\/product"}],"about":[{"href":"https:\/\/www.atelierduvin.com\/de\/wp-json\/wp\/v2\/types\/product"}],"wp:featuredmedia":[{"embeddable":true,"href":"https:\/\/www.atelierduvin.com\/de\/wp-json\/wp\/v2\/media\/189518"}],"wp:attachment":[{"href":"https:\/\/www.atelierduvin.com\/de\/wp-json\/wp\/v2\/media?parent=70331"}],"wp:term":[{"taxonomy":"product_brand","embeddable":true,"href":"https:\/\/www.atelierduvin.com\/de\/wp-json\/wp\/v2\/product_brand?post=70331"},{"taxonomy":"product_cat","embeddable":true,"href":"https:\/\/www.atelierduvin.com\/de\/wp-json\/wp\/v2\/product_cat?post=70331"},{"taxonomy":"product_tag","embeddable":true,"href":"https:\/\/www.atelierduvin.com\/de\/wp-json\/wp\/v2\/product_tag?post=70331"}],"curies":[{"name":"wp","href":"https:\/\/api.w.org\/{rel}","templated":true}]}}