{"id":70298,"date":"2022-06-29T14:59:13","date_gmt":"2022-06-29T12:59:13","guid":{"rendered":"https:\/\/www.refonte-adv.votre-projet.com\/product\/les-bijoux\/"},"modified":"2026-05-11T12:01:15","modified_gmt":"2026-05-11T10:01:15","slug":"les-bijoux","status":"publish","type":"product","link":"https:\/\/www.atelierduvin.com\/de\/produkt\/les-bijoux\/","title":{"rendered":"Les Bijoux"},"content":{"rendered":"\n<p>Hochwertiger Schmuck, raffinierte Formen und ein ideales Gewicht: drei erlesene Verschl\u00fcsse, die eine angenehme und unkomplizierte Handhabung versprechen; drei Ringe aus Memory-Metall mit diskret Weintropfen aufnehmendem Filz, die direkt auf den Flaschenhals geklippt werden.<\/p>\n\n\n\n<p>Die Gesten sind flie\u00dfend, sicher und anmutig.<\/p>\n\n\n\n<p>Die sechs Schmuckst\u00fccke werden in einem Etui aus nachhaltigem doppeltem Kalbsleder aufbewahrt, das in Italien gegerbt wurde. W\u00e4hrend das Au\u00dfenleder der Tasche weich und sinnlich ist, sch\u00fctzt das technische Innenleder vor Weinflecken.<\/p>\n\n\n\n<p>In einem handgen\u00e4hten Geheimfach k\u00f6nnen Weinliebhaber Visitenkarten, Weinetiketten oder kleine Dankesworte verstauen.<\/p>\n\n\n    <div class=\"separator mobile-hidden\" style=\"height:40px\"><\/div>\r\n    <div class=\"separator laptop-hidden\" style=\"height:20px\"><\/div>\r\n\n\n<div class=\"simple-citation\">\r\n    <img decoding=\"async\" src=\"\/wp-content\/themes\/atelier-du-vin\/ressources\/img\/icon\/quote.svg\" alt=\"quote\" width=\"50px\">\r\n    <p class=\"h2\">F\u00fcr Les Bijoux habe ich mir ein minimalistisches, \u00e4u\u00dferlich eher schlichtes Etui ausgedacht, in dem die wertvollen Accessoires aufbewahrt werden k\u00f6nnen.<\/p>\r\n    <span class=\"citation-from\">\r\n        \u2013 Margherita, Lederdesignerin f\u00fcr L\u2018Atelier du Vin.    <\/span>\r\n<\/div>\n\n\n<h2 class=\"wp-block-heading\">Les Bijoux, kostbare Schmuckst\u00fccke f\u00fcr sch\u00f6ne Flaschen<\/h2>\n\n\n\n<p><strong>Les Bijoux von L\u2019Atelier du Vin<\/strong>&nbsp;verleihen an der Spitze der Flasche dem Weinritual einen Hauch von Raffinesse. Unter dem Glanz dieser feinen Kreation wird die Verkostung zu einem ganz besonderen Moment. Die Gesten des Sommeliers sind flie\u00dfend, sicher und anmutig.<\/p>\n\n\n\n<p>In dem Etui aus echtem Leder finden sich&nbsp;<strong>6 prestigetr\u00e4chtige Wein-Accessoires<\/strong>, die Ihnen das Servieren erleichtern und den Genuss verl\u00e4ngern. In matter Ausf\u00fchrung in Rosa, Silber und Gold machen diese ebenso n\u00fctzlichen wie eleganten&nbsp;<strong>3 Verschl\u00fcsse und 3 Tropfringe<\/strong>&nbsp;Ihren sch\u00f6nsten Weinflaschen alle Ehre.<\/p>\n\n\n\n<p>Dieses Set mit&nbsp;<strong>luxuri\u00f6sen Wein-Accessoires<\/strong>&nbsp;bietet Ihnen 3 wundersch\u00f6ne Nuancen und ein zeitloses Design, die allen Weinfarben, Flaschenformen und Etikettenstilen gerecht werden \u2013 von den gro\u00dfen Jahrgangsweinen historischer Weing\u00fcter bis hin zu den vielversprechenden jungen Jahrg\u00e4ngen aufstrebender Winzer.<\/p>\n\n\n    <div class=\"separator mobile-hidden\" style=\"height:40px\"><\/div>\r\n    <div class=\"separator laptop-hidden\" style=\"height:20px\"><\/div>\r\n\n\n\n<h3 class=\"wp-block-heading\">3 Tropfringe von seltener Eleganz<\/h3>\n\n\n\n<p>Die von den ma\u00dfgeschneiderten Kreationen begnadeter Juweliere inspirierten drei&nbsp;<strong>Tropfschutzringe<\/strong> aus Metall mit Formged\u00e4chtnis in den Farben Rosa, Silber oder Gold dienen dazu, den Hals der Weinflaschen hervorzuheben. Aber das ist nicht alles.&nbsp;Sie werden auf den Flaschenhals geklippt, wo sie dank eines saugf\u00e4higen Filzes auf der Innenseite Weintropfen diskret aufnehmen, um eine&nbsp;<strong>perfekte, tropffreie Degustation&nbsp;<\/strong>zu gew\u00e4hrleisten.<\/p>\n\n\n    <div class=\"separator mobile-hidden\" style=\"height:40px\"><\/div>\r\n    <div class=\"separator laptop-hidden\" style=\"height:20px\"><\/div>\r\n\n\n\n<h3 class=\"wp-block-heading\">3 Verschl\u00fcsse, die jede Verkostung aufwerten<\/h3>\n\n\n\n<p>Anstelle des Korkens kr\u00f6nt jeder&nbsp;<strong>Verschluss<\/strong>&nbsp;seine Glasflasche wie ein Diadem. Dank ihrer raffinierten und ergonomischen Silhouette gestaltet sich die Handhabung dieser drei&nbsp;<strong>edlen Verschl\u00fcsse<\/strong>&nbsp;mit Daumen und Zeigefinger besonders einfach und unkompliziert. Mit ihrer Benutzerfreundlichkeit laden sie Sie dazu ein, den Genuss einer offenen Weinflasche zu verl\u00e4ngern. Nie war es so einfach, sie effizient zu verschlie\u00dfen und wieder zu \u00f6ffnen.<\/p>\n\n\n\n<p>Insbesondere ihre Legierung verleiht ihnen ein&nbsp;<strong>ideales Gewicht<\/strong>, das beim Schlie\u00dfen und Wieder\u00f6ffnen Hochwertigkeit, Qualit\u00e4t und Sicherheit verspricht. Dank ihres Rings aus nahrungsmittelgerechtem Silikon passen Ihre Verschl\u00fcsse auf jeden Halsdurchmesser, wo sie einen&nbsp;<strong>luftdichten Verschluss&nbsp;<\/strong>gew\u00e4hrleisten. Der Nektar des Bacchus wird geb\u00fchrend gew\u00fcrdigt und bis zum letzten Tropfen bewahrt.<\/p>\n\n\n    <div class=\"separator mobile-hidden\" style=\"height:40px\"><\/div>\r\n    <div class=\"separator laptop-hidden\" style=\"height:20px\"><\/div>\r\n\n\n\n<h3 class=\"wp-block-heading\">Ein Etui aus echtem nachhaltigem Leder, handgegerbt in Italien<\/h3>\n\n\n\n<p>Diese sechs&nbsp;<strong>Wein-Schmuckst\u00fccke<\/strong>&nbsp;werden in einem Etui aus doppeltem Kalbsleder pr\u00e4sentiert, einem&nbsp;<strong>verantwortungsbewusst hergestellten Leder, das in Italien gegerbt<\/strong>&nbsp;<strong>wird<\/strong>. Jedes Leder-Set ist ein Einzelst\u00fcck, das von den von unserem Designstudio ausgew\u00e4hlten Handwerkern gem\u00e4\u00df den hohen Anspr\u00fcchen einer gro\u00dfen Maison von Hand gefertigt wird.<\/p>\n\n\n\n<p>W\u00e4hrend das Au\u00dfenleder der Tasche weich und sinnlich ist, sch\u00fctzt das technische glatte Innenleder vor Weinflecken. In einem&nbsp;<strong>handgen\u00e4hten Geheimfach<\/strong> k\u00f6nnen Weinliebhaber zudem Visitenkarten, Weinetiketten oder kleine Dankesworte verstauen.<\/p>\n","protected":false},"excerpt":{"rendered":"<p>Kostbare Schmuckst\u00fccke f\u00fcr sch\u00f6ne Flaschen. Mattes Rosa, mattes Silber und mattes Gold \u2013 das Etui Les Bijoux enth\u00e4lt sechs praktische elegante Accessoires.<\/p>\n","protected":false},"featured_media":189487,"template":"","meta":{"_acf_changed":false},"product_brand":[],"product_cat":[709,752,381,404,352,401,347,397,351,395,356,358],"product_tag":[],"class_list":{"0":"post-70298","1":"product","2":"type-product","3":"status-publish","4":"has-post-thumbnail","6":"product_cat-lederetuis","7":"product_cat-geschenke-fur-sie","8":"product_cat-weinverschlusse","9":"product_cat-weinaccessoire-kollektion","10":"product_cat-weinservice","11":"product_cat-luxurioese-geschenke","12":"product_cat-wein-zubehoer-set","13":"product_cat-geschenke-fuer-sie","14":"product_cat-flaschenverschlusse_und_aufbewahrung","15":"product_cat-alles-anzeigen","16":"product_cat-accessoires-zum-servieren","17":"product_cat-spezielle-angebote","18":"tm-no-options","20":"first","21":"instock","22":"sale","23":"taxable","24":"shipping-taxable","25":"purchasable","26":"product-type-simple"},"bundled_by":[],"bundle_stock_status":"instock","bundle_stock_quantity":41,"bundle_virtual":false,"bundle_layout":"","bundle_add_to_cart_form_location":"","bundle_editable_in_cart":false,"bundle_sold_individually_context":"","bundle_item_grouping":"","bundle_min_size":"","bundle_max_size":"","bundle_price":[],"bundled_items":[],"bundle_sell_ids":[151018,151017,151004],"acf":[],"df_price":187.5,"df_sale_price":187.5,"df_regular_price":210,"df_image_link":"https:\/\/www.atelierduvin.com\/wp-content\/uploads\/Les-Bijoux-packshot-ouvert-450x450.jpg","_links":{"self":[{"href":"https:\/\/www.atelierduvin.com\/de\/wp-json\/wp\/v2\/product\/70298","targetHints":{"allow":["GET"]}}],"collection":[{"href":"https:\/\/www.atelierduvin.com\/de\/wp-json\/wp\/v2\/product"}],"about":[{"href":"https:\/\/www.atelierduvin.com\/de\/wp-json\/wp\/v2\/types\/product"}],"wp:featuredmedia":[{"embeddable":true,"href":"https:\/\/www.atelierduvin.com\/de\/wp-json\/wp\/v2\/media\/189487"}],"wp:attachment":[{"href":"https:\/\/www.atelierduvin.com\/de\/wp-json\/wp\/v2\/media?parent=70298"}],"wp:term":[{"taxonomy":"product_brand","embeddable":true,"href":"https:\/\/www.atelierduvin.com\/de\/wp-json\/wp\/v2\/product_brand?post=70298"},{"taxonomy":"product_cat","embeddable":true,"href":"https:\/\/www.atelierduvin.com\/de\/wp-json\/wp\/v2\/product_cat?post=70298"},{"taxonomy":"product_tag","embeddable":true,"href":"https:\/\/www.atelierduvin.com\/de\/wp-json\/wp\/v2\/product_tag?post=70298"}],"curies":[{"name":"wp","href":"https:\/\/api.w.org\/{rel}","templated":true}]}}