{"id":69952,"date":"2018-11-28T11:14:40","date_gmt":"2018-11-28T10:14:40","guid":{"rendered":"https:\/\/www.refonte-adv.votre-projet.com\/product\/kapselschneider-aus-verchromtem-metall\/"},"modified":"2026-05-11T12:01:28","modified_gmt":"2026-05-11T10:01:28","slug":"kapselschneider-aus-verchromtem-metall","status":"publish","type":"product","link":"https:\/\/www.atelierduvin.com\/de\/produkt\/kapselschneider-aus-verchromtem-metall\/","title":{"rendered":"Kapselschneider aus verchromtem Metall"},"content":{"rendered":"\n<p>Seine zwei kleinen Bullaugen erm\u00f6glichen es, beim Schneiden die richtige Position des Werkzeugs auf der Kapsel zu \u00fcberpr\u00fcfen. Sie kann wahlweise durch Dr\u00fccken der Oberseite mit dem Zeigefinger oder dem Daumen gehalten werden.<\/p>\n    <div class=\"separator mobile-hidden\" style=\"height:40px\"><\/div>\r\n    <div class=\"separator laptop-hidden\" style=\"height:20px\"><\/div>\r\n    <div class=\"video-block-container\">\r\n                    <iframe loading=\"lazy\"\r\n                    width=\"100%\"\r\n                    height=\"100%\"\r\n                    allow=\"autoplay; fullscreen\"\r\n                    class=\"embed-player slide-media\"\r\n                    src=\"https:\/\/player.vimeo.com\/video\/60150951\"\r\n                    data-ready=\"true\">\r\n            <\/iframe>\r\n            <\/div>\r\n    <div class=\"separator mobile-hidden\" style=\"height:40px\"><\/div>\r\n    <div class=\"separator laptop-hidden\" style=\"height:20px\"><\/div>\r\n<div class=\"acc-head\">\r\n    <p>\r\n        Eigenschaften    <\/p>\r\n    <div class=\"acc-icon\">\r\n        <div class=\"ico-minus\"><\/div>\r\n        <div class=\"ico-plus\"><\/div>\r\n    <\/div>\r\n<\/div>\r\n<div class=\"acc-body\">\r\n    <div class=\"acc-content\">\r\n        <p>Eingetragenes Design.<\/p>\n    <\/div>\r\n<\/div><div class=\"acc-head\">\r\n    <p>\r\n        Finish    <\/p>\r\n    <div class=\"acc-icon\">\r\n        <div class=\"ico-minus\"><\/div>\r\n        <div class=\"ico-plus\"><\/div>\r\n    <\/div>\r\n<\/div>\r\n<div class=\"acc-body\">\r\n    <div class=\"acc-content\">\r\n        <p>Hergestellt aus verchromtem Metall und geh\u00e4rtetem Stahl.<\/p>\n    <\/div>\r\n<\/div>","protected":false},"excerpt":{"rendered":"<p>Einfaches und effektives professionelles Werkzeug, mit zwei Rundklingen aus geh\u00e4rtetem Stahl ausgestattet,der Kapselschneider schneidet alle Kapseln sauber und im Handumdrehen ab.<\/p>\n","protected":false},"featured_media":194876,"template":"","meta":{"_acf_changed":false},"product_brand":[],"product_cat":[352,404,407,397,356],"product_tag":[421],"class_list":{"0":"post-69952","1":"product","2":"type-product","3":"status-publish","4":"has-post-thumbnail","6":"product_cat-weinservice","7":"product_cat-weinaccessoire-kollektion","8":"product_cat-personalisierung","9":"product_cat-geschenke-fuer-sie","10":"product_cat-accessoires-zum-servieren","11":"product_tag-personalisierbar","12":"tm-has-options","14":"first","15":"instock","16":"taxable","17":"shipping-taxable","18":"purchasable","19":"product-type-variable","20":"has-default-attributes"},"bundled_by":[],"bundle_stock_status":"instock","bundle_stock_quantity":null,"bundle_virtual":false,"bundle_layout":"","bundle_add_to_cart_form_location":"","bundle_editable_in_cart":false,"bundle_sold_individually_context":"","bundle_item_grouping":"","bundle_min_size":"","bundle_max_size":"","bundle_price":[],"bundled_items":[],"bundle_sell_ids":[151018,151017,151004],"acf":[],"df_price":20.83,"df_sale_price":"","df_regular_price":20.83,"df_image_link":"https:\/\/www.atelierduvin.com\/wp-content\/uploads\/coupe-capsule-metal-1-450x450.jpg","_links":{"self":[{"href":"https:\/\/www.atelierduvin.com\/de\/wp-json\/wp\/v2\/product\/69952","targetHints":{"allow":["GET"]}}],"collection":[{"href":"https:\/\/www.atelierduvin.com\/de\/wp-json\/wp\/v2\/product"}],"about":[{"href":"https:\/\/www.atelierduvin.com\/de\/wp-json\/wp\/v2\/types\/product"}],"wp:featuredmedia":[{"embeddable":true,"href":"https:\/\/www.atelierduvin.com\/de\/wp-json\/wp\/v2\/media\/194876"}],"wp:attachment":[{"href":"https:\/\/www.atelierduvin.com\/de\/wp-json\/wp\/v2\/media?parent=69952"}],"wp:term":[{"taxonomy":"product_brand","embeddable":true,"href":"https:\/\/www.atelierduvin.com\/de\/wp-json\/wp\/v2\/product_brand?post=69952"},{"taxonomy":"product_cat","embeddable":true,"href":"https:\/\/www.atelierduvin.com\/de\/wp-json\/wp\/v2\/product_cat?post=69952"},{"taxonomy":"product_tag","embeddable":true,"href":"https:\/\/www.atelierduvin.com\/de\/wp-json\/wp\/v2\/product_tag?post=69952"}],"curies":[{"name":"wp","href":"https:\/\/api.w.org\/{rel}","templated":true}]}}