{"id":69932,"date":"2019-09-17T15:16:29","date_gmt":"2019-09-17T13:16:29","guid":{"rendered":"https:\/\/www.refonte-adv.votre-projet.com\/product\/le-globe\/"},"modified":"2026-05-11T12:01:33","modified_gmt":"2026-05-11T10:01:33","slug":"le-globe","status":"publish","type":"product","link":"https:\/\/www.atelierduvin.com\/de\/produkt\/le-globe\/","title":{"rendered":"Le Globe"},"content":{"rendered":"<div class=\"gallery\">\r\n            <div class=\"gallery-row row\">\r\n                                <div style=\"flex:1.25\">\r\n                        <img decoding=\"async\" src=\"https:\/\/www.atelierduvin.com\/wp-content\/uploads\/LeGlobe_ambiance_paysage_02_HD.jpg\" alt=\"Coffret sommelier \" loading=\"eager\" >                    <\/div>\r\n                        <\/div>\r\n    <\/div>\n\n\n<h2 class=\"wp-block-heading\">Le Globe: unverzichtbare Accessoires unter einer Glaskuppel<\/h2>\n\n\n\n<p>Verkostungen von Grand Crus, Lieblingsweinen, Champagner oder Perlweinen werden dank Le Globe zu unvergesslichen Erlebnissen. Der&nbsp;<strong>Glanz seiner Kuppel aus Borosilikatglas<\/strong>&nbsp;harmoniert perfekt mit den silbernen Nuancen der emblematischsten Accessoires von L\u2018Atelier du Vin. Der Sockel aus massivem Nussbaumholz bietet Platz f\u00fcr das&nbsp;<a href=\"https:\/\/www.atelierduvin.com\/de\/produkt\/soft-machine-crystal\/https:\/\/www.atelierduvin.com\/de\/produkt\/soft-machine-crystal\/\" target=\"_blank\" rel=\"noopener\"><strong>Soft Machine Silver<\/strong><\/a>, die&nbsp;<a href=\"https:\/\/www.atelierduvin.com\/de\/produkt\/champagnerzange\/\" target=\"_blank\" rel=\"noopener\"><strong>Champagnerzange<\/strong><\/a>, die&nbsp;<a href=\"https:\/\/www.atelierduvin.com\/de\/produkt\/gardvin-on-off-metall\/\" target=\"_blank\" rel=\"noopener\"><strong>Gard\u2019Vin On\/Off aus Metall<\/strong><\/a>&nbsp;sowie den&nbsp;<strong>Bubble Cork Silver<\/strong>. Jedes St\u00fcck ist einzigartig und von Hand gefertigt. Le Globe l\u00e4sst sich leicht von der K\u00fcche \u00fcber den Keller und den Garten bis ins Wohnzimmer transportieren, um in jeder Umgebung den Glanz von Gl\u00e4sern und Flaschen aufzugreifen.<\/p>\n\n\n    <div class=\"separator mobile-hidden\" style=\"height:40px\"><\/div>\r\n    <div class=\"separator laptop-hidden\" style=\"height:20px\"><\/div>\r\n\n\n<div class=\"acc-head\">\r\n    <p>\r\n        Enthaltene Produkte    <\/p>\r\n    <div class=\"acc-icon\">\r\n        <div class=\"ico-minus\"><\/div>\r\n        <div class=\"ico-plus\"><\/div>\r\n    <\/div>\r\n<\/div>\r\n<div class=\"acc-body\">\r\n    <div class=\"acc-content\">\r\n        <p><span style=\"text-decoration: underline;\"><a href=\"https:\/\/www.atelierduvin.com\/de\/produkt\/soft-machine-silver\/\">Soft Machine\u00ae Silver<\/a><\/span><\/p>\n<p><span style=\"text-decoration: underline;\"><a href=\"https:\/\/www.atelierduvin.com\/de\/produkt\/gardvin-on-off-metall\/\">Gard\u2019Vin\u00ae ON\/OFF M\u00e9tal<\/a><\/span><\/p>\n<p><span style=\"text-decoration: underline;\"><a href=\"https:\/\/www.atelierduvin.com\/de\/produkt\/korken-on-off-packung-mit-3-stopseln\/\">2 Korkens ON\/OFF<\/a><\/span><\/p>\n<p><span style=\"text-decoration: underline;\"><a href=\"https:\/\/www.atelierduvin.com\/de\/produkt\/champagnerzange\/\">Champagnerzange<\/a><\/span><\/p>\n<p>Bubble Cork Silver<\/p>\n    <\/div>\r\n<\/div>\n\n<div class=\"acc-head\">\r\n    <p>\r\n        Ausf\u00fchrungen    <\/p>\r\n    <div class=\"acc-icon\">\r\n        <div class=\"ico-minus\"><\/div>\r\n        <div class=\"ico-plus\"><\/div>\r\n    <\/div>\r\n<\/div>\r\n<div class=\"acc-body\">\r\n    <div class=\"acc-content\">\r\n        <p>Kuppel aus Borosilikatglas<\/p>\n<p>Sockel aus massivem Nussbaumholz<\/p>\n    <\/div>\r\n<\/div>\n\n<div class=\"acc-head\">\r\n    <p>\r\n        Ma\u00dfe    <\/p>\r\n    <div class=\"acc-icon\">\r\n        <div class=\"ico-minus\"><\/div>\r\n        <div class=\"ico-plus\"><\/div>\r\n    <\/div>\r\n<\/div>\r\n<div class=\"acc-body\">\r\n    <div class=\"acc-content\">\r\n        <p>Durchmesser: 15 cm<\/p>\n<p>H\u00f6he: 27 cm<\/p>\n    <\/div>\r\n<\/div>","protected":false},"excerpt":{"rendered":"<p>Das Wesentliche der Weinwerkzeuge unter einer eleganten Glaskuppel vereint. Als Nomade l\u00e4sst sich der Globus leicht tragen und transportieren.<\/p>\n","protected":false},"featured_media":305024,"template":"","meta":{"_acf_changed":true},"product_brand":[],"product_cat":[363,750,752,404,396,407,347,397],"product_tag":[421],"class_list":{"0":"post-69932","1":"product","2":"type-product","3":"status-publish","4":"has-post-thumbnail","6":"product_cat-noble-holz-kollektionen","7":"product_cat-valentinstag-geschenkideen","8":"product_cat-geschenke-fur-sie","9":"product_cat-weinaccessoire-kollektion","10":"product_cat-unerlaessliches","11":"product_cat-personalisierung","12":"product_cat-wein-zubehoer-set","13":"product_cat-geschenke-fuer-sie","14":"product_tag-personalisierbar","15":"tm-has-options","17":"first","18":"instock","19":"taxable","20":"shipping-taxable","21":"purchasable","22":"product-type-variable","23":"has-default-attributes"},"bundled_by":[],"bundle_stock_status":"instock","bundle_stock_quantity":null,"bundle_virtual":false,"bundle_layout":"","bundle_add_to_cart_form_location":"","bundle_editable_in_cart":false,"bundle_sold_individually_context":"","bundle_item_grouping":"","bundle_min_size":"","bundle_max_size":"","bundle_price":[],"bundled_items":[],"bundle_sell_ids":[151018,151017,151004],"acf":[],"df_price":283.33,"df_sale_price":"","df_regular_price":283.33,"df_image_link":"https:\/\/www.atelierduvin.com\/wp-content\/uploads\/LeGlobe-450x450.jpg","_links":{"self":[{"href":"https:\/\/www.atelierduvin.com\/de\/wp-json\/wp\/v2\/product\/69932","targetHints":{"allow":["GET"]}}],"collection":[{"href":"https:\/\/www.atelierduvin.com\/de\/wp-json\/wp\/v2\/product"}],"about":[{"href":"https:\/\/www.atelierduvin.com\/de\/wp-json\/wp\/v2\/types\/product"}],"wp:featuredmedia":[{"embeddable":true,"href":"https:\/\/www.atelierduvin.com\/de\/wp-json\/wp\/v2\/media\/305024"}],"wp:attachment":[{"href":"https:\/\/www.atelierduvin.com\/de\/wp-json\/wp\/v2\/media?parent=69932"}],"wp:term":[{"taxonomy":"product_brand","embeddable":true,"href":"https:\/\/www.atelierduvin.com\/de\/wp-json\/wp\/v2\/product_brand?post=69932"},{"taxonomy":"product_cat","embeddable":true,"href":"https:\/\/www.atelierduvin.com\/de\/wp-json\/wp\/v2\/product_cat?post=69932"},{"taxonomy":"product_tag","embeddable":true,"href":"https:\/\/www.atelierduvin.com\/de\/wp-json\/wp\/v2\/product_tag?post=69932"}],"curies":[{"name":"wp","href":"https:\/\/api.w.org\/{rel}","templated":true}]}}