{"id":69136,"date":"2018-11-28T11:14:36","date_gmt":"2018-11-28T10:14:36","guid":{"rendered":"https:\/\/www.refonte-adv.votre-projet.com\/product\/gardvin-on-off-metall\/"},"modified":"2026-05-12T12:01:24","modified_gmt":"2026-05-12T10:01:24","slug":"gardvin-on-off-metall","status":"publish","type":"product","link":"https:\/\/www.atelierduvin.com\/de\/produkt\/gardvin-on-off-metall\/","title":{"rendered":"Gard&#8217;Vin ON\/OFF Metall"},"content":{"rendered":"\n<p>Der n\u00e4chste Atemzug des Weins wartet geduldig bis zur n\u00e4chsten Degustation.<\/p>\n\n<p>Jahr f\u00fcr Jahr wurde dieses Weinzubeh\u00f6r bis ins kleinste Detail neu durchdacht, um seine Effizienz zu perfektionieren, seine Ergonomie zu optimieren und absolute Dichtigkeit zu gew\u00e4hrleisten. Einmal in der Hand wei\u00df es durch sein angemessenes Gewicht zu \u00fcberzeugen, das einem echten Handwerkeraccessoire w\u00fcrdig ist. Seine Leistungsf\u00e4higkeit wurde vervielfacht, um den f\u00fcr den Nektar der Reben extrem sch\u00e4dlichen Prozess der Oxidation kurz nach der \u00d6ffnung auf ein verschwindend geringes Ma\u00df zu reduzieren.<\/p>\n\n<p>In dieser Ausf\u00fchrung aus verchromtem Metall zieht die Vakuumpumpe Gard\u2019Vin ON\/OFF mit ihrem Einfallsreichtum die Blicke aller neugierigen Verkoster auf sich. Dieses Modell mit von L\u2018Atelier du Vin gesch\u00fctztem Design ist seit \u00fcber 20 Jahren ein unverzichtbares \u00f6nologisches Accessoire, das von vielen Fachleuten und Liebhabern au\u00dfergew\u00f6hnlicher Weine zur Hand genommen wird, um Geschmacksver\u00e4nderungen zu verhindern. Die clevere Anzeige weist aus, ob die Flasche luftdicht und hermetisch verschlossen ist, sodass der Wein nicht schal wird.<\/p>\n    <div class=\"separator mobile-hidden\" style=\"height:40px\"><\/div>\r\n    <div class=\"separator laptop-hidden\" style=\"height:20px\"><\/div>\r\n    <div class=\"video-block-container\">\r\n                    <iframe loading=\"lazy\"\r\n                    width=\"100%\"\r\n                    height=\"100%\"\r\n                    allow=\"autoplay; fullscreen\"\r\n                    class=\"embed-player slide-media\"\r\n                    src=\"https:\/\/player.vimeo.com\/video\/60152408\"\r\n                    data-ready=\"true\">\r\n            <\/iframe>\r\n            <\/div>\r\n    <div class=\"separator mobile-hidden\" style=\"height:40px\"><\/div>\r\n    <div class=\"separator laptop-hidden\" style=\"height:20px\"><\/div>\r\n<div class=\"acc-head\">\r\n    <p>\r\n        Eigenschaften    <\/p>\r\n    <div class=\"acc-icon\">\r\n        <div class=\"ico-minus\"><\/div>\r\n        <div class=\"ico-plus\"><\/div>\r\n    <\/div>\r\n<\/div>\r\n<div class=\"acc-body\">\r\n    <div class=\"acc-content\">\r\n        <p>1 Gard\u2019Vin\u00ae ON\/OFF + 2 Verschl\u00fcsse ON\/OFF<\/p>\n    <\/div>\r\n<\/div>","protected":false},"excerpt":{"rendered":"<p>Inspirierender Lebensretter. Brillante Erfindung. Wird der unsichtbare Mechanismus der Vakuumpumpe Gard&#8217;Vin ON\/OFF aktiviert, versiegelt ihr Gummistopfen die Flasche, der die gesamte Luft entzogen wurde.<\/p>\n","protected":false},"featured_media":186317,"template":"","meta":{"_acf_changed":false},"product_brand":[],"product_cat":[383,730,742,750,752,404,407,397,351],"product_tag":[421],"class_list":{"0":"post-69136","1":"product","2":"type-product","3":"status-publish","4":"has-post-thumbnail","6":"product_cat-weinpumpe","7":"product_cat-vatertag-geschenkideen","8":"product_cat-unter-100-euro","9":"product_cat-valentinstag-geschenkideen","10":"product_cat-geschenke-fur-sie","11":"product_cat-weinaccessoire-kollektion","12":"product_cat-personalisierung","13":"product_cat-geschenke-fuer-sie","14":"product_cat-flaschenverschlusse_und_aufbewahrung","15":"product_tag-personalisierbar","16":"tm-has-options","18":"first","19":"instock","20":"taxable","21":"shipping-taxable","22":"purchasable","23":"product-type-variable","24":"has-default-attributes"},"bundled_by":[],"bundle_stock_status":"instock","bundle_stock_quantity":null,"bundle_virtual":false,"bundle_layout":"","bundle_add_to_cart_form_location":"","bundle_editable_in_cart":false,"bundle_sold_individually_context":"","bundle_item_grouping":"","bundle_min_size":"","bundle_max_size":"","bundle_price":[],"bundled_items":[],"bundle_sell_ids":[151018,151017,151004],"acf":[],"df_price":50.83,"df_sale_price":"","df_regular_price":50.83,"df_image_link":"https:\/\/www.atelierduvin.com\/wp-content\/uploads\/GardVinONOFF_Chrome_seul_HD-450x450.jpg","_links":{"self":[{"href":"https:\/\/www.atelierduvin.com\/de\/wp-json\/wp\/v2\/product\/69136","targetHints":{"allow":["GET"]}}],"collection":[{"href":"https:\/\/www.atelierduvin.com\/de\/wp-json\/wp\/v2\/product"}],"about":[{"href":"https:\/\/www.atelierduvin.com\/de\/wp-json\/wp\/v2\/types\/product"}],"wp:featuredmedia":[{"embeddable":true,"href":"https:\/\/www.atelierduvin.com\/de\/wp-json\/wp\/v2\/media\/186317"}],"wp:attachment":[{"href":"https:\/\/www.atelierduvin.com\/de\/wp-json\/wp\/v2\/media?parent=69136"}],"wp:term":[{"taxonomy":"product_brand","embeddable":true,"href":"https:\/\/www.atelierduvin.com\/de\/wp-json\/wp\/v2\/product_brand?post=69136"},{"taxonomy":"product_cat","embeddable":true,"href":"https:\/\/www.atelierduvin.com\/de\/wp-json\/wp\/v2\/product_cat?post=69136"},{"taxonomy":"product_tag","embeddable":true,"href":"https:\/\/www.atelierduvin.com\/de\/wp-json\/wp\/v2\/product_tag?post=69136"}],"curies":[{"name":"wp","href":"https:\/\/api.w.org\/{rel}","templated":true}]}}