{"id":69060,"date":"2018-11-28T11:14:43","date_gmt":"2018-11-28T10:14:43","guid":{"rendered":"https:\/\/www.refonte-adv.votre-projet.com\/product\/gardvin-on-off-schwarz\/"},"modified":"2026-04-16T12:00:44","modified_gmt":"2026-04-16T10:00:44","slug":"gardvin-on-off-schwarz","status":"publish","type":"product","link":"https:\/\/www.atelierduvin.com\/de\/produkt\/gardvin-on-off-schwarz\/","title":{"rendered":"Gard&#8217;vin ON\/OFF"},"content":{"rendered":"\n<div class=\"wp-block-columns is-layout-flex wp-container-core-columns-is-layout-9d6595d7 wp-block-columns-is-layout-flex\">\n<div class=\"wp-block-column is-layout-flow wp-block-column-is-layout-flow\">\n<p>\u2026 auch nach dem \u00d6ffnen der Flasche optimal zu konservieren. Ohne Sauerstoff bleibt Ihr Jahrgangswein genie\u00dfbar und vollmundig, um ihn noch ein letztes Mal zu verkosten und alle Feinheiten seines Dufts und seiner Aromen zu genie\u00dfen.<\/p>\n\n\n\n<p>Dieses ebenso n\u00fctzliche wie angenehme Weinaccessoire der Spitzenklasse ist zu einem Standardzubeh\u00f6r der \u00d6nologie geworden. Sein System zur Luftabsaugung ist das Ergebnis jahrelanger Forschung und kontinuierlicher Verbesserungen. Heute richtet sich die Vakuumpumpe Gard\u2019Vin ON\/OFF an Sommeliers, Weinh\u00e4ndler, \u00d6nologen und Liebhaber guter Weine, die die Haltbarkeit und Verkostungszeit ihrer wertvollsten Jahrgangsweine verl\u00e4ngern m\u00f6chten.<\/p>\n<\/div>\n\n\n\n<div class=\"wp-block-column is-layout-flow wp-block-column-is-layout-flow\">\n<p>In ihrer mattschwarzen Ausf\u00fchrung wei\u00df dieses sch\u00f6ne Accessoire durch seine schlichte Eleganz und Diskretion zu \u00fcberzeugen. Hinter ihrer schlanken Silhouette stellt der Gummistopfen der Vakuumpumpe Gard\u2019Vin On\/Off sicher, dass der Flasche die gesamte stehende Luft entzogen wird. Die Ergonomie wurde so ausgelegt, dass die Bewegungen des Arms und der Hand bei der Bet\u00e4tigung des Mechanismus leicht unterst\u00fctzt werden. Die \u00e4u\u00dferst komfortable Soft-Touch-Oberfl\u00e4che verspricht eine bei der Bedienung optimale Haptik.<\/p>\n<\/div>\n<\/div>\n\n\n\n<p>Die Pumpe und der Verschluss selbst sind vollst\u00e4ndig abgedichtet. Verschwindet die rote Anzeige des On\/Off-Verschlusses in ihrer Verankerung, ist die Flasche vollst\u00e4ndig entl\u00fcftet und hermetisch verschlossen. Ihr Jahrgangswein ist dann vor durch Oxidation verursachter Geschmacksver\u00e4nderung gesch\u00fctzt, weshalb er auch bis zur n\u00e4chsten Degustation aufbewahrt werden kann, ohne schal zu werden.<\/p>\n\n\n    <div class=\"separator mobile-hidden\" style=\"height:40px\"><\/div>\r\n    <div class=\"separator laptop-hidden\" style=\"height:20px\"><\/div>\r\n\n\n    <div class=\"video-block-container\">\r\n                    <iframe loading=\"lazy\"\r\n                    width=\"100%\"\r\n                    height=\"100%\"\r\n                    allow=\"autoplay; fullscreen\"\r\n                    class=\"embed-player slide-media\"\r\n                    src=\"https:\/\/player.vimeo.com\/video\/60152408\"\r\n                    data-ready=\"true\">\r\n            <\/iframe>\r\n            <\/div>\r\n\n\n    <div class=\"separator mobile-hidden\" style=\"height:40px\"><\/div>\r\n    <div class=\"separator laptop-hidden\" style=\"height:20px\"><\/div>\r\n\n\n<div class=\"acc-head\">\r\n    <p>\r\n        Eigenschaften    <\/p>\r\n    <div class=\"acc-icon\">\r\n        <div class=\"ico-minus\"><\/div>\r\n        <div class=\"ico-plus\"><\/div>\r\n    <\/div>\r\n<\/div>\r\n<div class=\"acc-body\">\r\n    <div class=\"acc-content\">\r\n        <p><span style=\"color: #737373; font-family: 'Futura PT Book', sans-serif;\">1 Gard\u2019Vin\u00ae ON\/OFF + 2 Verschl\u00fcsse ON\/OFF<\/span><\/p>\n<p><span style=\"color: #737373; font-family: 'Futura PT Book', sans-serif;\">Gesch\u00fctztes Design.<\/span><\/p>\n<p><span style=\"color: #737373; font-family: 'Futura PT Book', sans-serif;\">Patentiertes Produkt.<\/span><\/p>\n    <\/div>\r\n<\/div>","protected":false},"excerpt":{"rendered":"<p>Ein unverzichtbares Weinaccessoire, um die Seele des Weins zu erhalten. Die Vakuumpumpe Gard&#8217;Vin ON\/OFF und ihr Verschluss tragen daf\u00fcr Sorge, den Wein &#8230;<\/p>\n","protected":false},"featured_media":187353,"template":"","meta":{"_acf_changed":true},"product_brand":[],"product_cat":[383,404,396,399,351],"product_tag":[],"class_list":{"0":"post-69060","1":"product","2":"type-product","3":"status-publish","4":"has-post-thumbnail","6":"product_cat-weinpumpe","7":"product_cat-weinaccessoire-kollektion","8":"product_cat-unerlaessliches","9":"product_cat-geschenke-fuer-weinliebhaber","10":"product_cat-flaschenverschlusse_und_aufbewahrung","11":"tm-no-options","13":"first","14":"instock","15":"taxable","16":"shipping-taxable","17":"purchasable","18":"product-type-simple"},"bundled_by":[],"bundle_stock_status":"instock","bundle_stock_quantity":1987,"bundle_virtual":false,"bundle_layout":"","bundle_add_to_cart_form_location":"","bundle_editable_in_cart":false,"bundle_sold_individually_context":"","bundle_item_grouping":"","bundle_min_size":"","bundle_max_size":"","bundle_price":[],"bundled_items":[],"bundle_sell_ids":[151018,151017,151004],"acf":[],"df_price":23.33,"df_sale_price":"","df_regular_price":23.33,"df_image_link":"https:\/\/www.atelierduvin.com\/wp-content\/uploads\/GardVin-ON-OFF-Noir-Produit-450x450.jpg","_links":{"self":[{"href":"https:\/\/www.atelierduvin.com\/de\/wp-json\/wp\/v2\/product\/69060","targetHints":{"allow":["GET"]}}],"collection":[{"href":"https:\/\/www.atelierduvin.com\/de\/wp-json\/wp\/v2\/product"}],"about":[{"href":"https:\/\/www.atelierduvin.com\/de\/wp-json\/wp\/v2\/types\/product"}],"wp:featuredmedia":[{"embeddable":true,"href":"https:\/\/www.atelierduvin.com\/de\/wp-json\/wp\/v2\/media\/187353"}],"wp:attachment":[{"href":"https:\/\/www.atelierduvin.com\/de\/wp-json\/wp\/v2\/media?parent=69060"}],"wp:term":[{"taxonomy":"product_brand","embeddable":true,"href":"https:\/\/www.atelierduvin.com\/de\/wp-json\/wp\/v2\/product_brand?post=69060"},{"taxonomy":"product_cat","embeddable":true,"href":"https:\/\/www.atelierduvin.com\/de\/wp-json\/wp\/v2\/product_cat?post=69060"},{"taxonomy":"product_tag","embeddable":true,"href":"https:\/\/www.atelierduvin.com\/de\/wp-json\/wp\/v2\/product_tag?post=69060"}],"curies":[{"name":"wp","href":"https:\/\/api.w.org\/{rel}","templated":true}]}}