{"id":69056,"date":"2018-11-28T11:14:29","date_gmt":"2018-11-28T10:14:29","guid":{"rendered":"https:\/\/www.refonte-adv.votre-projet.com\/product\/developer-boule\/"},"modified":"2026-05-11T12:00:38","modified_gmt":"2026-05-11T10:00:38","slug":"developer-boule","status":"publish","type":"product","link":"https:\/\/www.atelierduvin.com\/de\/produkt\/developer-boule\/","title":{"rendered":"Developer Boule"},"content":{"rendered":"<div class=\"gallery\">\r\n            <div class=\"gallery-row row\">\r\n                                <div style=\"flex:1.25\">\r\n                        <img decoding=\"async\" src=\"https:\/\/www.atelierduvin.com\/wp-content\/uploads\/CarafeOpenCristalDeveloper_ambiance_paysage_01_HD-1.jpg\" alt=\"Carafe \u00e0 d\u00e9canter le vin et son Developer d'ar\u00f4mes\" loading=\"eager\" >                    <\/div>\r\n                        <\/div>\r\n    <\/div>\n\n\n<div class=\"wp-block-columns is-layout-flex wp-container-core-columns-is-layout-9d6595d7 wp-block-columns-is-layout-flex\">\n<div class=\"wp-block-column is-layout-flow wp-block-column-is-layout-flow\">\n<h2 class=\"wp-block-heading\">Optimierung von Bouquet und Geschmack<\/h2>\n\n\n\n<p>Durch l\u00e4ngeren Kontakt des Weins mit der Developer Boule\u00ae wird der Schwefeldioxidgehalt einiger Flaschen stark gesenkt, was den Geruch und Geschmack deutlich verbessert.<\/p>\n<\/div>\n\n\n\n<div class=\"wp-block-column is-layout-flow wp-block-column-is-layout-flow\">\n<h2 class=\"wp-block-heading\">Ideale Oxygenierung<\/h2>\n\n\n\n<p>Dank der 6 Ablaufrillen der Developer Boule\u00ae wird der Wein gleichm\u00e4\u00dfig und langsam im Sinne einer idealen Sauerstoffzufuhr an den Innenw\u00e4nden der Open Cristal entlang geleitet.<\/p>\n<\/div>\n<\/div>\n\n\n    <div class=\"separator mobile-hidden\" style=\"height:40px\"><\/div>\r\n    <div class=\"separator laptop-hidden\" style=\"height:20px\"><\/div>\r\n\n\n    <div class=\"video-block-container\">\r\n                    <iframe loading=\"lazy\"\r\n                    width=\"100%\"\r\n                    height=\"100%\"\r\n                    allow=\"autoplay; fullscreen\"\r\n                    class=\"embed-player slide-media\"\r\n                    src=\"https:\/\/player.vimeo.com\/video\/1120743671\"\r\n                    data-ready=\"true\">\r\n            <\/iframe>\r\n            <\/div>\r\n\n\n    <div class=\"separator mobile-hidden\" style=\"height:40px\"><\/div>\r\n    <div class=\"separator laptop-hidden\" style=\"height:20px\"><\/div>\r\n\n\n<div class=\"acc-head\">\r\n    <p>\r\n        Eigenschaften    <\/p>\r\n    <div class=\"acc-icon\">\r\n        <div class=\"ico-minus\"><\/div>\r\n        <div class=\"ico-plus\"><\/div>\r\n    <\/div>\r\n<\/div>\r\n<div class=\"acc-body\">\r\n    <div class=\"acc-content\">\r\n        <p>Erh\u00e4ltlich allein oder zusammen mit der <a href=\"\/?p=66711\" target=\"_blank\" rel=\"noopener\" data-mce-href=\"https:\/\/www.atelierduvin.com\/de\/produkt\/open-cristal-developer\/\">Karaffe Open Cristal Developer\u00ae<\/a>.<\/p>\n    <\/div>\r\n<\/div>","protected":false},"excerpt":{"rendered":"<p>Einen Wein \u00fcber die Developer Boule\u00ae zu gie\u00dfen bedeutet, ihm sanft und optimal Sauerstoff zuzuf\u00fchren<\/p>\n","protected":false},"featured_media":302938,"template":"","meta":{"_acf_changed":true},"product_brand":[],"product_cat":[352,404,356],"product_tag":[],"class_list":{"0":"post-69056","1":"product","2":"type-product","3":"status-publish","4":"has-post-thumbnail","6":"product_cat-weinservice","7":"product_cat-weinaccessoire-kollektion","8":"product_cat-accessoires-zum-servieren","9":"tm-no-options","11":"first","12":"instock","13":"taxable","14":"shipping-taxable","15":"purchasable","16":"product-type-simple"},"bundled_by":[],"bundle_stock_status":"instock","bundle_stock_quantity":451,"bundle_virtual":false,"bundle_layout":"","bundle_add_to_cart_form_location":"","bundle_editable_in_cart":false,"bundle_sold_individually_context":"","bundle_item_grouping":"","bundle_min_size":"","bundle_max_size":"","bundle_price":[],"bundled_items":[],"bundle_sell_ids":[151018,151017,151004],"acf":[],"df_price":38.33,"df_sale_price":"","df_regular_price":38.33,"df_image_link":"https:\/\/www.atelierduvin.com\/wp-content\/uploads\/DeveloperBoule-450x450.jpg","_links":{"self":[{"href":"https:\/\/www.atelierduvin.com\/de\/wp-json\/wp\/v2\/product\/69056","targetHints":{"allow":["GET"]}}],"collection":[{"href":"https:\/\/www.atelierduvin.com\/de\/wp-json\/wp\/v2\/product"}],"about":[{"href":"https:\/\/www.atelierduvin.com\/de\/wp-json\/wp\/v2\/types\/product"}],"wp:featuredmedia":[{"embeddable":true,"href":"https:\/\/www.atelierduvin.com\/de\/wp-json\/wp\/v2\/media\/302938"}],"wp:attachment":[{"href":"https:\/\/www.atelierduvin.com\/de\/wp-json\/wp\/v2\/media?parent=69056"}],"wp:term":[{"taxonomy":"product_brand","embeddable":true,"href":"https:\/\/www.atelierduvin.com\/de\/wp-json\/wp\/v2\/product_brand?post=69056"},{"taxonomy":"product_cat","embeddable":true,"href":"https:\/\/www.atelierduvin.com\/de\/wp-json\/wp\/v2\/product_cat?post=69056"},{"taxonomy":"product_tag","embeddable":true,"href":"https:\/\/www.atelierduvin.com\/de\/wp-json\/wp\/v2\/product_tag?post=69056"}],"curies":[{"name":"wp","href":"https:\/\/api.w.org\/{rel}","templated":true}]}}