{"id":67993,"date":"2020-12-07T11:40:53","date_gmt":"2020-12-07T10:40:53","guid":{"rendered":"https:\/\/www.refonte-adv.votre-projet.com\/product\/geschenkkarte\/"},"modified":"2024-06-14T15:21:25","modified_gmt":"2024-06-14T13:21:25","slug":"geschenkkarte","status":"publish","type":"product","link":"https:\/\/www.atelierduvin.com\/de\/produkt\/geschenkkarte\/","title":{"rendered":"Geschenkkarte"},"content":{"rendered":"<p><br data-mce-bogus=\"1\"><\/p>\n","protected":false},"excerpt":{"rendered":"<ul>\n<li><span style=\"font-size: 14pt;\" data-mce-style=\"font-size: 14pt;\">Hinterlassen Sie den gew\u00fcnschten Betrag und eine individuelle Nachricht f\u00fcr Ihre Geschenkkarte.<\/span><\/li>\n<li><span style=\"font-size: 14pt;\" data-mce-style=\"font-size: 14pt;\"> Der Empf\u00e4nger erh\u00e4lt seine Karte automatisch per E-Mail, nachdem die Bestellung best\u00e4tigt wurde.<\/span><\/li>\n<\/ul>\n","protected":false},"featured_media":179628,"template":"","meta":{"_acf_changed":false},"product_brand":[],"product_cat":[395,404],"product_tag":[],"class_list":{"0":"post-67993","1":"product","2":"type-product","3":"status-publish","4":"has-post-thumbnail","6":"product_cat-alles-anzeigen","7":"product_cat-weinaccessoire-kollektion","8":"tm-no-options","10":"first","11":"instock","12":"taxable","13":"shipping-taxable","14":"purchasable","15":"product-type-pw-gift-card","16":"has-default-attributes"},"bundled_by":[],"bundle_stock_status":"instock","bundle_stock_quantity":null,"bundle_virtual":false,"bundle_layout":"","bundle_add_to_cart_form_location":"","bundle_editable_in_cart":false,"bundle_sold_individually_context":"","bundle_item_grouping":"","bundle_min_size":"","bundle_max_size":"","bundle_price":[],"bundled_items":[],"bundle_sell_ids":[],"acf":[],"df_price":50,"df_sale_price":"","df_regular_price":50,"df_image_link":"https:\/\/www.atelierduvin.com\/wp-content\/uploads\/Gift_card_VF-450x450.png","_links":{"self":[{"href":"https:\/\/www.atelierduvin.com\/de\/wp-json\/wp\/v2\/product\/67993","targetHints":{"allow":["GET"]}}],"collection":[{"href":"https:\/\/www.atelierduvin.com\/de\/wp-json\/wp\/v2\/product"}],"about":[{"href":"https:\/\/www.atelierduvin.com\/de\/wp-json\/wp\/v2\/types\/product"}],"wp:featuredmedia":[{"embeddable":true,"href":"https:\/\/www.atelierduvin.com\/de\/wp-json\/wp\/v2\/media\/179628"}],"wp:attachment":[{"href":"https:\/\/www.atelierduvin.com\/de\/wp-json\/wp\/v2\/media?parent=67993"}],"wp:term":[{"taxonomy":"product_brand","embeddable":true,"href":"https:\/\/www.atelierduvin.com\/de\/wp-json\/wp\/v2\/product_brand?post=67993"},{"taxonomy":"product_cat","embeddable":true,"href":"https:\/\/www.atelierduvin.com\/de\/wp-json\/wp\/v2\/product_cat?post=67993"},{"taxonomy":"product_tag","embeddable":true,"href":"https:\/\/www.atelierduvin.com\/de\/wp-json\/wp\/v2\/product_tag?post=67993"}],"curies":[{"name":"wp","href":"https:\/\/api.w.org\/{rel}","templated":true}]}}