{"id":67333,"date":"2020-11-11T13:44:39","date_gmt":"2020-11-11T12:44:39","guid":{"rendered":"https:\/\/www.refonte-adv.votre-projet.com\/product\/oeno-collection-2\/"},"modified":"2026-05-11T12:01:31","modified_gmt":"2026-05-11T10:01:31","slug":"oeno-collection-2","status":"publish","type":"product","link":"https:\/\/www.atelierduvin.com\/de\/produkt\/oeno-collection-2\/","title":{"rendered":"Oeno Collection 2"},"content":{"rendered":"\n<p>Ihre Sammlung von umfassenden Weinutensilien zum \u00d6ffnen, Servieren, Verkosten und Aufbewahren seltener Jahrg\u00e4nge von Rot- und Wei\u00dfwein, Champagner und Perlwein.<\/p>\n\n<p>Einer unvergesslichen Degustation steht nichts mehr im Wege. <strong>Oeno Collection 2<\/strong>. Das K\u00e4stchen \u00f6ffnet sich. Ein Glanz von Chrom entflieht der wundersch\u00f6n schwarz mattierten Holzschatulle. In ihrem Inneren warten<strong> 7 edle rostfreie und einsatzbereite Weinaccessoires<\/strong>, die mit den Initialen des Besitzers graviert werden k\u00f6nnen.<\/p>\n\n<p>Die Verkostung beginnt. Der erste Griff: der <a href=\"https:\/\/www.atelierduvin.com\/de\/produkt\/kapselschneider-aus-verchromtem-metall\/\" target=\"_blank\" rel=\"noopener\"><span style=\"text-decoration: underline;\"><strong>Kapselschneider<\/strong><\/span><\/a>, der mit seinen scharfen Klingen zu \u00fcberzeugen wei\u00df. Es folgt der Spindelkorkenzieher <a href=\"https:\/\/www.atelierduvin.com\/de\/produkt\/chic-monsieur\/\" target=\"_blank\" rel=\"noopener\"><span style=\"text-decoration: underline;\"><strong>Chic Monsieur<\/strong><\/span><\/a>, dem keine Flasche widerstehen kann. Sobald die Spindel eintaucht, zieht sich der Korken wie von Zauberhand entlang seiner metallenen Kurve nach oben.<\/p>\n    <div class=\"separator mobile-hidden\" style=\"height:40px\"><\/div>\r\n    <div class=\"separator laptop-hidden\" style=\"height:20px\"><\/div>\r\n<div class=\"gallery\">\r\n            <div class=\"gallery-row row\">\r\n                                <div style=\"flex:1.5\">\r\n                        <img decoding=\"async\" src=\"https:\/\/www.atelierduvin.com\/wp-content\/uploads\/Oeno-Collection-2-ambiance-paysage-1.jpg\" alt=\"\" loading=\"eager\" >                    <\/div>\r\n                        <\/div>\r\n    <\/div>\n<p>Legen Sie nun Ihr Ausgie\u00dferblatt auf die ge\u00f6ffnete Flasche. Beobachten Sie, wie es den fl\u00fcssigen Nektar auf nat\u00fcrliche Weise in Ihr kristallklares Glas leitet, w\u00e4hrend es den Wein beim Kontakt mit der strukturierten Oberfl\u00e4che subtil bel\u00fcftet. Wenn Sie die Flasche wieder in eine aufrechte Position bringen, stoppt der Fluss sofort, ohne dass ein Tropfen verloren geht. Geeignet f\u00fcr die meisten Flaschen im Standardformat. Speziell geformte Flaschen (z. B. bestimmte italienische Weine) k\u00f6nnen einen zu kleinen Halsdurchmesser haben, um den <a href=\"https:\/\/www.atelierduvin.com\/de\/produkt\/verseur-feuille\/\" target=\"_blank\" rel=\"noopener\"><span style=\"text-decoration: underline;\"><strong>Verseur Feuille<\/strong><\/span><\/a> aufzunehmen.<\/p>\n\n<p>Nachdem Sie den Wein verkostet haben, verwenden Sie die Vakuumpumpe und den Versiegler <a href=\"https:\/\/www.atelierduvin.com\/de\/produkt\/gardvin-on-off-metall\/\" target=\"_blank\" rel=\"noopener\"><span style=\"text-decoration: underline;\"><strong>Gard\u2019Vin On\/Off<\/strong><\/span><\/a>, um den Oxidationsprozess zu begrenzen, indem Sie die Flasche hermetisch verschlie\u00dfen.<\/p>\n\n<p>Ein Glas Champagner? Ergreifen Sie Ihre <a href=\"https:\/\/www.atelierduvin.com\/de\/produkt\/champagnerzange\/\" target=\"_blank\" rel=\"noopener\"><span style=\"text-decoration: underline;\"><strong>Champagnerzange<\/strong> <\/span><\/a>und widmen Sie sich der Freude an feinen Bl\u00e4schen mit einem wohltemperierten Handgriff. Sollte etwas \u00fcbrig bleiben, verl\u00e4ngern Sie das prickelnde Vergn\u00fcgen, indem Sie die Flasche mit Ihrem <a href=\"https:\/\/www.atelierduvin.com\/de\/produkt\/modele-54\/\" target=\"_blank\" rel=\"noopener\"><span style=\"text-decoration: underline;\"><strong>Mod\u00e8le 54<\/strong><\/span><\/a> verschlie\u00dfen.<\/p>\n    <div class=\"separator mobile-hidden\" style=\"height:40px\"><\/div>\r\n    <div class=\"separator laptop-hidden\" style=\"height:20px\"><\/div>\r\n<div class=\"acc-head\">\r\n    <p>\r\n        Eigenschaften    <\/p>\r\n    <div class=\"acc-icon\">\r\n        <div class=\"ico-minus\"><\/div>\r\n        <div class=\"ico-plus\"><\/div>\r\n    <\/div>\r\n<\/div>\r\n<div class=\"acc-body\">\r\n    <div class=\"acc-content\">\r\n        <ul>\n<li><span style=\"text-decoration: underline;\">1\u00a0<a href=\"https:\/\/www.atelierduvin.com\/produit\/chic-monsieur\/\">Chic Monsieur\u00ae<\/a><\/span><\/li>\n<li><span style=\"text-decoration: underline;\">1\u00a0<a href=\"https:\/\/www.atelierduvin.com\/de\/produkt\/gardvin-on-off-metall\/\">Gard\u2019Vin\u00ae ON \/ OFF m\u00e9tal<\/a><\/span><\/li>\n<li><span style=\"text-decoration: underline;\">1 <a href=\"https:\/\/www.atelierduvin.com\/de\/produkt\/champagnerzange\/\" target=\"_blank\" rel=\"noopener\">Champagnerzange <\/a><\/span><\/li>\n<li><span style=\"text-decoration: underline;\"><a href=\"https:\/\/www.atelierduvin.com\/produit\/verseur-feuille\/\">1 Verseur-feuille<\/a><\/span><\/li>\n<li><span style=\"text-decoration: underline;\">1 <a href=\"https:\/\/www.atelierduvin.com\/de\/produkt\/kapselschneider-aus-verchromtem-metall\/\" target=\"_blank\" rel=\"noopener\">Kapselschneider<\/a><\/span><\/li>\n<li><span style=\"text-decoration: underline;\">1\u00a0<a href=\"https:\/\/www.atelierduvin.com\/produit\/modele-54\/\">Mod\u00e8le 54<\/a><\/span><\/li>\n<\/ul>\n<p>Abmessungen: L 30 cm x B 20 cm x H,5 cm.<\/p>\n    <\/div>\r\n<\/div>","protected":false},"excerpt":{"rendered":"<p>Ein Set f\u00fcr Weinliebhaber. Eine wunderbare Zusammenstellung von f\u00fcr jeden Sommelier unverzichtbaren Accessoires.<\/p>\n","protected":false},"featured_media":189260,"template":"","meta":{"_acf_changed":false},"product_brand":[],"product_cat":[711,404,407,347,399],"product_tag":[421],"class_list":{"0":"post-67333","1":"product","2":"type-product","3":"status-publish","4":"has-post-thumbnail","6":"product_cat-essentielle-weingeschenksets","7":"product_cat-weinaccessoire-kollektion","8":"product_cat-personalisierung","9":"product_cat-wein-zubehoer-set","10":"product_cat-geschenke-fuer-weinliebhaber","11":"product_tag-personalisierbar","12":"tm-has-options","14":"first","15":"instock","16":"taxable","17":"shipping-taxable","18":"purchasable","19":"product-type-variable","20":"has-default-attributes"},"bundled_by":[],"bundle_stock_status":"instock","bundle_stock_quantity":null,"bundle_virtual":false,"bundle_layout":"","bundle_add_to_cart_form_location":"","bundle_editable_in_cart":false,"bundle_sold_individually_context":"","bundle_item_grouping":"","bundle_min_size":"","bundle_max_size":"","bundle_price":[],"bundled_items":[],"bundle_sell_ids":[151018,151017,151004],"acf":[],"df_price":208.33,"df_sale_price":"","df_regular_price":208.33,"df_image_link":"https:\/\/www.atelierduvin.com\/wp-content\/uploads\/220707_ATELIER_DU_VIN_-193-450x450.jpg","_links":{"self":[{"href":"https:\/\/www.atelierduvin.com\/de\/wp-json\/wp\/v2\/product\/67333","targetHints":{"allow":["GET"]}}],"collection":[{"href":"https:\/\/www.atelierduvin.com\/de\/wp-json\/wp\/v2\/product"}],"about":[{"href":"https:\/\/www.atelierduvin.com\/de\/wp-json\/wp\/v2\/types\/product"}],"wp:featuredmedia":[{"embeddable":true,"href":"https:\/\/www.atelierduvin.com\/de\/wp-json\/wp\/v2\/media\/189260"}],"wp:attachment":[{"href":"https:\/\/www.atelierduvin.com\/de\/wp-json\/wp\/v2\/media?parent=67333"}],"wp:term":[{"taxonomy":"product_brand","embeddable":true,"href":"https:\/\/www.atelierduvin.com\/de\/wp-json\/wp\/v2\/product_brand?post=67333"},{"taxonomy":"product_cat","embeddable":true,"href":"https:\/\/www.atelierduvin.com\/de\/wp-json\/wp\/v2\/product_cat?post=67333"},{"taxonomy":"product_tag","embeddable":true,"href":"https:\/\/www.atelierduvin.com\/de\/wp-json\/wp\/v2\/product_tag?post=67333"}],"curies":[{"name":"wp","href":"https:\/\/api.w.org\/{rel}","templated":true}]}}