{"id":67328,"date":"2020-02-03T12:00:51","date_gmt":"2020-02-03T11:00:51","guid":{"rendered":"https:\/\/www.refonte-adv.votre-projet.com\/product\/oeno-collection-3\/"},"modified":"2026-05-11T12:01:33","modified_gmt":"2026-05-11T10:01:33","slug":"oeno-collection-3","status":"publish","type":"product","link":"https:\/\/www.atelierduvin.com\/de\/produkt\/oeno-collection-3\/","title":{"rendered":"Oeno Collection 3"},"content":{"rendered":"\n<p>Diese kleine Wunderbox des Weins ist dazu gedacht, gesammelt, kunstgerecht gehandhabt und mit den\u00a0<span style=\"text-decoration: underline;\"><a href=\"https:\/\/www.atelierduvin.com\/de\/unser-personalisierungsangebot\/\"><strong>Initialen des Bewahrers personalisiert<\/strong><\/a><\/span>\u00a0zu werden. Unter seinem eleganten, mattschwarzen Holzdeckel warten vier Weinaccessoires auf ihren pers\u00f6nlichen Sommelier. Vier Instrumente, um eine feine Flasche Wei\u00dfwein, eine seltene Flasche Rotwein, einen Jahrgangs-Champagner zu begleiten. Ihre vier authentischen und langlebigen Weinwerkzeuge, ohne Schnickschnack, die Benutzerfreundlichkeit mit der Sch\u00f6nheit eines Sammlerst\u00fccks verbinden.<\/p>\n\n<p>Eine Welle des Lichts, Ihr\u00a0<span style=\"text-decoration: underline;\"><a href=\"https:\/\/www.atelierduvin.com\/de\/produkt\/soft-machine-crystal\/\"><strong>Soft Machine Crystal<\/strong><\/a><\/span>\u00a0Sommelier-Korkenzieher hat ein fl\u00fcssiges, durchscheinendes Design, das an seine sanfte Extraktionsbewegung erinnert. Integrierte Kapselschneideklinge. Solider St\u00fctzhebel, der einen idealen Drehwinkel bietet. Der Korken kommt in einer einzigen Bewegung heraus, m\u00fchelos.<\/p>\n\n<p>Pflanzliches Metall, Ihr\u00a0<span style=\"text-decoration: underline;\"><a href=\"https:\/\/www.atelierduvin.com\/de\/produkt\/verseur-feuille\/\"><strong>Verseur-Feuille<\/strong><\/a><\/span>\u00a0ist die nat\u00fcrliche Verl\u00e4ngerung der frisch ge\u00f6ffneten Flasche. Der Ausschank ist luftig, makellos, ohne Tropfen oder Versch\u00fctten, mit einem pr\u00e4zisen und sauberen Fluss. Ihr Jahrgang ist bel\u00fcftet, sch\u00f6n eingeschenkt, niemals versch\u00fcttet. Der Blatt-Ausgie\u00dfer passt auf die meisten Standardflaschen. Speziell geformte Flaschen (einige italienische Weine zum Beispiel) k\u00f6nnen einen zu kleinen Flaschenhalsdurchmesser haben, um den Blatt-Ausgie\u00dfer aufzunehmen.<\/p>\n\n<p>Ein kurioses Objekt f\u00fcr Uneingeweihte, Ihr\u00a0<a href=\"https:\/\/www.atelierduvin.com\/de\/produkt\/champagnerzange\/\"><span style=\"text-decoration: underline;\"><strong>Champagnerzange<\/strong><\/span>\u00a0<\/a>gl\u00e4nzt, unbeeindruckt von Druck, vervielfacht die Kraft Ihrer Hand. Mit einem Zaubertrick kapituliert der Korkw\u00e4chter, ohne auch nur zu versuchen, zu entkommen. Der Korken wird m\u00fchelos an Sie \u00fcbergeben. Die ersten Blasen werden f\u00fcr Ihr Glas bewahrt\u2026<\/p>\n\n<p>Und die letzten auch! Wie ein Ritterhelm, der auf den Flaschenhals aufgesetzt wird, l\u00e4sst Ihr\u00a0<span style=\"text-decoration: underline;\"><strong><a href=\"https:\/\/www.atelierduvin.com\/de\/produkt\/gardbulles-metall\/\">Gard\u2019Bulles Meta<\/a>l<\/strong><\/span> Verschluss nichts entweichen. Seine zwei Fl\u00fcgel sorgen f\u00fcr einen kontinuierlichen Druck und garantieren eine perfekt luftdichte Versiegelung. Die Spritzigkeit Ihres prickelnden Nektars bleibt bis morgen erhalten.<\/p>\n    <div class=\"separator mobile-hidden\" style=\"height:40px\"><\/div>\r\n    <div class=\"separator laptop-hidden\" style=\"height:20px\"><\/div>\r\n<div class=\"acc-head\">\r\n    <p>\r\n        Eigenschaften    <\/p>\r\n    <div class=\"acc-icon\">\r\n        <div class=\"ico-minus\"><\/div>\r\n        <div class=\"ico-plus\"><\/div>\r\n    <\/div>\r\n<\/div>\r\n<div class=\"acc-body\">\r\n    <div class=\"acc-content\">\r\n        <p>L 26,7 cm x B 12,5 cm x H 5 cm.<br \/>\n<span style=\"text-decoration: underline;\"><a href=\"https:\/\/www.atelierduvin.com\/produit\/soft-machine-crystal\/\">1 Soft Machine\u00ae Crystal<\/a><\/span><br \/>\n<span style=\"text-decoration: underline;\"><a href=\"https:\/\/www.atelierduvin.com\/produit\/pince-a-bouchon\/\">1 Pince \u00e0 Bouchon<\/a><\/span><br \/>\n<span style=\"text-decoration: underline;\"><a href=\"https:\/\/www.atelierduvin.com\/produit\/verseur-feuille\/\">1 Verseur-feuille<\/a><\/span><br \/>\n<span style=\"text-decoration: underline;\"><a href=\"https:\/\/www.atelierduvin.com\/produit\/gardbulles-metal\/\">1 Gard\u2019Bulles M\u00e9tal<\/a><\/span><\/p>\n    <\/div>\r\n<\/div>","protected":false},"excerpt":{"rendered":"<p>Dieses minimale kostbare Taschenset spricht mit seinem klaren und sorgf\u00e4ltig verarbeitetem Design den Sammler in Ihnen an. In v\u00f6lliger Intimit\u00e4t ehrt Oeno Collection 3 Ihren pers\u00f6nlichen Weinkeller, Ihre besonderen G\u00e4ste, Ihren privaten Verkostungstisch und Ihre Lebenskunst.<\/p>\n","protected":false},"featured_media":191387,"template":"","meta":{"_acf_changed":false},"product_brand":[],"product_cat":[711,725,730,743,404,401,407,347,398],"product_tag":[421],"class_list":{"0":"post-67328","1":"product","2":"type-product","3":"status-publish","4":"has-post-thumbnail","6":"product_cat-essentielle-weingeschenksets","7":"product_cat-geschenke-fur-ihn","8":"product_cat-vatertag-geschenkideen","9":"product_cat-unter-150-euro","10":"product_cat-weinaccessoire-kollektion","11":"product_cat-luxurioese-geschenke","12":"product_cat-personalisierung","13":"product_cat-wein-zubehoer-set","14":"product_cat-geschenke-fuer-ihn","15":"product_tag-personalisierbar","16":"tm-has-options","18":"first","19":"instock","20":"taxable","21":"shipping-taxable","22":"purchasable","23":"product-type-variable","24":"has-default-attributes"},"bundled_by":[],"bundle_stock_status":"instock","bundle_stock_quantity":null,"bundle_virtual":false,"bundle_layout":"","bundle_add_to_cart_form_location":"","bundle_editable_in_cart":false,"bundle_sold_individually_context":"","bundle_item_grouping":"","bundle_min_size":"","bundle_max_size":"","bundle_price":[],"bundled_items":[],"bundle_sell_ids":[151018,151017,151004],"acf":[],"df_price":91.67,"df_sale_price":"","df_regular_price":91.67,"df_image_link":"https:\/\/www.atelierduvin.com\/wp-content\/uploads\/OenoCollection3_packshot_ouvert_HD-437x450.jpg","_links":{"self":[{"href":"https:\/\/www.atelierduvin.com\/de\/wp-json\/wp\/v2\/product\/67328","targetHints":{"allow":["GET"]}}],"collection":[{"href":"https:\/\/www.atelierduvin.com\/de\/wp-json\/wp\/v2\/product"}],"about":[{"href":"https:\/\/www.atelierduvin.com\/de\/wp-json\/wp\/v2\/types\/product"}],"wp:featuredmedia":[{"embeddable":true,"href":"https:\/\/www.atelierduvin.com\/de\/wp-json\/wp\/v2\/media\/191387"}],"wp:attachment":[{"href":"https:\/\/www.atelierduvin.com\/de\/wp-json\/wp\/v2\/media?parent=67328"}],"wp:term":[{"taxonomy":"product_brand","embeddable":true,"href":"https:\/\/www.atelierduvin.com\/de\/wp-json\/wp\/v2\/product_brand?post=67328"},{"taxonomy":"product_cat","embeddable":true,"href":"https:\/\/www.atelierduvin.com\/de\/wp-json\/wp\/v2\/product_cat?post=67328"},{"taxonomy":"product_tag","embeddable":true,"href":"https:\/\/www.atelierduvin.com\/de\/wp-json\/wp\/v2\/product_tag?post=67328"}],"curies":[{"name":"wp","href":"https:\/\/api.w.org\/{rel}","templated":true}]}}