{"id":67324,"date":"2021-08-05T13:25:59","date_gmt":"2021-08-05T11:25:59","guid":{"rendered":"https:\/\/www.refonte-adv.votre-projet.com\/product\/oeno-collection-4\/"},"modified":"2026-05-11T12:01:34","modified_gmt":"2026-05-11T10:01:34","slug":"oeno-collection-4","status":"publish","type":"product","link":"https:\/\/www.atelierduvin.com\/de\/produkt\/oeno-collection-4\/","title":{"rendered":"Oeno Collection 4"},"content":{"rendered":"\n<div class=\"wp-block-columns is-layout-flex wp-container-core-columns-is-layout-9d6595d7 wp-block-columns-is-layout-flex\">\n<div class=\"wp-block-column is-layout-flow wp-block-column-is-layout-flow\">\n<p>Oben, Ihr erlesenes <strong>Kellnermesser Soft Machine Dandy<\/strong>. Eine Sonderausgabe aus Edelstahl, Messing und Azetat, deren braunen T\u00f6ne mit dem Licht und der Vergoldung der sch\u00f6nen, hei\u00df gepr\u00e4gten Buchstaben von L\u2018Atelier du Vin spielen. Welch Eleganz! Seine Kurve bildet ein Komma, das wie ein exklusives, einer Verkostung gewidmetes Intermezzo wirkt. Von Hand zusammengesetzt und veredelt. Integrierter Kapselschneider und Flaschen\u00f6ffner. Sobald der Hebel auf dem Flaschenhals ansetzt, gleitet die Spindel rotierend nach oben und l\u00f6st damit spielerisch leicht den Korken aus seiner Verankerung. Ein einzigartiges System, dessen Design von L\u2018Atelier du Vin gesch\u00fctzt wurde.<\/p>\n<\/div>\n\n\n\n<div class=\"wp-block-column is-layout-flow wp-block-column-is-layout-flow\">\n<p>Unten, Ihre <a href=\"\/de\/produkt\/champagnerzange\/\"><span style=\"text-decoration: underline;\"><strong>Champagnerzange<\/strong> <\/span><\/a>aus verchromtem Metall. Ein wahrlich magisches Instrument, das durch seinen originellen \u00d6ffnungsmechanismus zu \u00fcberzeugen wei\u00df. Wird sein Kiefer mit dem Griff in der Hand um den Korken gelegt, bedarf es lediglich einer einfachen Drehung, begleitet von einem leichten Druck mit dem Daumen oder Zeigefinger. Mit verbl\u00fcffender Leichtigkeit l\u00f6st sich der Korken von selbst. Er verbleibt in dem \u00d6ffner, ohne herauszuspringen. Dieses Weinaccessoire ist zweifelsohne die sicherste und praktischste L\u00f6sung, um Ihre Champagnerflaschen verlustfrei zu \u00f6ffnen.<\/p>\n<\/div>\n<\/div>\n    <div class=\"separator mobile-hidden\" style=\"height:40px\"><\/div>\r\n    <div class=\"separator laptop-hidden\" style=\"height:20px\"><\/div>\r\n<div class=\"acc-head\">\r\n    <p>\r\n        Eigenschaften    <\/p>\r\n    <div class=\"acc-icon\">\r\n        <div class=\"ico-minus\"><\/div>\r\n        <div class=\"ico-plus\"><\/div>\r\n    <\/div>\r\n<\/div>\r\n<div class=\"acc-body\">\r\n    <div class=\"acc-content\">\r\n        <p>1 Soft Machine Dandy<br \/>\n<a href=\"https:\/\/www.atelierduvin.com\/de\/produkt\/champagnerzange\/\"><span style=\"text-decoration: underline;\">1 Champagnerzange<\/span><\/a><\/p>\n    <\/div>\r\n<\/div>","protected":false},"excerpt":{"rendered":"<p><strong>Die Oeno Collection 4<\/strong> richtet sich an alle Liebhaber von Wein und sch\u00f6nen Dingen. Sie bringt die Augen eines jeden Sammlers zum Leuchten. Dieses Sommeliersammlerset im Miniaturformat besticht durch seine hochwertige Verarbeitung.<\/p>\n","protected":false},"featured_media":188308,"template":"","meta":{"_acf_changed":false},"product_brand":[],"product_cat":[711,730,743,404,407,347,395],"product_tag":[421],"class_list":{"0":"post-67324","1":"product","2":"type-product","3":"status-publish","4":"has-post-thumbnail","6":"product_cat-essentielle-weingeschenksets","7":"product_cat-vatertag-geschenkideen","8":"product_cat-unter-150-euro","9":"product_cat-weinaccessoire-kollektion","10":"product_cat-personalisierung","11":"product_cat-wein-zubehoer-set","12":"product_cat-alles-anzeigen","13":"product_tag-personalisierbar","14":"tm-has-options","16":"first","17":"instock","18":"taxable","19":"shipping-taxable","20":"purchasable","21":"product-type-variable","22":"has-default-attributes"},"bundled_by":[],"bundle_stock_status":"instock","bundle_stock_quantity":null,"bundle_virtual":false,"bundle_layout":"","bundle_add_to_cart_form_location":"","bundle_editable_in_cart":false,"bundle_sold_individually_context":"","bundle_item_grouping":"","bundle_min_size":"","bundle_max_size":"","bundle_price":[],"bundled_items":[],"bundle_sell_ids":[151018,151017,151004],"acf":[],"df_price":125,"df_sale_price":"","df_regular_price":125,"df_image_link":"https:\/\/www.atelierduvin.com\/wp-content\/uploads\/OENO-COLLECTION-4-ouvert-34-HD-450x450.jpg","_links":{"self":[{"href":"https:\/\/www.atelierduvin.com\/de\/wp-json\/wp\/v2\/product\/67324","targetHints":{"allow":["GET"]}}],"collection":[{"href":"https:\/\/www.atelierduvin.com\/de\/wp-json\/wp\/v2\/product"}],"about":[{"href":"https:\/\/www.atelierduvin.com\/de\/wp-json\/wp\/v2\/types\/product"}],"wp:featuredmedia":[{"embeddable":true,"href":"https:\/\/www.atelierduvin.com\/de\/wp-json\/wp\/v2\/media\/188308"}],"wp:attachment":[{"href":"https:\/\/www.atelierduvin.com\/de\/wp-json\/wp\/v2\/media?parent=67324"}],"wp:term":[{"taxonomy":"product_brand","embeddable":true,"href":"https:\/\/www.atelierduvin.com\/de\/wp-json\/wp\/v2\/product_brand?post=67324"},{"taxonomy":"product_cat","embeddable":true,"href":"https:\/\/www.atelierduvin.com\/de\/wp-json\/wp\/v2\/product_cat?post=67324"},{"taxonomy":"product_tag","embeddable":true,"href":"https:\/\/www.atelierduvin.com\/de\/wp-json\/wp\/v2\/product_tag?post=67324"}],"curies":[{"name":"wp","href":"https:\/\/api.w.org\/{rel}","templated":true}]}}