{"id":67308,"date":"2018-11-28T11:14:24","date_gmt":"2018-11-28T10:14:24","guid":{"rendered":"https:\/\/www.refonte-adv.votre-projet.com\/product\/weinquiz\/"},"modified":"2026-05-11T12:00:27","modified_gmt":"2026-05-11T10:00:27","slug":"weinquiz","status":"publish","type":"product","link":"https:\/\/www.atelierduvin.com\/de\/produkt\/weinquiz\/","title":{"rendered":"Weinquiz"},"content":{"rendered":"<div class=\"gallery\">\r\n            <div class=\"gallery-row row\">\r\n                                <div style=\"flex:1.25\">\r\n                        <img decoding=\"async\" src=\"https:\/\/www.atelierduvin.com\/wp-content\/uploads\/QuizduVin_ambiance.jpg\" alt=\"\" loading=\"eager\" >                    <\/div>\r\n                        <\/div>\r\n    <\/div>\n\n\n<h2 class=\"wp-block-heading\">Die Expertise von L\u2019Atelier du Vin f\u00fcr Ihren Genuss<\/h2>\n\n\n\n<p>Entwickelt von L\u2019Atelier du Vin in Zusammenarbeit mit David Cobbold und S\u00e9bastien Durand-Viel \u2013 angesehenen Weintestern, Autoren und P\u00e4dagogen \u2013 ist das Wein-Quiz weit mehr als ein einfaches Spiel. Es ist ein Nachschlagewerk, um Ihr oenologisches Wissen zu vertiefen, die Welt des Weins zu erkunden und jede Verkostung zu einem bereichernden, gemeinsamen Erlebnis zu machen.<\/p>\n\n\n\n<p>Ob zur pers\u00f6nlichen Weiterbildung oder zur Gestaltung eines Abends unter Weinliebhabern \u2013 dieses Quiz passt sich allen Kenntnisstufen an, dank seiner p\u00e4dagogischen Strenge und spielerischen Herangehensweise.<\/p>\n\n\n    <div class=\"separator mobile-hidden\" style=\"height:40px\"><\/div>\r\n    <div class=\"separator laptop-hidden\" style=\"height:20px\"><\/div>\r\n\n\n\n<h2 class=\"wp-block-heading\">Eine umfassende Reise durch 6 zentrale Themen<\/h2>\n\n\n\n<p>Das Wein-Quiz deckt das gesamte Spektrum der Weinkultur mit sechs grundlegenden Themen ab und ist somit ein unverzichtbares Werk f\u00fcr jede oenologische Bibliothek:<\/p>\n\n\n<ul>\n<li><strong>Weinberge und Weinregionen der Welt:<\/strong> Rebsorten, Terroirs und geographische Besonderheiten auf allen Kontinenten.<\/li>\n<li><strong>Rebe und Weinbereitung:<\/strong> Technische Geheimnisse des Weinbaus und der Weinherstellung in Frankreich und international.<\/li>\n<li><strong>Weingeschichte:<\/strong> Von den Anf\u00e4ngen bis heute \u2013 entdecken Sie, wie Weinbau Zivilisationen gepr\u00e4gt hat.<\/li>\n<li><strong>Verkostung:<\/strong> Vorbereitung, Analyse von Farbe, Bouquet und Aromen f\u00fcr erneuten Genuss bei jeder Flasche.<\/li>\n<li><strong>Kunst und Wein:<\/strong> Wie Wein Malerei, Skulptur, Architektur, Musik und Literatur inspiriert hat.<\/li>\n<li><strong>Legend\u00e4re Weine:<\/strong> Von mythischen Weing\u00fctern bis zu den seltensten Flaschen \u2013 erkunden Sie das Pantheon der Weltweine.<\/li>\n<\/ul>\n\n\n    <div class=\"separator mobile-hidden\" style=\"height:40px\"><\/div>\r\n    <div class=\"separator laptop-hidden\" style=\"height:20px\"><\/div>\r\n\n\n\n<h2 class=\"wp-block-heading\">Warum ist es der ideale Begleiter f\u00fcr Ihre Verkostungen?<\/h2>\n\n\n\n<p>Wein besser zu verstehen, bereichert Ihr Genuss-Erlebnis. Wer die Codes der Oenologie beherrscht, trinkt nicht einfach eine Flasche \u2013 er interpretiert, erz\u00e4hlt ihre Geschichte und teilt sie mit neuen Emotionen.<\/p>\n\n\n\n<p>Ob f\u00fcr Verkostungsabende oder zur eigenen Weiterbildung \u2013 das Wein-Quiz eignet sich f\u00fcr alle Wissensstufen und verbindet Strenge mit spielerischem Vergn\u00fcgen.<\/p>\n\n\n    <div class=\"separator mobile-hidden\" style=\"height:40px\"><\/div>\r\n    <div class=\"separator laptop-hidden\" style=\"height:20px\"><\/div>\r\n\n\n<div class=\"acc-head\">\r\n    <p>\r\n        <h3>Edition-Details<\/h3>    <\/p>\r\n    <div class=\"acc-icon\">\r\n        <div class=\"ico-minus\"><\/div>\r\n        <div class=\"ico-plus\"><\/div>\r\n    <\/div>\r\n<\/div>\r\n<div class=\"acc-body\">\r\n    <div class=\"acc-content\">\r\n        <p><strong>Co-Autoren<\/strong>: David Cobbold &amp; S\u00e9bastien Durand-Viel<\/p>\n<p><strong>Format<\/strong>: Frage-Antwort-Handbuch, \u00fcberarbeitet und erweitert<\/p>\n<p><strong>Vertrieb<\/strong>: \u00dcber 100.000 verkaufte Exemplare, in 6 Sprachen \u00fcbersetzt<\/p>\n<p><strong>Philosophie<\/strong>: Fachliche Expertise mit spielerischem Vergn\u00fcgen verbinden<\/p>\n    <\/div>\r\n<\/div>\n\n    <div class=\"separator mobile-hidden\" style=\"height:40px\"><\/div>\r\n    <div class=\"separator laptop-hidden\" style=\"height:20px\"><\/div>\r\n\n\n\n<h2 class=\"wp-block-heading\">FAQ: Alles, was Sie \u00fcber das Wein-Quiz wissen m\u00fcssen<\/h2>\n\n\n    <div class=\"separator mobile-hidden\" style=\"height:40px\"><\/div>\r\n    <div class=\"separator laptop-hidden\" style=\"height:20px\"><\/div>\r\n\n\n<div class=\"acc-head\">\r\n    <p>\r\n        Wer sind die Autoren des Wein-Quiz?    <\/p>\r\n    <div class=\"acc-icon\">\r\n        <div class=\"ico-minus\"><\/div>\r\n        <div class=\"ico-plus\"><\/div>\r\n    <\/div>\r\n<\/div>\r\n<div class=\"acc-body\">\r\n    <div class=\"acc-content\">\r\n        <p>Der Inhalt wurde von David Cobbold und S\u00e9bastien Durand-Viel entwickelt, Experten, die f\u00fcr ihre Karriere als Weintester, Autoren und Lehrer in der Welt des Weins anerkannt sind.<\/p>\n    <\/div>\r\n<\/div>\n\n<div class=\"acc-head\">\r\n    <p>\r\n        Behandelt das Wein-Quiz nur franz\u00f6sische Weine?    <\/p>\r\n    <div class=\"acc-icon\">\r\n        <div class=\"ico-minus\"><\/div>\r\n        <div class=\"ico-plus\"><\/div>\r\n    <\/div>\r\n<\/div>\r\n<div class=\"acc-body\">\r\n    <div class=\"acc-content\">\r\n        <p>Nein, es verfolgt einen globalen Ansatz und behandelt Weinberge, Rebsorten und Weinbereitungstechniken sowohl der Alten als auch der Neuen Welt.<\/p>\n    <\/div>\r\n<\/div>\n\n<div class=\"acc-head\">\r\n    <p>\r\n        Ist dieses Quiz f\u00fcr Anf\u00e4nger geeignet?    <\/p>\r\n    <div class=\"acc-icon\">\r\n        <div class=\"ico-minus\"><\/div>\r\n        <div class=\"ico-plus\"><\/div>\r\n    <\/div>\r\n<\/div>\r\n<div class=\"acc-body\">\r\n    <div class=\"acc-content\">\r\n        <p>Ja. Die thematische Struktur erm\u00f6glicht es Anf\u00e4ngern, die Grundlagen zu erlernen, w\u00e4hrend Experten anspruchsvolle Fragen zu legend\u00e4ren Weinen und zur Weingeschichte erhalten.<\/p>\n    <\/div>\r\n<\/div>\n\n<div class=\"acc-head\">\r\n    <p>\r\n        Wie hilft das Wein-Quiz, die Verkostung zu verbessern?    <\/p>\r\n    <div class=\"acc-icon\">\r\n        <div class=\"ico-minus\"><\/div>\r\n        <div class=\"ico-plus\"><\/div>\r\n    <\/div>\r\n<\/div>\r\n<div class=\"acc-body\">\r\n    <div class=\"acc-content\">\r\n        <p>Der Abschnitt \u201eVerkostung\u201c liefert alle wichtigen Hinweise zur richtigen Vorbereitung des Weins (Temperatur, Dekantieren) und zum pr\u00e4zisen Beschreiben der eigenen Sinneseindr\u00fccke.<\/p>\n    <\/div>\r\n<\/div>\n\n<div class=\"acc-head\">\r\n    <p>\r\n        Warum sollte man das Wein-Quiz verschenken?    <\/p>\r\n    <div class=\"acc-icon\">\r\n        <div class=\"ico-minus\"><\/div>\r\n        <div class=\"ico-plus\"><\/div>\r\n    <\/div>\r\n<\/div>\r\n<div class=\"acc-body\">\r\n    <div class=\"acc-content\">\r\n        <p>Es ist ein elegantes Geschenk f\u00fcr jeden Weinliebhaber, ein Objekt zum Aufbewahren, Teilen und Verschenken. Jede Verkostung wird so zu einem kulturellen und spielerischen Erlebnis.<\/p>\n    <\/div>\r\n<\/div>\n\n<div class=\"acc-head\">\r\n    <p>\r\n        Worin unterscheidet sich das Wein-Quiz von einem einfachen Weinspiel?    <\/p>\r\n    <div class=\"acc-icon\">\r\n        <div class=\"ico-minus\"><\/div>\r\n        <div class=\"ico-plus\"><\/div>\r\n    <\/div>\r\n<\/div>\r\n<div class=\"acc-body\">\r\n    <div class=\"acc-content\">\r\n        <p>Im Gegensatz zu einem normalen Spiel kombiniert es Fachwissen, P\u00e4dagogik und spielerischen Genuss, um Ihr Weinwissen dauerhaft zu erweitern.<\/p>\n    <\/div>\r\n<\/div>\n\n\n<script type=\"application\/ld+json\">\n{\n  \"@context\": \"https:\/\/schema.org\",\n  \"@type\": \"FAQPage\",\n  \"mainEntity\": [\n    {\n      \"@type\": \"Question\",\n      \"name\": \"Wer sind die Autoren des Wein-Quiz?\",\n      \"acceptedAnswer\": {\n        \"@type\": \"Answer\",\n        \"text\": \"Der Inhalt wurde von David Cobbold und S\u00e9bastien Durand-Viel entwickelt, Experten, die f\u00fcr ihre Karriere als Weintester, Autoren und Lehrer in der Welt des Weins anerkannt sind.\"\n      }\n    },\n    {\n      \"@type\": \"Question\",\n      \"name\": \"Behandelt das Wein-Quiz nur franz\u00f6sische Weine?\",\n      \"acceptedAnswer\": {\n        \"@type\": \"Answer\",\n        \"text\": \"Nein, es verfolgt einen globalen Ansatz und behandelt Weinberge, Rebsorten und Weinbereitungstechniken sowohl der Alten als auch der Neuen Welt.\"\n      }\n    },\n    {\n      \"@type\": \"Question\",\n      \"name\": \"Ist dieses Quiz f\u00fcr Anf\u00e4nger geeignet?\",\n      \"acceptedAnswer\": {\n        \"@type\": \"Answer\",\n        \"text\": \"Ja. Die thematische Struktur erm\u00f6glicht es Anf\u00e4ngern, die Grundlagen zu erlernen, w\u00e4hrend Experten anspruchsvolle Fragen zu legend\u00e4ren Weinen und zur Weingeschichte erhalten.\"\n      }\n    },\n    {\n      \"@type\": \"Question\",\n      \"name\": \"Wie hilft das Wein-Quiz, die Verkostung zu verbessern?\",\n      \"acceptedAnswer\": {\n        \"@type\": \"Answer\",\n        \"text\": \"Der Abschnitt 'Verkostung' liefert alle wichtigen Hinweise zur richtigen Vorbereitung des Weins (Temperatur, Dekantieren) und zum pr\u00e4zisen Beschreiben der eigenen Sinneseindr\u00fccke.\"\n      }\n    },\n    {\n      \"@type\": \"Question\",\n      \"name\": \"Warum sollte man das Wein-Quiz verschenken?\",\n      \"acceptedAnswer\": {\n        \"@type\": \"Answer\",\n        \"text\": \"Es ist ein elegantes Geschenk f\u00fcr jeden Weinliebhaber, ein Objekt zum Aufbewahren, Teilen und Verschenken. Jede Verkostung wird so zu einem kulturellen und spielerischen Erlebnis.\"\n      }\n    },\n    {\n      \"@type\": \"Question\",\n      \"name\": \"Worin unterscheidet sich das Wein-Quiz von einem einfachen Weinspiel?\",\n      \"acceptedAnswer\": {\n        \"@type\": \"Answer\",\n        \"text\": \"Im Gegensatz zu einem normalen Spiel kombiniert es Fachwissen, P\u00e4dagogik und spielerischen Genuss, um Ihr Weinwissen dauerhaft zu erweitern.\"\n      }\n    }\n  ]\n}\n<\/script>\n\n","protected":false},"excerpt":{"rendered":"<p>Franz\u00f6sische Version. 264 Fragen und Antworten, um Ihr Weinwissen zu vertiefen \u2013 von der Geschichte der Weinberge bis zu den legend\u00e4rsten Weinen der Welt. Geschrieben von David Cobbold und S\u00e9bastien Durand-Viel, renommierten Weinkritikern, Autoren und Lehrern.<\/p>\n","protected":false},"featured_media":188358,"template":"","meta":{"_acf_changed":true},"product_brand":[],"product_cat":[391,400,404],"product_tag":[],"class_list":{"0":"post-67308","1":"product","2":"type-product","3":"status-publish","4":"has-post-thumbnail","6":"product_cat-quiz-und-wissenswertes","7":"product_cat-geschenke-fuer-profis","8":"product_cat-weinaccessoire-kollektion","9":"tm-no-options","11":"first","12":"instock","13":"taxable","14":"shipping-taxable","15":"purchasable","16":"product-type-simple"},"bundled_by":[],"bundle_stock_status":"instock","bundle_stock_quantity":1757,"bundle_virtual":false,"bundle_layout":"","bundle_add_to_cart_form_location":"","bundle_editable_in_cart":false,"bundle_sold_individually_context":"","bundle_item_grouping":"","bundle_min_size":"","bundle_max_size":"","bundle_price":[],"bundled_items":[],"bundle_sell_ids":[151018,151017,151004],"acf":[],"df_price":26.07,"df_sale_price":"","df_regular_price":26.07,"df_image_link":"https:\/\/www.atelierduvin.com\/wp-content\/uploads\/QuizduVin_packshot_ouvert_2022_HD-450x450.jpg","_links":{"self":[{"href":"https:\/\/www.atelierduvin.com\/de\/wp-json\/wp\/v2\/product\/67308","targetHints":{"allow":["GET"]}}],"collection":[{"href":"https:\/\/www.atelierduvin.com\/de\/wp-json\/wp\/v2\/product"}],"about":[{"href":"https:\/\/www.atelierduvin.com\/de\/wp-json\/wp\/v2\/types\/product"}],"wp:featuredmedia":[{"embeddable":true,"href":"https:\/\/www.atelierduvin.com\/de\/wp-json\/wp\/v2\/media\/188358"}],"wp:attachment":[{"href":"https:\/\/www.atelierduvin.com\/de\/wp-json\/wp\/v2\/media?parent=67308"}],"wp:term":[{"taxonomy":"product_brand","embeddable":true,"href":"https:\/\/www.atelierduvin.com\/de\/wp-json\/wp\/v2\/product_brand?post=67308"},{"taxonomy":"product_cat","embeddable":true,"href":"https:\/\/www.atelierduvin.com\/de\/wp-json\/wp\/v2\/product_cat?post=67308"},{"taxonomy":"product_tag","embeddable":true,"href":"https:\/\/www.atelierduvin.com\/de\/wp-json\/wp\/v2\/product_tag?post=67308"}],"curies":[{"name":"wp","href":"https:\/\/api.w.org\/{rel}","templated":true}]}}