{"id":67281,"date":"2018-11-28T11:14:35","date_gmt":"2018-11-28T10:14:35","guid":{"rendered":"https:\/\/www.refonte-adv.votre-projet.com\/product\/city-rack-bois\/"},"modified":"2026-05-11T12:00:40","modified_gmt":"2026-05-11T10:00:40","slug":"city-rack-bois","status":"publish","type":"product","link":"https:\/\/www.atelierduvin.com\/de\/produkt\/city-rack-bois\/","title":{"rendered":"City Rack Bois"},"content":{"rendered":"","protected":false},"excerpt":{"rendered":"<p>City Rack\u00ae passt in jede Stadtk\u00fcche. Es dient zur Aufbewahrung von Flaschen f\u00fcr den t\u00e4glichen Gebrauch, wie z.\u00a0B. Weinen, Champagner, Wasser und Limonaden.<\/p>\n","protected":false},"featured_media":67282,"template":"","meta":{"_acf_changed":false},"product_brand":[],"product_cat":[357,404,358],"product_tag":[],"class_list":{"0":"post-67281","1":"product","2":"type-product","3":"status-publish","4":"has-post-thumbnail","6":"product_cat-weinkellerzubehoer-und-beleuchtung","7":"product_cat-weinaccessoire-kollektion","8":"product_cat-spezielle-angebote","9":"tm-no-options","11":"first","12":"instock","13":"sale","14":"taxable","15":"shipping-taxable","16":"purchasable","17":"product-type-simple"},"bundled_by":[],"bundle_stock_status":"instock","bundle_stock_quantity":91,"bundle_virtual":false,"bundle_layout":"","bundle_add_to_cart_form_location":"","bundle_editable_in_cart":false,"bundle_sold_individually_context":"","bundle_item_grouping":"","bundle_min_size":"","bundle_max_size":"","bundle_price":[],"bundled_items":[],"bundle_sell_ids":[151018,151017,151004],"acf":[],"df_price":14.58,"df_sale_price":14.58,"df_regular_price":29.17,"df_image_link":"https:\/\/www.atelierduvin.com\/wp-content\/uploads\/City-Rack-noir-e1599141843125-419x450.png","_links":{"self":[{"href":"https:\/\/www.atelierduvin.com\/de\/wp-json\/wp\/v2\/product\/67281","targetHints":{"allow":["GET"]}}],"collection":[{"href":"https:\/\/www.atelierduvin.com\/de\/wp-json\/wp\/v2\/product"}],"about":[{"href":"https:\/\/www.atelierduvin.com\/de\/wp-json\/wp\/v2\/types\/product"}],"wp:featuredmedia":[{"embeddable":true,"href":"https:\/\/www.atelierduvin.com\/de\/wp-json\/wp\/v2\/media\/67282"}],"wp:attachment":[{"href":"https:\/\/www.atelierduvin.com\/de\/wp-json\/wp\/v2\/media?parent=67281"}],"wp:term":[{"taxonomy":"product_brand","embeddable":true,"href":"https:\/\/www.atelierduvin.com\/de\/wp-json\/wp\/v2\/product_brand?post=67281"},{"taxonomy":"product_cat","embeddable":true,"href":"https:\/\/www.atelierduvin.com\/de\/wp-json\/wp\/v2\/product_cat?post=67281"},{"taxonomy":"product_tag","embeddable":true,"href":"https:\/\/www.atelierduvin.com\/de\/wp-json\/wp\/v2\/product_tag?post=67281"}],"curies":[{"name":"wp","href":"https:\/\/api.w.org\/{rel}","templated":true}]}}