{"id":67270,"date":"2018-11-28T11:14:29","date_gmt":"2018-11-28T10:14:29","guid":{"rendered":"https:\/\/www.refonte-adv.votre-projet.com\/product\/cristal-cleaner\/"},"modified":"2026-05-11T12:00:39","modified_gmt":"2026-05-11T10:00:39","slug":"cristal-cleaner","status":"publish","type":"product","link":"https:\/\/www.atelierduvin.com\/de\/produkt\/cristal-cleaner\/","title":{"rendered":"Cristal Cleaner"},"content":{"rendered":"<div class=\"gallery\">\r\n            <div class=\"gallery-row row\">\r\n                                <div style=\"flex:0.99842354177614\">\r\n                        <img decoding=\"async\" src=\"https:\/\/www.atelierduvin.com\/wp-content\/uploads\/Cristal-Cleaner-verres.jpg\" alt=\"\" loading=\"eager\" >                    <\/div>\r\n                        <\/div>\r\n    <\/div>\n<p><\/p>\n","protected":false},"excerpt":{"rendered":"<p>Das dicke Glasreinigungstuch &#8220;Cristal Cleaner\u201c aus hochwertiger Mikrofaser reinigt Ihre Glaswaren und Kristallgegenst\u00e4nde und verleiht ihnen einen unvergleichlichen Glanz. Als umweltschonende L\u00f6sung macht es auch Reinigungsmittel \u00fcberfl\u00fcssig, deren R\u00fcckst\u00e4nde oft verborgene Aromen des Weins \u00fcberlagern.<\/p>\n","protected":false},"featured_media":302817,"template":"","meta":{"_acf_changed":false},"product_brand":[],"product_cat":[349,404,350],"product_tag":[],"class_list":{"0":"post-67270","1":"product","2":"type-product","3":"status-publish","4":"has-post-thumbnail","6":"product_cat-aufbewahrung_und_prasentation","7":"product_cat-weinaccessoire-kollektion","8":"product_cat-glaser_und_karaffen","9":"tm-no-options","11":"first","12":"instock","13":"taxable","14":"shipping-taxable","15":"purchasable","16":"product-type-simple"},"bundled_by":[],"bundle_stock_status":"instock","bundle_stock_quantity":362,"bundle_virtual":false,"bundle_layout":"","bundle_add_to_cart_form_location":"","bundle_editable_in_cart":false,"bundle_sold_individually_context":"","bundle_item_grouping":"","bundle_min_size":"","bundle_max_size":"","bundle_price":[],"bundled_items":[],"bundle_sell_ids":[],"acf":[],"df_price":23.33,"df_sale_price":"","df_regular_price":23.33,"df_image_link":"https:\/\/www.atelierduvin.com\/wp-content\/uploads\/CristalCleaner-450x450.jpg","_links":{"self":[{"href":"https:\/\/www.atelierduvin.com\/de\/wp-json\/wp\/v2\/product\/67270","targetHints":{"allow":["GET"]}}],"collection":[{"href":"https:\/\/www.atelierduvin.com\/de\/wp-json\/wp\/v2\/product"}],"about":[{"href":"https:\/\/www.atelierduvin.com\/de\/wp-json\/wp\/v2\/types\/product"}],"wp:featuredmedia":[{"embeddable":true,"href":"https:\/\/www.atelierduvin.com\/de\/wp-json\/wp\/v2\/media\/302817"}],"wp:attachment":[{"href":"https:\/\/www.atelierduvin.com\/de\/wp-json\/wp\/v2\/media?parent=67270"}],"wp:term":[{"taxonomy":"product_brand","embeddable":true,"href":"https:\/\/www.atelierduvin.com\/de\/wp-json\/wp\/v2\/product_brand?post=67270"},{"taxonomy":"product_cat","embeddable":true,"href":"https:\/\/www.atelierduvin.com\/de\/wp-json\/wp\/v2\/product_cat?post=67270"},{"taxonomy":"product_tag","embeddable":true,"href":"https:\/\/www.atelierduvin.com\/de\/wp-json\/wp\/v2\/product_tag?post=67270"}],"curies":[{"name":"wp","href":"https:\/\/api.w.org\/{rel}","templated":true}]}}