{"id":67267,"date":"2018-11-28T11:14:46","date_gmt":"2018-11-28T10:14:46","guid":{"rendered":"https:\/\/www.refonte-adv.votre-projet.com\/product\/reinigungskugelm-im-beutel\/"},"modified":"2026-05-11T12:00:49","modified_gmt":"2026-05-11T10:00:49","slug":"reinigungskugeln-im-beutel","status":"publish","type":"product","link":"https:\/\/www.atelierduvin.com\/de\/produkt\/reinigungskugeln-im-beutel\/","title":{"rendered":"Reinigungskugeln im Beutel"},"content":{"rendered":"<p><strong>Gebrauchsanweisung:<\/strong><\/p>\n<ul>\n<li>Reinigung: Geben Sie die Reinigungsperlen in das Gef\u00e4\u00df. F\u00fcgen Sie etwas warmes Wasser hinzu, bei Bedarf auch Seife. Schwenken Sie die Karaffe mit einer gro\u00dfz\u00fcgigen Bewegung, sodass die Perlen \u00fcber die Oberfl\u00e4che rollen und Ablagerungen sowie R\u00fcckst\u00e4nde l\u00f6sen.<\/li>\n<li>Entfernen der Perlen: St\u00fclpen Sie das Netzs\u00e4ckchen \u00fcber den Flaschenhals und gie\u00dfen Sie die Perlen vorsichtig hinein, w\u00e4hrend Sie das S\u00e4ckchen festhalten.<\/li>\n<li>Reinigung der Perlen:Sp\u00fclen Sie die Perlen von Hand im Netzs\u00e4ckchen mit lauwarmem Wasser und lassen Sie sie anschlie\u00dfend vollst\u00e4ndig trocknen.<\/li>\n<\/ul>\n    <div class=\"separator mobile-hidden\" style=\"height:40px\"><\/div>\r\n    <div class=\"separator laptop-hidden\" style=\"height:20px\"><\/div>\r\n<div class=\"acc-head\">\r\n    <p>\r\n        Eigenschaften    <\/p>\r\n    <div class=\"acc-icon\">\r\n        <div class=\"ico-minus\"><\/div>\r\n        <div class=\"ico-plus\"><\/div>\r\n    <\/div>\r\n<\/div>\r\n<div class=\"acc-body\">\r\n    <div class=\"acc-content\">\r\n        <p>Keramikkugeln (D 0,6 cm), Polyesterbeutel.<br \/>\nF\u00fcr Lebensmittel zugelassen. Nicht verschlucken.<\/p>\n    <\/div>\r\n<\/div>","protected":false},"excerpt":{"rendered":"<p>Reinigungskugeln aus Keramik zum umweltschonenden und geschmacksneutralen S\u00e4ubern von Karaffen, Vasen und Glasbeh\u00e4ltern. Die Kugeln befinden sich in einem Netzbeutel, aus dem sie sich leicht in den zu reinigenden Beh\u00e4lter hineinrollen lassen. Anschlie\u00dfend lassen sie sich ebenso unkompliziert und ohne eine Kugel zu verlieren wieder darin sammeln, um in kurzer Zeit zu trocknen.<\/p>\n","protected":false},"featured_media":187138,"template":"","meta":{"_acf_changed":false},"product_brand":[],"product_cat":[349,404,350],"product_tag":[],"class_list":{"0":"post-67267","1":"product","2":"type-product","3":"status-publish","4":"has-post-thumbnail","6":"product_cat-aufbewahrung_und_prasentation","7":"product_cat-weinaccessoire-kollektion","8":"product_cat-glaser_und_karaffen","9":"tm-no-options","11":"first","12":"instock","13":"taxable","14":"shipping-taxable","15":"purchasable","16":"product-type-simple"},"bundled_by":[],"bundle_stock_status":"instock","bundle_stock_quantity":2299,"bundle_virtual":false,"bundle_layout":"","bundle_add_to_cart_form_location":"","bundle_editable_in_cart":false,"bundle_sold_individually_context":"","bundle_item_grouping":"","bundle_min_size":"","bundle_max_size":"","bundle_price":[],"bundled_items":[],"bundle_sell_ids":[],"acf":[],"df_price":15.83,"df_sale_price":"","df_regular_price":15.83,"df_image_link":"https:\/\/www.atelierduvin.com\/wp-content\/uploads\/Billes-de-lavage-ouvert-1-450x450.jpg","_links":{"self":[{"href":"https:\/\/www.atelierduvin.com\/de\/wp-json\/wp\/v2\/product\/67267","targetHints":{"allow":["GET"]}}],"collection":[{"href":"https:\/\/www.atelierduvin.com\/de\/wp-json\/wp\/v2\/product"}],"about":[{"href":"https:\/\/www.atelierduvin.com\/de\/wp-json\/wp\/v2\/types\/product"}],"wp:featuredmedia":[{"embeddable":true,"href":"https:\/\/www.atelierduvin.com\/de\/wp-json\/wp\/v2\/media\/187138"}],"wp:attachment":[{"href":"https:\/\/www.atelierduvin.com\/de\/wp-json\/wp\/v2\/media?parent=67267"}],"wp:term":[{"taxonomy":"product_brand","embeddable":true,"href":"https:\/\/www.atelierduvin.com\/de\/wp-json\/wp\/v2\/product_brand?post=67267"},{"taxonomy":"product_cat","embeddable":true,"href":"https:\/\/www.atelierduvin.com\/de\/wp-json\/wp\/v2\/product_cat?post=67267"},{"taxonomy":"product_tag","embeddable":true,"href":"https:\/\/www.atelierduvin.com\/de\/wp-json\/wp\/v2\/product_tag?post=67267"}],"curies":[{"name":"wp","href":"https:\/\/api.w.org\/{rel}","templated":true}]}}