{"id":67260,"date":"2021-07-12T12:00:11","date_gmt":"2021-07-12T10:00:11","guid":{"rendered":"https:\/\/www.refonte-adv.votre-projet.com\/product\/sparkling-set\/"},"modified":"2026-05-11T12:01:34","modified_gmt":"2026-05-11T10:01:34","slug":"sparkling-set","status":"publish","type":"product","link":"https:\/\/www.atelierduvin.com\/de\/produkt\/sparkling-set\/","title":{"rendered":"Sparkling Set"},"content":{"rendered":"\n<p>Das Sparkling Set ist ein exquisites kunsthandwerkliches St\u00fcck aus Nussbaumholz, das Champagnerliebhabern als geheimes Schmuckk\u00e4stchen dient.<\/p>\n\n<p>Geheimnis Nr. 1: Sein erstes Fach beherbergt Deckel und Kapseln, die an viele unvergessliche Verkostungen erinnern.<\/p>\n\n<p>Geheimnis Nr. 2: Durch einen dezenten sanften Mechanismus \u00f6ffnet sich das zweite Fach, das den Blick auf die sch\u00f6nen Accessoires zum \u00d6ffnen und Aufbewahren von feinen Perlweinen freigibt.<\/p>\n\n<p>Geheimnis Nr. 3: ein Geschenk, das prickelnde Festtage verspricht!<\/p>\n    <div class=\"separator mobile-hidden\" style=\"height:40px\"><\/div>\r\n    <div class=\"separator laptop-hidden\" style=\"height:20px\"><\/div>\r\n<div class=\"acc-head\">\r\n    <p>\r\n        Eigenschaften    <\/p>\r\n    <div class=\"acc-icon\">\r\n        <div class=\"ico-minus\"><\/div>\r\n        <div class=\"ico-plus\"><\/div>\r\n    <\/div>\r\n<\/div>\r\n<div class=\"acc-body\">\r\n    <div class=\"acc-content\">\r\n        <p>Das <a href=\"https:\/\/www.atelierduvin.com\/de\/?post_type=product&#038;p=66793\"><span style=\"text-decoration: underline;\"><strong>Mod\u00e8le 54<\/strong><\/span><\/a>, der Universalverschluss, der sich allen Flaschenh\u00e4lsen anpasst, bewahrt das Aroma oder die Bl\u00e4schen Ihrer angebrochenen Flaschen.<br \/>\nZange f\u00fcr <a href=\"https:\/\/www.atelierduvin.com\/de\/produkt\/champagnerzange\/\"><span style=\"text-decoration: underline;\"><strong>Champagner<\/strong><\/span><\/a>&#8211; und feine Perlweinflaschen.<\/p>\n    <\/div>\r\n<\/div>","protected":false},"excerpt":{"rendered":"<p><strong>F\u00fcr ein wahrlich prickelndes Erlebnis!<\/strong> Das SPARKLING SET enth\u00e4lt zwei Accessoires, die beim \u00d6ffnen von Perlweinen und als Begleitung unvergesslicher Degustationen unverzichtbar sind.<\/p>\n<p>&nbsp;<\/p>\n","protected":false},"featured_media":189548,"template":"","meta":{"_acf_changed":false},"product_brand":[],"product_cat":[363,750,404,407,422,347,399,358],"product_tag":[421],"class_list":{"0":"post-67260","1":"product","2":"type-product","3":"status-publish","4":"has-post-thumbnail","6":"product_cat-noble-holz-kollektionen","7":"product_cat-valentinstag-geschenkideen","8":"product_cat-weinaccessoire-kollektion","9":"product_cat-personalisierung","10":"product_cat-service-fuer-schaumwein","11":"product_cat-wein-zubehoer-set","12":"product_cat-geschenke-fuer-weinliebhaber","13":"product_cat-spezielle-angebote","14":"product_tag-personalisierbar","15":"tm-has-options","17":"first","18":"instock","19":"sale","20":"taxable","21":"shipping-taxable","22":"purchasable","23":"product-type-variable","24":"has-default-attributes"},"bundled_by":[],"bundle_stock_status":"instock","bundle_stock_quantity":null,"bundle_virtual":false,"bundle_layout":"","bundle_add_to_cart_form_location":"","bundle_editable_in_cart":false,"bundle_sold_individually_context":"","bundle_item_grouping":"","bundle_min_size":"","bundle_max_size":"","bundle_price":[],"bundled_items":[],"bundle_sell_ids":[151004,151018,151017],"acf":[],"df_price":190.83,"df_sale_price":"","df_regular_price":190.83,"df_image_link":"https:\/\/www.atelierduvin.com\/wp-content\/uploads\/SPARKLING-SET-_-tout-ouvert-HD-450x450.jpg","_links":{"self":[{"href":"https:\/\/www.atelierduvin.com\/de\/wp-json\/wp\/v2\/product\/67260","targetHints":{"allow":["GET"]}}],"collection":[{"href":"https:\/\/www.atelierduvin.com\/de\/wp-json\/wp\/v2\/product"}],"about":[{"href":"https:\/\/www.atelierduvin.com\/de\/wp-json\/wp\/v2\/types\/product"}],"wp:featuredmedia":[{"embeddable":true,"href":"https:\/\/www.atelierduvin.com\/de\/wp-json\/wp\/v2\/media\/189548"}],"wp:attachment":[{"href":"https:\/\/www.atelierduvin.com\/de\/wp-json\/wp\/v2\/media?parent=67260"}],"wp:term":[{"taxonomy":"product_brand","embeddable":true,"href":"https:\/\/www.atelierduvin.com\/de\/wp-json\/wp\/v2\/product_brand?post=67260"},{"taxonomy":"product_cat","embeddable":true,"href":"https:\/\/www.atelierduvin.com\/de\/wp-json\/wp\/v2\/product_cat?post=67260"},{"taxonomy":"product_tag","embeddable":true,"href":"https:\/\/www.atelierduvin.com\/de\/wp-json\/wp\/v2\/product_tag?post=67260"}],"curies":[{"name":"wp","href":"https:\/\/api.w.org\/{rel}","templated":true}]}}