{"id":67240,"date":"2021-05-07T12:03:52","date_gmt":"2021-05-07T10:03:52","guid":{"rendered":"https:\/\/www.refonte-adv.votre-projet.com\/product\/oeno-motion-groom\/"},"modified":"2026-05-11T12:01:34","modified_gmt":"2026-05-11T10:01:34","slug":"oeno-motion-groom","status":"publish","type":"product","link":"https:\/\/www.atelierduvin.com\/de\/produkt\/oeno-motion-groom\/","title":{"rendered":"Oeno Motion Groom"},"content":{"rendered":"\n<h2 class=\"wp-block-heading\">Oeno Motion Groom: zu Ehren der Grands Crus<\/h2>\n\n\n\n<p>Der Oeno Motion Groom, der in der Mitte des Tisches\u00a0<strong>platziert auf das Ritual von Sternek\u00f6chen verweist<\/strong>, wertet den ganz besonderen Moment auf, in dem ein Grand Cru oder Champagner ge\u00f6ffnet wird. Der Oeno Motion Groom vereint unter einer mundgeblasenen Glaskugel mit einem Riemen aus echtem Leder und auf einem Sockel aus in Faserrichtung behandeltem Nussbaumholz die\u00a0<strong>emblematischsten Weinaccessoires<\/strong>\u00a0von L\u2018Atelier du Vin: den\u00a0<a href=\"\/de\/produkt\/oeno-motion-woodchrome\/\" target=\"_blank\" rel=\"noopener\"><strong>Oeno Motion Silver &amp; Wood<\/strong><\/a>, den Korkenzieher mit vertikalem Hebel, die\u00a0<a href=\"https:\/\/www.atelierduvin.com\/de\/produkt\/champagnerzange\/\" target=\"_blank\" rel=\"noopener\"><strong>Champagnerzange<\/strong><\/a>\u00a0zum \u00d6ffnen von edlen Schaum- und Perlweinen und den\u00a0<a href=\"https:\/\/www.atelierduvin.com\/de\/produkt\/kapselschneider-aus-verchromtem-metall\/\" target=\"_blank\" rel=\"noopener\"><strong>Kapselschneider aus Chrome<\/strong><\/a>, das Werkzeug f\u00fcr Profis aus geh\u00e4rtetem Stahl mit zwei kreisf\u00f6rmigen Klingen, mit denen sich alle Kapseln schneiden lassen. Da handgefertigt, ist jedes Utensil ein Unikat. Auf dem Sockel des Oeno Motion Groom k\u00f6nnen Sie bis zu\u00a0<strong>22 Sammlerkorken ausstellen<\/strong>, um sie als Andenken an erlesene oder bedeutsame Weinproben aufzubewahren. Jede Serie ist einzeln unter dem Sockel nummeriert und zeugt vom einzigartigen Charakter jeder Kreation.<\/p>\n\n\n    <div class=\"separator mobile-hidden\" style=\"height:40px\"><\/div>\r\n    <div class=\"separator laptop-hidden\" style=\"height:20px\"><\/div>\r\n\n\n<div class=\"acc-head\">\r\n    <p>\r\n        Enthaltene Produkte    <\/p>\r\n    <div class=\"acc-icon\">\r\n        <div class=\"ico-minus\"><\/div>\r\n        <div class=\"ico-plus\"><\/div>\r\n    <\/div>\r\n<\/div>\r\n<div class=\"acc-body\">\r\n    <div class=\"acc-content\">\r\n        <p><a href=\"\/de\/produkt\/oeno-motion-woodchrome\/\"><span style=\"text-decoration: underline;\">Oeno Motion Silver &amp; Wood<\/span><\/a><br \/>\n<a href=\"https:\/\/www.atelierduvin.com\/de\/produkt\/champagnerzange\/\"><span style=\"text-decoration: underline;\">Zange f\u00fcr Champagner<\/span><\/a><br \/>\n<a href=\"https:\/\/www.atelierduvin.com\/de\/produkt\/kapselschneider-aus-verchromtem-metall\/\"><span style=\"text-decoration: underline;\">Kapselschneider aus verchromtem Metall<\/span><\/a><\/p>\n    <\/div>\r\n<\/div>\n\n<div class=\"acc-head\">\r\n    <p>\r\n        Ausf\u00fchrungen    <\/p>\r\n    <div class=\"acc-icon\">\r\n        <div class=\"ico-minus\"><\/div>\r\n        <div class=\"ico-plus\"><\/div>\r\n    <\/div>\r\n<\/div>\r\n<div class=\"acc-body\">\r\n    <div class=\"acc-content\">\r\n        <p>Mundgeblasene Glaskugel<br \/>\nKordel aus echtem Leder<br \/>\nSockel aus stehend geschnittenem Nussbaumholz<br \/>\nHandgefertigt, jedes St\u00fcck ist ein Unikat und nummeriert<\/p>\n    <\/div>\r\n<\/div>\n\n<div class=\"acc-head\">\r\n    <p>\r\n        Ma\u00dfe    <\/p>\r\n    <div class=\"acc-icon\">\r\n        <div class=\"ico-minus\"><\/div>\r\n        <div class=\"ico-plus\"><\/div>\r\n    <\/div>\r\n<\/div>\r\n<div class=\"acc-body\">\r\n    <div class=\"acc-content\">\r\n        <p>Durchmesser: 19 cm<br \/>\nH\u00f6he: 32 cm<\/p>\n    <\/div>\r\n<\/div>","protected":false},"excerpt":{"rendered":"<p><strong>Zu Ihren Diensten! <\/strong> Das Oeno Motion Groom passt sich allen Umgebungen an: als Tafelaufsatz, in Ihrer K\u00fcche oder in Ihrem Weinkeller.<\/p>\n","protected":false},"featured_media":184634,"template":"","meta":{"_acf_changed":true},"product_brand":[],"product_cat":[363,730,745,750,752,401,404,407,347,398],"product_tag":[421],"class_list":{"0":"post-67240","1":"product","2":"type-product","3":"status-publish","4":"has-post-thumbnail","6":"product_cat-noble-holz-kollektionen","7":"product_cat-vatertag-geschenkideen","8":"product_cat-ueber-200-euro","9":"product_cat-valentinstag-geschenkideen","10":"product_cat-geschenke-fur-sie","11":"product_cat-luxurioese-geschenke","12":"product_cat-weinaccessoire-kollektion","13":"product_cat-personalisierung","14":"product_cat-wein-zubehoer-set","15":"product_cat-geschenke-fuer-ihn","16":"product_tag-personalisierbar","17":"tm-has-options","19":"first","20":"instock","21":"taxable","22":"shipping-taxable","23":"purchasable","24":"product-type-variable","25":"has-default-attributes"},"bundled_by":[],"bundle_stock_status":"instock","bundle_stock_quantity":null,"bundle_virtual":false,"bundle_layout":"","bundle_add_to_cart_form_location":"","bundle_editable_in_cart":false,"bundle_sold_individually_context":"","bundle_item_grouping":"","bundle_min_size":"","bundle_max_size":"","bundle_price":[],"bundled_items":[],"bundle_sell_ids":[151018,151017,151004],"acf":[],"df_price":512.5,"df_sale_price":"","df_regular_price":512.5,"df_image_link":"https:\/\/www.atelierduvin.com\/wp-content\/uploads\/OENO-MOTION-GROOM-fond-blanc-face-ferme-HD-2-450x450.jpg","_links":{"self":[{"href":"https:\/\/www.atelierduvin.com\/de\/wp-json\/wp\/v2\/product\/67240","targetHints":{"allow":["GET"]}}],"collection":[{"href":"https:\/\/www.atelierduvin.com\/de\/wp-json\/wp\/v2\/product"}],"about":[{"href":"https:\/\/www.atelierduvin.com\/de\/wp-json\/wp\/v2\/types\/product"}],"wp:featuredmedia":[{"embeddable":true,"href":"https:\/\/www.atelierduvin.com\/de\/wp-json\/wp\/v2\/media\/184634"}],"wp:attachment":[{"href":"https:\/\/www.atelierduvin.com\/de\/wp-json\/wp\/v2\/media?parent=67240"}],"wp:term":[{"taxonomy":"product_brand","embeddable":true,"href":"https:\/\/www.atelierduvin.com\/de\/wp-json\/wp\/v2\/product_brand?post=67240"},{"taxonomy":"product_cat","embeddable":true,"href":"https:\/\/www.atelierduvin.com\/de\/wp-json\/wp\/v2\/product_cat?post=67240"},{"taxonomy":"product_tag","embeddable":true,"href":"https:\/\/www.atelierduvin.com\/de\/wp-json\/wp\/v2\/product_tag?post=67240"}],"curies":[{"name":"wp","href":"https:\/\/api.w.org\/{rel}","templated":true}]}}