{"id":67231,"date":"2021-06-08T12:03:57","date_gmt":"2021-06-08T10:03:57","guid":{"rendered":"https:\/\/www.refonte-adv.votre-projet.com\/product\/oeno-collection-nomad\/"},"modified":"2026-05-11T12:01:34","modified_gmt":"2026-05-11T10:01:34","slug":"oeno-collection-nomad","status":"publish","type":"product","link":"https:\/\/www.atelierduvin.com\/de\/produkt\/oeno-collection-nomad\/","title":{"rendered":"Oeno Collection Nomad"},"content":{"rendered":"\n<div class=\"wp-block-columns is-layout-flex wp-container-core-columns-is-layout-9d6595d7 wp-block-columns-is-layout-flex\">\n<div class=\"wp-block-column is-layout-flow wp-block-column-is-layout-flow\">\n<h2 class=\"wp-block-heading\">IN DER OENO COLLECTION NOMAD STECKT LEIDENSCHAFT<\/h2>\n\n\n\n<p>Leidenschaft f\u00fcr das Sch\u00f6ne und N\u00fctzliche. Leidenschaft f\u00fcr gut gemachte Arbeit. Leidenschaft f\u00fcr Wein und Champagner zum Erleben oder Verschenken. Leidenschaft f\u00fcr Momente der Freude, die man teilen kann.<\/p>\n<\/div>\n\n\n\n<div class=\"wp-block-column is-layout-flow wp-block-column-is-layout-flow\">\n<h2 class=\"wp-block-heading\">TREUE REISEBEGLEITER F\u00dcR WEINLIEBHABER<\/h2>\n\n\n\n<p>Ob im Gep\u00e4ck, zu Hause, als Geschenk oder f\u00fcr sich selbst \u2013 die Accessoireetuis von L\u2018Atelier du Vin entf\u00fchren Sie auf eine Reise, auf der das Funktionale zum Sinnlichen wird.<\/p>\n<\/div>\n<\/div>\n    <div class=\"separator mobile-hidden\" style=\"height:40px\"><\/div>\r\n    <div class=\"separator laptop-hidden\" style=\"height:20px\"><\/div>\r\n<div class=\"gallery\">\r\n            <div class=\"gallery-row row\">\r\n                                <div style=\"flex:1.4992503748126\">\r\n                        <img decoding=\"async\" src=\"https:\/\/www.atelierduvin.com\/wp-content\/uploads\/COLLECTION-NOMAD-atelier-6-HD.jpg\" alt=\"\" loading=\"eager\" >                    <\/div>\r\n                        <\/div>\r\n    <\/div>\n<div class=\"wp-block-columns is-layout-flex wp-container-core-columns-is-layout-9d6595d7 wp-block-columns-is-layout-flex\">\n<div class=\"wp-block-column is-layout-flow wp-block-column-is-layout-flow\">\n<h2 class=\"wp-block-heading\">DAS PRAKTISCHE MIT DEM ANGENEHMEN VERBINDEN&#13;\n<\/h2>\n\n\n\n<p>Wie jeder Weinliebhaber ist auch jedes Accessoireetui von L\u2018Atelier du Vin einzigartig \u2026<\/p>\n<\/div>\n\n\n\n<div class=\"wp-block-column is-layout-flow wp-block-column-is-layout-flow\">\n<h2 class=\"wp-block-heading\">EINZIGARTIGE HANDGEMACHTE KREATIONEN<\/h2>\n\n\n\n<p>Die Au\u00dfenseite des Etuis besteht aus unbearbeitetem falbem Leder in roher Farbe. Leder entwickelt im Laufe der Zeit und durch Abnutzung eine eigene Patina. Die Innenseite des Etuis besteht aus strapazierf\u00e4higem farbigem technischem Leder.<\/p>\n<\/div>\n<\/div>\n    <div class=\"separator mobile-hidden\" style=\"height:40px\"><\/div>\r\n    <div class=\"separator laptop-hidden\" style=\"height:20px\"><\/div>\r\n<div class=\"acc-head\">\r\n    <p>\r\n        Eigenschaften    <\/p>\r\n    <div class=\"acc-icon\">\r\n        <div class=\"ico-minus\"><\/div>\r\n        <div class=\"ico-plus\"><\/div>\r\n    <\/div>\r\n<\/div>\r\n<div class=\"acc-body\">\r\n    <div class=\"acc-content\">\r\n        <p>Products :<br \/>\n<span style=\"text-decoration: underline;\"><a href=\"https:\/\/www.atelierduvin.com\/en\/product\/bilame-chrome\/\">Bilame<\/a><\/span> : W 10cm x l 8cm x H 1cm<br \/>\n<a href=\"https:\/\/www.atelierduvin.com\/en\/product\/chromed-metal-foil-cutter\/\"><span style=\"text-decoration: underline;\">Foil Cutter<\/span><\/a> : L 8cm x l 5cm x H 0,07cm<br \/>\n<a href=\"https:\/\/www.atelierduvin.com\/en\/product\/pourer-leaf\/\"><span style=\"text-decoration: underline;\">Pourer Leaf<\/span><\/a> : L 9cm x l 3cm x H 1,5cm<\/p>\n<div id=\"description\" class=\"description-longue\">\n<div class=\"group final-completion w-full text-token-text-primary border-b border-black\/10 gizmo:border-0 dark:border-gray-900\/50 gizmo:dark:border-0 bg-gray-50 gizmo:bg-transparent dark:bg-[#444654] gizmo:dark:bg-transparent\" data-testid=\"conversation-turn-7\">\n<div class=\"p-4 justify-center text-base md:gap-6 md:py-6 m-auto\">\n<div class=\"flex flex-1 gap-4 text-base mx-auto md:gap-6 gizmo:gap-3 gizmo:md:px-5 gizmo:lg:px-1 gizmo:xl:px-5 md:max-w-2xl lg:max-w-[38rem] gizmo:md:max-w-3xl gizmo:lg:max-w-[40rem] gizmo:xl:max-w-[48rem] xl:max-w-3xl }\">\n<div class=\"relative flex w-[calc(100%-50px)] flex-col gizmo:w-full lg:w-[calc(100%-115px)] agent-turn\">\n<div class=\"flex-col gap-1 md:gap-3\">\n<div class=\"flex flex-grow flex-col gap-3 max-w-full\">\n<div class=\"min-h-[20px] flex flex-col items-start gap-3 whitespace-pre-wrap break-words overflow-x-auto\">\n<div class=\"markdown prose w-full break-words dark:prose-invert dark\">\n<p><em>Der Verseur Feuille ist f\u00fcr die meisten Standardflaschen geeignet. Speziell geformte Flaschen (wie bestimmte italienische Weine zum Beispiel) k\u00f6nnten einen zu kleinen Flaschenhalsdurchmesser haben, um den Verseur Feuille aufzunehmen.<\/em><\/p>\n<\/div>\n<\/div>\n<\/div>\n<\/div>\n<\/div>\n<\/div>\n<\/div>\n<\/div>\n<\/div>\n<p><span style=\"text-decoration: underline;\"><a href=\"https:\/\/www.atelierduvin.com\/en\/?post_type=product&#038;p=2959\">Model 54<\/a><\/span> : L 6cm x L 4cm x H 3,5cm<br \/>\n<span style=\"text-decoration: underline;\"><a href=\"https:\/\/www.atelierduvin.com\/en\/product\/chromed-metal-garcon\/\">Gar\u00e7on!<\/a><\/span> : L 11cm x l 2cm x H 2cm<br \/>\n<span style=\"text-decoration: underline;\"><a href=\"https:\/\/www.atelierduvin.com\/produit\/pince-a-bouchon\/\">The Cork Opener<\/a><\/span> : L 11,5cm x l 3,5cm x H 2cm<\/p>\n<p>Open kit: L 60cm x l 24cm<br \/>\nClosed kit: L 12cm x l 24cm x H 8cm<\/p>\n    <\/div>\r\n<\/div><div class=\"acc-head\">\r\n    <p>\r\n        Finish    <\/p>\r\n    <div class=\"acc-icon\">\r\n        <div class=\"ico-minus\"><\/div>\r\n        <div class=\"ico-plus\"><\/div>\r\n    <\/div>\r\n<\/div>\r\n<div class=\"acc-body\">\r\n    <div class=\"acc-content\">\r\n        <p>Echtes Leder. Handgefertigt in Italien.<br \/>\nGesch\u00fctztes Design.<\/p>\n    <\/div>\r\n<\/div>    <div class=\"separator mobile-hidden\" style=\"height:40px\"><\/div>\r\n    <div class=\"separator laptop-hidden\" style=\"height:20px\"><\/div>\r\n<div class=\"margin-wrapper slider-wrapper\">\r\n            <div class=\"gallery-text\">\r\n            <h2><\/h2>\r\n            <p><em>\u201eDas Innere des Etuis sollte mit einer wahren visuellen \u00dcberraschung aufwarten. Die Herausforderung bestand f\u00fcr mich darin, ein sch\u00f6nes und praktisches Objekt zu entwerfen, das die Qualit\u00e4t der Accessoires von L\u2018Atelier du Vin hervorhebt. Die Exklusivit\u00e4t des Handgemachten sollte sich mit funktionalem Minimalismus verbinden. Die Etuis von L\u2018Atelier du Vin sind sch\u00f6ne, praktische und ethische Objekte. Sie illustrieren, dass Sch\u00f6nheit zeitlos ist.\u201c<\/em><br \/>\r\n<br \/>\r\nMargherita Matticari,<br \/>\r\n<br \/>\r\nK\u00fcnstlerische Leitung \u2013 Nomad-Kollektion f\u00fcr L\u2018Atelier du Vin.<\/p>\r\n        <\/div>\r\n        <div class=\"gallery gallery-slider\"\r\n         style=\"aspect-ratio:1.5003663003663; margin-right: 0px;\">\r\n        <div class=\"gallery-row row slider\">\r\n                                <div class=\"slide-container\">\r\n                        <img decoding=\"async\" src=\"https:\/\/www.atelierduvin.com\/wp-content\/uploads\/ADV_NOMAD_PACKSHOT_\u00a911h45-HD-27-scaled.jpg\" alt=\"\" loading=\"lazy\" >                    <\/div>\r\n                                    <div class=\"slide-container\">\r\n                        <img decoding=\"async\" src=\"https:\/\/www.atelierduvin.com\/wp-content\/uploads\/ADV_NOMAD_PACKSHOT_\u00a911h45-HD-28-scaled.jpg\" alt=\"\" loading=\"lazy\" >                    <\/div>\r\n                                    <div class=\"slide-container\">\r\n                        <img decoding=\"async\" src=\"https:\/\/www.atelierduvin.com\/wp-content\/uploads\/ADV_NOMAD_PACKSHOT_\u00a911h45-HD-33-scaled.jpg\" alt=\"\" loading=\"lazy\" >                    <\/div>\r\n                                    <div class=\"slide-container\">\r\n                        <img decoding=\"async\" src=\"https:\/\/www.atelierduvin.com\/wp-content\/uploads\/ADV_NOMAD_PACKSHOT_\u00a911h45-HD-29-1-scaled.jpg\" alt=\"\" loading=\"lazy\" >                    <\/div>\r\n                                    <div class=\"slide-container\">\r\n                        <img decoding=\"async\" src=\"https:\/\/www.atelierduvin.com\/wp-content\/uploads\/ADV_NOMAD_PACKSHOT_\u00a911h45-HD-32-scaled.jpg\" alt=\"\" loading=\"lazy\" >                    <\/div>\r\n                                    <div class=\"slide-container\">\r\n                        <img decoding=\"async\" src=\"https:\/\/www.atelierduvin.com\/wp-content\/uploads\/ADV_NOMAD_PACKSHOT_\u00a911h45-HD-31-scaled.jpg\" alt=\"\" loading=\"lazy\" >                    <\/div>\r\n                                    <div class=\"slide-container\">\r\n                        <img decoding=\"async\" src=\"https:\/\/www.atelierduvin.com\/wp-content\/uploads\/ADV_NOMAD_PACKSHOT_\u00a911h45-HD-30-scaled.jpg\" alt=\"\" loading=\"lazy\" >                    <\/div>\r\n                        <\/div>\r\n    <\/div>\r\n<\/div>    <div class=\"separator mobile-hidden\" style=\"height:40px\"><\/div>\r\n    <div class=\"separator laptop-hidden\" style=\"height:20px\"><\/div>\r\n    <div class=\"video-block-container\">\r\n                    <iframe loading=\"lazy\"\r\n                    width=\"100%\"\r\n                    height=\"100%\"\r\n                    allow=\"autoplay; fullscreen\"\r\n                    class=\"embed-player slide-media\"\r\n                    src=\"https:\/\/player.vimeo.com\/video\/576750074\"\r\n                    data-ready=\"true\">\r\n            <\/iframe>\r\n            <\/div>\r\n","protected":false},"excerpt":{"rendered":"<p>Die Oeno Collection Nomad besteht aus dem Korkenzieher Gar\u00e7on aus verchromtem Metall, the Metal chrome foil cutter, the Pourer Leaf, the Model 54 champagne cork , and a cork pliers.<\/p>\n","protected":false},"featured_media":189583,"template":"","meta":{"_acf_changed":false},"product_brand":[],"product_cat":[402,725,401,404,407,709,347,395],"product_tag":[421],"class_list":{"0":"post-67231","1":"product","2":"type-product","3":"status-publish","4":"has-post-thumbnail","6":"product_cat-nomad-collection","7":"product_cat-geschenke-fur-ihn","8":"product_cat-luxurioese-geschenke","9":"product_cat-weinaccessoire-kollektion","10":"product_cat-personalisierung","11":"product_cat-lederetuis","12":"product_cat-wein-zubehoer-set","13":"product_cat-alles-anzeigen","14":"product_tag-personalisierbar","15":"tm-has-options","17":"first","18":"instock","19":"taxable","20":"shipping-taxable","21":"purchasable","22":"product-type-variable","23":"has-default-attributes"},"bundled_by":[],"bundle_stock_status":"instock","bundle_stock_quantity":null,"bundle_virtual":false,"bundle_layout":"","bundle_add_to_cart_form_location":"","bundle_editable_in_cart":false,"bundle_sold_individually_context":"","bundle_item_grouping":"","bundle_min_size":"","bundle_max_size":"","bundle_price":[],"bundled_items":[],"bundle_sell_ids":[151018,151017,151004],"acf":[],"df_price":533.33,"df_sale_price":"","df_regular_price":533.33,"df_image_link":"https:\/\/www.atelierduvin.com\/wp-content\/uploads\/NOMAD-packshot-Oeno-Collection-ouvert-34-HD-1-450x450.jpg","_links":{"self":[{"href":"https:\/\/www.atelierduvin.com\/de\/wp-json\/wp\/v2\/product\/67231","targetHints":{"allow":["GET"]}}],"collection":[{"href":"https:\/\/www.atelierduvin.com\/de\/wp-json\/wp\/v2\/product"}],"about":[{"href":"https:\/\/www.atelierduvin.com\/de\/wp-json\/wp\/v2\/types\/product"}],"wp:featuredmedia":[{"embeddable":true,"href":"https:\/\/www.atelierduvin.com\/de\/wp-json\/wp\/v2\/media\/189583"}],"wp:attachment":[{"href":"https:\/\/www.atelierduvin.com\/de\/wp-json\/wp\/v2\/media?parent=67231"}],"wp:term":[{"taxonomy":"product_brand","embeddable":true,"href":"https:\/\/www.atelierduvin.com\/de\/wp-json\/wp\/v2\/product_brand?post=67231"},{"taxonomy":"product_cat","embeddable":true,"href":"https:\/\/www.atelierduvin.com\/de\/wp-json\/wp\/v2\/product_cat?post=67231"},{"taxonomy":"product_tag","embeddable":true,"href":"https:\/\/www.atelierduvin.com\/de\/wp-json\/wp\/v2\/product_tag?post=67231"}],"curies":[{"name":"wp","href":"https:\/\/api.w.org\/{rel}","templated":true}]}}