{"id":67226,"date":"2021-06-08T12:03:57","date_gmt":"2021-06-08T10:03:57","guid":{"rendered":"https:\/\/www.refonte-adv.votre-projet.com\/product\/oeno-motion-nomad\/"},"modified":"2026-05-11T12:01:35","modified_gmt":"2026-05-11T10:01:35","slug":"oeno-motion-nomad","status":"publish","type":"product","link":"https:\/\/www.atelierduvin.com\/de\/produkt\/oeno-motion-nomad\/","title":{"rendered":"Oeno Motion Nomad"},"content":{"rendered":"\n<div class=\"wp-block-columns is-layout-flex wp-container-core-columns-is-layout-9d6595d7 wp-block-columns-is-layout-flex\">\n<div class=\"wp-block-column is-layout-flow wp-block-column-is-layout-flow\">\n<h2 class=\"wp-block-heading\">IM OENO MOTION NOMAD STECKT LEBEN<\/h2>\n\n\n\n<p>Das Leben von Leder, das auf Ihren Reisen eine Patina entwickelt. Das Leben des Leders im Inneren, das dem Lauf der Zeit trotzt. Der lange Leben des Korkenziehers Oeno Motion Wood &amp; Chrome.<\/p>\n<\/div>\n\n\n\n<div class=\"wp-block-column is-layout-flow wp-block-column-is-layout-flow\">\n<h2 class=\"wp-block-heading\">TREUE REISEBEGLEITER F\u00dcR WEINLIEBHABER<\/h2>\n\n\n\n<p>Ob im Gep\u00e4ck, zu Hause, als Geschenk oder zum Selbstbehalten \u2013 die Accessoireetuis von L\u2018Atelier du Vin entf\u00fchren Sie auf eine Reise, auf der das Funktionale zum Sinnlichen wird.<\/p>\n<\/div>\n<\/div>\n    <div class=\"separator mobile-hidden\" style=\"height:40px\"><\/div>\r\n    <div class=\"separator laptop-hidden\" style=\"height:20px\"><\/div>\r\n<div class=\"margin-wrapper slider-wrapper\">\r\n            <div class=\"gallery-text\">\r\n            <h2>EINZIGARTIGE HANDGEMACHTE KREATIONEN<\/h2>\r\n            <p>Die Au\u00dfenseite des Etuis besteht aus unbearbeitetem falbem Leder in roher Farbe. Leder entwickelt im Laufe der Zeit und durch Abnutzung eine eigene Patina. Die Innenseite des Etuis besteht aus strapazierf\u00e4higem farbigem technischem Leder.<\/p>\r\n        <\/div>\r\n        <div class=\"gallery gallery-slider\"\r\n         style=\"aspect-ratio:2.3; margin-right: 40px;\">\r\n        <div class=\"gallery-row row slider\">\r\n                                <div class=\"slide-container\">\r\n                        <img decoding=\"async\" src=\"https:\/\/www.atelierduvin.com\/wp-content\/uploads\/ADV_NOMAD_NAPOLI_\u00a911h45-HD-20-1.gif\" alt=\"\" loading=\"lazy\" >                    <\/div>\r\n                                    <div class=\"slide-container\">\r\n                        <img decoding=\"async\" src=\"https:\/\/www.atelierduvin.com\/wp-content\/uploads\/adv-nomad-napoli-11h45-25.jpg\" alt=\"\" loading=\"lazy\" >                    <\/div>\r\n                                    <div class=\"slide-container\">\r\n                        <img decoding=\"async\" src=\"https:\/\/www.atelierduvin.com\/wp-content\/uploads\/ADV_NOMAD_NAPOLI_\u00a911h45-HD-16-1.gif\" alt=\"\" loading=\"lazy\" >                    <\/div>\r\n                        <\/div>\r\n    <\/div>\r\n<\/div>    <div class=\"separator mobile-hidden\" style=\"height:40px\"><\/div>\r\n    <div class=\"separator laptop-hidden\" style=\"height:20px\"><\/div>\r\n\n<h2 class=\"wp-block-heading\">DAS PRAKTISCHE MIT DEM ANGENEHMEN VERBINDEN&#13;\n<\/h2>\n\n<p>Wie jeder Weinliebhaber ist auch jedes Accessoireetui von L\u2018Atelier du Vin einzigartig \u2026<\/p>\n    <div class=\"separator mobile-hidden\" style=\"height:40px\"><\/div>\r\n    <div class=\"separator laptop-hidden\" style=\"height:20px\"><\/div>\r\n<div class=\"acc-head\">\r\n    <p>\r\n        Eigenschaften    <\/p>\r\n    <div class=\"acc-icon\">\r\n        <div class=\"ico-minus\"><\/div>\r\n        <div class=\"ico-plus\"><\/div>\r\n    <\/div>\r\n<\/div>\r\n<div class=\"acc-body\">\r\n    <div class=\"acc-content\">\r\n        <p>Ergonomic handle: solid walnut pieces on a chrome-plated metal core. Suitable for most bottle neck diameters. Spare treated steel worm. Comfortable and secure grip.<\/p>\n<p>Pouch open: L 46cm x W 20cm<br \/>\nPouch closed: L 15.5cm x W 20cm x H 5.5cm<br \/>\nProduct: L 15.5cm x W 11cm x H 3cm<\/p>\n    <\/div>\r\n<\/div><div class=\"acc-head\">\r\n    <p>\r\n        Finish    <\/p>\r\n    <div class=\"acc-icon\">\r\n        <div class=\"ico-minus\"><\/div>\r\n        <div class=\"ico-plus\"><\/div>\r\n    <\/div>\r\n<\/div>\r\n<div class=\"acc-body\">\r\n    <div class=\"acc-content\">\r\n        <p>Genuine leather.<br \/>\nHandmade in Italy.<br \/>\nPatented design.<\/p>\n    <\/div>\r\n<\/div>    <div class=\"separator mobile-hidden\" style=\"height:40px\"><\/div>\r\n    <div class=\"separator laptop-hidden\" style=\"height:20px\"><\/div>\r\n<div class=\"margin-wrapper slider-wrapper\">\r\n            <div class=\"gallery-text\">\r\n            <h2><\/h2>\r\n            <p>\u201eDas Innere des Etuis sollte mit einer wahren visuellen \u00dcberraschung aufwarten. Die Herausforderung bestand f\u00fcr mich darin, ein sch\u00f6nes und praktisches Objekt zu entwerfen, das die Qualit\u00e4t der Accessoires von L\u2018Atelier du Vin hervorhebt. Die Exklusivit\u00e4t des Handgemachten sollte sich mit funktionalem Minimalismus verbinden. Die Etuis von L\u2018Atelier du Vin sind sch\u00f6ne, praktische und ethische Objekte. Sie illustrieren, dass Sch\u00f6nheit zeitlos ist.\u201c<br \/>\r\n<p>Margherita Matticari,<br \/><br \/>\r\nK\u00fcnstlerische Leitung \u2013 Nomad-Kollektion f\u00fcr L\u2018Atelier du Vin.<\/p><br \/>\r\n<\/p>\r\n        <\/div>\r\n        <div class=\"gallery gallery-slider\"\r\n         style=\"aspect-ratio:1.5003663003663; margin-right: 0px;\">\r\n        <div class=\"gallery-row row slider\">\r\n                                <div class=\"slide-container\">\r\n                        <img decoding=\"async\" src=\"https:\/\/www.atelierduvin.com\/wp-content\/uploads\/ADV_NOMAD_PACKSHOT_\u00a911h45-HD-21-1-scaled.jpg\" alt=\"\" loading=\"lazy\" >                    <\/div>\r\n                                    <div class=\"slide-container\">\r\n                        <img decoding=\"async\" src=\"https:\/\/www.atelierduvin.com\/wp-content\/uploads\/ADV_NOMAD_PACKSHOT_\u00a911h45-HD-20-scaled.jpg\" alt=\"\" loading=\"lazy\" >                    <\/div>\r\n                                    <div class=\"slide-container\">\r\n                        <img decoding=\"async\" src=\"https:\/\/www.atelierduvin.com\/wp-content\/uploads\/ADV_NOMAD_PACKSHOT_\u00a911h45-HD-19-scaled.jpg\" alt=\"\" loading=\"lazy\" >                    <\/div>\r\n                                    <div class=\"slide-container\">\r\n                        <img decoding=\"async\" src=\"https:\/\/www.atelierduvin.com\/wp-content\/uploads\/ADV_NOMAD_PACKSHOT_\u00a911h45-HD-22-scaled.jpg\" alt=\"\" loading=\"lazy\" >                    <\/div>\r\n                        <\/div>\r\n    <\/div>\r\n<\/div>    <div class=\"video-block-container\">\r\n                    <iframe loading=\"lazy\"\r\n                    width=\"100%\"\r\n                    height=\"100%\"\r\n                    allow=\"autoplay; fullscreen\"\r\n                    class=\"embed-player slide-media\"\r\n                    src=\"https:\/\/player.vimeo.com\/video\/576750074\"\r\n                    data-ready=\"true\">\r\n            <\/iframe>\r\n            <\/div>\r\n","protected":false},"excerpt":{"rendered":"<p>Der kompakte Korkenzieher mit vertikalem Hebel <a href=\"https:\/\/www.atelierduvin.com\/\/de\/produkt\/oeno-motion-woodchrome\/\" target=\"_blank\" rel=\"noopener\">Oeno Motion\u00ae<\/a> erm\u00f6glicht es, Weinflaschen einfach und unkompliziert zu entkorken.<\/p>\n","protected":false},"featured_media":189624,"template":"","meta":{"_acf_changed":false},"product_brand":[],"product_cat":[402,725,797,372,401,404,709,407,347,348],"product_tag":[421],"class_list":{"0":"post-67226","1":"product","2":"type-product","3":"status-publish","4":"has-post-thumbnail","6":"product_cat-nomad-collection","7":"product_cat-geschenke-fur-ihn","8":"product_cat-personalisierte-korkenzieher","9":"product_cat-hebelkorkenzieher","10":"product_cat-luxurioese-geschenke","11":"product_cat-weinaccessoire-kollektion","12":"product_cat-lederetuis","13":"product_cat-personalisierung","14":"product_cat-wein-zubehoer-set","15":"product_cat-korkenzieher","16":"product_tag-personalisierbar","17":"tm-has-options","19":"first","20":"instock","21":"taxable","22":"shipping-taxable","23":"purchasable","24":"product-type-variable","25":"has-default-attributes"},"bundled_by":[],"bundle_stock_status":"instock","bundle_stock_quantity":null,"bundle_virtual":false,"bundle_layout":"","bundle_add_to_cart_form_location":"","bundle_editable_in_cart":false,"bundle_sold_individually_context":"","bundle_item_grouping":"","bundle_min_size":"","bundle_max_size":"","bundle_price":[],"bundled_items":[],"bundle_sell_ids":[151018,151017,151004],"acf":[],"df_price":358.33,"df_sale_price":"","df_regular_price":358.33,"df_image_link":"https:\/\/www.atelierduvin.com\/wp-content\/uploads\/NOMAD-packshot-Oeno-Motion-ouvert-34-HD-450x450.jpg","_links":{"self":[{"href":"https:\/\/www.atelierduvin.com\/de\/wp-json\/wp\/v2\/product\/67226","targetHints":{"allow":["GET"]}}],"collection":[{"href":"https:\/\/www.atelierduvin.com\/de\/wp-json\/wp\/v2\/product"}],"about":[{"href":"https:\/\/www.atelierduvin.com\/de\/wp-json\/wp\/v2\/types\/product"}],"wp:featuredmedia":[{"embeddable":true,"href":"https:\/\/www.atelierduvin.com\/de\/wp-json\/wp\/v2\/media\/189624"}],"wp:attachment":[{"href":"https:\/\/www.atelierduvin.com\/de\/wp-json\/wp\/v2\/media?parent=67226"}],"wp:term":[{"taxonomy":"product_brand","embeddable":true,"href":"https:\/\/www.atelierduvin.com\/de\/wp-json\/wp\/v2\/product_brand?post=67226"},{"taxonomy":"product_cat","embeddable":true,"href":"https:\/\/www.atelierduvin.com\/de\/wp-json\/wp\/v2\/product_cat?post=67226"},{"taxonomy":"product_tag","embeddable":true,"href":"https:\/\/www.atelierduvin.com\/de\/wp-json\/wp\/v2\/product_tag?post=67226"}],"curies":[{"name":"wp","href":"https:\/\/api.w.org\/{rel}","templated":true}]}}