{"id":67225,"date":"2021-06-08T12:03:57","date_gmt":"2021-06-08T10:03:57","guid":{"rendered":"https:\/\/www.refonte-adv.votre-projet.com\/product\/bilame-nomad\/"},"modified":"2026-05-11T12:01:35","modified_gmt":"2026-05-11T10:01:35","slug":"bilame-nomad","status":"publish","type":"product","link":"https:\/\/www.atelierduvin.com\/de\/produkt\/bilame-nomad\/","title":{"rendered":"Bilame Nomad"},"content":{"rendered":"\n<div class=\"wp-block-columns is-layout-flex wp-container-core-columns-is-layout-9d6595d7 wp-block-columns-is-layout-flex\">\n<div class=\"wp-block-column is-layout-flow wp-block-column-is-layout-flow\">\n<h2 class=\"wp-block-heading\">IM BILAME NOMAD STECKT GESCHICHTE&#13;\n<\/h2>\n\n\n\n<p>Die pers\u00f6nliche Geschichte, die sich auf dem Au\u00dfenleder abzeichnet und im Inneren mit farbenfroher Sch\u00f6nheit \u00fcberrascht. Die Geschichte einer Leidenschaft f\u00fcr Wein mit dem Bilame, seit 1949 das professionelle und historische Accessoire von L\u2018Atelier du Vin. Die Geschichte einer Zeitreise.&#13;\n&#13;\n<\/p>\n<\/div>\n\n\n\n<div class=\"wp-block-column is-layout-flow wp-block-column-is-layout-flow\">\n<h2 class=\"wp-block-heading\">TREUE REISEBEGLEITER F\u00dcR WEINLIEBHABER<\/h2>\n\n\n\n<p>Ob im Gep\u00e4ck, zu Hause, als Geschenk oder f\u00fcr sich selbst \u2013 die Accessoireetuis von L\u2018Atelier du Vin entf\u00fchren Sie auf eine Reise, auf der das Funktionale zum Sinnlichen wird.&#13;\n&#13;\n<\/p>\n<\/div>\n<\/div>\n    <div class=\"separator mobile-hidden\" style=\"height:40px\"><\/div>\r\n    <div class=\"separator laptop-hidden\" style=\"height:20px\"><\/div>\r\n<div class=\"margin-wrapper slider-wrapper\">\r\n            <div class=\"gallery-text\">\r\n            <h2>EINZIGARTIGE HANDGEMACHTE KREATIONEN<\/h2>\r\n            <p>Die Au\u00dfenseite des Etuis besteht aus unbearbeitetem falbem Leder in roher Farbe. Leder entwickelt im Laufe der Zeit und durch Abnutzung eine eigene Patina. Die Innenseite des Etuis besteht aus strapazierf\u00e4higem farbigem technischem Leder.<\/p>\r\n        <\/div>\r\n        <div class=\"gallery gallery-slider\"\r\n         style=\"aspect-ratio:2.3; margin-right: 40px;\">\r\n        <div class=\"gallery-row row slider\">\r\n                                <div class=\"slide-container\">\r\n                        <img decoding=\"async\" src=\"https:\/\/www.atelierduvin.com\/wp-content\/uploads\/adv-nomad-napoli-11h45-29.jpg\" alt=\"\" loading=\"lazy\" >                    <\/div>\r\n                                    <div class=\"slide-container\">\r\n                        <img decoding=\"async\" src=\"https:\/\/www.atelierduvin.com\/wp-content\/uploads\/ADV_NOMAD_NAPOLI_\u00a911h45-HD-22.jpg\" alt=\"\" loading=\"lazy\" >                    <\/div>\r\n                        <\/div>\r\n    <\/div>\r\n<\/div>    <div class=\"separator mobile-hidden\" style=\"height:40px\"><\/div>\r\n    <div class=\"separator laptop-hidden\" style=\"height:20px\"><\/div>\r\n\n<div class=\"wp-block-columns is-layout-flex wp-container-core-columns-is-layout-9d6595d7 wp-block-columns-is-layout-flex\">\n<div class=\"wp-block-column is-layout-flow wp-block-column-is-layout-flow\">\n<h2 class=\"wp-block-heading\">DAS PRAKTISCHE MIT DEM ANGENEHMEN VERBINDEN&#13;\n<\/h2>\n\n\n\n<p>Wie jeder Weinliebhaber ist auch jedes Accessoireetui von L\u2018Atelier du Vin einzigartig \u2026&#13;\n&#13;\n<\/p>\n<\/div>\n\n\n\n<div class=\"wp-block-column is-layout-flow wp-block-column-is-layout-flow\">\n<h2 class=\"wp-block-heading\"><h2>Gebrauchsanweisung f\u00fcr den Federzungen-Korkenzieher<\/h2><\/h2>\n\n\n<ul>\n<li>F\u00fchren Sie zuerst die Spitze der l\u00e4ngeren Klinge ein, dann die Spitze der k\u00fcrzeren.<\/li>\n<li>Dr\u00fccken Sie die Klingen nacheinander mit einer Pendelbewegung ein.<\/li>\n<li>Wenn die Klingen eingedr\u00fcckt sind, ziehen Sie den Bilamus-Korkenzieher durch Drehen des Griffs heraus.<\/li>\n<\/ul>\n<\/div>\n<\/div>\n    <div class=\"separator mobile-hidden\" style=\"height:40px\"><\/div>\r\n    <div class=\"separator laptop-hidden\" style=\"height:20px\"><\/div>\r\n<div class=\"margin-wrapper slider-wrapper\">\r\n            <div class=\"gallery-text\">\r\n            <h2><\/h2>\r\n            <p><em>\u201eDas Innere des Etuis sollte mit einer wahren visuellen \u00dcberraschung aufwarten. Die Herausforderung bestand f\u00fcr mich darin, ein sch\u00f6nes und praktisches Objekt zu entwerfen, das die Qualit\u00e4t der Accessoires von L\u2018Atelier du Vin hervorhebt. Die Exklusivit\u00e4t des Handgemachten sollte sich mit funktionalem Minimalismus verbinden. Die Etuis von L\u2018Atelier du Vin sind sch\u00f6ne, praktische und ethische Objekte. Sie illustrieren, dass Sch\u00f6nheit zeitlos ist.\u201c<\/em><br \/>\r\n<br \/>\r\nMargherita Matticari,<br \/>\r\n<br \/>\r\nK\u00fcnstlerische Leitung \u2013 Nomad-Kollektion f\u00fcr L\u2018Atelier du Vin.<\/p>\r\n        <\/div>\r\n        <div class=\"gallery gallery-slider\"\r\n         style=\"aspect-ratio:1.5; margin-right: 0px;\">\r\n        <div class=\"gallery-row row slider\">\r\n                                <div class=\"slide-container\">\r\n                        <img decoding=\"async\" src=\"https:\/\/www.atelierduvin.com\/wp-content\/uploads\/Bilame-Nomad-Tag-Ambiance.jpg\" alt=\"Oeno Collection Nomad ambiance\" loading=\"lazy\" >                    <\/div>\r\n                                    <div class=\"slide-container\">\r\n                        <img decoding=\"async\" src=\"https:\/\/www.atelierduvin.com\/wp-content\/uploads\/NOMAD-packshot-Bilame-details-2-HD-1-scaled.jpg\" alt=\"\" loading=\"lazy\" >                    <\/div>\r\n                                    <div class=\"slide-container\">\r\n                        <img decoding=\"async\" src=\"https:\/\/www.atelierduvin.com\/wp-content\/uploads\/adv-nomad-packshot-11h45-13.jpg\" alt=\"\" loading=\"lazy\" >                    <\/div>\r\n                        <\/div>\r\n    <\/div>\r\n<\/div>    <div class=\"separator mobile-hidden\" style=\"height:40px\"><\/div>\r\n    <div class=\"separator laptop-hidden\" style=\"height:20px\"><\/div>\r\n<div class=\"acc-head\">\r\n    <p>\r\n        Eigenschaften    <\/p>\r\n    <div class=\"acc-icon\">\r\n        <div class=\"ico-minus\"><\/div>\r\n        <div class=\"ico-plus\"><\/div>\r\n    <\/div>\r\n<\/div>\r\n<div class=\"acc-body\">\r\n    <div class=\"acc-content\">\r\n        <p>Ge\u00f6ffnetes Etui: L 27 cm x B 16 cm<br \/>\nGeschlossenes Etui: L 9.5 cm x B 16 cm x H 5 cm<\/p>\n    <\/div>\r\n<\/div><div class=\"acc-head\">\r\n    <p>\r\n        Finish    <\/p>\r\n    <div class=\"acc-icon\">\r\n        <div class=\"ico-minus\"><\/div>\r\n        <div class=\"ico-plus\"><\/div>\r\n    <\/div>\r\n<\/div>\r\n<div class=\"acc-body\">\r\n    <div class=\"acc-content\">\r\n        <p>Echtes Leder. Handgefertigt in Italien.<br \/>\nGesch\u00fctztes Design.<\/p>\n    <\/div>\r\n<\/div>    <div class=\"separator mobile-hidden\" style=\"height:40px\"><\/div>\r\n    <div class=\"separator laptop-hidden\" style=\"height:20px\"><\/div>\r\n    <div class=\"video-block-container\">\r\n                    <iframe loading=\"lazy\"\r\n                    width=\"100%\"\r\n                    height=\"100%\"\r\n                    allow=\"autoplay; fullscreen\"\r\n                    class=\"embed-player slide-media\"\r\n                    src=\"https:\/\/player.vimeo.com\/video\/576750074\"\r\n                    data-ready=\"true\">\r\n            <\/iframe>\r\n            <\/div>\r\n","protected":false},"excerpt":{"rendered":"<p>Der Federkorkenzieher <span style=\"text-decoration: underline;\"><a href=\"https:\/\/www.atelierduvin.com\/\/de\/produkt\/bilame-chrome\/\" target=\"_blank\" rel=\"noopener\">Bilame<\/a><\/span> l\u00f6st selbst \u00e4ltere und extrem empfindliche Korken, ohne sie zu l\u00e4dieren. Der Korken wird nicht durchl\u00f6chert und zerbr\u00f6selt nicht.<\/p>\n","protected":false},"featured_media":189803,"template":"","meta":{"_acf_changed":false},"product_brand":[],"product_cat":[402,730,745,750,752,797,401,404,407,709,366,347,348],"product_tag":[421],"class_list":{"0":"post-67225","1":"product","2":"type-product","3":"status-publish","4":"has-post-thumbnail","6":"product_cat-nomad-collection","7":"product_cat-vatertag-geschenkideen","8":"product_cat-ueber-200-euro","9":"product_cat-valentinstag-geschenkideen","10":"product_cat-geschenke-fur-sie","11":"product_cat-personalisierte-korkenzieher","12":"product_cat-luxurioese-geschenke","13":"product_cat-weinaccessoire-kollektion","14":"product_cat-personalisierung","15":"product_cat-lederetuis","16":"product_cat-federkorkenzieher","17":"product_cat-wein-zubehoer-set","18":"product_cat-korkenzieher","19":"product_tag-personalisierbar","20":"tm-has-options","22":"first","23":"instock","24":"taxable","25":"shipping-taxable","26":"purchasable","27":"product-type-variable","28":"has-default-attributes"},"bundled_by":[],"bundle_stock_status":"instock","bundle_stock_quantity":null,"bundle_virtual":false,"bundle_layout":"","bundle_add_to_cart_form_location":"","bundle_editable_in_cart":false,"bundle_sold_individually_context":"","bundle_item_grouping":"","bundle_min_size":"","bundle_max_size":"","bundle_price":[],"bundled_items":[],"bundle_sell_ids":[151018,151017,151004],"acf":[],"df_price":200,"df_sale_price":"","df_regular_price":200,"df_image_link":"https:\/\/www.atelierduvin.com\/wp-content\/uploads\/NOMAD-packshot-Bilame-ouvert-34-HD-2-1-450x450.jpg","_links":{"self":[{"href":"https:\/\/www.atelierduvin.com\/de\/wp-json\/wp\/v2\/product\/67225","targetHints":{"allow":["GET"]}}],"collection":[{"href":"https:\/\/www.atelierduvin.com\/de\/wp-json\/wp\/v2\/product"}],"about":[{"href":"https:\/\/www.atelierduvin.com\/de\/wp-json\/wp\/v2\/types\/product"}],"wp:featuredmedia":[{"embeddable":true,"href":"https:\/\/www.atelierduvin.com\/de\/wp-json\/wp\/v2\/media\/189803"}],"wp:attachment":[{"href":"https:\/\/www.atelierduvin.com\/de\/wp-json\/wp\/v2\/media?parent=67225"}],"wp:term":[{"taxonomy":"product_brand","embeddable":true,"href":"https:\/\/www.atelierduvin.com\/de\/wp-json\/wp\/v2\/product_brand?post=67225"},{"taxonomy":"product_cat","embeddable":true,"href":"https:\/\/www.atelierduvin.com\/de\/wp-json\/wp\/v2\/product_cat?post=67225"},{"taxonomy":"product_tag","embeddable":true,"href":"https:\/\/www.atelierduvin.com\/de\/wp-json\/wp\/v2\/product_tag?post=67225"}],"curies":[{"name":"wp","href":"https:\/\/api.w.org\/{rel}","templated":true}]}}