{"id":67223,"date":"2021-06-08T12:03:57","date_gmt":"2021-06-08T10:03:57","guid":{"rendered":"https:\/\/www.refonte-adv.votre-projet.com\/product\/soft-machine-nomad\/"},"modified":"2026-05-11T12:01:14","modified_gmt":"2026-05-11T10:01:14","slug":"soft-machine-nomad","status":"publish","type":"product","link":"https:\/\/www.atelierduvin.com\/de\/produkt\/soft-machine-nomad\/","title":{"rendered":"Soft Machine Nomad"},"content":{"rendered":"\n<div class=\"wp-block-columns is-layout-flex wp-container-core-columns-is-layout-9d6595d7 wp-block-columns-is-layout-flex\">\n<div class=\"wp-block-column is-layout-flow wp-block-column-is-layout-flow\">\n<h2 class=\"wp-block-heading\">IN DEM SOFT MACHINE NOMAD STECKT ELEGANZ&#13;\n<\/h2>\n\n\n\n<p>Die Eleganz von Leder und Zeit. Die Eleganz der Seele der Soft Machine in der Dandy-Version. Die Eleganz der Kombination hochgradig schimmernder Materialien: Azetat und Messing. Die Eleganz handgefertigter einzigartiger Kreationen.&#13;\n&#13;\n<\/p>\n<\/div>\n\n\n\n<div class=\"wp-block-column is-layout-flow wp-block-column-is-layout-flow\">\n<h2 class=\"wp-block-heading\">TREUE REISEBEGLEITER F\u00dcR WEINLIEBHABER<\/h2>\n\n\n\n<p>Ob im Gep\u00e4ck, zu Hause, als Geschenk oder zum Selbstbehalten \u2013 die Accessoireetuis von L\u2018Atelier du Vin entf\u00fchren Sie auf eine Reise, auf der das Funktionale zum Sinnlichen wird.<\/p>\n<\/div>\n<\/div>\n<div class=\"margin-wrapper slider-wrapper\">\r\n            <div class=\"gallery-text\">\r\n            <h2>EINZIGARTIGE HANDGEMACHTE KREATIONEN<\/h2>\r\n            <p>Die Au\u00dfenseite des Etuis besteht aus unbearbeitetem falbem Leder in roher Farbe. Leder entwickelt im Laufe der Zeit und durch Abnutzung eine eigene Patina. Die Innenseite des Etuis besteht aus strapazierf\u00e4higem farbigem technischem Leder.<\/p>\r\n        <\/div>\r\n        <div class=\"gallery gallery-slider\"\r\n         style=\"aspect-ratio:2.3; margin-right: 40px;\">\r\n        <div class=\"gallery-row row slider\">\r\n                                <div class=\"slide-container\">\r\n                        <img decoding=\"async\" src=\"https:\/\/www.atelierduvin.com\/wp-content\/uploads\/adv-nomad-napoli-11h45-26.jpg\" alt=\"\" loading=\"lazy\" >                    <\/div>\r\n                                    <div class=\"slide-container\">\r\n                        <img decoding=\"async\" src=\"https:\/\/www.atelierduvin.com\/wp-content\/uploads\/ADV_NOMAD_NAPOLI_\u00a911h45-HD-30-1.jpg\" alt=\"\" loading=\"lazy\" >                    <\/div>\r\n                        <\/div>\r\n    <\/div>\r\n<\/div>\n<h2 class=\"wp-block-heading\">DAS PRAKTISCHE MIT DEM ANGENEHMEN VERBINDEN&#13;\n<\/h2>\n\n<p>Wie jeder Weinliebhaber ist auch jedes Accessoireetui von L\u2018Atelier du Vin einzigartig \u2026<\/p>\n    <div class=\"separator mobile-hidden\" style=\"height:40px\"><\/div>\r\n    <div class=\"separator laptop-hidden\" style=\"height:20px\"><\/div>\r\n<div class=\"margin-wrapper slider-wrapper\">\r\n            <div class=\"gallery-text\">\r\n            <h2><\/h2>\r\n            <p><em>\u201eDas Innere des Etuis sollte mit einer wahren visuellen \u00dcberraschung aufwarten. Die Herausforderung bestand f\u00fcr mich darin, ein sch\u00f6nes und praktisches Objekt zu entwerfen, das die Qualit\u00e4t der Accessoires von L\u2018Atelier du Vin hervorhebt. Die Exklusivit\u00e4t des Handgemachten sollte sich mit funktionalem Minimalismus verbinden. Die Etuis von L\u2018Atelier du Vin sind sch\u00f6ne, praktische und ethische Objekte. Sie illustrieren, dass Sch\u00f6nheit zeitlos ist.\u201c<\/em><br \/>\r\n<br \/>\r\nMargherita Matticari, K\u00fcnstlerische Leitung \u2013 Nomad-Kollektion f\u00fcr L\u2018Atelier du Vin.<\/p>\r\n        <\/div>\r\n        <div class=\"gallery gallery-slider\"\r\n         style=\"aspect-ratio:1.5003663003663; margin-right: 0px;\">\r\n        <div class=\"gallery-row row slider\">\r\n                                <div class=\"slide-container\">\r\n                        <img decoding=\"async\" src=\"https:\/\/www.atelierduvin.com\/wp-content\/uploads\/NOMAD-packshot-Soft-machine-dandy-details-1-HD-scaled.jpg\" alt=\"\" loading=\"lazy\" >                    <\/div>\r\n                                    <div class=\"slide-container\">\r\n                        <img decoding=\"async\" src=\"https:\/\/www.atelierduvin.com\/wp-content\/uploads\/Soft-Machine-Nomad-Tag-Ambiance.jpg\" alt=\"\" loading=\"lazy\" >                    <\/div>\r\n                                    <div class=\"slide-container\">\r\n                        <img decoding=\"async\" src=\"https:\/\/www.atelierduvin.com\/wp-content\/uploads\/NOMAD-packshot-Soft-machine-dandy-details-2-HD-1-scaled.jpg\" alt=\"\" loading=\"lazy\" >                    <\/div>\r\n                        <\/div>\r\n    <\/div>\r\n<\/div>    <div class=\"separator mobile-hidden\" style=\"height:40px\"><\/div>\r\n    <div class=\"separator laptop-hidden\" style=\"height:20px\"><\/div>\r\n<div class=\"acc-head\">\r\n    <p>\r\n        Eigenschaften    <\/p>\r\n    <div class=\"acc-icon\">\r\n        <div class=\"ico-minus\"><\/div>\r\n        <div class=\"ico-plus\"><\/div>\r\n    <\/div>\r\n<\/div>\r\n<div class=\"acc-body\">\r\n    <div class=\"acc-content\">\r\n        <p>Ein modisches unverzichtbares Accessoire, auf dem Weg zur Ikone. Jedes Soft Machine Nomad ist einzigartig.<\/p>\n<p>Ge\u00f6ffnetes Etui: L 22 cm x B 16 cm<br \/>\nGeschlossenes Etui: L 7.5 cm x B 16 cm x H 4.5 cm<\/p>\n    <\/div>\r\n<\/div><div class=\"acc-head\">\r\n    <p>\r\n        Finish    <\/p>\r\n    <div class=\"acc-icon\">\r\n        <div class=\"ico-minus\"><\/div>\r\n        <div class=\"ico-plus\"><\/div>\r\n    <\/div>\r\n<\/div>\r\n<div class=\"acc-body\">\r\n    <div class=\"acc-content\">\r\n        <p>Echtes Leder. Handgefertigt in Italien.<br \/>\nGesch\u00fctztes Design.<\/p>\n    <\/div>\r\n<\/div>    <div class=\"separator mobile-hidden\" style=\"height:40px\"><\/div>\r\n    <div class=\"separator laptop-hidden\" style=\"height:20px\"><\/div>\r\n    <div class=\"video-block-container\">\r\n                    <iframe loading=\"lazy\"\r\n                    width=\"100%\"\r\n                    height=\"100%\"\r\n                    allow=\"autoplay; fullscreen\"\r\n                    class=\"embed-player slide-media\"\r\n                    src=\"https:\/\/player.vimeo.com\/video\/576750074\"\r\n                    data-ready=\"true\">\r\n            <\/iframe>\r\n            <\/div>\r\n","protected":false},"excerpt":{"rendered":"<p>Verf\u00fcgbar in Rosenholz, Ebenholz, Edelstahl, geb\u00fcrstetem massivem Messing und nunmehr in einer Dandy-Version.<\/p>\n","protected":false},"featured_media":189674,"template":"","meta":{"_acf_changed":false},"product_brand":[],"product_cat":[402,725,401,404,709,347,369,348],"product_tag":[],"class_list":{"0":"post-67223","1":"product","2":"type-product","3":"status-publish","4":"has-post-thumbnail","6":"product_cat-nomad-collection","7":"product_cat-geschenke-fur-ihn","8":"product_cat-luxurioese-geschenke","9":"product_cat-weinaccessoire-kollektion","10":"product_cat-lederetuis","11":"product_cat-wein-zubehoer-set","12":"product_cat-kellnermesser","13":"product_cat-korkenzieher","14":"tm-no-options","16":"first","17":"instock","18":"taxable","19":"shipping-taxable","20":"purchasable","21":"product-type-simple"},"bundled_by":[],"bundle_stock_status":"instock","bundle_stock_quantity":119,"bundle_virtual":false,"bundle_layout":"","bundle_add_to_cart_form_location":"","bundle_editable_in_cart":false,"bundle_sold_individually_context":"","bundle_item_grouping":"","bundle_min_size":"","bundle_max_size":"","bundle_price":[],"bundled_items":[],"bundle_sell_ids":[151018,151017,151004],"acf":[],"df_price":271.67,"df_sale_price":"","df_regular_price":271.67,"df_image_link":"https:\/\/www.atelierduvin.com\/wp-content\/uploads\/NOMAD-packshot-Soft-machine-dandy-ouvert-34-HD-2-450x450.jpg","_links":{"self":[{"href":"https:\/\/www.atelierduvin.com\/de\/wp-json\/wp\/v2\/product\/67223","targetHints":{"allow":["GET"]}}],"collection":[{"href":"https:\/\/www.atelierduvin.com\/de\/wp-json\/wp\/v2\/product"}],"about":[{"href":"https:\/\/www.atelierduvin.com\/de\/wp-json\/wp\/v2\/types\/product"}],"wp:featuredmedia":[{"embeddable":true,"href":"https:\/\/www.atelierduvin.com\/de\/wp-json\/wp\/v2\/media\/189674"}],"wp:attachment":[{"href":"https:\/\/www.atelierduvin.com\/de\/wp-json\/wp\/v2\/media?parent=67223"}],"wp:term":[{"taxonomy":"product_brand","embeddable":true,"href":"https:\/\/www.atelierduvin.com\/de\/wp-json\/wp\/v2\/product_brand?post=67223"},{"taxonomy":"product_cat","embeddable":true,"href":"https:\/\/www.atelierduvin.com\/de\/wp-json\/wp\/v2\/product_cat?post=67223"},{"taxonomy":"product_tag","embeddable":true,"href":"https:\/\/www.atelierduvin.com\/de\/wp-json\/wp\/v2\/product_tag?post=67223"}],"curies":[{"name":"wp","href":"https:\/\/api.w.org\/{rel}","templated":true}]}}