{"id":66938,"date":"2018-11-28T11:14:29","date_gmt":"2018-11-28T10:14:29","guid":{"rendered":"https:\/\/www.refonte-adv.votre-projet.com\/product\/messer-duo\/"},"modified":"2026-05-11T12:01:27","modified_gmt":"2026-05-11T10:01:27","slug":"messer-duo","status":"publish","type":"product","link":"https:\/\/www.atelierduvin.com\/de\/produkt\/messer-duo\/","title":{"rendered":"Messer-duo"},"content":{"rendered":"<div class=\"gallery\">\r\n            <div class=\"gallery-row row\">\r\n                                <div style=\"flex:1.5003663003663\">\r\n                        <img decoding=\"async\" src=\"https:\/\/www.atelierduvin.com\/wp-content\/uploads\/Plateau-Ring-et-sa-Cloche-Textile3-paysage.jpg\" alt=\"\" loading=\"eager\" >                    <\/div>\r\n                        <\/div>\r\n    <\/div><div class=\"acc-head\">\r\n    <p>\r\n        Eigenschaften    <\/p>\r\n    <div class=\"acc-icon\">\r\n        <div class=\"ico-minus\"><\/div>\r\n        <div class=\"ico-plus\"><\/div>\r\n    <\/div>\r\n<\/div>\r\n<div class=\"acc-body\">\r\n    <div class=\"acc-content\">\r\n        <p>. Starke Klinge: kurz und breit, spaltet m\u00fchelos Schnittk\u00e4se wie Gouda, Pecorino Sardo etc.<br \/>\n. D\u00fcnne Klinge: die lange, solide Feinklinge schneidet und hebt Edelschimmel-Weichk\u00e4se mit gewaschener oder naturbelassener Rinde sowie Hartk\u00e4se.<br \/>\n. Guide Vin et Fromage: Dieser clevere, \u00fcberraschende Leitfaden r\u00e4umt mit Klischees auf und schl\u00e4gt Ihnen die idealen Kombinationen vor.<\/p>\n    <\/div>\r\n<\/div><div class=\"acc-head\">\r\n    <p>\r\n        Finish    <\/p>\r\n    <div class=\"acc-icon\">\r\n        <div class=\"ico-minus\"><\/div>\r\n        <div class=\"ico-plus\"><\/div>\r\n    <\/div>\r\n<\/div>\r\n<div class=\"acc-body\">\r\n    <div class=\"acc-content\">\r\n        <p>Hochfester rostfreier Stahl und Nussbaum massiv.<\/p>\n    <\/div>\r\n<\/div>","protected":false},"excerpt":{"rendered":"<p>1 Messer mit d\u00fcnner Klinge + 1 Messer mit starker Klinge + 1 Guide Vin et Fromage<\/p>\n","protected":false},"featured_media":63635,"template":"","meta":{"_acf_changed":false},"product_brand":[],"product_cat":[407,404,396,354,356,358],"product_tag":[421],"class_list":{"0":"post-66938","1":"product","2":"type-product","3":"status-publish","4":"has-post-thumbnail","6":"product_cat-personalisierung","7":"product_cat-weinaccessoire-kollektion","8":"product_cat-unerlaessliches","9":"product_cat-brot-und-kaseaccessoires","10":"product_cat-accessoires-zum-servieren","11":"product_cat-spezielle-angebote","12":"product_tag-personalisierbar","13":"tm-has-options","15":"first","16":"instock","17":"sale","18":"taxable","19":"shipping-taxable","20":"purchasable","21":"product-type-variable","22":"has-default-attributes"},"bundled_by":[],"bundle_stock_status":"instock","bundle_stock_quantity":null,"bundle_virtual":false,"bundle_layout":"","bundle_add_to_cart_form_location":"","bundle_editable_in_cart":false,"bundle_sold_individually_context":"","bundle_item_grouping":"","bundle_min_size":"","bundle_max_size":"","bundle_price":[],"bundled_items":[],"bundle_sell_ids":[151018,151017,151004],"acf":[],"df_price":33.5,"df_sale_price":"","df_regular_price":33.5,"df_image_link":"https:\/\/www.atelierduvin.com\/wp-content\/uploads\/Duo-de-Coutellerie-4-450x450.png","_links":{"self":[{"href":"https:\/\/www.atelierduvin.com\/de\/wp-json\/wp\/v2\/product\/66938","targetHints":{"allow":["GET"]}}],"collection":[{"href":"https:\/\/www.atelierduvin.com\/de\/wp-json\/wp\/v2\/product"}],"about":[{"href":"https:\/\/www.atelierduvin.com\/de\/wp-json\/wp\/v2\/types\/product"}],"wp:featuredmedia":[{"embeddable":true,"href":"https:\/\/www.atelierduvin.com\/de\/wp-json\/wp\/v2\/media\/63635"}],"wp:attachment":[{"href":"https:\/\/www.atelierduvin.com\/de\/wp-json\/wp\/v2\/media?parent=66938"}],"wp:term":[{"taxonomy":"product_brand","embeddable":true,"href":"https:\/\/www.atelierduvin.com\/de\/wp-json\/wp\/v2\/product_brand?post=66938"},{"taxonomy":"product_cat","embeddable":true,"href":"https:\/\/www.atelierduvin.com\/de\/wp-json\/wp\/v2\/product_cat?post=66938"},{"taxonomy":"product_tag","embeddable":true,"href":"https:\/\/www.atelierduvin.com\/de\/wp-json\/wp\/v2\/product_tag?post=66938"}],"curies":[{"name":"wp","href":"https:\/\/api.w.org\/{rel}","templated":true}]}}