{"id":66937,"date":"2019-01-22T12:01:48","date_gmt":"2019-01-22T11:01:48","guid":{"rendered":"https:\/\/www.refonte-adv.votre-projet.com\/product\/kaeseplatte-ring-mit-stoffhaube\/"},"modified":"2026-05-11T12:00:55","modified_gmt":"2026-05-11T10:00:55","slug":"kaeseplatte-ring-mit-stoffhaube","status":"publish","type":"product","link":"https:\/\/www.atelierduvin.com\/de\/produkt\/kaeseplatte-ring-mit-stoffhaube\/","title":{"rendered":"K\u00e4seplatte Ring mit Stoffhaube"},"content":{"rendered":"<div class=\"acc-head\">\r\n    <p>\r\n        Eigenschaften    <\/p>\r\n    <div class=\"acc-icon\">\r\n        <div class=\"ico-minus\"><\/div>\r\n        <div class=\"ico-plus\"><\/div>\r\n    <\/div>\r\n<\/div>\r\n<div class=\"acc-body\">\r\n    <div class=\"acc-content\">\r\n        <p>Platte \u201eRing\u201c: D 31 cm x H 4 cm. Gewicht: 1,2 kg.<br \/>\nHalbkugelf\u00f6rmige Stoffhaube: D 28 cm x H 16 cm.<\/p>\n    <\/div>\r\n<\/div>","protected":false},"excerpt":{"rendered":"<p>Der \u201eRing\u201c ist eine gro\u00dfe, hohe Keramikplatte zum Anrichten und Pr\u00e4sentieren von K\u00e4se, Backwaren, Obst und vielem mehr&#8230;<\/p>\n","protected":false},"featured_media":63641,"template":"","meta":{"_acf_changed":false},"product_brand":[],"product_cat":[354,404,396,356,358],"product_tag":[],"class_list":{"0":"post-66937","1":"product","2":"type-product","3":"status-publish","4":"has-post-thumbnail","6":"product_cat-brot-und-kaseaccessoires","7":"product_cat-weinaccessoire-kollektion","8":"product_cat-unerlaessliches","9":"product_cat-accessoires-zum-servieren","10":"product_cat-spezielle-angebote","11":"tm-no-options","13":"first","14":"instock","15":"sale","16":"taxable","17":"shipping-taxable","18":"purchasable","19":"product-type-simple"},"bundled_by":[],"bundle_stock_status":"instock","bundle_stock_quantity":760,"bundle_virtual":false,"bundle_layout":"","bundle_add_to_cart_form_location":"","bundle_editable_in_cart":false,"bundle_sold_individually_context":"","bundle_item_grouping":"","bundle_min_size":"","bundle_max_size":"","bundle_price":[],"bundled_items":[],"bundle_sell_ids":[151018,151017,151004],"acf":[],"df_price":10.42,"df_sale_price":10.42,"df_regular_price":20.83,"df_image_link":"https:\/\/www.atelierduvin.com\/wp-content\/uploads\/Plateau-Ring-sa-Cloche-Textile-vue-densemble-1-450x450.png","_links":{"self":[{"href":"https:\/\/www.atelierduvin.com\/de\/wp-json\/wp\/v2\/product\/66937","targetHints":{"allow":["GET"]}}],"collection":[{"href":"https:\/\/www.atelierduvin.com\/de\/wp-json\/wp\/v2\/product"}],"about":[{"href":"https:\/\/www.atelierduvin.com\/de\/wp-json\/wp\/v2\/types\/product"}],"wp:featuredmedia":[{"embeddable":true,"href":"https:\/\/www.atelierduvin.com\/de\/wp-json\/wp\/v2\/media\/63641"}],"wp:attachment":[{"href":"https:\/\/www.atelierduvin.com\/de\/wp-json\/wp\/v2\/media?parent=66937"}],"wp:term":[{"taxonomy":"product_brand","embeddable":true,"href":"https:\/\/www.atelierduvin.com\/de\/wp-json\/wp\/v2\/product_brand?post=66937"},{"taxonomy":"product_cat","embeddable":true,"href":"https:\/\/www.atelierduvin.com\/de\/wp-json\/wp\/v2\/product_cat?post=66937"},{"taxonomy":"product_tag","embeddable":true,"href":"https:\/\/www.atelierduvin.com\/de\/wp-json\/wp\/v2\/product_tag?post=66937"}],"curies":[{"name":"wp","href":"https:\/\/api.w.org\/{rel}","templated":true}]}}