{"id":66920,"date":"2019-01-22T12:01:52","date_gmt":"2019-01-22T11:01:52","guid":{"rendered":"https:\/\/www.refonte-adv.votre-projet.com\/product\/lexploreur-spiritueux-2er-karton\/"},"modified":"2026-05-12T12:00:57","modified_gmt":"2026-05-12T10:00:57","slug":"lexploreur-spiritueux-2er-karton","status":"publish","type":"product","link":"https:\/\/www.atelierduvin.com\/de\/produkt\/lexploreur-spiritueux-2er-karton\/","title":{"rendered":"L&#8217;Exploreur Spiritueux (2er Karton)"},"content":{"rendered":"\n<p>Erinnern Sie sich an den Geruch von Meeresspray, der von den Wellen abgegeben wird, die gegen die Felsen schlagen? Die Intensit\u00e4t eines solchen Geruchs ist viel st\u00e4rker als die einer ruhigen See, die sanft \u00fcber einen Sandstrand schwappt. Das l\u00e4sst sich leicht erkl\u00e4ren: Die Molek\u00fcle prallen gegen die Felsen und setzen dabei viel gr\u00f6\u00dfere Mengen an Jod frei. Dieses einfache, aber grundlegende physikalische und chemische Prinzip ist die Grundlage daf\u00fcr, wie das Explorer\u00ae funktioniert. Dieses Glas ist das Ergebnis von Forschungen einer Gruppe von Weiexperten, Designern und Glashandwerkern\u2026&#13;\n<\/p>\n    <div class=\"separator mobile-hidden\" style=\"height:40px\"><\/div>\r\n    <div class=\"separator laptop-hidden\" style=\"height:20px\"><\/div>\r\n\n<h2 class=\"wp-block-heading\">Setzen Sie die Aromen von Spirituosen mit dem Explorer Spirits Glas frei.<\/h2>\n\n<p>Indem Sie Ihr Glas langsam drehen und somit den Inhalt bewegen, k\u00f6nnen Sie die reiche aromatische Intensit\u00e4t der braunen Spirituosen, die Sie verkosten, wirklich sch\u00e4tzen.<\/p>\n    <div class=\"separator mobile-hidden\" style=\"height:40px\"><\/div>\r\n    <div class=\"separator laptop-hidden\" style=\"height:20px\"><\/div>\r\n    <div class=\"video-block-container\">\r\n                    <iframe loading=\"lazy\"\r\n                    width=\"100%\"\r\n                    height=\"100%\"\r\n                    allow=\"autoplay; fullscreen\"\r\n                    class=\"embed-player slide-media\"\r\n                    src=\"https:\/\/player.vimeo.com\/video\/287978814\"\r\n                    data-ready=\"true\">\r\n            <\/iframe>\r\n            <\/div>\r\n    <div class=\"separator mobile-hidden\" style=\"height:40px\"><\/div>\r\n    <div class=\"separator laptop-hidden\" style=\"height:20px\"><\/div>\r\n\n<h2 class=\"wp-block-heading\">Die ultimative Geschmack-Optimierung.<\/h2>\n\n<p>Die Aroma Line, kombiniert mit einem guten Verh\u00e4ltnis der Dimensionen des Explorer\u00ae Spirits Glases, erm\u00f6glicht es Ihnen, die &#8220;Textur&#8221; (guter) Spirituosen besser wahrzunehmen und zu erleben \u2013 mit nur einem kleinen Schluck Alkohol in Ihrem Glas.<\/p>\n    <div class=\"separator mobile-hidden\" style=\"height:40px\"><\/div>\r\n    <div class=\"separator laptop-hidden\" style=\"height:20px\"><\/div>\r\n\n<h2 class=\"wp-block-heading\">Die \u00d6ffnung des Randes und die Retention der Aromen.<\/h2>\n\n<p>Im Gegensatz zu Gl\u00e4sern mit sehr \u201ekleinen\u201c \u00d6ffnungen wurde das Explorer\u00ae Spirits Glas speziell so entworfen, dass es einen gut dimensionierten Rand hat. Diese Eigenschaft verst\u00e4rkt Ihr Aromaerlebnis und minimiert gleichzeitig den Alkoholgeruch.<\/p>\n    <div class=\"separator mobile-hidden\" style=\"height:40px\"><\/div>\r\n    <div class=\"separator laptop-hidden\" style=\"height:20px\"><\/div>\r\n\n<h2 class=\"wp-block-heading\">Ein Glas mit spezifischen Dimensionen.<\/h2>\n\n<p>Die pr\u00e4zisen Ma\u00dfe des Explorer Spirits Glases erm\u00f6glichen es Ihnen, den vollen aromatischen Ausdruck von Whiskeys, Cognacs und Rums zu erleben\u2026 selbst bei kleinen Volumina.<\/p>\n    <div class=\"separator mobile-hidden\" style=\"height:40px\"><\/div>\r\n    <div class=\"separator laptop-hidden\" style=\"height:20px\"><\/div>\r\n<div class=\"acc-head\">\r\n    <p>\r\n        Eigenschaften    <\/p>\r\n    <div class=\"acc-icon\">\r\n        <div class=\"ico-minus\"><\/div>\r\n        <div class=\"ico-plus\"><\/div>\r\n    <\/div>\r\n<\/div>\r\n<div class=\"acc-body\">\r\n    <div class=\"acc-content\">\r\n        <p>BOX OF 2<\/p>\n<p>H124 mm<br \/>\nD98 mm<br \/>\nCapacity 46ml \u2013 15.6 oz<\/p>\n    <\/div>\r\n<\/div><div class=\"acc-head\">\r\n    <p>\r\n        Finish    <\/p>\r\n    <div class=\"acc-icon\">\r\n        <div class=\"ico-minus\"><\/div>\r\n        <div class=\"ico-plus\"><\/div>\r\n    <\/div>\r\n<\/div>\r\n<div class=\"acc-body\">\r\n    <div class=\"acc-content\">\r\n        <p>Jeder Exploreur\u00ae ist einzigartig.<\/p>\n<p>Hochwertiges Glas, mundgeblasen in Europa. Ein Meisterwerk der Glasbl\u00e4sertechnik.<\/p>\n    <\/div>\r\n<\/div>","protected":false},"excerpt":{"rendered":"<p>Entfalten Sie die Aromen Ihrer hochprozentigen Getr\u00e4nke dank der \u201eNervure des Ar\u00f4mes\u00ae\u201c im Glas \u201eExploreur\u00ae Spiritueux\u201c.<\/p>\n","protected":false},"featured_media":188413,"template":"","meta":{"_acf_changed":false},"product_brand":[],"product_cat":[380,404,398,350,358],"product_tag":[],"class_list":{"0":"post-66920","1":"product","2":"type-product","3":"status-publish","4":"has-post-thumbnail","6":"product_cat-weinglaeser-und-verkostungsglaeser","7":"product_cat-weinaccessoire-kollektion","8":"product_cat-geschenke-fuer-ihn","9":"product_cat-glaser_und_karaffen","10":"product_cat-spezielle-angebote","11":"tm-no-options","13":"first","14":"instock","15":"sale","16":"taxable","17":"shipping-taxable","18":"purchasable","19":"product-type-simple"},"bundled_by":[],"bundle_stock_status":"instock","bundle_stock_quantity":1464,"bundle_virtual":false,"bundle_layout":"","bundle_add_to_cart_form_location":"","bundle_editable_in_cart":false,"bundle_sold_individually_context":"","bundle_item_grouping":"","bundle_min_size":"","bundle_max_size":"","bundle_price":[],"bundled_items":[],"bundle_sell_ids":[151018,151017,151004],"acf":[],"df_price":15.75,"df_sale_price":15.75,"df_regular_price":22.5,"df_image_link":"https:\/\/www.atelierduvin.com\/wp-content\/uploads\/Verre-Exploreur-Spiritueux-1-450x450.jpg","_links":{"self":[{"href":"https:\/\/www.atelierduvin.com\/de\/wp-json\/wp\/v2\/product\/66920","targetHints":{"allow":["GET"]}}],"collection":[{"href":"https:\/\/www.atelierduvin.com\/de\/wp-json\/wp\/v2\/product"}],"about":[{"href":"https:\/\/www.atelierduvin.com\/de\/wp-json\/wp\/v2\/types\/product"}],"wp:featuredmedia":[{"embeddable":true,"href":"https:\/\/www.atelierduvin.com\/de\/wp-json\/wp\/v2\/media\/188413"}],"wp:attachment":[{"href":"https:\/\/www.atelierduvin.com\/de\/wp-json\/wp\/v2\/media?parent=66920"}],"wp:term":[{"taxonomy":"product_brand","embeddable":true,"href":"https:\/\/www.atelierduvin.com\/de\/wp-json\/wp\/v2\/product_brand?post=66920"},{"taxonomy":"product_cat","embeddable":true,"href":"https:\/\/www.atelierduvin.com\/de\/wp-json\/wp\/v2\/product_cat?post=66920"},{"taxonomy":"product_tag","embeddable":true,"href":"https:\/\/www.atelierduvin.com\/de\/wp-json\/wp\/v2\/product_tag?post=66920"}],"curies":[{"name":"wp","href":"https:\/\/api.w.org\/{rel}","templated":true}]}}