{"id":66911,"date":"2019-01-22T12:01:52","date_gmt":"2019-01-22T11:01:52","guid":{"rendered":"https:\/\/www.refonte-adv.votre-projet.com\/product\/lexploreur-oenologie-4er-carton\/"},"modified":"2026-05-11T12:00:59","modified_gmt":"2026-05-11T10:00:59","slug":"lexploreur-oenologie-4er-carton","status":"publish","type":"product","link":"https:\/\/www.atelierduvin.com\/de\/produkt\/lexploreur-oenologie-4er-carton\/","title":{"rendered":"L&#8217;Exploreur \u0152nologie (4er Karton)"},"content":{"rendered":"<div class=\"acc-head\">\r\n    <p>\r\n        Eigenschaften    <\/p>\r\n    <div class=\"acc-icon\">\r\n        <div class=\"ico-minus\"><\/div>\r\n        <div class=\"ico-plus\"><\/div>\r\n    <\/div>\r\n<\/div>\r\n<div class=\"acc-body\">\r\n    <div class=\"acc-content\">\r\n        <p>Dank der Nervures des Ar\u00f4mes\u00ae kommt es zu einer aussergew\u00f6hnlich guten Entfaltung der Aromen. Die ausgepr\u00e4gtesten Aromen werden dadurch noch st\u00e4rker und leichter \u201elesbar\u201c. Aber auch neue, subtilere und komplexere Untert\u00f6ne kommen zum Vorschein.<br \/>\n4ER KARTON.<br \/>\nH225 mm<br \/>\nD94 mm<br \/>\nInhalt 45ml \u2013 15 oz<br \/>\nInternationales Patent. Franz\u00f6sische Erfindung.<br \/>\nGlastechnische Meisterleistung.<\/p>\n    <\/div>\r\n<\/div>\n\n<div class=\"acc-head\">\r\n    <p>\r\n        Finish    <\/p>\r\n    <div class=\"acc-icon\">\r\n        <div class=\"ico-minus\"><\/div>\r\n        <div class=\"ico-plus\"><\/div>\r\n    <\/div>\r\n<\/div>\r\n<div class=\"acc-body\">\r\n    <div class=\"acc-content\">\r\n        <p>Die Nervure des Ar\u00f4mes\u00ae ist nahe der Glas\u00f6ffnung mit \u201eMikroperlen\u201c versehen, wodurch man die richtige F\u00fcllh\u00f6he des Glases angezeigt bekommt; dadurch vermeidet man immer, 1\/3 der F\u00fcllh\u00f6he des Glases zu \u00fcberschreiten.<\/p>\n    <\/div>\r\n<\/div>\n\n    <div class=\"separator mobile-hidden\" style=\"height:40px\"><\/div>\r\n    <div class=\"separator laptop-hidden\" style=\"height:20px\"><\/div>\r\n\n\n    <div class=\"video-block-container\">\r\n                    <iframe loading=\"lazy\"\r\n                    width=\"100%\"\r\n                    height=\"100%\"\r\n                    allow=\"autoplay; fullscreen\"\r\n                    class=\"embed-player slide-media\"\r\n                    src=\"https:\/\/player.vimeo.com\/video\/287978814\"\r\n                    data-ready=\"true\">\r\n            <\/iframe>\r\n            <\/div>\r\n","protected":false},"excerpt":{"rendered":"<p>Das Glas, das den Wein zum Sprechen bringt. Entfalten Sie die Weinaromen!<\/p>\n","protected":false},"featured_media":188408,"template":"","meta":{"_acf_changed":true},"product_brand":[],"product_cat":[380,404,396,397,350],"product_tag":[],"class_list":{"0":"post-66911","1":"product","2":"type-product","3":"status-publish","4":"has-post-thumbnail","6":"product_cat-weinglaeser-und-verkostungsglaeser","7":"product_cat-weinaccessoire-kollektion","8":"product_cat-unerlaessliches","9":"product_cat-geschenke-fuer-sie","10":"product_cat-glaser_und_karaffen","11":"tm-no-options","13":"first","14":"instock","15":"taxable","16":"shipping-taxable","17":"purchasable","18":"product-type-simple"},"bundled_by":[],"bundle_stock_status":"instock","bundle_stock_quantity":7,"bundle_virtual":false,"bundle_layout":"","bundle_add_to_cart_form_location":"","bundle_editable_in_cart":false,"bundle_sold_individually_context":"","bundle_item_grouping":"","bundle_min_size":"","bundle_max_size":"","bundle_price":[],"bundled_items":[],"bundle_sell_ids":[151018,151017,151004],"acf":[],"df_price":51.67,"df_sale_price":"","df_regular_price":51.67,"df_image_link":"https:\/\/www.atelierduvin.com\/wp-content\/uploads\/Verre-Exploreur-Oenologie-2-450x450.jpg","_links":{"self":[{"href":"https:\/\/www.atelierduvin.com\/de\/wp-json\/wp\/v2\/product\/66911","targetHints":{"allow":["GET"]}}],"collection":[{"href":"https:\/\/www.atelierduvin.com\/de\/wp-json\/wp\/v2\/product"}],"about":[{"href":"https:\/\/www.atelierduvin.com\/de\/wp-json\/wp\/v2\/types\/product"}],"wp:featuredmedia":[{"embeddable":true,"href":"https:\/\/www.atelierduvin.com\/de\/wp-json\/wp\/v2\/media\/188408"}],"wp:attachment":[{"href":"https:\/\/www.atelierduvin.com\/de\/wp-json\/wp\/v2\/media?parent=66911"}],"wp:term":[{"taxonomy":"product_brand","embeddable":true,"href":"https:\/\/www.atelierduvin.com\/de\/wp-json\/wp\/v2\/product_brand?post=66911"},{"taxonomy":"product_cat","embeddable":true,"href":"https:\/\/www.atelierduvin.com\/de\/wp-json\/wp\/v2\/product_cat?post=66911"},{"taxonomy":"product_tag","embeddable":true,"href":"https:\/\/www.atelierduvin.com\/de\/wp-json\/wp\/v2\/product_tag?post=66911"}],"curies":[{"name":"wp","href":"https:\/\/api.w.org\/{rel}","templated":true}]}}