{"id":66896,"date":"2018-11-28T11:14:49","date_gmt":"2018-11-28T10:14:49","guid":{"rendered":"https:\/\/www.refonte-adv.votre-projet.com\/product\/hohe-karaffe\/"},"modified":"2026-05-11T12:00:51","modified_gmt":"2026-05-11T10:00:51","slug":"hohe-karaffe","status":"publish","type":"product","link":"https:\/\/www.atelierduvin.com\/de\/produkt\/hohe-karaffe\/","title":{"rendered":"Hohe Karaffe"},"content":{"rendered":"<div class=\"acc-head\">\r\n    <p>\r\n        Eigenschaften    <\/p>\r\n    <div class=\"acc-icon\">\r\n        <div class=\"ico-minus\"><\/div>\r\n        <div class=\"ico-plus\"><\/div>\r\n    <\/div>\r\n<\/div>\r\n<div class=\"acc-body\">\r\n    <div class=\"acc-content\">\r\n        <p>Dank ihres hohlen Bodens l\u00e4sst sie sich auch elegant zum Servieren greifen.<br \/>\nIhr Stopfen sch\u00fctzt sie vor Staub oder Ger\u00fcchen. F\u00fcr alle Rot- und Wei\u00dfweine empfohlen.<br \/>\nF\u00fcllverm\u00f6gen: 75 cl.<br \/>\nH 32,5 cm x D 11 cm.<br \/>\nK\u00f6nigsblauer Stopfen: H 4,5 cm x D 2,8 cm .<\/p>\n    <\/div>\r\n<\/div><div class=\"acc-head\">\r\n    <p>\r\n        Finish    <\/p>\r\n    <div class=\"acc-icon\">\r\n        <div class=\"ico-minus\"><\/div>\r\n        <div class=\"ico-plus\"><\/div>\r\n    <\/div>\r\n<\/div>\r\n<div class=\"acc-body\">\r\n    <div class=\"acc-content\">\r\n        <p>In Europa geblasen und von Hand hergestellt, aus hochwertigem Glas ohne Blei.<br \/>\nJedes St\u00fcck ist ein Unikat.<\/p>\n    <\/div>\r\n<\/div>","protected":false},"excerpt":{"rendered":"<p>In der Hohen Karaffe kommt die Farbe des Weins bei Tisch voll zur Geltung. Sie trohnt, als st\u00fcnde sie auf einem transparenten Podium.<\/p>\n","protected":false},"featured_media":63757,"template":"","meta":{"_acf_changed":false},"product_brand":[],"product_cat":[379,752,400,404,350,358],"product_tag":[],"class_list":{"0":"post-66896","1":"product","2":"type-product","3":"status-publish","4":"has-post-thumbnail","6":"product_cat-weindekanter","7":"product_cat-geschenke-fur-sie","8":"product_cat-geschenke-fuer-profis","9":"product_cat-weinaccessoire-kollektion","10":"product_cat-glaser_und_karaffen","11":"product_cat-spezielle-angebote","12":"tm-no-options","14":"first","15":"instock","16":"sale","17":"taxable","18":"shipping-taxable","19":"purchasable","20":"product-type-simple"},"bundled_by":[],"bundle_stock_status":"instock","bundle_stock_quantity":148,"bundle_virtual":false,"bundle_layout":"","bundle_add_to_cart_form_location":"","bundle_editable_in_cart":false,"bundle_sold_individually_context":"","bundle_item_grouping":"","bundle_min_size":"","bundle_max_size":"","bundle_price":[],"bundled_items":[],"bundle_sell_ids":[151018,151017,151004],"acf":[],"df_price":112.5,"df_sale_price":112.5,"df_regular_price":127.5,"df_image_link":"https:\/\/www.atelierduvin.com\/wp-content\/uploads\/carafe-perchee-bleue-450x450.png","_links":{"self":[{"href":"https:\/\/www.atelierduvin.com\/de\/wp-json\/wp\/v2\/product\/66896","targetHints":{"allow":["GET"]}}],"collection":[{"href":"https:\/\/www.atelierduvin.com\/de\/wp-json\/wp\/v2\/product"}],"about":[{"href":"https:\/\/www.atelierduvin.com\/de\/wp-json\/wp\/v2\/types\/product"}],"wp:featuredmedia":[{"embeddable":true,"href":"https:\/\/www.atelierduvin.com\/de\/wp-json\/wp\/v2\/media\/63757"}],"wp:attachment":[{"href":"https:\/\/www.atelierduvin.com\/de\/wp-json\/wp\/v2\/media?parent=66896"}],"wp:term":[{"taxonomy":"product_brand","embeddable":true,"href":"https:\/\/www.atelierduvin.com\/de\/wp-json\/wp\/v2\/product_brand?post=66896"},{"taxonomy":"product_cat","embeddable":true,"href":"https:\/\/www.atelierduvin.com\/de\/wp-json\/wp\/v2\/product_cat?post=66896"},{"taxonomy":"product_tag","embeddable":true,"href":"https:\/\/www.atelierduvin.com\/de\/wp-json\/wp\/v2\/product_tag?post=66896"}],"curies":[{"name":"wp","href":"https:\/\/api.w.org\/{rel}","templated":true}]}}