{"id":66891,"date":"2018-11-28T11:14:27","date_gmt":"2018-11-28T10:14:27","guid":{"rendered":"https:\/\/www.refonte-adv.votre-projet.com\/product\/karaffe-bonde\/"},"modified":"2026-05-11T12:00:37","modified_gmt":"2026-05-11T10:00:37","slug":"karaffe-bonde","status":"publish","type":"product","link":"https:\/\/www.atelierduvin.com\/de\/produkt\/karaffe-bonde\/","title":{"rendered":"Karaffe Bonde"},"content":{"rendered":"\n<p>Die Karaffe Bonde, dank ihres seit \u00fcber\u00a0<strong>30 Jahren unver\u00e4nderten Designs<\/strong>\u00a0nicht zu verwechseln, ist eine wahre Ikone von L\u2018Atelier du Vin. Dank des\u00a0<strong>weiten Bauchs<\/strong>\u00a0und des\u00a0<strong>ausladenden Halses<\/strong>\u00a0ist die Karaffe Bonde eine wunderbare Verb\u00fcndete f\u00fcr die\u00a0<strong>Bel\u00fcftung von Weinen<\/strong>, insbesondere j\u00fcngerer Jahrg\u00e4nge. Schlichte, aber \u00e4sthetisch besonders ansprechende harmonische Formen aus\u00a0<strong>mundgeblasenem Glas<\/strong>. Jede Karaffe ist einzigartig. Der markante Vollglasverschluss, der von den Spunden inspiriert wurde, die die F\u00e4sser gro\u00dfer Weine bedecken, verleiht ihr Anmut und Finesse. Augenweide und Sinnesfreude:\u00a0<strong>Der so mit Sauerstoff angereicherte Wein setzt elegant sein Aroma frei<\/strong>. Ob nun beim Mittagessen mit der Familie oder beim Abendessen mit Freunden \u2013 die Karaffe Bonde steht Ihnen bei jeder Gelegenheit treu zur Seite.<\/p>\n    <div class=\"separator mobile-hidden\" style=\"height:40px\"><\/div>\r\n    <div class=\"separator laptop-hidden\" style=\"height:20px\"><\/div>\r\n\n<h3 class=\"wp-block-heading\">Methode:<\/h3>\n<ol>\n<li>Holen Sie den Wein etwa zwei Stunden vor dem Essen aus dem Keller, um ihn allm\u00e4hlich auf Raumtemperatur zu bringen.<\/li>\n<li>W\u00e4hlen Sie eine einfache und sch\u00f6ne Karaffe.<\/li>\n<li>Gie\u00dfen Sie den Wein langsam in die Karaffe und lassen Sie ihn nach M\u00f6glichkeit an der Innenfl\u00e4che herunterlaufen.<\/li>\n<\/ol>\n\n<p>Junge Weine sollten etwa eine Stunde vor dem Essen mit Sauerstoff angereichert werden, da dies dazu beitr\u00e4gt, den Wein weicher und weniger scharf zu machen und ihm K\u00f6rper zu verleihen. \u00c4ltere Weine sollten kurz vor dem Essen sehr sanft mit Sauerstoff angereichert werden, da dies ein sanftes Dekantieren erm\u00f6glicht und der Bodensatz und der Trub entfernt werden k\u00f6nnen.<\/p>\n    <div class=\"separator mobile-hidden\" style=\"height:40px\"><\/div>\r\n    <div class=\"separator laptop-hidden\" style=\"height:20px\"><\/div>\r\n<div class=\"acc-head\">\r\n    <p>\r\n        Eigenschaften    <\/p>\r\n    <div class=\"acc-icon\">\r\n        <div class=\"ico-minus\"><\/div>\r\n        <div class=\"ico-plus\"><\/div>\r\n    <\/div>\r\n<\/div>\r\n<div class=\"acc-body\">\r\n    <div class=\"acc-content\">\r\n        <p>Karaffe und Stopfen aus mundgeblasenem Glas.<br \/>\nMa\u00dfe: H 25 cm x D 17 cm<br \/>\nFassungsverm\u00f6gen: Magnum (1,5 L)<\/p>\n    <\/div>\r\n<\/div>","protected":false},"excerpt":{"rendered":"<p>Die schlichten, harmonischen Formen dieses Dekanters sorgen f\u00fcr eine hervorragende Vorbereitung Ihrer besten Tropfen.<\/p>\n","protected":false},"featured_media":186256,"template":"","meta":{"_acf_changed":false},"product_brand":[],"product_cat":[379,730,742,752,404,396,397,350],"product_tag":[],"class_list":{"0":"post-66891","1":"product","2":"type-product","3":"status-publish","4":"has-post-thumbnail","6":"product_cat-weindekanter","7":"product_cat-vatertag-geschenkideen","8":"product_cat-unter-100-euro","9":"product_cat-geschenke-fur-sie","10":"product_cat-weinaccessoire-kollektion","11":"product_cat-unerlaessliches","12":"product_cat-geschenke-fuer-sie","13":"product_cat-glaser_und_karaffen","14":"tm-no-options","16":"first","17":"instock","18":"taxable","19":"shipping-taxable","20":"purchasable","21":"product-type-simple"},"bundled_by":[],"bundle_stock_status":"instock","bundle_stock_quantity":538,"bundle_virtual":false,"bundle_layout":"","bundle_add_to_cart_form_location":"","bundle_editable_in_cart":false,"bundle_sold_individually_context":"","bundle_item_grouping":"","bundle_min_size":"","bundle_max_size":"","bundle_price":[],"bundled_items":[],"bundle_sell_ids":[151018,151017,151004],"acf":[],"df_price":70.83,"df_sale_price":"","df_regular_price":70.83,"df_image_link":"https:\/\/www.atelierduvin.com\/wp-content\/uploads\/CarafeBonde_avecvin_HD-450x450.jpg","_links":{"self":[{"href":"https:\/\/www.atelierduvin.com\/de\/wp-json\/wp\/v2\/product\/66891","targetHints":{"allow":["GET"]}}],"collection":[{"href":"https:\/\/www.atelierduvin.com\/de\/wp-json\/wp\/v2\/product"}],"about":[{"href":"https:\/\/www.atelierduvin.com\/de\/wp-json\/wp\/v2\/types\/product"}],"wp:featuredmedia":[{"embeddable":true,"href":"https:\/\/www.atelierduvin.com\/de\/wp-json\/wp\/v2\/media\/186256"}],"wp:attachment":[{"href":"https:\/\/www.atelierduvin.com\/de\/wp-json\/wp\/v2\/media?parent=66891"}],"wp:term":[{"taxonomy":"product_brand","embeddable":true,"href":"https:\/\/www.atelierduvin.com\/de\/wp-json\/wp\/v2\/product_brand?post=66891"},{"taxonomy":"product_cat","embeddable":true,"href":"https:\/\/www.atelierduvin.com\/de\/wp-json\/wp\/v2\/product_cat?post=66891"},{"taxonomy":"product_tag","embeddable":true,"href":"https:\/\/www.atelierduvin.com\/de\/wp-json\/wp\/v2\/product_tag?post=66891"}],"curies":[{"name":"wp","href":"https:\/\/api.w.org\/{rel}","templated":true}]}}