{"id":66874,"date":"2018-11-28T11:14:50","date_gmt":"2018-11-28T10:14:50","guid":{"rendered":"https:\/\/www.refonte-adv.votre-projet.com\/product\/oeno-box-connoisseur-1\/"},"modified":"2026-05-11T12:01:30","modified_gmt":"2026-05-11T10:01:30","slug":"oeno-box-connoisseur-1","status":"publish","type":"product","link":"https:\/\/www.atelierduvin.com\/de\/produkt\/oeno-box-connoisseur-1\/","title":{"rendered":"Oeno Box Connoisseur 1"},"content":{"rendered":"<div class=\"gallery\">\r\n            <div class=\"gallery-row row\">\r\n                                <div style=\"flex:1.25\">\r\n                        <img decoding=\"async\" src=\"https:\/\/www.atelierduvin.com\/wp-content\/uploads\/OenoBoxConnoisseur1_ambiance_paysage_2.jpg\" alt=\"Coffret en bois fait en France Oeno Box Connoisseur 1\" loading=\"eager\" >                    <\/div>\r\n                        <\/div>\r\n    <\/div>\n<h2 class=\"wp-block-heading\">Oeno Box Connoisseur: Geschenk f\u00fcr Weinkenner<\/h2>\n\n<p><p><strong>Ganz im Sinne der traditionellen franz\u00f6sischen Kunsttischlerei<\/strong>\u00a0vereint die Oeno Box Connoisseur in einem K\u00e4stchen aus massivem Ahorn und Birkensperrholz die emblematischsten Accessoires von L\u2018Atelier du Vin. Der\u00a0<a href=\"https:\/\/www.atelierduvin.com\/de\/produkt\/oeno-motion-woodchrome\/\" target=\"_blank\" rel=\"noopener\" data-mce-href=\"https:\/\/www.atelierduvin.com\/de\/produkt\/oeno-motion-woodchrome\/\"><strong>Oeno Motion Wood &amp; Chrome<\/strong><\/a>, der\u00a0<a href=\"https:\/\/www.atelierduvin.com\/de\/produkt\/federzungen-korkenzieher-chrom\/\" target=\"_blank\" rel=\"noopener\" data-mce-href=\"https:\/\/www.atelierduvin.com\/de\/produkt\/federzungen-korkenzieher-chrom\/\"><strong>verchromte Bilame<\/strong><\/a>, der\u00a0<a href=\"\/de\/produkt\/garcon\/\" target=\"_blank\" rel=\"noopener\" data-mce-href=\"\/de\/produkt\/garcon\/\"><strong>Gar\u00e7on aus verchromtem Metall<\/strong><\/a>\u00a0und die\u00a0<a href=\"https:\/\/www.atelierduvin.com\/de\/produkt\/gardvin-on-off-metall\/\" target=\"_blank\" rel=\"noopener\" data-mce-href=\"https:\/\/www.atelierduvin.com\/de\/produkt\/gardvin-on-off-metall\/\"><strong>Gard\u2019Vin On\/Off aus Metall<\/strong><\/a>\u00a0in einer wundersch\u00f6n verarbeiteten, exklusiven Box zum Servieren und Aufbewahren von stillen und sch\u00e4umenden Weinen.<\/p><\/p>\n\n<p><strong>Als von Hand gefertigtes kleines Kunstwerk<\/strong> ist jede Oeno Box Connoisseur einzigartig. Zusammen mit einer Flasche Wein oder Champagner ist sie ein Geschenk, das alle f\u00fcnf Sinne des gl\u00fccklichen Empf\u00e4ngers anregen wird.<\/p>\n    <div class=\"separator mobile-hidden\" style=\"height:40px\"><\/div>\r\n    <div class=\"separator laptop-hidden\" style=\"height:20px\"><\/div>\r\n<div class=\"acc-head\">\r\n    <p>\r\n        Eigenschaften    <\/p>\r\n    <div class=\"acc-icon\">\r\n        <div class=\"ico-minus\"><\/div>\r\n        <div class=\"ico-plus\"><\/div>\r\n    <\/div>\r\n<\/div>\r\n<div class=\"acc-body\">\r\n    <div class=\"acc-content\">\r\n        <p>L 53 cm x B&nbsp;37 cm x H 12 cm<\/p>\n<p><br data-mce-bogus=\"1\"><\/p>\n<ul>\n<li>1&nbsp;<a href=\"https:\/\/www.atelierduvin.com\/de\/produkt\/oeno-motion-woodchrome\/\" target=\"_blank\" rel=\"noopener\" data-mce-href=\"https:\/\/www.atelierduvin.com\/de\/produkt\/oeno-motion-woodchrome\/\">Oeno Motion\u00ae Wood &amp; Chrome<\/a><\/li>\n<li>1&nbsp;<a href=\"\/?p=66695\" target=\"_blank\" rel=\"noopener\" data-mce-href=\"https:\/\/www.atelierduvin.com\/de\/produkt\/federzungen-korkenzieher-chrom\/\">Zwei-Klingen-Korkenzieher verchromt<\/a><\/li>\n<li>1&nbsp;<a href=\"https:\/\/www.atelierduvin.com\/de\/?attachment_id=138714\" target=\"_blank\" rel=\"noopener\" data-mce-href=\"https:\/\/www.atelierduvin.com\/de\/?attachment_id=138714\">Gar\u00e7on\u00ae verchromtes Metall<\/a><\/li>\n<li>1&nbsp;<a href=\"\/?p=66704\" target=\"_blank\" rel=\"noopener\" data-mce-href=\"https:\/\/www.atelierduvin.com\/de\/produkt\/champagnerzange\/\">Champagner-Zange<\/a><\/li>\n<li>1&nbsp;<a href=\"\/?p=67167\" target=\"_blank\" rel=\"noopener\" data-mce-href=\"https:\/\/www.atelierduvin.com\/de\/produkt\/weinthermometer\/\">Weinthermometer<\/a><\/li>\n<li>1&nbsp;<a href=\"\/?p=66715\" target=\"_blank\" rel=\"noopener\" data-mce-href=\"https:\/\/www.atelierduvin.com\/de\/produkt\/universal-developer-mit-fuss\/\">Universal Developer\u00ae<\/a><\/li>\n<li>1 Bubble Cork Silver<\/li>\n<li>1 Korkverschluss<\/li>\n<li>1&nbsp;<a href=\"\/?p=69136\" target=\"_blank\" rel=\"noopener\" data-mce-href=\"https:\/\/www.atelierduvin.com\/de\/produkt\/gardvin-on-off-metall\/\">Gard\u2019vin\u00ae ON\/OFF Metall<\/a><\/li>\n<li>2&nbsp;<a href=\"\/?p=71587\" target=\"_blank\" rel=\"noopener\" data-mce-href=\"https:\/\/www.atelierduvin.com\/de\/produkt\/korken-on-off-packung-mit-3-stopseln\/\">Verschl\u00fcsse ON\/OFF<\/a><\/li>\n<\/ul>\n<p><br data-mce-bogus=\"1\"><\/p>\n<p>Flasche nicht enthalten. Produkte auch einzeln erh\u00e4ltlich.<\/p>\n    <\/div>\r\n<\/div><div class=\"acc-head\">\r\n    <p>\r\n        Finish    <\/p>\r\n    <div class=\"acc-icon\">\r\n        <div class=\"ico-minus\"><\/div>\r\n        <div class=\"ico-plus\"><\/div>\r\n    <\/div>\r\n<\/div>\r\n<div class=\"acc-body\">\r\n    <div class=\"acc-content\">\r\n        <p>Von Hand in Frankreich hergestellt.<\/p>\n    <\/div>\r\n<\/div>","protected":false},"excerpt":{"rendered":"<p>Diese Boxen beinhalten die Kult-Utensilien von L&#8217;Atelier du Vin zum \u00d6ffnen, Servieren und Verschlie\u00dfen von stillen und kohlens\u00e4urehaltigen Weinen kompakt in einer Holzkiste.<\/p>\n","protected":false},"featured_media":193971,"template":"","meta":{"_acf_changed":false},"product_brand":[],"product_cat":[363,404,401,407,347],"product_tag":[421],"class_list":{"0":"post-66874","1":"product","2":"type-product","3":"status-publish","4":"has-post-thumbnail","6":"product_cat-noble-holz-kollektionen","7":"product_cat-weinaccessoire-kollektion","8":"product_cat-luxurioese-geschenke","9":"product_cat-personalisierung","10":"product_cat-wein-zubehoer-set","11":"product_tag-personalisierbar","12":"tm-has-options","14":"first","15":"instock","16":"taxable","17":"shipping-taxable","18":"purchasable","19":"product-type-variable","20":"has-default-attributes"},"bundled_by":[],"bundle_stock_status":"instock","bundle_stock_quantity":null,"bundle_virtual":false,"bundle_layout":"","bundle_add_to_cart_form_location":"","bundle_editable_in_cart":false,"bundle_sold_individually_context":"","bundle_item_grouping":"","bundle_min_size":"","bundle_max_size":"","bundle_price":[],"bundled_items":[],"bundle_sell_ids":[151018,151017,151004],"acf":[],"df_price":666.67,"df_sale_price":"","df_regular_price":666.67,"df_image_link":"https:\/\/www.atelierduvin.com\/wp-content\/uploads\/OenoBoxConnoisseur_packshot_ouvert_HD-450x450.jpg","_links":{"self":[{"href":"https:\/\/www.atelierduvin.com\/de\/wp-json\/wp\/v2\/product\/66874","targetHints":{"allow":["GET"]}}],"collection":[{"href":"https:\/\/www.atelierduvin.com\/de\/wp-json\/wp\/v2\/product"}],"about":[{"href":"https:\/\/www.atelierduvin.com\/de\/wp-json\/wp\/v2\/types\/product"}],"wp:featuredmedia":[{"embeddable":true,"href":"https:\/\/www.atelierduvin.com\/de\/wp-json\/wp\/v2\/media\/193971"}],"wp:attachment":[{"href":"https:\/\/www.atelierduvin.com\/de\/wp-json\/wp\/v2\/media?parent=66874"}],"wp:term":[{"taxonomy":"product_brand","embeddable":true,"href":"https:\/\/www.atelierduvin.com\/de\/wp-json\/wp\/v2\/product_brand?post=66874"},{"taxonomy":"product_cat","embeddable":true,"href":"https:\/\/www.atelierduvin.com\/de\/wp-json\/wp\/v2\/product_cat?post=66874"},{"taxonomy":"product_tag","embeddable":true,"href":"https:\/\/www.atelierduvin.com\/de\/wp-json\/wp\/v2\/product_tag?post=66874"}],"curies":[{"name":"wp","href":"https:\/\/api.w.org\/{rel}","templated":true}]}}