{"id":66827,"date":"2019-01-22T12:01:50","date_gmt":"2019-01-22T11:01:50","guid":{"rendered":"https:\/\/www.refonte-adv.votre-projet.com\/product\/wein-kuriositaetenkabinett\/"},"modified":"2026-05-11T12:01:31","modified_gmt":"2026-05-11T10:01:31","slug":"weinutensilienschrank-oeno-curiosites","status":"publish","type":"product","link":"https:\/\/www.atelierduvin.com\/de\/produkt\/weinutensilienschrank-oeno-curiosites\/","title":{"rendered":"Weinutensilienschrank Oeno-Curiosit\u00e9s"},"content":{"rendered":"<div class=\"gallery\">\r\n            <div class=\"gallery-row row\">\r\n                                <div style=\"flex:0.7998046875\">\r\n                        <img decoding=\"async\" src=\"https:\/\/www.atelierduvin.com\/wp-content\/uploads\/CabinetOenoCuriosite_ferme_ambiance_portrait_HD-819x1024-1.jpg\" alt=\"Cabinet d'Oeno-Curiosit\u00e9s en noyer massif ferm\u00e9, suspendu au mur pr\u00e8s d'une chemin\u00e9e.\" loading=\"eager\" >                    <\/div>\r\n                                    <div style=\"flex:0.7998046875\">\r\n                        <img decoding=\"async\" src=\"https:\/\/www.atelierduvin.com\/wp-content\/uploads\/CabinetOenoCuriosite_ouvert_ambiance_portrait_2_HD-819x1024-1.jpg\" alt=\"Cabinet d'Oeno-Curiosit\u00e9s en noyer massif ferm\u00e9, suspendu au mur au-pr\u00e8s d'une chemin\u00e9e.\" loading=\"eager\" >                    <\/div>\r\n                        <\/div>\r\n    <\/div>\n\n    <div class=\"separator mobile-hidden\" style=\"height:40px\"><\/div>\r\n    <div class=\"separator laptop-hidden\" style=\"height:20px\"><\/div>\r\n\n\n\n<h2 class=\"wp-block-heading\">Ein pers\u00f6nliches und einzigartiges Objekt, gepr\u00e4gt von Ihrer Geschichte<\/h2>\n\n\n\n<p>Der Weinutensilienschrank Oeno-Curiosit\u00e9s geht \u00fcber reine Aufbewahrung hinaus und wird zu einem Ort der Erinnerung.<\/p>\n\n\n\n<p>F\u00fcr Kenner konzipiert, verwandelt er sich im Laufe der Zeit in ein pers\u00f6nliches Archiv. Im Zentrum befindet sich ein Bereich zur Aufbewahrung der Korken besonderer Flaschen \u2013 seltener Jahrg\u00e4nge, vertraulicher Entdeckungen oder Flaschen, die auf einer Reise durch die Weinberge oder bei einem Besuch beim Winzer geteilt wurden.<\/p>\n\n\n\n<p>Jeder Korken wird zur greifbaren Spur eines au\u00dfergew\u00f6hnlichen Moments, jede Erg\u00e4nzung bereichert die Geschichte des Schranks.<\/p>\n\n\n\n<p>Kein Exemplar gleicht dem anderen. Der Weinutensilienschrank Oeno-Curiosit\u00e9s wird zutiefst pers\u00f6nlich und spiegelt den \u00f6nologischen Weg seines Besitzers wider.<\/p>\n\n\n    <div class=\"separator mobile-hidden\" style=\"height:40px\"><\/div>\r\n    <div class=\"separator laptop-hidden\" style=\"height:20px\"><\/div>\r\n\n\n\n<h2 class=\"wp-block-heading\">Franz\u00f6sisches Design im Dienst der Weinkultur<\/h2>\n\n\n\n<p>In Frankreich vom hauseigenen Kreativstudio von L\u2019Atelier du Vin entworfen, vereint dieser Schrank edle Tischlerkunst mit technischer Expertise. Gefertigt aus massivem Nussbaum und Nussbaumfurnier verk\u00f6rpert er das perfekte Gleichgewicht zwischen der W\u00e4rme des Holzes und dem Glanz des Chroms und schafft eine zeitlose \u00c4sthetik f\u00fcr jedes anspruchsvolle Interieur.<\/p>\n\n\n\n<p>Vielseitig einsetzbar kann er dank seiner sch\u00fctzenden F\u00fc\u00dfe auf einem M\u00f6belst\u00fcck platziert oder mithilfe seines integrierten Aufh\u00e4ngesystems wie ein lebendiges Kunstwerk an der Wand befestigt werden. Ob in einer stilvollen Bibliothek, einem modernen Weinkeller oder einem repr\u00e4sentativen Salon \u2013 seine Pr\u00e4senz verwandelt den Raum in einen Ort gelebter Weinkultur.<\/p>\n\n\n    <div class=\"separator mobile-hidden\" style=\"height:40px\"><\/div>\r\n    <div class=\"separator laptop-hidden\" style=\"height:20px\"><\/div>\r\n\n\n\n<h2 class=\"wp-block-heading\">Ein vollst\u00e4ndiges Sommelier-Set f\u00fcr vollkommene Beherrschung<\/h2>\n\n\n\n<p>Der Weinutensilienschrank Oeno-Curiosit\u00e9s vereint eine umfassende Auswahl professioneller Accessoires, die jeden Schritt vom \u00d6ffnen bis zur Konservierung abdecken:<\/p>\n\n\n<div class=\"table-container\">\n<table style=\"width: 100%;border-collapse: collapse;margin: 20px 0;border: 1px solid #ddd\">\n<thead>\n<tr style=\"background-color: #f4f4f4;text-align: left\">\n<th style=\"padding: 12px 15px;border-bottom: 2px solid #ddd\">Verwendung<\/th>\n<th style=\"padding: 12px 15px;border-bottom: 2px solid #ddd\">Enthaltene Werkzeuge<\/th>\n<\/tr>\n<\/thead>\n<tbody>\n<tr>\n<td style=\"padding: 10px 15px;border-bottom: 1px solid #eee;font-weight: bold\">\u00d6ffnen<\/td>\n<td style=\"padding: 10px 15px;border-bottom: 1px solid #eee\"><a href=\"https:\/\/www.atelierduvin.com\/de\/produkt\/oeno-motion-silver-wood\/\"><span style=\"text-decoration: underline\">Oeno Motion\u00ae Silver &amp; Wood<\/span><\/a>, <a href=\"https:\/\/www.atelierduvin.com\/de\/produkt\/bilame-silver-signature\/\"><span style=\"text-decoration: underline\">Bilame Chrom\u00e9<\/span><\/a>, <a href=\"https:\/\/www.atelierduvin.com\/de\/produkt\/garcon\/\"><span style=\"text-decoration: underline\">Gar\u00e7on\u00ae Metall<\/span><\/a>, <a href=\"\/produit\/coupe-capsule-metal-chrome\/\"><span style=\"text-decoration: underline\">Kapselschneider<\/span><\/a>, <a href=\"https:\/\/www.atelierduvin.com\/de\/produkt\/champagnerzange\/\"><span style=\"text-decoration: underline\">Champagnerzange<\/span><\/a>.<\/td>\n<\/tr>\n<tr style=\"background-color: #fdfdfd\">\n<td style=\"padding: 10px 15px;border-bottom: 1px solid #eee;font-weight: bold\">Servieren &amp; Bel\u00fcften<\/td>\n<td style=\"padding: 10px 15px;border-bottom: 1px solid #eee\"><a href=\"https:\/\/www.atelierduvin.com\/de\/produkt\/universal-developer-mit-fuss\/\"><span style=\"text-decoration: underline\">Developer\u00ae Universel mit Fu\u00df<span style=\"font-family: inherit;font-size: inherit;background-color: #fdfdfd;color: #333333\">,<\/span> <\/span><\/a><a style=\"font-family: inherit;font-size: inherit;background-color: #fdfdfd\" href=\"https:\/\/www.atelierduvin.com\/de\/produkt\/verseur-feuille\/\">Verseur-Feuille<\/a><span style=\"font-family: inherit;font-size: inherit;background-color: #fdfdfd;color: #333333\">, Bubble Cork, <\/span><a style=\"font-family: inherit;font-size: inherit;background-color: #fdfdfd\" href=\"https:\/\/www.atelierduvin.com\/de\/produkt\/weinthermometer\/\">Weintermometer<\/a><span style=\"font-family: inherit;font-size: inherit;background-color: #fdfdfd;color: #333333\">.<\/span><\/td>\n<\/tr>\n<tr>\n<td style=\"padding: 10px 15px;border-bottom: 1px solid #eee;font-weight: bold\">Konservierung<\/td>\n<td style=\"padding: 10px 15px;border-bottom: 1px solid #eee\"><a href=\"https:\/\/www.atelierduvin.com\/de\/produkt\/gardvin-on-off-metall\/\"><span style=\"text-decoration: underline\">Gard\u2019Vin\u00ae ON\/OFF Metall<\/span><\/a>, 2 ON\/OFF-Verschl\u00fcsse, 2 Naturkorken.<\/td>\n<\/tr>\n<tr>\n<td style=\"padding: 10px 15px;border-bottom: 1px solid #eee;font-weight: bold\">Entdeckung<\/td>\n<td style=\"padding: 10px 15px;border-bottom: 1px solid #eee\"><a href=\"https:\/\/www.atelierduvin.com\/de\/produkt\/karte-der-weinregionen\/\"><span style=\"text-decoration: underline\">Weinbaukarte<\/span><\/a><\/td>\n<\/tr>\n<\/tbody>\n<\/table>\n<\/div>\n\n\n\n<p>Dieses exklusive Weinutensilien-Geschenkset erm\u00f6glicht es, jede Geste \u2013 vom \u00d6ffnen bis zum Servieren und Bewahren \u2013 mit Eleganz und Pr\u00e4zision auszuf\u00fchren.<\/p>\n\n\n    <div class=\"separator mobile-hidden\" style=\"height:40px\"><\/div>\r\n    <div class=\"separator laptop-hidden\" style=\"height:20px\"><\/div>\r\n\n\n\n<h2 class=\"wp-block-heading\">Exzellenz im Dienst des Rituals<\/h2>\n\n\n\n<p>An der Schnittstelle von Design, Handwerkskunst und technischer Expertise etabliert sich der Weinutensilienschrank Oeno-Curiosit\u00e9s als Referenz im Universum hochwertiger Weinaccessoires. Er veredelt jede Geste, jede \u00d6ffnung und jede Verkostung und bietet zugleich eine dekorative Pr\u00e4senz, die fasziniert und inspiriert.<\/p>\n\n\n    <div class=\"separator mobile-hidden\" style=\"height:40px\"><\/div>\r\n    <div class=\"separator laptop-hidden\" style=\"height:20px\"><\/div>\r\n\n\n<div class=\"acc-head\">\r\n    <p>\r\n        Technische Merkmale    <\/p>\r\n    <div class=\"acc-icon\">\r\n        <div class=\"ico-minus\"><\/div>\r\n        <div class=\"ico-plus\"><\/div>\r\n    <\/div>\r\n<\/div>\r\n<div class=\"acc-body\">\r\n    <div class=\"acc-content\">\r\n        <p><strong>Ma\u00dfe<\/strong>: B 45 cm \u00d7 H 45 cm \u00d7 T 13,5 cm<\/p>\n<p><strong>Material<\/strong>: Massiver Nussbaum und Nussbaumfurnier<\/p>\n<p><strong>Wandmontage<\/strong>: Integriertes, im Holz eingelassenes Aufh\u00e4ngesystem. Befestigungsschrauben nicht enthalten. F\u00fcr eine optimale Installation empfehlen wir geeignete D\u00fcbel (z. B. Hohlraumd\u00fcbel f\u00fcr Gipskarton).<\/p>\n<p><strong>Aufstellung auf ebenen Fl\u00e4chen<\/strong>: Vier diskrete Schutzf\u00fc\u00dfe sorgen f\u00fcr Stabilit\u00e4t und sch\u00fctzen die Oberfl\u00e4chen.<\/p>\n    <\/div>\r\n<\/div>\n\n    <div class=\"separator mobile-hidden\" style=\"height:40px\"><\/div>\r\n    <div class=\"separator laptop-hidden\" style=\"height:20px\"><\/div>\r\n\n\n\n<h2 class=\"wp-block-heading\">FAQ \u2013 Weinutensilienschrank Oeno-Curiosit\u00e9s<\/h2>\n\n\n    <div class=\"separator mobile-hidden\" style=\"height:40px\"><\/div>\r\n    <div class=\"separator laptop-hidden\" style=\"height:20px\"><\/div>\r\n\n\n<div class=\"acc-head\">\r\n    <p>\r\n        Kann der Weinutensilienschrank Oeno-Curiosit\u00e9s an der Wand befestigt werden?    <\/p>\r\n    <div class=\"acc-icon\">\r\n        <div class=\"ico-minus\"><\/div>\r\n        <div class=\"ico-plus\"><\/div>\r\n    <\/div>\r\n<\/div>\r\n<div class=\"acc-body\">\r\n    <div class=\"acc-content\">\r\n        <p>Ja. Der Schrank verf\u00fcgt \u00fcber ein direkt im Holz integriertes Aufh\u00e4ngesystem und kann wie ein Kunstwerk pr\u00e4sentiert werden. F\u00fcr eine optimale Installation sollten geeignete D\u00fcbel verwendet werden (z. B. Hohlraumd\u00fcbel f\u00fcr Gipskarton).<\/p>\n    <\/div>\r\n<\/div>\n\n<div class=\"acc-head\">\r\n    <p>\r\n        K\u00f6nnen die Korken verkosteter Flaschen aufbewahrt werden?    <\/p>\r\n    <div class=\"acc-icon\">\r\n        <div class=\"ico-minus\"><\/div>\r\n        <div class=\"ico-plus\"><\/div>\r\n    <\/div>\r\n<\/div>\r\n<div class=\"acc-body\">\r\n    <div class=\"acc-content\">\r\n        <p>Ja, dies ist eines der charakteristischen Merkmale des Schranks. Ein zentraler Bereich nimmt die Korken besonderer Flaschen auf \u2013 seltene Jahrg\u00e4nge, besondere Entdeckungen oder Flaschen, die bei wichtigen Anl\u00e4ssen ge\u00f6ffnet wurden. Mit der Zeit wird der Schrank zu einer lebendigen, pers\u00f6nlichen Erinnerung an den eigenen Weinweg.<\/p>\n    <\/div>\r\n<\/div>\n\n<div class=\"acc-head\">\r\n    <p>\r\n        Kann der Schrank personalisiert werden?    <\/p>\r\n    <div class=\"acc-icon\">\r\n        <div class=\"ico-minus\"><\/div>\r\n        <div class=\"ico-plus\"><\/div>\r\n    <\/div>\r\n<\/div>\r\n<div class=\"acc-body\">\r\n    <div class=\"acc-content\">\r\n        <p>Ja. Auf einem der enthaltenen Accessoires kann eine Gravur angebracht werden. Diese Personalisierung macht ihn zu einem au\u00dfergew\u00f6hnlichen Geschenk f\u00fcr Geburtstage, besondere Erfolge oder bedeutende Ereignisse.<\/p>\n    <\/div>\r\n<\/div>\n\n<div class=\"acc-head\">\r\n    <p>\r\n        Ist dieses Set ein gutes Geschenk f\u00fcr Weinliebhaber?    <\/p>\r\n    <div class=\"acc-icon\">\r\n        <div class=\"ico-minus\"><\/div>\r\n        <div class=\"ico-plus\"><\/div>\r\n    <\/div>\r\n<\/div>\r\n<div class=\"acc-body\">\r\n    <div class=\"acc-content\">\r\n        <p>Der Weinutensilienschrank Oeno-Curiosit\u00e9s eignet sich ideal f\u00fcr besondere Anl\u00e4sse:<\/p>\n<ul>\n<li>Bedeutender Geburtstag<\/li>\n<li>Exklusives Geschenk f\u00fcr passionierte Weinliebhaber<\/li>\n<li>Ruhestand<\/li>\n<li>Feier eines pers\u00f6nlichen Jahrgangs<\/li>\n<\/ul>\n<p>Ge\u00f6ffnet entfaltet er sofort Bewunderung und Neugier und bietet ein einzigartiges und unvergessliches Erlebnis.<\/p>\n    <\/div>\r\n<\/div>\n\n\n<script type=\"application\/ld+json\">\n{\n  \"@context\": \"https:\/\/schema.org\",\n  \"@type\": \"FAQPage\",\n  \"mainEntity\": [\n    {\n      \"@type\": \"Question\",\n      \"name\": \"Kann der Weinutensilienschrank Oeno-Curiosit\u00e9s an der Wand befestigt werden?\",\n      \"acceptedAnswer\": {\n        \"@type\": \"Answer\",\n        \"text\": \"Ja. Der Schrank verf\u00fcgt \u00fcber ein direkt im Holz integriertes Aufh\u00e4ngesystem und kann wie ein Kunstwerk pr\u00e4sentiert werden. F\u00fcr eine optimale Installation empfehlen wir die Verwendung geeigneter D\u00fcbel (z. B. Hohlraumd\u00fcbel f\u00fcr Gipskarton).\"\n      }\n    },\n    {\n      \"@type\": \"Question\",\n      \"name\": \"K\u00f6nnen die Korken verkosteter Flaschen aufbewahrt werden?\",\n      \"acceptedAnswer\": {\n        \"@type\": \"Answer\",\n        \"text\": \"Ja, dies ist eines der charakteristischen Merkmale des Schranks. Ein zentraler Bereich nimmt die Korken besonderer Flaschen auf \u2013 seltene Jahrg\u00e4nge, besondere Entdeckungen oder Flaschen, die bei wichtigen Anl\u00e4ssen ge\u00f6ffnet wurden. Mit der Zeit wird der Weinutensilienschrank Oeno-Curiosit\u00e9s zu einer lebendigen, pers\u00f6nlichen Erinnerung an den eigenen Weinweg.\"\n      }\n    },\n    {\n      \"@type\": \"Question\",\n      \"name\": \"Kann der Schrank personalisiert werden?\",\n      \"acceptedAnswer\": {\n        \"@type\": \"Answer\",\n        \"text\": \"Ja. Auf einem der enthaltenen Accessoires kann eine Gravur angebracht werden. Diese Personalisierung macht ihn zu einem au\u00dfergew\u00f6hnlichen Geschenk f\u00fcr Geburtstage, besondere Erfolge oder bedeutende Ereignisse.\"\n      }\n    },\n    {\n      \"@type\": \"Question\",\n      \"name\": \"Ist dieses Set ein gutes Geschenk f\u00fcr Weinliebhaber?\",\n      \"acceptedAnswer\": {\n        \"@type\": \"Answer\",\n        \"text\": \"Absolut. Der Weinutensilienschrank Oeno-Curiosit\u00e9s eignet sich ideal f\u00fcr besondere Anl\u00e4sse wie bedeutende Geburtstage, exklusive Geschenke f\u00fcr passionierte Weinliebhaber, den Ruhestand oder die Feier eines pers\u00f6nlichen Jahrgangs. Ge\u00f6ffnet entfaltet er sofort Bewunderung und Neugier und bietet ein einzigartiges und unvergessliches Erlebnis.\"\n      }\n    }\n  ]\n}\n<\/script>\n","protected":false},"excerpt":{"rendered":"<p>Als wahres Manifest der Kunst, Wein zu leben, l\u00e4sst sich der Weinutensilienschrank Oeno-Curiosit\u00e9s von den Sammlerkabinetten der Renaissance inspirieren. Geschlossen wirkt er diskret, ge\u00f6ffnet entfaltet er eine spektakul\u00e4re Welt rund um Verkostung, Pr\u00e4zision der Geste und die Erinnerung an gro\u00dfe Flaschen. Weit mehr als ein Sommelier-Set ist er ein au\u00dfergew\u00f6hnliches Weinutensilien-Geschenkset f\u00fcr anspruchsvolle Weinliebhaber.<\/p>\n","protected":false},"featured_media":303060,"template":"","meta":{"_acf_changed":true},"product_brand":[],"product_cat":[363,725,750,401,404,407,347],"product_tag":[421],"class_list":{"0":"post-66827","1":"product","2":"type-product","3":"status-publish","4":"has-post-thumbnail","6":"product_cat-noble-holz-kollektionen","7":"product_cat-geschenke-fur-ihn","8":"product_cat-valentinstag-geschenkideen","9":"product_cat-luxurioese-geschenke","10":"product_cat-weinaccessoire-kollektion","11":"product_cat-personalisierung","12":"product_cat-wein-zubehoer-set","13":"product_tag-personalisierbar","14":"tm-has-options","16":"first","17":"instock","18":"taxable","19":"shipping-taxable","20":"purchasable","21":"product-type-variable","22":"has-default-attributes"},"bundled_by":[],"bundle_stock_status":"instock","bundle_stock_quantity":null,"bundle_virtual":false,"bundle_layout":"","bundle_add_to_cart_form_location":"","bundle_editable_in_cart":false,"bundle_sold_individually_context":"","bundle_item_grouping":"","bundle_min_size":"","bundle_max_size":"","bundle_price":[],"bundled_items":[],"bundle_sell_ids":[151018,151017,151004],"acf":[],"df_price":1425,"df_sale_price":"","df_regular_price":1425,"df_image_link":"https:\/\/www.atelierduvin.com\/wp-content\/uploads\/CabinetOenoCuriosites_packshot_ouvert_HD-450x450.jpg","_links":{"self":[{"href":"https:\/\/www.atelierduvin.com\/de\/wp-json\/wp\/v2\/product\/66827","targetHints":{"allow":["GET"]}}],"collection":[{"href":"https:\/\/www.atelierduvin.com\/de\/wp-json\/wp\/v2\/product"}],"about":[{"href":"https:\/\/www.atelierduvin.com\/de\/wp-json\/wp\/v2\/types\/product"}],"wp:featuredmedia":[{"embeddable":true,"href":"https:\/\/www.atelierduvin.com\/de\/wp-json\/wp\/v2\/media\/303060"}],"wp:attachment":[{"href":"https:\/\/www.atelierduvin.com\/de\/wp-json\/wp\/v2\/media?parent=66827"}],"wp:term":[{"taxonomy":"product_brand","embeddable":true,"href":"https:\/\/www.atelierduvin.com\/de\/wp-json\/wp\/v2\/product_brand?post=66827"},{"taxonomy":"product_cat","embeddable":true,"href":"https:\/\/www.atelierduvin.com\/de\/wp-json\/wp\/v2\/product_cat?post=66827"},{"taxonomy":"product_tag","embeddable":true,"href":"https:\/\/www.atelierduvin.com\/de\/wp-json\/wp\/v2\/product_tag?post=66827"}],"curies":[{"name":"wp","href":"https:\/\/api.w.org\/{rel}","templated":true}]}}