{"id":66808,"date":"2018-11-28T11:14:50","date_gmt":"2018-11-28T10:14:50","guid":{"rendered":"https:\/\/www.refonte-adv.votre-projet.com\/product\/le-bouchon\/"},"modified":"2026-05-11T12:01:35","modified_gmt":"2026-05-11T10:01:35","slug":"le-bouchon","status":"publish","type":"product","link":"https:\/\/www.atelierduvin.com\/de\/produkt\/le-bouchon\/","title":{"rendered":"Le Bouchon Universel &#8211; Pinc\u00e9"},"content":{"rendered":"<div class=\"gallery\">\r\n            <div class=\"gallery-row row\">\r\n                                <div style=\"flex:1.3633265167007\">\r\n                        <img decoding=\"async\" src=\"https:\/\/www.atelierduvin.com\/wp-content\/uploads\/LeBouchon_ambiance_paysage1.jpg\" alt=\"Bouchon en silicone pour le vin\" loading=\"eager\" >                    <\/div>\r\n                        <\/div>\r\n    <\/div>    <div class=\"separator mobile-hidden\" style=\"height:40px\"><\/div>\r\n    <div class=\"separator laptop-hidden\" style=\"height:20px\"><\/div>\r\n\n<p>Aromenbewahrer. Ein Utensil f\u00fcr den Alltag. In der K\u00fcche, im Weinkeller oder in Ihrem Verkostungsraum ist er unverzichtbar. Stets griffbereit, wenn Sie eine Flasche wieder verschlie\u00dfen m\u00f6chten. Der Le Bouchon wurde aus lebensmittelechten Materialien hergestellt, um unendlich viele Flaschen zu verschlie\u00dfen und zu entkorken. Er eignet sich f\u00fcr verschiedene Flaschenhalsgr\u00f6\u00dfen, Getr\u00e4nkearten und Zutaten, egal ob Sie Wein, Wasser, Oliven\u00f6l oder Essig aufbewahren m\u00f6chten. Hinter seiner geschwungenen Silhouette verbirgt sich eine perfekte Ergonomie, die sich sowohl beim Greifen mit den Fingern als auch beim Ausf\u00fcllen des Zwischenraums im Flaschenhals offenbart.<\/p>\n    <div class=\"separator mobile-hidden\" style=\"height:40px\"><\/div>\r\n    <div class=\"separator laptop-hidden\" style=\"height:20px\"><\/div>\r\n<div class=\"acc-head\">\r\n    <p>\r\n        Eigenschaften    <\/p>\r\n    <div class=\"acc-icon\">\r\n        <div class=\"ico-minus\"><\/div>\r\n        <div class=\"ico-plus\"><\/div>\r\n    <\/div>\r\n<\/div>\r\n<div class=\"acc-body\">\r\n    <div class=\"acc-content\">\r\n        <p>Drei Farben erh\u00e4ltlich: Roter Korken, Schwarzer Korken und Brauner Korken.<\/p>\n<p>Passend f\u00fcr die meisten Flaschenhals-Durchmesser.<\/p>\n<p>Nicht f\u00fcr Brausegetr\u00e4nke geeignet.<\/p>\n<p>H 4,5 cm x Durchmesser unten 1,5 cm.<\/p>\n    <\/div>\r\n<\/div><div class=\"acc-head\">\r\n    <p>\r\n        Finish    <\/p>\r\n    <div class=\"acc-icon\">\r\n        <div class=\"ico-minus\"><\/div>\r\n        <div class=\"ico-plus\"><\/div>\r\n    <\/div>\r\n<\/div>\r\n<div class=\"acc-body\">\r\n    <div class=\"acc-content\">\r\n        <p>Neutrales Silikon, das f\u00fcr den Kontakt mit Lebensmitteln geeignet ist.<\/p>\n    <\/div>\r\n<\/div>","protected":false},"excerpt":{"rendered":"<p>Der an einen zusammengedr\u00fcckten Stopfen erinnernde Verschluss &#8220;Le Bouchon\u201c dient zum einfachen und sicheren Verschlie\u00dfen von angebrochenen Weinflaschen.<\/p>\n","protected":false},"featured_media":188031,"template":"","meta":{"_acf_changed":false},"product_brand":[],"product_cat":[381,404,351],"product_tag":[],"class_list":{"0":"post-66808","1":"product","2":"type-product","3":"status-publish","4":"has-post-thumbnail","6":"product_cat-weinverschlusse","7":"product_cat-weinaccessoire-kollektion","8":"product_cat-flaschenverschlusse_und_aufbewahrung","9":"tm-no-options","11":"first","12":"instock","13":"taxable","14":"shipping-taxable","15":"purchasable","16":"product-type-variable","17":"has-default-attributes"},"bundled_by":[],"bundle_stock_status":"instock","bundle_stock_quantity":null,"bundle_virtual":false,"bundle_layout":"","bundle_add_to_cart_form_location":"","bundle_editable_in_cart":false,"bundle_sold_individually_context":"","bundle_item_grouping":"","bundle_min_size":"","bundle_max_size":"","bundle_price":[],"bundled_items":[],"bundle_sell_ids":[],"acf":[],"df_price":3.17,"df_sale_price":"","df_regular_price":3.17,"df_image_link":"https:\/\/www.atelierduvin.com\/wp-content\/uploads\/LeBouchon_seul_HD-450x450.jpg","_links":{"self":[{"href":"https:\/\/www.atelierduvin.com\/de\/wp-json\/wp\/v2\/product\/66808","targetHints":{"allow":["GET"]}}],"collection":[{"href":"https:\/\/www.atelierduvin.com\/de\/wp-json\/wp\/v2\/product"}],"about":[{"href":"https:\/\/www.atelierduvin.com\/de\/wp-json\/wp\/v2\/types\/product"}],"wp:featuredmedia":[{"embeddable":true,"href":"https:\/\/www.atelierduvin.com\/de\/wp-json\/wp\/v2\/media\/188031"}],"wp:attachment":[{"href":"https:\/\/www.atelierduvin.com\/de\/wp-json\/wp\/v2\/media?parent=66808"}],"wp:term":[{"taxonomy":"product_brand","embeddable":true,"href":"https:\/\/www.atelierduvin.com\/de\/wp-json\/wp\/v2\/product_brand?post=66808"},{"taxonomy":"product_cat","embeddable":true,"href":"https:\/\/www.atelierduvin.com\/de\/wp-json\/wp\/v2\/product_cat?post=66808"},{"taxonomy":"product_tag","embeddable":true,"href":"https:\/\/www.atelierduvin.com\/de\/wp-json\/wp\/v2\/product_tag?post=66808"}],"curies":[{"name":"wp","href":"https:\/\/api.w.org\/{rel}","templated":true}]}}