{"id":66789,"date":"2018-11-28T11:14:44","date_gmt":"2018-11-28T10:14:44","guid":{"rendered":"https:\/\/www.refonte-adv.votre-projet.com\/product\/bouchon-gardbulles\/"},"modified":"2026-05-17T12:00:51","modified_gmt":"2026-05-17T10:00:51","slug":"bouchon-gardbulles","status":"publish","type":"product","link":"https:\/\/www.atelierduvin.com\/de\/produkt\/bouchon-gardbulles\/","title":{"rendered":"Bouchon Gard&#8217;Bulles"},"content":{"rendered":"<div class=\"gallery\">\r\n            <div class=\"gallery-row row\">\r\n                                <div style=\"flex:1.25\">\r\n                        <img decoding=\"async\" src=\"https:\/\/www.atelierduvin.com\/wp-content\/uploads\/GardBulles_ambiance.jpg\" alt=\"\" loading=\"eager\" >                    <\/div>\r\n                        <\/div>\r\n    <\/div>\n\n    <div class=\"separator mobile-hidden\" style=\"height:40px\"><\/div>\r\n    <div class=\"separator laptop-hidden\" style=\"height:20px\"><\/div>\r\n\n\n<div class=\"acc-head\">\r\n    <p>\r\n        Eigenschaften    <\/p>\r\n    <div class=\"acc-icon\">\r\n        <div class=\"ico-minus\"><\/div>\r\n        <div class=\"ico-plus\"><\/div>\r\n    <\/div>\r\n<\/div>\r\n<div class=\"acc-body\">\r\n    <div class=\"acc-content\">\r\n        <p>Das von Fachleuten aus Sommellerie und Restauration gesch\u00e4tzte patentierte System mit doppelter Silikondichtung gew\u00e4hrleistet optimale Dichtheit.<br \/>\nD 4,8 cm x H 10,2 cm.<\/p>\n    <\/div>\r\n<\/div>\n\n<div class=\"acc-head\">\r\n    <p>\r\n        Finish    <\/p>\r\n    <div class=\"acc-icon\">\r\n        <div class=\"ico-minus\"><\/div>\r\n        <div class=\"ico-plus\"><\/div>\r\n    <\/div>\r\n<\/div>\r\n<div class=\"acc-body\">\r\n    <div class=\"acc-content\">\r\n        <p>Gefertigt aus ABS-Kunststoff und Silikon<\/p>\n    <\/div>\r\n<\/div>","protected":false},"excerpt":{"rendered":"<p>Der Verschluss Gard\u2019bulles schlie\u00dft hermetisch und bewahrt zuverl\u00e4ssig alle ge\u00f6ffneten Wein- und Champagnerflaschen, genauso wie S\u00e4fte, Limonaden und Wasser.<\/p>\n","protected":false},"featured_media":187070,"template":"","meta":{"_acf_changed":true},"product_brand":[],"product_cat":[382,404,351],"product_tag":[],"class_list":{"0":"post-66789","1":"product","2":"type-product","3":"status-publish","4":"has-post-thumbnail","6":"product_cat-sektverschluss","7":"product_cat-weinaccessoire-kollektion","8":"product_cat-flaschenverschlusse_und_aufbewahrung","9":"tm-no-options","11":"first","12":"instock","13":"taxable","14":"shipping-taxable","15":"purchasable","16":"product-type-simple"},"bundled_by":[],"bundle_stock_status":"instock","bundle_stock_quantity":4166,"bundle_virtual":false,"bundle_layout":"","bundle_add_to_cart_form_location":"","bundle_editable_in_cart":false,"bundle_sold_individually_context":"","bundle_item_grouping":"","bundle_min_size":"","bundle_max_size":"","bundle_price":[],"bundled_items":[],"bundle_sell_ids":[151004,151018,151017],"acf":[],"df_price":10.83,"df_sale_price":"","df_regular_price":10.83,"df_image_link":"https:\/\/www.atelierduvin.com\/wp-content\/uploads\/Bouchon_gardbulles_seul_HD-1-450x450.jpg","_links":{"self":[{"href":"https:\/\/www.atelierduvin.com\/de\/wp-json\/wp\/v2\/product\/66789","targetHints":{"allow":["GET"]}}],"collection":[{"href":"https:\/\/www.atelierduvin.com\/de\/wp-json\/wp\/v2\/product"}],"about":[{"href":"https:\/\/www.atelierduvin.com\/de\/wp-json\/wp\/v2\/types\/product"}],"wp:featuredmedia":[{"embeddable":true,"href":"https:\/\/www.atelierduvin.com\/de\/wp-json\/wp\/v2\/media\/187070"}],"wp:attachment":[{"href":"https:\/\/www.atelierduvin.com\/de\/wp-json\/wp\/v2\/media?parent=66789"}],"wp:term":[{"taxonomy":"product_brand","embeddable":true,"href":"https:\/\/www.atelierduvin.com\/de\/wp-json\/wp\/v2\/product_brand?post=66789"},{"taxonomy":"product_cat","embeddable":true,"href":"https:\/\/www.atelierduvin.com\/de\/wp-json\/wp\/v2\/product_cat?post=66789"},{"taxonomy":"product_tag","embeddable":true,"href":"https:\/\/www.atelierduvin.com\/de\/wp-json\/wp\/v2\/product_tag?post=66789"}],"curies":[{"name":"wp","href":"https:\/\/api.w.org\/{rel}","templated":true}]}}