{"id":66719,"date":"2019-01-22T12:01:51","date_gmt":"2019-01-22T11:01:51","guid":{"rendered":"https:\/\/www.refonte-adv.votre-projet.com\/product\/verseur-feuille\/"},"modified":"2026-05-17T12:01:00","modified_gmt":"2026-05-17T10:01:00","slug":"verseur-feuille","status":"publish","type":"product","link":"https:\/\/www.atelierduvin.com\/de\/produkt\/verseur-feuille\/","title":{"rendered":"Verseur-feuille"},"content":{"rendered":"\n<p>Gebrauchsanweisung:<\/p>\n\n\n\n<p>In den Flaschenhals gesteckt, hat der Blatt-Ausgie\u00dfer eine doppelte Funktion:<\/p>\n\n\n\n<p>1. Die Aromen des Weins werden dank der Nervure des Ar\u00f4mes\u00ae und des sich erweiternden Blattes sanft angeregt.<\/p>\n\n\n\n<p>2. Der Weinfluss und das Anhalten des Weins lassen sich leicht kontrollieren. F\u00fcr sanft entfaltete Aromen und intakte Tischdecken!<\/p>\n\n\n\n<p>Dank seiner offenen Form ist der Blattausgie\u00dfer hygienisch leicht zu pflegen: Zwischen jedem Gebrauch mit lauwarmem Wasser absp\u00fclen, nicht reiben.<\/p>\n\n\n    <div class=\"separator mobile-hidden\" style=\"height:40px\"><\/div>\r\n    <div class=\"separator laptop-hidden\" style=\"height:20px\"><\/div>\r\n\n\n    <div class=\"video-block-container\">\r\n                    <iframe loading=\"lazy\"\r\n                    width=\"100%\"\r\n                    height=\"100%\"\r\n                    allow=\"autoplay; fullscreen\"\r\n                    class=\"embed-player slide-media\"\r\n                    src=\"https:\/\/player.vimeo.com\/video\/1120753814\"\r\n                    data-ready=\"true\">\r\n            <\/iframe>\r\n            <\/div>\r\n\n\n    <div class=\"separator mobile-hidden\" style=\"height:40px\"><\/div>\r\n    <div class=\"separator laptop-hidden\" style=\"height:20px\"><\/div>\r\n\n\n<div class=\"acc-head\">\r\n    <p>\r\n        Eigenschaften    <\/p>\r\n    <div class=\"acc-icon\">\r\n        <div class=\"ico-minus\"><\/div>\r\n        <div class=\"ico-plus\"><\/div>\r\n    <\/div>\r\n<\/div>\r\n<div class=\"acc-body\">\r\n    <div class=\"acc-content\">\r\n        <p>Geeignet f\u00fcr die meisten Standardflaschenformate. Speziell geformte Flaschen (wie bestimmte italienische Weine zum Beispiel) k\u00f6nnten einen zu kleinen Flaschenhalsdurchmesser haben, um den Verseur Feuille aufzunehmen.<\/p>\n    <\/div>\r\n<\/div>\n\n<div class=\"acc-head\">\r\n    <p>\r\n        Finish    <\/p>\r\n    <div class=\"acc-icon\">\r\n        <div class=\"ico-minus\"><\/div>\r\n        <div class=\"ico-plus\"><\/div>\r\n    <\/div>\r\n<\/div>\r\n<div class=\"acc-body\">\r\n    <div class=\"acc-content\">\r\n        <p>Hergestellt aus rostfreiem Stahl.<\/p>\n    <\/div>\r\n<\/div>","protected":false},"excerpt":{"rendered":"<p>Der Blattausgie\u00dfer ist der erste offene Ausgie\u00dfer, der den Wein bereits beim Abgie\u00dfen aus der Flasche bel\u00fcftet.<\/p>\n","protected":false},"featured_media":187342,"template":"","meta":{"_acf_changed":true},"product_brand":[],"product_cat":[352,404,397],"product_tag":[],"class_list":{"0":"post-66719","1":"product","2":"type-product","3":"status-publish","4":"has-post-thumbnail","6":"product_cat-weinservice","7":"product_cat-weinaccessoire-kollektion","8":"product_cat-geschenke-fuer-sie","9":"tm-no-options","11":"first","12":"instock","13":"taxable","14":"shipping-taxable","15":"purchasable","16":"product-type-simple"},"bundled_by":[],"bundle_stock_status":"instock","bundle_stock_quantity":2159,"bundle_virtual":false,"bundle_layout":"","bundle_add_to_cart_form_location":"","bundle_editable_in_cart":false,"bundle_sold_individually_context":"","bundle_item_grouping":"","bundle_min_size":"","bundle_max_size":"","bundle_price":[],"bundled_items":[],"bundle_sell_ids":[151018,151017,151004],"acf":[],"df_price":22.5,"df_sale_price":"","df_regular_price":22.5,"df_image_link":"https:\/\/www.atelierduvin.com\/wp-content\/uploads\/VerseurFeuille_produit_packshot_face_2022_HD-450x450.jpg","_links":{"self":[{"href":"https:\/\/www.atelierduvin.com\/de\/wp-json\/wp\/v2\/product\/66719","targetHints":{"allow":["GET"]}}],"collection":[{"href":"https:\/\/www.atelierduvin.com\/de\/wp-json\/wp\/v2\/product"}],"about":[{"href":"https:\/\/www.atelierduvin.com\/de\/wp-json\/wp\/v2\/types\/product"}],"wp:featuredmedia":[{"embeddable":true,"href":"https:\/\/www.atelierduvin.com\/de\/wp-json\/wp\/v2\/media\/187342"}],"wp:attachment":[{"href":"https:\/\/www.atelierduvin.com\/de\/wp-json\/wp\/v2\/media?parent=66719"}],"wp:term":[{"taxonomy":"product_brand","embeddable":true,"href":"https:\/\/www.atelierduvin.com\/de\/wp-json\/wp\/v2\/product_brand?post=66719"},{"taxonomy":"product_cat","embeddable":true,"href":"https:\/\/www.atelierduvin.com\/de\/wp-json\/wp\/v2\/product_cat?post=66719"},{"taxonomy":"product_tag","embeddable":true,"href":"https:\/\/www.atelierduvin.com\/de\/wp-json\/wp\/v2\/product_tag?post=66719"}],"curies":[{"name":"wp","href":"https:\/\/api.w.org\/{rel}","templated":true}]}}