{"id":66715,"date":"2018-11-28T11:14:45","date_gmt":"2018-11-28T10:14:45","guid":{"rendered":"https:\/\/www.refonte-adv.votre-projet.com\/product\/developer-universel\/"},"modified":"2026-05-11T12:00:48","modified_gmt":"2026-05-11T10:00:48","slug":"universal-developer-mit-fuss","status":"publish","type":"product","link":"https:\/\/www.atelierduvin.com\/de\/produkt\/universal-developer-mit-fuss\/","title":{"rendered":"Universal Developer mit Fu\u00df"},"content":{"rendered":"<div class=\"gallery\">\r\n            <div class=\"gallery-row row\">\r\n                                <div style=\"flex:0.8\">\r\n                        <img decoding=\"async\" src=\"https:\/\/www.atelierduvin.com\/wp-content\/uploads\/DeveloperUniversel_ambiance_02_paysage_HD-1.jpg\" alt=\"\" loading=\"eager\" >                    <\/div>\r\n                                    <div style=\"flex:0.8\">\r\n                        <img decoding=\"async\" src=\"https:\/\/www.atelierduvin.com\/wp-content\/uploads\/DeveloperUniversel_ambiance_main_HD.jpg\" alt=\"A\u00e9rateur \u00e0 vin universel pour verres \u00e0 vin\" loading=\"eager\" >                    <\/div>\r\n                        <\/div>\r\n    <\/div>\n\n    <div class=\"separator mobile-hidden\" style=\"height:40px\"><\/div>\r\n    <div class=\"separator laptop-hidden\" style=\"height:20px\"><\/div>\r\n\n\n\n<h2 class=\"wp-block-heading\">Den Wein im perfekten Moment entfalten<\/h2>\n\n\n\n<p>Wein zu bel\u00fcften ist keine Routinehandlung. Es ist eine bewusste Entscheidung. Eine Geste. Ein Moment.<br>Dank seines patentierten Designs erm\u00f6glicht der Developer\u00ae, den Wein direkt im Glas oder beim Dekantieren nach Wunsch zu bel\u00fcften. In wenigen Sekunden \u00f6ffnet sich der Wein, die Aromen entfalten sich, die Struktur wird weicher \u2013 ganz ohne langes Warten.<\/p>\n\n\n    <div class=\"separator mobile-hidden\" style=\"height:40px\"><\/div>\r\n    <div class=\"separator laptop-hidden\" style=\"height:20px\"><\/div>\r\n\n\n\n<h2 class=\"wp-block-heading\">Warum einen Weinaerator verwenden?<\/h2>\n\n\n\n<p>Viele fragen sich: Sollte man jungen Wein dekantieren? Wie kann man Wein schnell bel\u00fcften, ohne eine Stunde zu warten?<\/p>\n\n\n\n<p>Die Bel\u00fcftung erlaubt dem Wein, sein aromatisches Potenzial zu entfalten. Traditionell erfordert dies eine lange Dekantierzeit. Der Developer\u00ae Universeller bietet eine sofortige, pr\u00e4zise und kontrollierte Alternative.<\/p>\n\n\n\n<p>Indem der Wein \u00fcber die ausgestellte Innenfl\u00e4che des Ger\u00e4ts flie\u00dft, ruht er sanft und maximiert den Kontakt mit Sauerstoff. Diese kontrollierte Bel\u00fcftung:<\/p>\n\n\n<ul>\n<li>entfaltet die zur\u00fcckgehaltenen Aromen,<\/li>\n<li>mildert Reduktionsnoten,<\/li>\n<li>macht die Tannine geschmeidiger,<\/li>\n<li>bewahrt die Feinheit der Frucht und den Ausdruck des Terroirs.<\/li>\n<\/ul>\n<p>&nbsp;<\/p>\n<p>Im Gegensatz zu einer groben Bel\u00fcftung begleitet der Developer\u00ae den Wein, er zwingt ihn nicht.<\/p>\n\n\n    <div class=\"separator mobile-hidden\" style=\"height:40px\"><\/div>\r\n    <div class=\"separator laptop-hidden\" style=\"height:20px\"><\/div>\r\n\n\n\n<h2 class=\"wp-block-heading\">Vorteile des Developer\u00ae Universeller<\/h2>\n\n\n\n<h3 class=\"wp-block-heading\">Optimierte Verkostung ohne Verschwendung<\/h3>\n\n\n\n<p>Ein gro\u00dfer Vorteil ist die F\u00e4higkeit, Wein direkt im Glas zu bel\u00fcften. Kein F\u00fcllen einer ganzen Karaffe mehr, die man nicht immer aufbraucht. Sie schenken exakt die gew\u00fcnschte Menge, perfekt bel\u00fcftet, w\u00e4hrend der Rest der Flasche f\u00fcr eine sp\u00e4tere Verkostung erhalten bleibt.<\/p>\n\n\n    <div class=\"separator mobile-hidden\" style=\"height:40px\"><\/div>\r\n    <div class=\"separator laptop-hidden\" style=\"height:20px\"><\/div>\r\n\n\n\n<h3 class=\"wp-block-heading\">Modulierbare Intensit\u00e4t je nach Wein<\/h3>\n\n\n\n<p>Die Verkostung kann nach den Vorlieben der G\u00e4ste angepasst werden. F\u00fcr intensive Bel\u00fcftung bietet der Developer\u00ae Universeller eine einzigartige Flexibilit\u00e4t: Zun\u00e4chst beim Dekantieren, dann erneut direkt im Glas. Diese doppelte Bel\u00fcftung wird besonders bei kraftvollen Rotweinen gesch\u00e4tzt, die maximale \u00d6ffnung verlangen.<\/p>\n\n\n    <div class=\"separator mobile-hidden\" style=\"height:40px\"><\/div>\r\n    <div class=\"separator laptop-hidden\" style=\"height:20px\"><\/div>\r\n\n\n\n<h3 class=\"wp-block-heading\">Eleganz auf dem Tisch<\/h3>\n\n\n\n<p>Begleitet von seinem Sockel aus satiniertem Pressglas f\u00fcgt sich der Developer\u00ae harmonisch auf jedem Tisch ein. Der Sockel f\u00e4ngt die letzten Tropfen nach Gebrauch auf, sch\u00fctzt die Tischdecke und gew\u00e4hrleistet pr\u00e4zises Servieren. Meisterhafte Technik, zur\u00fcckhaltende \u00c4sthetik \u2013 die Signatur von L\u2019Atelier du Vin.<\/p>\n\n\n    <div class=\"separator mobile-hidden\" style=\"height:40px\"><\/div>\r\n    <div class=\"separator laptop-hidden\" style=\"height:20px\"><\/div>\r\n\n\n\n<div class=\"wp-block-columns are-vertically-aligned-center is-layout-flex wp-container-core-columns-is-layout-9d6595d7 wp-block-columns-is-layout-flex\">\n<div class=\"wp-block-column is-vertically-aligned-center is-layout-flow wp-block-column-is-layout-flow\">\n<h2 class=\"wp-block-heading\">Anwendung: Das Ritual f\u00fcr perfekte Bel\u00fcftung<\/h2>\n\n\n\n<p>F\u00fcr bestm\u00f6gliche Ergebnisse empfehlen wir folgende Schritte:<\/p>\n\n\n    <div class=\"separator mobile-hidden\" style=\"height:40px\"><\/div>\r\n    <div class=\"separator laptop-hidden\" style=\"height:20px\"><\/div>\r\n\n\n\n<p><strong>Installation<\/strong>: Setzen Sie den Developer\u00ae Universeller auf Ihr Glas oder den Flaschenhals der Karaffe. Stellen Sie sicher, dass der Ausguss die Innenwand ber\u00fchrt.<\/p>\n\n\n    <div class=\"separator mobile-hidden\" style=\"height:40px\"><\/div>\r\n    <div class=\"separator laptop-hidden\" style=\"height:20px\"><\/div>\r\n\n\n\n<p><strong>Einschenken<\/strong>: Gie\u00dfen Sie den Wein langsam entlang der ausgestellten Fl\u00e4che des Aerators, so hoch wie m\u00f6glich. Dieses sanfte Flie\u00dfen maximiert den Kontakt mit Sauerstoff.<\/p>\n\n\n    <div class=\"separator mobile-hidden\" style=\"height:40px\"><\/div>\r\n    <div class=\"separator laptop-hidden\" style=\"height:20px\"><\/div>\r\n\n\n\n<p><strong>Abfluss<\/strong>: Warten Sie, bis der Wein vollst\u00e4ndig durch den unteren Siphon ins Glas l\u00e4uft. Bei Bedarf leicht kippen, um die letzten Tropfen ablaufen zu lassen.<\/p>\n\n\n    <div class=\"separator mobile-hidden\" style=\"height:40px\"><\/div>\r\n    <div class=\"separator laptop-hidden\" style=\"height:20px\"><\/div>\r\n\n\n\n<p><strong>Ruhe<\/strong>: Nach der Anwendung den Developer\u00ae auf seinem Sockel aus Pressglas abstellen.<\/p>\n<\/div>\n\n\n\n<div class=\"wp-block-column is-vertically-aligned-center is-layout-flow wp-block-column-is-layout-flow\">    <div class=\"video-block-container\">\r\n                    <iframe loading=\"lazy\"\r\n                    width=\"100%\"\r\n                    height=\"100%\"\r\n                    allow=\"autoplay; fullscreen\"\r\n                    class=\"embed-player slide-media\"\r\n                    src=\"https:\/\/player.vimeo.com\/video\/60151385\"\r\n                    data-ready=\"true\">\r\n            <\/iframe>\r\n            <\/div>\r\n\n\n    <div class=\"separator mobile-hidden\" style=\"height:40px\"><\/div>\r\n    <div class=\"separator laptop-hidden\" style=\"height:20px\"><\/div>\r\n\n\n    <div class=\"video-block-container\">\r\n                    <iframe loading=\"lazy\"\r\n                    width=\"100%\"\r\n                    height=\"100%\"\r\n                    allow=\"autoplay; fullscreen\"\r\n                    class=\"embed-player slide-media\"\r\n                    src=\"https:\/\/player.vimeo.com\/video\/60151386\"\r\n                    data-ready=\"true\">\r\n            <\/iframe>\r\n            <\/div>\r\n<\/div>\n<\/div>\n\n\n    <div class=\"separator mobile-hidden\" style=\"height:40px\"><\/div>\r\n    <div class=\"separator laptop-hidden\" style=\"height:20px\"><\/div>\r\n\n\n<div class=\"acc-head\">\r\n    <p>\r\n        Technische Daten und Inhalt    <\/p>\r\n    <div class=\"acc-icon\">\r\n        <div class=\"ico-minus\"><\/div>\r\n        <div class=\"ico-plus\"><\/div>\r\n    <\/div>\r\n<\/div>\r\n<div class=\"acc-body\">\r\n    <div class=\"acc-content\">\r\n        <p><strong>Material<\/strong>: Edelstahl (Developer\u00ae) und Pressglas (Sockel)<\/p>\n<p><strong>Kompatibilit\u00e4t<\/strong>: Universell (passt zu den meisten Gl\u00e4sern und Karaffen)<\/p>\n<p><strong>Design<\/strong>: Patentiertes Modell, exklusive Kreation von L\u2019Atelier du Vin<\/p>\n<p><strong>Pflege<\/strong>: Mit lauwarmem Wasser absp\u00fclen, um den Glanz des Edelstahls zu bewahren<\/p>\n    <\/div>\r\n<\/div>\n\n    <div class=\"separator mobile-hidden\" style=\"height:40px\"><\/div>\r\n    <div class=\"separator laptop-hidden\" style=\"height:20px\"><\/div>\r\n\n\n\n<h2 class=\"wp-block-heading\">FAQ \u2013 Ihre Fragen zum Developer\u00ae Universeller<\/h2>\n\n\n    <div class=\"separator mobile-hidden\" style=\"height:40px\"><\/div>\r\n    <div class=\"separator laptop-hidden\" style=\"height:20px\"><\/div>\r\n\n\n<div class=\"acc-head\">\r\n    <p>\r\n        F\u00fcr welche Weine ist ein Weinaerator geeignet?    <\/p>\r\n    <div class=\"acc-icon\">\r\n        <div class=\"ico-minus\"><\/div>\r\n        <div class=\"ico-plus\"><\/div>\r\n    <\/div>\r\n<\/div>\r\n<div class=\"acc-body\">\r\n    <div class=\"acc-content\">\r\n        <p>Besonders empfohlen f\u00fcr:<\/p>\n<p><strong>Junge Rotweine (unter 3\u20135 Jahren)<\/strong><\/p>\n<ul>\n<li>Reduktionsnoten abbauen<\/li>\n<li>Tannine gl\u00e4tten<\/li>\n<li>Aromabouquet verst\u00e4rken<\/li>\n<\/ul>\n<p>&nbsp;<\/p>\n<p><strong>Strukturierte Wei\u00dfweine<\/strong><\/p>\n<ul>\n<li>Frische entfalten<\/li>\n<li>Florale und mineralische Noten hervorheben<\/li>\n<li>Ausdruck im Mund erweitern<\/li>\n<\/ul>\n<p>&nbsp;<\/p>\n<p>Bei alten Jahrg\u00e4ngen ist Vorsicht geboten. Zu schnelle Bel\u00fcftung kann den Wein schw\u00e4chen. Testen Sie zun\u00e4chst eine kleine Menge.<\/p>\n<p>&nbsp;<\/p>\n<p>Dank seiner universellen Form passt der Developer\u00ae zu den meisten Gl\u00e4sern und Karaffen \u2013 ein unverzichtbares Werkzeug f\u00fcr jeden anspruchsvollen Weinliebhaber.<\/p>\n    <\/div>\r\n<\/div>\n\n<div class=\"acc-head\">\r\n    <p>\r\n        Kann man den Developer\u00ae bei alten Weinen verwenden?    <\/p>\r\n    <div class=\"acc-icon\">\r\n        <div class=\"ico-minus\"><\/div>\r\n        <div class=\"ico-plus\"><\/div>\r\n    <\/div>\r\n<\/div>\r\n<div class=\"acc-body\">\r\n    <div class=\"acc-content\">\r\n        <p>Bei alten Jahrg\u00e4ngen Vorsicht walten lassen. Zu rasche Bel\u00fcftung kann den Wein besch\u00e4digen. F\u00fcr junge Weine ist er jedoch ideal.<\/p>\n    <\/div>\r\n<\/div>\n\n<div class=\"acc-head\">\r\n    <p>\r\n        Was ist der Unterschied zwischen Dekantieren und Bel\u00fcften mit dem Aerator?    <\/p>\r\n    <div class=\"acc-icon\">\r\n        <div class=\"ico-minus\"><\/div>\r\n        <div class=\"ico-plus\"><\/div>\r\n    <\/div>\r\n<\/div>\r\n<div class=\"acc-body\">\r\n    <div class=\"acc-content\">\r\n        <p>Dekantieren ist ein langsamer Prozess (1\u20132 Stunden). Der Aerator liefert ein \u00e4hnliches Ergebnis sofort, indem er den Kontakt mit Luft beim Einschenken erzwingt. Vorteil: Man kann ein einzelnes Glas bel\u00fcften.<\/p>\n    <\/div>\r\n<\/div>\n\n<div class=\"acc-head\">\r\n    <p>\r\n        Aus welchem Material besteht der Developer\u00ae Universeller?    <\/p>\r\n    <div class=\"acc-icon\">\r\n        <div class=\"ico-minus\"><\/div>\r\n        <div class=\"ico-plus\"><\/div>\r\n    <\/div>\r\n<\/div>\r\n<div class=\"acc-body\">\r\n    <div class=\"acc-content\">\r\n        <p>Hochwertiger Edelstahl, geschmacksneutral, hygienisch und langlebig. Der Sockel aus satiniertem Pressglas.<\/p>\n    <\/div>\r\n<\/div>\n\n\n<script type=\"application\/ld+json\">\n{\n  \"@context\": \"https:\/\/schema.org\",\n  \"@type\": \"FAQPage\",\n  \"mainEntity\": [\n    {\n      \"@type\": \"Question\",\n      \"name\": \"F\u00fcr welche Weintypen sollte ein Weinaerator verwendet werden?\",\n      \"acceptedAnswer\": {\n        \"@type\": \"Answer\",\n        \"text\": \"Ein Weinaerator wird besonders f\u00fcr junge Rotweine (weniger als 3\u20135 Jahre) empfohlen, um Reduktionsnoten zu mildern, Tannine zu gl\u00e4tten und das Aromaprofil zu verst\u00e4rken. F\u00fcr strukturierte Wei\u00dfweine hilft er, Frische, florale und mineralische Noten sowie die Ausdruckskraft im Mund zu entfalten. Bei alten Jahrg\u00e4ngen ist Vorsicht geboten; zun\u00e4chst nur kleine Mengen testen.\"\n      }\n    },\n    {\n      \"@type\": \"Question\",\n      \"name\": \"Kann der Developer\u00ae Universeller auch f\u00fcr alte Weine verwendet werden?\",\n      \"acceptedAnswer\": {\n        \"@type\": \"Answer\",\n        \"text\": \"Bei alten Jahrg\u00e4ngen ist Vorsicht geboten, da eine zu schnelle Bel\u00fcftung den Wein schw\u00e4chen kann. Es wird empfohlen, zun\u00e4chst nur eine kleine Menge zu testen. F\u00fcr junge Weine ist der Aerator jedoch ideal.\"\n      }\n    },\n    {\n      \"@type\": \"Question\",\n      \"name\": \"Was ist der Unterschied zwischen Dekantieren und der Verwendung eines Weinaerators?\",\n      \"acceptedAnswer\": {\n        \"@type\": \"Answer\",\n        \"text\": \"Das Dekantieren ist ein langsamer Prozess, der oft 1\u20132 Stunden dauert. Der Weinaerator erm\u00f6glicht ein sofortiges Ergebnis, indem er den Kontakt zwischen Wein und Luft w\u00e4hrend des Servierens intensiviert. Der Developer\u00ae Universeller bietet den Vorteil, auch nur ein Glas gleichzeitig bel\u00fcften zu k\u00f6nnen.\"\n      }\n    },\n    {\n      \"@type\": \"Question\",\n      \"name\": \"Aus welchem Material besteht der Developer\u00ae Universeller?\",\n      \"acceptedAnswer\": {\n        \"@type\": \"Answer\",\n        \"text\": \"Der Developer\u00ae Universeller besteht aus hochwertigem Edelstahl, einem neutralen Material, das den Geschmack des Weins nicht beeinflusst und Hygiene sowie Langlebigkeit garantiert. Der Sockel besteht aus Pressglas.\"\n      }\n    }\n  ]\n}\n<\/script>\n","protected":false},"excerpt":{"rendered":"<p>Mit dem Developer\u00ae Universeller bietet L\u2019Atelier du Vin weit mehr als einen einfachen Weinaerator: Ein wahres Servierinstrument, das die Bel\u00fcftung mit Pr\u00e4zision und Eleganz beherrscht.<\/p>\n","protected":false},"featured_media":188208,"template":"","meta":{"_acf_changed":true},"product_brand":[],"product_cat":[352,400,404,397,356],"product_tag":[],"class_list":{"0":"post-66715","1":"product","2":"type-product","3":"status-publish","4":"has-post-thumbnail","6":"product_cat-weinservice","7":"product_cat-geschenke-fuer-profis","8":"product_cat-weinaccessoire-kollektion","9":"product_cat-geschenke-fuer-sie","10":"product_cat-accessoires-zum-servieren","11":"tm-no-options","13":"first","14":"instock","15":"taxable","16":"shipping-taxable","17":"purchasable","18":"product-type-simple"},"bundled_by":[],"bundle_stock_status":"instock","bundle_stock_quantity":424,"bundle_virtual":false,"bundle_layout":"","bundle_add_to_cart_form_location":"","bundle_editable_in_cart":false,"bundle_sold_individually_context":"","bundle_item_grouping":"","bundle_min_size":"","bundle_max_size":"","bundle_price":[],"bundled_items":[],"bundle_sell_ids":[151018,151017,151004],"acf":[],"df_price":55,"df_sale_price":"","df_regular_price":55,"df_image_link":"https:\/\/www.atelierduvin.com\/wp-content\/uploads\/developer_universel_sur_socle-450x450.jpg","_links":{"self":[{"href":"https:\/\/www.atelierduvin.com\/de\/wp-json\/wp\/v2\/product\/66715","targetHints":{"allow":["GET"]}}],"collection":[{"href":"https:\/\/www.atelierduvin.com\/de\/wp-json\/wp\/v2\/product"}],"about":[{"href":"https:\/\/www.atelierduvin.com\/de\/wp-json\/wp\/v2\/types\/product"}],"wp:featuredmedia":[{"embeddable":true,"href":"https:\/\/www.atelierduvin.com\/de\/wp-json\/wp\/v2\/media\/188208"}],"wp:attachment":[{"href":"https:\/\/www.atelierduvin.com\/de\/wp-json\/wp\/v2\/media?parent=66715"}],"wp:term":[{"taxonomy":"product_brand","embeddable":true,"href":"https:\/\/www.atelierduvin.com\/de\/wp-json\/wp\/v2\/product_brand?post=66715"},{"taxonomy":"product_cat","embeddable":true,"href":"https:\/\/www.atelierduvin.com\/de\/wp-json\/wp\/v2\/product_cat?post=66715"},{"taxonomy":"product_tag","embeddable":true,"href":"https:\/\/www.atelierduvin.com\/de\/wp-json\/wp\/v2\/product_tag?post=66715"}],"curies":[{"name":"wp","href":"https:\/\/api.w.org\/{rel}","templated":true}]}}