{"id":66704,"date":"2019-01-22T12:01:51","date_gmt":"2019-01-22T11:01:51","guid":{"rendered":"https:\/\/www.refonte-adv.votre-projet.com\/product\/pince-a-bouchon\/"},"modified":"2026-05-12T12:01:28","modified_gmt":"2026-05-12T10:01:28","slug":"champagnerzange","status":"publish","type":"product","link":"https:\/\/www.atelierduvin.com\/de\/produkt\/champagnerzange\/","title":{"rendered":"Champagnerzange"},"content":{"rendered":"\n<p>Die <strong>Champagnerzange<\/strong> verk\u00f6rpert Einfachheit und Sicherheit in ihrer verfeinerten Form. Entworfen f\u00fcr einen perfekten Griff, erm\u00f6glicht sie es, Ihre Flaschen sanft und kontrolliert zu \u00f6ffnen, ohne den kleinsten Bruch.<\/p>\n\n<p><strong>Benutzerfreundlichkeit<\/strong>: Die Champagnerzange sorgt f\u00fcr einen guten Griff, der wahlweise durch Druck auf die obere Fl\u00e4che mit dem Zeigefinger oder dem Daumen ausgef\u00fchrt werden kann.<\/p>\n\n<p><strong>Sicherheit<\/strong>: Der Korken wird sanft im Deckel der Champagnerzange gehalten, was ein sicheres und ruhiges \u00d6ffnen gew\u00e4hrleistet.<\/p>\n\n<p>Ein au\u00dfergew\u00f6hnliches Accessoire, das jeden Degustationsmoment veredelt, die Champagnerzange ist der Verb\u00fcndete der Kenner und \u00c4stheten, wo Pr\u00e4zision und Sicherheit auf Raffinesse treffen.<\/p>\n    <div class=\"separator mobile-hidden\" style=\"height:40px\"><\/div>\r\n    <div class=\"separator laptop-hidden\" style=\"height:20px\"><\/div>\r\n    <div class=\"video-block-container\">\r\n                    <iframe loading=\"lazy\"\r\n                    width=\"100%\"\r\n                    height=\"100%\"\r\n                    allow=\"autoplay; fullscreen\"\r\n                    class=\"embed-player slide-media\"\r\n                    src=\"https:\/\/player.vimeo.com\/video\/60152410\"\r\n                    data-ready=\"true\">\r\n            <\/iframe>\r\n            <\/div>\r\n    <div class=\"separator mobile-hidden\" style=\"height:40px\"><\/div>\r\n    <div class=\"separator laptop-hidden\" style=\"height:20px\"><\/div>\r\n<div class=\"acc-head\">\r\n    <p>\r\n        Finish    <\/p>\r\n    <div class=\"acc-icon\">\r\n        <div class=\"ico-minus\"><\/div>\r\n        <div class=\"ico-plus\"><\/div>\r\n    <\/div>\r\n<\/div>\r\n<div class=\"acc-body\">\r\n    <div class=\"acc-content\">\r\n        <p>Hergestellt aus verchromtem Metall.<\/p>\n    <\/div>\r\n<\/div>","protected":false},"excerpt":{"rendered":"<p>Die Champagnerzange, das unverzichtbare Werkzeug, um Champagner- und Sektflaschen mit Eleganz und Gelassenheit zu \u00f6ffnen.<\/p>\n","protected":false},"featured_media":187238,"template":"","meta":{"_acf_changed":false},"product_brand":[],"product_cat":[718,750,752,404,422,407,397,348,395,356],"product_tag":[421],"class_list":{"0":"post-66704","1":"product","2":"type-product","3":"status-publish","4":"has-post-thumbnail","6":"product_cat-die-speziellen","7":"product_cat-valentinstag-geschenkideen","8":"product_cat-geschenke-fur-sie","9":"product_cat-weinaccessoire-kollektion","10":"product_cat-service-fuer-schaumwein","11":"product_cat-personalisierung","12":"product_cat-geschenke-fuer-sie","13":"product_cat-korkenzieher","14":"product_cat-alles-anzeigen","15":"product_cat-accessoires-zum-servieren","16":"product_tag-personalisierbar","17":"tm-has-options","19":"first","20":"instock","21":"taxable","22":"shipping-taxable","23":"purchasable","24":"product-type-variable","25":"has-default-attributes"},"bundled_by":[],"bundle_stock_status":"instock","bundle_stock_quantity":null,"bundle_virtual":false,"bundle_layout":"","bundle_add_to_cart_form_location":"","bundle_editable_in_cart":false,"bundle_sold_individually_context":"","bundle_item_grouping":"","bundle_min_size":"","bundle_max_size":"","bundle_price":[],"bundled_items":[],"bundle_sell_ids":[151004,151018,151017],"acf":[],"df_price":21.67,"df_sale_price":"","df_regular_price":21.67,"df_image_link":"https:\/\/www.atelierduvin.com\/wp-content\/uploads\/Pince_a_bouchon_packshot-450x450.jpg","_links":{"self":[{"href":"https:\/\/www.atelierduvin.com\/de\/wp-json\/wp\/v2\/product\/66704","targetHints":{"allow":["GET"]}}],"collection":[{"href":"https:\/\/www.atelierduvin.com\/de\/wp-json\/wp\/v2\/product"}],"about":[{"href":"https:\/\/www.atelierduvin.com\/de\/wp-json\/wp\/v2\/types\/product"}],"wp:featuredmedia":[{"embeddable":true,"href":"https:\/\/www.atelierduvin.com\/de\/wp-json\/wp\/v2\/media\/187238"}],"wp:attachment":[{"href":"https:\/\/www.atelierduvin.com\/de\/wp-json\/wp\/v2\/media?parent=66704"}],"wp:term":[{"taxonomy":"product_brand","embeddable":true,"href":"https:\/\/www.atelierduvin.com\/de\/wp-json\/wp\/v2\/product_brand?post=66704"},{"taxonomy":"product_cat","embeddable":true,"href":"https:\/\/www.atelierduvin.com\/de\/wp-json\/wp\/v2\/product_cat?post=66704"},{"taxonomy":"product_tag","embeddable":true,"href":"https:\/\/www.atelierduvin.com\/de\/wp-json\/wp\/v2\/product_tag?post=66704"}],"curies":[{"name":"wp","href":"https:\/\/api.w.org\/{rel}","templated":true}]}}