{"id":66699,"date":"2018-11-28T11:14:35","date_gmt":"2018-11-28T10:14:35","guid":{"rendered":"https:\/\/www.refonte-adv.votre-projet.com\/product\/bilame-classic\/"},"modified":"2026-05-11T12:00:41","modified_gmt":"2026-05-11T10:00:41","slug":"federzungen-korkenzieher","status":"publish","type":"product","link":"https:\/\/www.atelierduvin.com\/de\/produkt\/federzungen-korkenzieher\/","title":{"rendered":"Bilame Classic"},"content":{"rendered":"\n<p>Der Korken wird dabei nicht angebohrt und zerbr\u00f6ckelt daher auch nicht. Der Federzungen-Korkenzieher l\u00e4sst sich auch zum Wiedereinsetzen von Korken in angebrochene Flaschen verwenden. Man erz\u00e4hlt sich, dass der Federzungen-Korkenzieher bei bestimmten Kellnern sehr beliebt war. Sie konnten ihn n\u00e4mlich dazu benutzen, ein paar Schl\u00fcckchen aus den Flaschen zu trinken und diese dann wieder zu verschlie\u00dfen, ohne jegliches Indiz f\u00fcr ihre Tat zu hinterlassen.<\/p>\n\n\n    <div class=\"separator mobile-hidden\" style=\"height:40px\"><\/div>\r\n    <div class=\"separator laptop-hidden\" style=\"height:20px\"><\/div>\r\n\n\n\n<h2 class=\"wp-block-heading\">Gebrauchsanweisung f\u00fcr den Federzungen-Korkenzieher<\/h2>\n\n\n    <div class=\"separator mobile-hidden\" style=\"height:40px\"><\/div>\r\n    <div class=\"separator laptop-hidden\" style=\"height:20px\"><\/div>\r\n\n\n\n<p class=\"has-text-align-left\">1. F\u00fchren Sie zuerst die Spitze der l\u00e4ngsten Klinge ein und dann die der k\u00fcrzesten Klinge.<\/p>\n\n\n\n<p class=\"has-text-align-left\">2. Dr\u00fccken Sie die Klingen nacheinander mit einer Wiegebewegung ein.<\/p>\n\n\n\n<p class=\"has-text-align-left\">3. Sobald die Klingen eingedr\u00fcckt sind, ziehen Sie den zweibl\u00e4ttrigen Korkenzieher heraus, indem Sie den Griff drehen.<\/p>\n\n\n    <div class=\"separator mobile-hidden\" style=\"height:40px\"><\/div>\r\n    <div class=\"separator laptop-hidden\" style=\"height:20px\"><\/div>\r\n\n\n    <div class=\"video-block-container\">\r\n                    <iframe loading=\"lazy\"\r\n                    width=\"100%\"\r\n                    height=\"100%\"\r\n                    allow=\"autoplay; fullscreen\"\r\n                    class=\"embed-player slide-media\"\r\n                    src=\"https:\/\/player.vimeo.com\/video\/60150948\"\r\n                    data-ready=\"true\">\r\n            <\/iframe>\r\n            <\/div>\r\n\n\n    <div class=\"separator mobile-hidden\" style=\"height:40px\"><\/div>\r\n    <div class=\"separator laptop-hidden\" style=\"height:20px\"><\/div>\r\n\n\n\n<h2 class=\"wp-block-heading\">Der Korkenzieher Bilame made in France<\/h2>\n\n\n\n<p>Dieser Federzungen-Korkenzieher, 1949 von L\u2018Atelier du Vin patentiert, ist ein kleines Juwel der \u00d6nologie, das in&nbsp;<strong>Frankreich entwickelt und hergestellt<\/strong>&nbsp;wurde. Sommeliers und Weinh\u00e4ndler verwenden ihn zum \u00d6ffnen und Verschlie\u00dfen gro\u00dfer Flaschen mit empfindlichen Korken.<\/p>\n\n\n    <div class=\"separator mobile-hidden\" style=\"height:40px\"><\/div>\r\n    <div class=\"separator laptop-hidden\" style=\"height:20px\"><\/div>\r\n\n\n\n<div class=\"wp-block-columns is-layout-flex wp-container-core-columns-is-layout-9d6595d7 wp-block-columns-is-layout-flex\">\n<div class=\"wp-block-column is-layout-flow wp-block-column-is-layout-flow\">\n<h3 class=\"wp-block-heading\">Ein authentisches Retro-Design<\/h3>\n\n\n\n<p>Um die Geschichte dieses legend\u00e4ren Weinwerkzeugs zu w\u00fcrdigen, hat unser Designstudio in Paris seine&nbsp;<strong>urspr\u00fcngliche Gestaltung&nbsp;<\/strong>neu durchdacht. Diese subtile Ausf\u00fchrung des Bilame Classic ist in Schwarz gehalten und setzt vor allem auf Diskretion. Nichtsdestoweniger orientiert sie sich an den Utensilien der Winzer von einst, deren einfache Formen die technischen Gesten der Hand fortsetzen: Dieser&nbsp;<strong>Bilame<\/strong>&nbsp;<strong>Korkenzieher&nbsp;<\/strong>ist ein gro\u00dfer Klassiker, ein authentischer Flaschen\u00f6ffner, der auf unserem franz\u00f6sischen Savoir-faire beruht.<\/p>\n\n\n    <div class=\"separator mobile-hidden\" style=\"height:40px\"><\/div>\r\n    <div class=\"separator laptop-hidden\" style=\"height:20px\"><\/div>\r\n\n\n\n<h3 class=\"wp-block-heading\">Angenehme Handhabung<\/h3>\n\n\n\n<p>Die Handhabung dieses robusten Accessoires beim \u00d6ffnen einer Flasche ist f\u00fcr den passionierten Weinliebhaber eine wahre Freude. Sein&nbsp;<strong>ergonomischer Griff<\/strong>&nbsp;liegt gut in der Hand und begleitet harmonisch jede Bewegung des Weinrituals. Schwenken, dr\u00fccken, schrauben, ziehen, gleiten: Das manuelle Entkorken und Wiederverschlie\u00dfen ist ein echtes Sammelsurium der charakteristischen&nbsp;<strong>Gesten eines Sommeliers<\/strong>.<\/p>\n<\/div>\n\n\n\n<div class=\"wp-block-column is-layout-flow wp-block-column-is-layout-flow\">\n<h3 class=\"wp-block-heading\">Eine originelle Art, den Korken zu l\u00f6sen<\/h3>\n\n\n\n<p>Der geniale, in Frankreich hergestellte Mechanismus erm\u00f6glicht es, eine Weinflasche m\u00fchelos zu \u00f6ffnen und mit ihrem eigenen Korken wieder zu verschlie\u00dfen, ohne Spuren zu hinterlassen. Keine Spiralspindel, keine Doppelhebel, keine Zahn- oder Schneckenr\u00e4der: Die beiden Federzungen l\u00f6sen den intakten Weinkorken aus der Flasche heraus oder f\u00fchren diesen wieder in den Flaschenhals ein, um den Beginn oder das Ende einer Weinprobe einzul\u00e4uten. Der Bilame Classic Korkenzieher setzt den Nektar der Reben frei und verl\u00e4ngert die Verkostung von gro\u00dfen Jahrgangsweinen.<\/p>\n<\/div>\n<\/div>\n\n\n    <div class=\"separator mobile-hidden\" style=\"height:40px\"><\/div>\r\n    <div class=\"separator laptop-hidden\" style=\"height:20px\"><\/div>\r\n\n\n<div class=\"gallery\">\r\n            <div class=\"gallery-row row\">\r\n                                <div style=\"flex:1.25\">\r\n                        <img decoding=\"async\" src=\"https:\/\/www.atelierduvin.com\/wp-content\/uploads\/BilameBlack_ambiance_01_paysage_HD.jpg\" alt=\"Tire-bouchon Bilame Noir d\u00e9pos\u00e9 sur une feuille de vigne avec en arri\u00e8re plan une grappe de raisin\" loading=\"eager\" >                    <\/div>\r\n                        <\/div>\r\n    <\/div>\n\n\n<h3 class=\"wp-block-heading\">Der Bilame ist auch ein Werkzeug zur Konservierung von Weinen<\/h3>\n\n\n    <div class=\"separator mobile-hidden\" style=\"height:40px\"><\/div>\r\n    <div class=\"separator laptop-hidden\" style=\"height:20px\"><\/div>\r\n\n\n\n<p>Ein oder zwei Gl\u00e4ser Wein reichen aus, um die Aromen und Noten eines gro\u00dfen Jahrgangs Rotwein, Wei\u00dfwein oder Ros\u00e9 zu genie\u00dfen. Es ist nicht n\u00f6tig, die Flasche zu leeren. Wenn Sie den Flaschenhals sorgf\u00e4ltig mithilfe des&nbsp;<strong>Bilame Classic<\/strong>&nbsp;wieder verschlie\u00dfen, wird das Vergn\u00fcgen, den Wein am n\u00e4chsten Tag noch einmal zu probieren, noch gr\u00f6\u00dfer sein. Unter den verschiedenen Korkenziehern und&nbsp;<strong>Weinaccessoires<\/strong>&nbsp;ist der Bilame der einzige, der eine Flasche entkorken und wieder verschlie\u00dfen kann, was ihn zu einem einzigartigen&nbsp;<strong>Weinzubeh\u00f6r&nbsp;<\/strong>macht.\n<\/p>\n\n\n    <div class=\"separator mobile-hidden\" style=\"height:40px\"><\/div>\r\n    <div class=\"separator laptop-hidden\" style=\"height:20px\"><\/div>\r\n\n\n<div class=\"acc-head\">\r\n    <p>\r\n        Finish    <\/p>\r\n    <div class=\"acc-icon\">\r\n        <div class=\"ico-minus\"><\/div>\r\n        <div class=\"ico-plus\"><\/div>\r\n    <\/div>\r\n<\/div>\r\n<div class=\"acc-body\">\r\n    <div class=\"acc-content\">\r\n        <p>Entworfen und hergestellt in Frankreich.<\/p>\n    <\/div>\r\n<\/div>","protected":false},"excerpt":{"rendered":"<p>Der Federzungen-Korkenzieher ist ein altehrw\u00fcrdiges professionelles Utensil von L&#8217;Atelier du Vin, das bereits seit 1949 angeboten wird Jahr der Patentierung). Er zieht Korken leichtg\u00e4ngig heraus und l\u00e4sst sie dabei vollkommen intakt\u00a0\u2013 und zwar selbst solche, die schon alt und zerbrechlich sind.<\/p>\n","protected":false},"featured_media":188158,"template":"","meta":{"_acf_changed":true},"product_brand":[],"product_cat":[366,404,396,348],"product_tag":[],"class_list":{"0":"post-66699","1":"product","2":"type-product","3":"status-publish","4":"has-post-thumbnail","6":"product_cat-federkorkenzieher","7":"product_cat-weinaccessoire-kollektion","8":"product_cat-unerlaessliches","9":"product_cat-korkenzieher","10":"tm-no-options","12":"first","13":"instock","14":"taxable","15":"shipping-taxable","16":"purchasable","17":"product-type-simple"},"bundled_by":[],"bundle_stock_status":"instock","bundle_stock_quantity":10,"bundle_virtual":false,"bundle_layout":"","bundle_add_to_cart_form_location":"","bundle_editable_in_cart":false,"bundle_sold_individually_context":"","bundle_item_grouping":"","bundle_min_size":"","bundle_max_size":"","bundle_price":[],"bundled_items":[],"bundle_sell_ids":[151018,151017,151004],"acf":[],"df_price":24.17,"df_sale_price":"","df_regular_price":24.17,"df_image_link":"https:\/\/www.atelierduvin.com\/wp-content\/uploads\/BilameNoir_packshot_produit_2022_HD-450x450.jpg","_links":{"self":[{"href":"https:\/\/www.atelierduvin.com\/de\/wp-json\/wp\/v2\/product\/66699","targetHints":{"allow":["GET"]}}],"collection":[{"href":"https:\/\/www.atelierduvin.com\/de\/wp-json\/wp\/v2\/product"}],"about":[{"href":"https:\/\/www.atelierduvin.com\/de\/wp-json\/wp\/v2\/types\/product"}],"wp:featuredmedia":[{"embeddable":true,"href":"https:\/\/www.atelierduvin.com\/de\/wp-json\/wp\/v2\/media\/188158"}],"wp:attachment":[{"href":"https:\/\/www.atelierduvin.com\/de\/wp-json\/wp\/v2\/media?parent=66699"}],"wp:term":[{"taxonomy":"product_brand","embeddable":true,"href":"https:\/\/www.atelierduvin.com\/de\/wp-json\/wp\/v2\/product_brand?post=66699"},{"taxonomy":"product_cat","embeddable":true,"href":"https:\/\/www.atelierduvin.com\/de\/wp-json\/wp\/v2\/product_cat?post=66699"},{"taxonomy":"product_tag","embeddable":true,"href":"https:\/\/www.atelierduvin.com\/de\/wp-json\/wp\/v2\/product_tag?post=66699"}],"curies":[{"name":"wp","href":"https:\/\/api.w.org\/{rel}","templated":true}]}}