{"id":66695,"date":"2018-11-28T11:14:36","date_gmt":"2018-11-28T10:14:36","guid":{"rendered":"https:\/\/www.refonte-adv.votre-projet.com\/product\/bilame-chrome\/"},"modified":"2026-03-04T07:41:58","modified_gmt":"2026-03-04T06:41:58","slug":"federzungen-korkenzieher-chrom","status":"publish","type":"product","link":"https:\/\/www.atelierduvin.com\/de\/produkt\/federzungen-korkenzieher-chrom\/","title":{"rendered":"Bilame Chrome"},"content":{"rendered":"<div class=\"gallery\">\r\n            <div class=\"gallery-row row\">\r\n                                <div style=\"flex:1.5467904098995\">\r\n                        <img decoding=\"async\" src=\"https:\/\/www.atelierduvin.com\/wp-content\/uploads\/BilameChrome_ambiance_paysage_2_HD-1-1.jpg\" alt=\"\" loading=\"eager\" >                    <\/div>\r\n                        <\/div>\r\n    <\/div>\n<p>Der Korken wird dabei nicht angebohrt und zerbr\u00f6ckelt daher auch nicht. Der Federzungen-Korkenzieher l\u00e4sst sich auch zum Wiedereinsetzen von Korken in angebrochene Flaschen verwenden. Man erz\u00e4hlt sich, dass der Federzungen-Korkenzieher bei bestimmten Kellnern sehr beliebt war. Sie konnten ihn n\u00e4mlich dazu benutzen, ein paar Schl\u00fcckchen aus den Flaschen zu trinken und diese dann wieder zu verschlie\u00dfen, ohne jegliches Indiz f\u00fcr ihre Tat zu hinterlassen.<\/p>\n    <div class=\"separator mobile-hidden\" style=\"height:40px\"><\/div>\r\n    <div class=\"separator laptop-hidden\" style=\"height:20px\"><\/div>\r\n\n<h2 class=\"wp-block-heading\">Gebrauchsanweisung f\u00fcr den Korkenzieher Bilame Chrome<\/h2>\n    <div class=\"separator mobile-hidden\" style=\"height:40px\"><\/div>\r\n    <div class=\"separator laptop-hidden\" style=\"height:20px\"><\/div>\r\n\n<p>1. F\u00fchren Sie die beiden Federzungen am Korken entlang in den Flaschenhals ein, beginnend mit der l\u00e4ngeren.<br\/>2. F\u00fchren Sie in einer Pendelbewegung und unter Aufrechterhaltung eines gewissen Drucks nach unten jede Zunge so weit wie m\u00f6glich nach unten.<br\/>3. Ziehen Sie den Griff nach oben, um den Korken durch Drehen herauszul\u00f6sen.<\/p>\n    <div class=\"separator mobile-hidden\" style=\"height:40px\"><\/div>\r\n    <div class=\"separator laptop-hidden\" style=\"height:20px\"><\/div>\r\n    <div class=\"video-block-container\">\r\n                    <iframe loading=\"lazy\"\r\n                    width=\"100%\"\r\n                    height=\"100%\"\r\n                    allow=\"autoplay; fullscreen\"\r\n                    class=\"embed-player slide-media\"\r\n                    src=\"https:\/\/player.vimeo.com\/video\/60150948\"\r\n                    data-ready=\"true\">\r\n            <\/iframe>\r\n            <\/div>\r\n    <div class=\"separator mobile-hidden\" style=\"height:40px\"><\/div>\r\n    <div class=\"separator laptop-hidden\" style=\"height:20px\"><\/div>\r\n\n<h2 class=\"wp-block-heading\">Der Korkenzieher Bilame Chrome made in France<\/h2>\n    <div class=\"separator mobile-hidden\" style=\"height:40px\"><\/div>\r\n    <div class=\"separator laptop-hidden\" style=\"height:20px\"><\/div>\r\n\n<p>1949 meldete L\u2018Atelier du Vin das Patent f\u00fcr den Bilame an. Dieser atypische Korkenzieher, der vom Design bis zur Herstellung 100\u00a0%\u00a0<strong>made in France<\/strong>\u00a0ist, hat die Welt der \u00d6nologie mit seinem einzigartigen Mechanismus erobert: Der<strong>\u00a0Korken l\u00e4sst sich\u00a0<\/strong>m\u00fchelos aus dem Flaschenhals\u00a0<strong>entfernen und wieder einf\u00fchren<\/strong>, ohne ihn zu durchstechen. Die wundersch\u00f6ne verchromte Oberfl\u00e4che unterstreicht die Raffinesse dieses Flaschen\u00f6ffners mit doppelter Funktion, der Sammlern viel Freude bereiten wird.<\/p>\n\n<h3 class=\"wp-block-heading\">Gl\u00e4nzendes minimales Design<\/h3>\n\n<p>Zwei d\u00fcnne parallele Federzungen, die an einem soliden dreieckigen Griff befestigt sind:\u00a0<em>Weniger ist mehr<\/em>! Das geometrische Design dieses historischen Weinaccessoires ist ausgesprochen minimalistisch.&#13;\nMit dem zeitlosen Stil seiner klaren Linien, die von den Designern unseres Pariser Designstudios neu durchdacht wurden, gelingt es dem Korkenzieher Bilame, den\u00a0<strong>Charme alter Werkzeuge<\/strong>\u00a0zu bewahren. Das\u00a0<strong>verchromte Finish<\/strong>\u00a0dieses Flaschen\u00f6ffners f\u00fcr Weinh\u00e4ndler schafft einen Glanz, der alle Verkoster w\u00e4hrend einer Weinprobe in seinen Bann ziehen wird.<\/p>\n\n<h3 class=\"wp-block-heading\">Ein kleines ergonomisches Meisterwerk<\/h3>\n\n<p>Hinter der harmonischen Schlichtheit des Designs verbirgt sich eine technische Meisterleistung. Zum einen sind die beiden von einem\u00a0<strong>Etui<\/strong>\u00a0gesch\u00fctzten Federzungen robust, flexibel und leicht gebogen, um sich allen Flaschenh\u00e4lsen und Korken anzupassen. Zum anderen wurde die Form des Griffs so entwickelt und konzipiert, dass beim \u00d6ffnen und Schlie\u00dfen einer Flasche eine\u00a0<strong>ideale Ergonomie<\/strong>\u00a0gew\u00e4hrleistet wird. Einsetzen, Schwenken, Schrauben, Ziehen: Der Bilame Chrome Korkenzieher\u00a0<strong>liegt optimal in der<\/strong>\u00a0<strong>Hand<\/strong>, um verschiedene Gesten in mehreren Schritten zu begleiten.<\/p>\n    <div class=\"separator mobile-hidden\" style=\"height:40px\"><\/div>\r\n    <div class=\"separator laptop-hidden\" style=\"height:20px\"><\/div>\r\n\n<h2 class=\"wp-block-heading\">Das Weinaccessoire f\u00fcr Kenner und Profis<\/h2>\n    <div class=\"separator mobile-hidden\" style=\"height:40px\"><\/div>\r\n    <div class=\"separator laptop-hidden\" style=\"height:20px\"><\/div>\r\n\n<p>Der\u00a0<strong>Korkenzieher Bilame Chrome<\/strong>\u00a0ist ideal, um die Gesten des Sommeliers zu erlernen und jede Bewegung der Hand zu verstehen, die mit dem Entkorken einer Flasche einhergehen. Dieser Moment ist n\u00e4mlich je nach Wein, Jahrgang und der pers\u00f6nlichen Gestik des Zeremonienmeisters anders. Neulinge entdecken mit \u00dcberraschung eine andere Art, einen Korken zu l\u00f6sen, ohne ihn zu durchstechen. Eingeweihte hingegen benutzen ihren\u00a0<strong>Bilame Flaschen\u00f6ffner<\/strong>, um empfindliche Korken zu entfernen und neu zu positionieren, um lagerf\u00e4hige Weine mit Vorsicht und Feingef\u00fchl zu verkosten.<\/p>\n    <div class=\"separator mobile-hidden\" style=\"height:40px\"><\/div>\r\n    <div class=\"separator laptop-hidden\" style=\"height:20px\"><\/div>\r\n\n<p>Entdecken Sie es in seinem Etui aus echtem Leder, handgefertigt in Italien, in der <a href=\"https:\/\/www.atelierduvin.com\/de\/produkt\/bilame-nomad\/\"><span style=\"text-decoration: underline;\"><strong>Nomad Collection<\/strong><\/span><\/a>.<\/p>\n    <div class=\"separator mobile-hidden\" style=\"height:40px\"><\/div>\r\n    <div class=\"separator laptop-hidden\" style=\"height:20px\"><\/div>\r\n<div class=\"acc-head\">\r\n    <p>\r\n        Finish    <\/p>\r\n    <div class=\"acc-icon\">\r\n        <div class=\"ico-minus\"><\/div>\r\n        <div class=\"ico-plus\"><\/div>\r\n    <\/div>\r\n<\/div>\r\n<div class=\"acc-body\">\r\n    <div class=\"acc-content\">\r\n        <p>Verchromtes Metall.<\/p>\n<p>Designt und hergestellt in Frankreich.<\/p>\n    <\/div>\r\n<\/div>","protected":false},"excerpt":{"rendered":"<p>Der Federzungen-Korkenzieher ist ein altehrw\u00fcrdiges professionelles Utensil von L&#8217;Atelier du Vin, das bereits seit 1949 angeboten wird Jahr der Patentierung). Er zieht Korken leichtg\u00e4ngig heraus und l\u00e4sst sie dabei vollkommen intakt\u00a0\u2013 und zwar selbst solche, die schon alt und zerbrechlich sind.<\/p>\n","protected":false},"featured_media":188428,"template":"","meta":{"_acf_changed":false},"product_brand":[],"product_cat":[366,725,400,404,407,348],"product_tag":[421],"class_list":{"0":"post-66695","1":"product","2":"type-product","3":"status-publish","4":"has-post-thumbnail","6":"product_cat-federkorkenzieher","7":"product_cat-geschenke-fur-ihn","8":"product_cat-geschenke-fuer-profis","9":"product_cat-weinaccessoire-kollektion","10":"product_cat-personalisierung","11":"product_cat-korkenzieher","12":"product_tag-personalisierbar","13":"tm-has-options","15":"first","16":"outofstock","17":"taxable","18":"shipping-taxable","19":"purchasable","20":"product-type-variable","21":"has-default-attributes"},"bundled_by":[],"bundle_stock_status":"outofstock","bundle_stock_quantity":null,"bundle_virtual":false,"bundle_layout":"","bundle_add_to_cart_form_location":"","bundle_editable_in_cart":false,"bundle_sold_individually_context":"","bundle_item_grouping":"","bundle_min_size":"","bundle_max_size":"","bundle_price":[],"bundled_items":[],"bundle_sell_ids":[151018,151017,151004],"acf":[],"df_price":31.67,"df_sale_price":"","df_regular_price":31.67,"df_image_link":"https:\/\/www.atelierduvin.com\/wp-content\/uploads\/BilameChrome_packshot_produit_2022_HD-450x450.jpg","_links":{"self":[{"href":"https:\/\/www.atelierduvin.com\/de\/wp-json\/wp\/v2\/product\/66695","targetHints":{"allow":["GET"]}}],"collection":[{"href":"https:\/\/www.atelierduvin.com\/de\/wp-json\/wp\/v2\/product"}],"about":[{"href":"https:\/\/www.atelierduvin.com\/de\/wp-json\/wp\/v2\/types\/product"}],"wp:featuredmedia":[{"embeddable":true,"href":"https:\/\/www.atelierduvin.com\/de\/wp-json\/wp\/v2\/media\/188428"}],"wp:attachment":[{"href":"https:\/\/www.atelierduvin.com\/de\/wp-json\/wp\/v2\/media?parent=66695"}],"wp:term":[{"taxonomy":"product_brand","embeddable":true,"href":"https:\/\/www.atelierduvin.com\/de\/wp-json\/wp\/v2\/product_brand?post=66695"},{"taxonomy":"product_cat","embeddable":true,"href":"https:\/\/www.atelierduvin.com\/de\/wp-json\/wp\/v2\/product_cat?post=66695"},{"taxonomy":"product_tag","embeddable":true,"href":"https:\/\/www.atelierduvin.com\/de\/wp-json\/wp\/v2\/product_tag?post=66695"}],"curies":[{"name":"wp","href":"https:\/\/api.w.org\/{rel}","templated":true}]}}