{"id":66658,"date":"2018-11-28T11:14:48","date_gmt":"2018-11-28T10:14:48","guid":{"rendered":"https:\/\/www.refonte-adv.votre-projet.com\/product\/oeno-motion-woodchrome\/"},"modified":"2026-05-11T12:01:29","modified_gmt":"2026-05-11T10:01:29","slug":"oeno-motion-silver-wood","status":"publish","type":"product","link":"https:\/\/www.atelierduvin.com\/de\/produkt\/oeno-motion-silver-wood\/","title":{"rendered":"Oeno Motion Silver &amp; Wood"},"content":{"rendered":"\n<p>Das verchromte Metall und Massivholz, die dem geschwungenen Design ein stolzes Wesen verleihen, lassen seine beispiellos pr\u00e4zise Mechanik erahnen. Der <strong>Korkenzieher Oeno Motion Silver &amp; Wood<\/strong> mit vertikalem Hebel ist das Vorzeigeaccessoire von L\u2018Atelier du Vin und wird von Jahr zu Jahr perfektioniert.<\/p>\n\n\n\n<p>Geliefert in einem Etui aus echtem Leder, handgefertigt in Italien, Teil der&nbsp;<strong><a href=\"https:\/\/www.atelierduvin.com\/de\/?attachment_id=67233\" target=\"_blank\" rel=\"noopener\"><span style=\"text-decoration: underline;\">Kollektion Nomad<\/span><\/a><\/strong>.<\/p>\n\n\n    <div class=\"separator mobile-hidden\" style=\"height:40px\"><\/div>\r\n    <div class=\"separator laptop-hidden\" style=\"height:20px\"><\/div>\r\n\n\n    <div class=\"video-block-container\">\r\n                    <iframe loading=\"lazy\"\r\n                    width=\"100%\"\r\n                    height=\"100%\"\r\n                    allow=\"autoplay; fullscreen\"\r\n                    class=\"embed-player slide-media\"\r\n                    src=\"https:\/\/player.vimeo.com\/video\/1091790318\"\r\n                    data-ready=\"true\">\r\n            <\/iframe>\r\n            <\/div>\r\n\n\n    <div class=\"separator mobile-hidden\" style=\"height:40px\"><\/div>\r\n    <div class=\"separator laptop-hidden\" style=\"height:20px\"><\/div>\r\n\n\n\n<p>Insbesondere das f\u00fcr die Verschlei\u00dfteile ausgew\u00e4hlte Metall bietet eine un\u00fcbertroffene langfristige Best\u00e4ndigkeit, was im Vergleich zu anderen Systemen einen entscheidenden Unterschied ausmacht, die aufgrund ihrer Schrauben und Zahnr\u00e4der anf\u00e4llig sind. So wurde unser patentiertes Modell Oeno Motion zu dem&nbsp;<strong>ergonomischen und zuverl\u00e4ssigen Korkenzieher<\/strong>, den \u00d6nologen, Sommeliers und Weinh\u00e4ndler t\u00e4glich verwenden.<\/p>\n\n\n    <div class=\"separator mobile-hidden\" style=\"height:40px\"><\/div>\r\n    <div class=\"separator laptop-hidden\" style=\"height:20px\"><\/div>\r\n\n\n<div class=\"acc-head\">\r\n    <p>\r\n        Eigenschaften    <\/p>\r\n    <div class=\"acc-icon\">\r\n        <div class=\"ico-minus\"><\/div>\r\n        <div class=\"ico-plus\"><\/div>\r\n    <\/div>\r\n<\/div>\r\n<div class=\"acc-body\">\r\n    <div class=\"acc-content\">\r\n        <p>Integrierter Kapselschneider.<\/p>\n<p>Backen, die entwickelt wurden, um Flaschenh\u00e4lse verschiedener Durchmesser zu erfassen.<\/p>\n<p>Spiralstahlwurm.<\/p>\n<p>Solider Hebelgriff, leicht zu greifen.<\/p>\n<p>Jedes Teil des Korkenziehers Oeno Motion Silver &amp; Wood wurde entwickelt, um Handbewegungen zu erleichtern und die \u00d6ffnung mit erstaunlicher Einfachheit zu sichern.<\/p>\n<p>Inklusive \u00d6lphiole f\u00fcr die Pflege Ihres Korkenziehers.<\/p>\n    <\/div>\r\n<\/div>\n\n<div class=\"acc-head\">\r\n    <p>\r\n        Finish    <\/p>\r\n    <div class=\"acc-icon\">\r\n        <div class=\"ico-minus\"><\/div>\r\n        <div class=\"ico-plus\"><\/div>\r\n    <\/div>\r\n<\/div>\r\n<div class=\"acc-body\">\r\n    <div class=\"acc-content\">\r\n        <p>Aus verchromtem Metall, Massivholz und synthetischem Material.<\/p>\n    <\/div>\r\n<\/div>\n\n    <div class=\"separator mobile-hidden\" style=\"height:40px\"><\/div>\r\n    <div class=\"separator laptop-hidden\" style=\"height:20px\"><\/div>\r\n\n\n<div class=\"gallery\">\r\n            <div class=\"gallery-row row\">\r\n                                <div style=\"flex:1.25\">\r\n                        <img decoding=\"async\" src=\"https:\/\/www.atelierduvin.com\/wp-content\/uploads\/240918_ADV_CHAMPAGNE_0199-1.jpg\" alt=\"Tire-bouchon \u00e0 levier Oeno Motion Wood &#038; Chrome\" loading=\"eager\" >                    <\/div>\r\n                        <\/div>\r\n    <\/div>\n\n\n<p>W\u00e4hrend die Backen den Flaschenhals fest umschlie\u00dfen, reicht eine Hin- und Herbewegung des vertikalen Hebels aus, um die Flasche m\u00fchelos zu \u00f6ffnen, ohne \u00dcberraschungen. Die gleiche Bewegung, die leer gemacht wird, l\u00f6st den Korken vom Wurm, ohne ihn auch nur zu ber\u00fchren. Ein wahres Sammlerst\u00fcck, dieses von L\u2019Atelier du Vin patentierte Modell kann mit den Initialen seines zuk\u00fcnftigen Besitzers personalisiert werden und wird so zu Ihrem pers\u00f6nlichen Weinzubeh\u00f6r, mit einzigartiger Holzmaserung auf jedem St\u00fcck: Ihr eigener Hebelkorkenzieher.<\/p>\n\n\n    <div class=\"separator mobile-hidden\" style=\"height:40px\"><\/div>\r\n    <div class=\"separator laptop-hidden\" style=\"height:20px\"><\/div>\r\n\n\n\n<script type=\"application\/ld+json\">\n{\n  \"@context\": \"https:\/\/schema.org\",\n  \"@type\": \"Product\",\n  \"name\": \"Oeno Motion Silver & Wood\",\n  \"alternateName\": \"Oeno Motion Wood & Chrome\",\n  \"sku\": \"095464\",            \n  \"gtin13\": \"3166650954647\",\n  \"brand\": {\n    \"@type\": \"Brand\",\n    \"name\": \"L\u2019Atelier du Vin\"\n  }\n}\n<\/script>\n","protected":false},"excerpt":{"rendered":"<p>Korkj\u00e4ger. Liebstes Spielzeug des Sommeliers. Das \u00d6ffnen einer sch\u00f6nen Flasche ist mit diesem gro\u00dfartigen Korkenzieher mit vertikalem Hebel ein wahres Vergn\u00fcgen.<\/p>\n","protected":false},"featured_media":186755,"template":"","meta":{"_acf_changed":false},"product_brand":[],"product_cat":[372,730,743,797,404,396,407,348,398],"product_tag":[421],"class_list":{"0":"post-66658","1":"product","2":"type-product","3":"status-publish","4":"has-post-thumbnail","6":"product_cat-hebelkorkenzieher","7":"product_cat-vatertag-geschenkideen","8":"product_cat-unter-150-euro","9":"product_cat-personalisierte-korkenzieher","10":"product_cat-weinaccessoire-kollektion","11":"product_cat-unerlaessliches","12":"product_cat-personalisierung","13":"product_cat-korkenzieher","14":"product_cat-geschenke-fuer-ihn","15":"product_tag-personalisierbar","16":"tm-has-options","18":"first","19":"instock","20":"taxable","21":"shipping-taxable","22":"purchasable","23":"product-type-variable","24":"has-default-attributes"},"bundled_by":[],"bundle_stock_status":"instock","bundle_stock_quantity":null,"bundle_virtual":false,"bundle_layout":"","bundle_add_to_cart_form_location":"","bundle_editable_in_cart":false,"bundle_sold_individually_context":"","bundle_item_grouping":"","bundle_min_size":"","bundle_max_size":"","bundle_price":[],"bundled_items":[],"bundle_sell_ids":[151018,151017,151004],"acf":[],"df_price":116.67,"df_sale_price":"","df_regular_price":116.67,"df_image_link":"https:\/\/www.atelierduvin.com\/wp-content\/uploads\/Oeno-Motion-Wood-and-Chrome-face-2021-HD-avec-ombres-450x450.jpg","_links":{"self":[{"href":"https:\/\/www.atelierduvin.com\/de\/wp-json\/wp\/v2\/product\/66658","targetHints":{"allow":["GET"]}}],"collection":[{"href":"https:\/\/www.atelierduvin.com\/de\/wp-json\/wp\/v2\/product"}],"about":[{"href":"https:\/\/www.atelierduvin.com\/de\/wp-json\/wp\/v2\/types\/product"}],"wp:featuredmedia":[{"embeddable":true,"href":"https:\/\/www.atelierduvin.com\/de\/wp-json\/wp\/v2\/media\/186755"}],"wp:attachment":[{"href":"https:\/\/www.atelierduvin.com\/de\/wp-json\/wp\/v2\/media?parent=66658"}],"wp:term":[{"taxonomy":"product_brand","embeddable":true,"href":"https:\/\/www.atelierduvin.com\/de\/wp-json\/wp\/v2\/product_brand?post=66658"},{"taxonomy":"product_cat","embeddable":true,"href":"https:\/\/www.atelierduvin.com\/de\/wp-json\/wp\/v2\/product_cat?post=66658"},{"taxonomy":"product_tag","embeddable":true,"href":"https:\/\/www.atelierduvin.com\/de\/wp-json\/wp\/v2\/product_tag?post=66658"}],"curies":[{"name":"wp","href":"https:\/\/api.w.org\/{rel}","templated":true}]}}